{"id":976,"date":"2023-08-07T13:12:04","date_gmt":"2023-08-07T11:12:04","guid":{"rendered":"https:\/\/humus.live\/?page_id=976"},"modified":"2024-07-01T16:51:50","modified_gmt":"2024-07-01T14:51:50","slug":"action-lab","status":"publish","type":"page","link":"https:\/\/humus.live\/en\/action-lab\/","title":{"rendered":"Action Network Lab f\u00fcr Klima und Gerechtigkeit"},"content":{"rendered":"<h1>Action Network Lab<\/h1>\n<p>\t\t<iframe loading=\"lazy\" title=\"Action Network Lab 2023 - R\u00fcckschau\" width=\"500\" height=\"281\" src=\"https:\/\/www.youtube.com\/embed\/lFirTvMhYBw?feature=oembed\" frameborder=\"0\" allow=\"accelerometer; autoplay; clipboard-write; encrypted-media; gyroscope; picture-in-picture; web-share\" referrerpolicy=\"strict-origin-when-cross-origin\" allowfullscreen><\/iframe><br \/>\n\t\t\t\t\t\t\t\t\t\t\t\tTeilnehmer:innen\t\t\t\t\t<\/p>\n<p>Da Klimapolitik untrennbar mit sozialer Gerechtigkeit und verbunden ist (bzw. sein sollte) legen wir bei der Zusammenstellung der Teilnehmer:innen des Labs einen gro\u00dfen Wert auf Diversit\u00e4t und unterschiedliche Blickwinkel, die im Umgang mit der Klimakrise zusammenspielen sollten. Wir suchen nach bereits aktiven Klimaaktivist:innen, Menschen, die bisher noch nicht politisch aktiv waren, und alles dazwischen. Wir suchen Mitglieder andere sozialer Bewegungen und m\u00f6chten die Teilnahme auch f\u00fcr Menschen mit unterschiedlichen Diskriminierungserfahrungen erm\u00f6glichen.<\/p>\n<p>\t\t\t\t\t\t\t\t\t\t\t\tTeilnahmevorraussetzungen und -bedingungen\t\t\t\t\t<\/p>\n<p>Inhaltliche Kenntnisse waren keine Voraussetzungen. W\u00e4re das Vorwissen in unterschiedlichen Bereichen zu weit auseinander gegangen, h\u00e4tten wir phasenweise in zwei Gruppen gearbeitet. Die Wochenenden wurden prim\u00e4r auf Deutsch gehalten; gewissen sprachliche Barrieren h\u00e4tten wir aber bestimmt zu \u00fcberwinden gewusst.\u00a0<\/p>\n<p>Sehrwohl Voraussetzung f\u00fcr die Teilnahme war ein Interesse an Klimal\u00f6sungen, Offenheit f\u00fcr neue Begegnungen und Austausch mit einer heterogenen Gruppe und 80% Anwesenheit.<\/p>\n<p>\t\t\t\t\t\t\t\t\t\t\t\tInhalte\t\t\t\t\t<\/p>\n<p>Es gab Inputs von Expert:innen geben, Raum f\u00fcr Vernetzung und voneinander Lernen. Am Ende der gemeinsamen Zeit setzten die Teilnehmer:innen eine Intervention im \u00f6ffentlichen Raum um und schickten somit zum Anlass der UN- Klimakonferenz eine kraftvolle Botschaft an die Politik.\u00a0<\/p>\n<p>\t\t\t\t\t\t\t\t\t\t\t\tTermine\t\t\t\t\t<\/p>\n<ul>\n<li aria-level=\"1\"><b>14. Oktober<\/b><strong>, 16:00 \u2013 19:00<\/strong> <br \/><strong>Wo<\/strong>: Online<br \/><strong>Was<\/strong>: Input zum Auftakt von Beautiful Trouble<\/li>\n<li aria-level=\"1\"><b>21. und 22. Oktober<br \/>Wo: <\/b>Wien Umgebung<br \/><strong>Was:<\/strong> Action Lab 1: Preparing the ground \u2013 Kennenlernen, Inputs und Inhalte<\/li>\n<li aria-level=\"1\"><b>4. und 5. November<br \/>Wo: <\/b>Wien<br \/><strong>Was:<\/strong> Action Lab 2: Setting the sail \u2013 wir definieren unser Ziel und setzen Kurs<\/li>\n<li aria-level=\"1\"><b>3.\u00a0 Dezember<\/b> (im Rahmen von <a href=\"http:\/\/www.tippingpoints.life\">Tipping Points<\/a>)<b><br \/>Wo: <\/b>Salzburg<b><br \/><\/b><strong>Was<\/strong>: Action Lab 3: Getting ready \u2013 Wir bereiten unsere Intervention vor<\/li>\n<li aria-level=\"1\"><b>Anfang Dezember (W\u00e4hrend der COP28)<\/b> <br \/><strong>Wo<\/strong>: Wien<br \/><strong>Was<\/strong>: Action! Wir senden eine klare Botschaft mit unseren Anliegen<\/li>\n<li aria-level=\"1\"><strong>Mitte Dezember<\/strong><br \/><strong>Wo<\/strong>: Wien<br \/><strong>Was<\/strong>: Celebration: Nachbereitung und Ausblick und Follow up.<\/li>\n<\/ul>\n<h2>Die Aktionen zur COP28<\/h2>\n<figure><img decoding=\"async\" src=\"https:\/\/humus.live\/wp-content\/uploads\/2024\/03\/53389648012_5e60127e2b_w-225x300.jpg\" alt=\"53389648012_5e60127e2b_w\" \/><\/figure>\n<figure><img decoding=\"async\" src=\"https:\/\/humus.live\/wp-content\/uploads\/2024\/03\/53390743383_2497d68239_c-201x300.jpg\" alt=\"53390743383_2497d68239_c\" \/><\/figure>\n<figure><img decoding=\"async\" src=\"https:\/\/humus.live\/wp-content\/uploads\/2024\/03\/53390755048_a97d16889a_c-225x300.jpg\" alt=\"53390755048_a97d16889a_c\" \/><\/figure>\n<figure><img decoding=\"async\" src=\"https:\/\/humus.live\/wp-content\/uploads\/2024\/03\/53390555421_921cb7dfc8_c-300x168.jpg\" alt=\"53390555421_921cb7dfc8_c\" \/><\/figure>\n<figure><img decoding=\"async\" src=\"https:\/\/humus.live\/wp-content\/uploads\/2024\/03\/53390876599_94f3c64e32_c1-225x300.jpg\" alt=\"53390876599_94f3c64e32_c(1)\" \/><\/figure>\n<figure><img decoding=\"async\" src=\"https:\/\/humus.live\/wp-content\/uploads\/2024\/03\/53390992185_f83b0e5cfd_c-300x200.jpg\" alt=\"53390992185_f83b0e5cfd_c\" \/><\/figure>\n<figure><img decoding=\"async\" src=\"https:\/\/humus.live\/wp-content\/uploads\/2024\/03\/53390992370_7f393ecd3d_c1-300x201.jpg\" alt=\"53390992370_7f393ecd3d_c(1)\" \/><\/figure>\n<p>\t\t\t\t\t\t\t\t\t\t\t\t\t<img decoding=\"async\" src=\"https:\/\/humus.live\/wp-content\/plugins\/elementor\/assets\/images\/placeholder.png\" title=\"\" alt=\"\" loading=\"lazy\" \/>\t\t\t\t\t\t\t\t\t\t\t\t\t<\/p>\n<p>Das Lab war Teil eines EU- Projekts \u201cSpark a Change\u201d zum Thema Jugend Empowerment angesichts der Klimakrise (<a href=\"https:\/\/sparkachange.eu\/\">https:\/\/sparkachange.eu\/<\/a>) und wurde auch dadurch finanziert.<\/p>\n<p>\t\t\t\t\t\t\t\t\t\t\t\t\t<img loading=\"lazy\" decoding=\"async\" width=\"300\" height=\"300\" src=\"https:\/\/humus.live\/wp-content\/uploads\/2024\/03\/Lockup-Main-300x300.png\" alt=\"\" srcset=\"https:\/\/humus.live\/wp-content\/uploads\/2024\/03\/Lockup-Main-300x300.png 300w, https:\/\/humus.live\/wp-content\/uploads\/2024\/03\/Lockup-Main-150x150.png 150w, https:\/\/humus.live\/wp-content\/uploads\/2024\/03\/Lockup-Main.png 540w\" sizes=\"auto, (max-width: 300px) 100vw, 300px\" \/><\/p>","protected":false},"excerpt":{"rendered":"<p>Action Network Lab Teilnehmer:innen Da Klimapolitik untrennbar mit sozialer Gerechtigkeit und verbunden ist (bzw. sein sollte) legen wir bei der Zusammenstellung der Teilnehmer:innen des Labs einen gro\u00dfen Wert auf Diversit\u00e4t und unterschiedliche Blickwinkel, die im Umgang mit der Klimakrise zusammenspielen sollten. Wir suchen nach bereits aktiven Klimaaktivist:innen, Menschen, die bisher noch nicht politisch aktiv waren, [&hellip;]<\/p>\n","protected":false},"author":2,"featured_media":0,"parent":0,"menu_order":0,"comment_status":"closed","ping_status":"closed","template":"","meta":{"_crdt_document":"","footnotes":""},"class_list":["post-976","page","type-page","status-publish","hentry"],"yoast_head":"<!-- This site is optimized with the Yoast SEO plugin v27.4 - https:\/\/yoast.com\/product\/yoast-seo-wordpress\/ -->\n<title>Action Network Lab f\u00fcr Klima und Gerechtigkeit - Humus<\/title>\n<meta name=\"robots\" content=\"index, follow, max-snippet:-1, max-image-preview:large, max-video-preview:-1\" \/>\n<link rel=\"canonical\" href=\"https:\/\/humus.live\/en\/action-lab\/\" \/>\n<meta property=\"og:locale\" content=\"en_GB\" \/>\n<meta property=\"og:type\" content=\"article\" \/>\n<meta property=\"og:title\" content=\"Action Network Lab f\u00fcr Klima und Gerechtigkeit - Humus\" \/>\n<meta property=\"og:description\" content=\"Action Network Lab Teilnehmer:innen Da Klimapolitik untrennbar mit sozialer Gerechtigkeit und verbunden ist (bzw. sein sollte) legen wir bei der Zusammenstellung der Teilnehmer:innen des Labs einen gro\u00dfen Wert auf Diversit\u00e4t und unterschiedliche Blickwinkel, die im Umgang mit der Klimakrise zusammenspielen sollten. Wir suchen nach bereits aktiven Klimaaktivist:innen, Menschen, die bisher noch nicht politisch aktiv waren, [&hellip;]\" \/>\n<meta property=\"og:url\" content=\"https:\/\/humus.live\/en\/action-lab\/\" \/>\n<meta property=\"og:site_name\" content=\"Humus\" \/>\n<meta property=\"article:modified_time\" content=\"2024-07-01T14:51:50+00:00\" \/>\n<meta property=\"og:image\" content=\"https:\/\/humus.live\/wp-content\/uploads\/2024\/03\/53389648012_5e60127e2b_w-225x300.jpg\" \/>\n<meta name=\"twitter:card\" content=\"summary_large_image\" \/>\n<meta name=\"twitter:label1\" content=\"Estimated reading time\" \/>\n\t<meta name=\"twitter:data1\" content=\"4 minutes\" \/>\n<script type=\"application\/ld+json\" class=\"yoast-schema-graph\">{\"@context\":\"https:\\\/\\\/schema.org\",\"@graph\":[{\"@type\":\"WebPage\",\"@id\":\"https:\\\/\\\/humus.live\\\/en\\\/action-lab\\\/\",\"url\":\"https:\\\/\\\/humus.live\\\/en\\\/action-lab\\\/\",\"name\":\"Action Network Lab f\u00fcr Klima und Gerechtigkeit - Humus\",\"isPartOf\":{\"@id\":\"https:\\\/\\\/humus.live\\\/en\\\/#website\"},\"primaryImageOfPage\":{\"@id\":\"https:\\\/\\\/humus.live\\\/en\\\/action-lab\\\/#primaryimage\"},\"image\":{\"@id\":\"https:\\\/\\\/humus.live\\\/en\\\/action-lab\\\/#primaryimage\"},\"thumbnailUrl\":\"https:\\\/\\\/humus.live\\\/wp-content\\\/uploads\\\/2024\\\/03\\\/53389648012_5e60127e2b_w-225x300.jpg\",\"datePublished\":\"2023-08-07T11:12:04+00:00\",\"dateModified\":\"2024-07-01T14:51:50+00:00\",\"breadcrumb\":{\"@id\":\"https:\\\/\\\/humus.live\\\/en\\\/action-lab\\\/#breadcrumb\"},\"inLanguage\":\"en-GB\",\"potentialAction\":[{\"@type\":\"ReadAction\",\"target\":[\"https:\\\/\\\/humus.live\\\/en\\\/action-lab\\\/\"]}]},{\"@type\":\"ImageObject\",\"inLanguage\":\"en-GB\",\"@id\":\"https:\\\/\\\/humus.live\\\/en\\\/action-lab\\\/#primaryimage\",\"url\":\"https:\\\/\\\/humus.live\\\/wp-content\\\/uploads\\\/2024\\\/03\\\/53389648012_5e60127e2b_w-225x300.jpg\",\"contentUrl\":\"https:\\\/\\\/humus.live\\\/wp-content\\\/uploads\\\/2024\\\/03\\\/53389648012_5e60127e2b_w-225x300.jpg\"},{\"@type\":\"BreadcrumbList\",\"@id\":\"https:\\\/\\\/humus.live\\\/en\\\/action-lab\\\/#breadcrumb\",\"itemListElement\":[{\"@type\":\"ListItem\",\"position\":1,\"name\":\"Startseite\",\"item\":\"https:\\\/\\\/humus.live\\\/category\\\/allgemein\\\/\"},{\"@type\":\"ListItem\",\"position\":2,\"name\":\"Action Network Lab f\u00fcr Klima und Gerechtigkeit\"}]},{\"@type\":\"WebSite\",\"@id\":\"https:\\\/\\\/humus.live\\\/en\\\/#website\",\"url\":\"https:\\\/\\\/humus.live\\\/en\\\/\",\"name\":\"Humus. N\u00e4hrboden f\u00fcr Ver\u00e4nderung. Workshops f\u00fcr soziale Bewegungen.\",\"description\":\"N\u00e4hrboden f\u00fcr Ver\u00e4nderung\",\"publisher\":{\"@id\":\"https:\\\/\\\/humus.live\\\/en\\\/#organization\"},\"potentialAction\":[{\"@type\":\"SearchAction\",\"target\":{\"@type\":\"EntryPoint\",\"urlTemplate\":\"https:\\\/\\\/humus.live\\\/en\\\/?s={search_term_string}\"},\"query-input\":{\"@type\":\"PropertyValueSpecification\",\"valueRequired\":true,\"valueName\":\"search_term_string\"}}],\"inLanguage\":\"en-GB\"},{\"@type\":\"Organization\",\"@id\":\"https:\\\/\\\/humus.live\\\/en\\\/#organization\",\"name\":\"Humus\",\"alternateName\":\"N\u00e4hrboden f\u00fcr Ver\u00e4nderung\",\"url\":\"https:\\\/\\\/humus.live\\\/en\\\/\",\"logo\":{\"@type\":\"ImageObject\",\"inLanguage\":\"en-GB\",\"@id\":\"https:\\\/\\\/humus.live\\\/en\\\/#\\\/schema\\\/logo\\\/image\\\/\",\"url\":\"https:\\\/\\\/humus.live\\\/wp-content\\\/uploads\\\/2021\\\/01\\\/cropped-humus_hoch.png\",\"contentUrl\":\"https:\\\/\\\/humus.live\\\/wp-content\\\/uploads\\\/2021\\\/01\\\/cropped-humus_hoch.png\",\"width\":454,\"height\":403,\"caption\":\"Humus\"},\"image\":{\"@id\":\"https:\\\/\\\/humus.live\\\/en\\\/#\\\/schema\\\/logo\\\/image\\\/\"},\"sameAs\":[\"https:\\\/\\\/www.instagram.com\\\/humus.fuer.veraenderung\\\/\"]}]}<\/script>\n<!-- \/ Yoast SEO plugin. -->","yoast_head_json":{"title":"Action Network Lab f\u00fcr Klima und Gerechtigkeit - Humus","robots":{"index":"index","follow":"follow","max-snippet":"max-snippet:-1","max-image-preview":"max-image-preview:large","max-video-preview":"max-video-preview:-1"},"canonical":"https:\/\/humus.live\/en\/action-lab\/","og_locale":"en_GB","og_type":"article","og_title":"Action Network Lab f\u00fcr Klima und Gerechtigkeit - Humus","og_description":"Action Network Lab Teilnehmer:innen Da Klimapolitik untrennbar mit sozialer Gerechtigkeit und verbunden ist (bzw. sein sollte) legen wir bei der Zusammenstellung der Teilnehmer:innen des Labs einen gro\u00dfen Wert auf Diversit\u00e4t und unterschiedliche Blickwinkel, die im Umgang mit der Klimakrise zusammenspielen sollten. Wir suchen nach bereits aktiven Klimaaktivist:innen, Menschen, die bisher noch nicht politisch aktiv waren, [&hellip;]","og_url":"https:\/\/humus.live\/en\/action-lab\/","og_site_name":"Humus","article_modified_time":"2024-07-01T14:51:50+00:00","og_image":[{"url":"https:\/\/humus.live\/wp-content\/uploads\/2024\/03\/53389648012_5e60127e2b_w-225x300.jpg","type":"","width":"","height":""}],"twitter_card":"summary_large_image","twitter_misc":{"Estimated reading time":"4 minutes"},"schema":{"@context":"https:\/\/schema.org","@graph":[{"@type":"WebPage","@id":"https:\/\/humus.live\/en\/action-lab\/","url":"https:\/\/humus.live\/en\/action-lab\/","name":"Action Network Lab f\u00fcr Klima und Gerechtigkeit - Humus","isPartOf":{"@id":"https:\/\/humus.live\/en\/#website"},"primaryImageOfPage":{"@id":"https:\/\/humus.live\/en\/action-lab\/#primaryimage"},"image":{"@id":"https:\/\/humus.live\/en\/action-lab\/#primaryimage"},"thumbnailUrl":"https:\/\/humus.live\/wp-content\/uploads\/2024\/03\/53389648012_5e60127e2b_w-225x300.jpg","datePublished":"2023-08-07T11:12:04+00:00","dateModified":"2024-07-01T14:51:50+00:00","breadcrumb":{"@id":"https:\/\/humus.live\/en\/action-lab\/#breadcrumb"},"inLanguage":"en-GB","potentialAction":[{"@type":"ReadAction","target":["https:\/\/humus.live\/en\/action-lab\/"]}]},{"@type":"ImageObject","inLanguage":"en-GB","@id":"https:\/\/humus.live\/en\/action-lab\/#primaryimage","url":"https:\/\/humus.live\/wp-content\/uploads\/2024\/03\/53389648012_5e60127e2b_w-225x300.jpg","contentUrl":"https:\/\/humus.live\/wp-content\/uploads\/2024\/03\/53389648012_5e60127e2b_w-225x300.jpg"},{"@type":"BreadcrumbList","@id":"https:\/\/humus.live\/en\/action-lab\/#breadcrumb","itemListElement":[{"@type":"ListItem","position":1,"name":"Startseite","item":"https:\/\/humus.live\/category\/allgemein\/"},{"@type":"ListItem","position":2,"name":"Action Network Lab f\u00fcr Klima und Gerechtigkeit"}]},{"@type":"WebSite","@id":"https:\/\/humus.live\/en\/#website","url":"https:\/\/humus.live\/en\/","name":"Humus. N\u00e4hrboden f\u00fcr Ver\u00e4nderung. Workshops f\u00fcr soziale Bewegungen.","description":"Fertile Soil for Change","publisher":{"@id":"https:\/\/humus.live\/en\/#organization"},"potentialAction":[{"@type":"SearchAction","target":{"@type":"EntryPoint","urlTemplate":"https:\/\/humus.live\/en\/?s={search_term_string}"},"query-input":{"@type":"PropertyValueSpecification","valueRequired":true,"valueName":"search_term_string"}}],"inLanguage":"en-GB"},{"@type":"Organization","@id":"https:\/\/humus.live\/en\/#organization","name":"Humus","alternateName":"N\u00e4hrboden f\u00fcr Ver\u00e4nderung","url":"https:\/\/humus.live\/en\/","logo":{"@type":"ImageObject","inLanguage":"en-GB","@id":"https:\/\/humus.live\/en\/#\/schema\/logo\/image\/","url":"https:\/\/humus.live\/wp-content\/uploads\/2021\/01\/cropped-humus_hoch.png","contentUrl":"https:\/\/humus.live\/wp-content\/uploads\/2021\/01\/cropped-humus_hoch.png","width":454,"height":403,"caption":"Humus"},"image":{"@id":"https:\/\/humus.live\/en\/#\/schema\/logo\/image\/"},"sameAs":["https:\/\/www.instagram.com\/humus.fuer.veraenderung\/"]}]}},"_links":{"self":[{"href":"https:\/\/humus.live\/en\/wp-json\/wp\/v2\/pages\/976","targetHints":{"allow":["GET"]}}],"collection":[{"href":"https:\/\/humus.live\/en\/wp-json\/wp\/v2\/pages"}],"about":[{"href":"https:\/\/humus.live\/en\/wp-json\/wp\/v2\/types\/page"}],"author":[{"embeddable":true,"href":"https:\/\/humus.live\/en\/wp-json\/wp\/v2\/users\/2"}],"replies":[{"embeddable":true,"href":"https:\/\/humus.live\/en\/wp-json\/wp\/v2\/comments?post=976"}],"version-history":[{"count":50,"href":"https:\/\/humus.live\/en\/wp-json\/wp\/v2\/pages\/976\/revisions"}],"predecessor-version":[{"id":1205,"href":"https:\/\/humus.live\/en\/wp-json\/wp\/v2\/pages\/976\/revisions\/1205"}],"wp:attachment":[{"href":"https:\/\/humus.live\/en\/wp-json\/wp\/v2\/media?parent=976"}],"curies":[{"name":"wp","href":"https:\/\/api.w.org\/{rel}","templated":true}]}}