{"id":903,"date":"2023-03-11T12:28:04","date_gmt":"2023-03-11T11:28:04","guid":{"rendered":"https:\/\/humus.live\/?page_id=903"},"modified":"2024-10-14T14:20:41","modified_gmt":"2024-10-14T12:20:41","slug":"moderationspool","status":"publish","type":"page","link":"https:\/\/humus.live\/en\/moderationspool\/","title":{"rendered":"Facilitation for social movements"},"content":{"rendered":"<div style=\"height:30px\" aria-hidden=\"true\" class=\"wp-block-spacer\"><\/div>\n\n\n\n<div class=\"wp-block-cover is-light humus-banner\"><span aria-hidden=\"true\" class=\"wp-block-cover__background has-background-dim\" style=\"background-color:#e7e5e2\"><\/span><img loading=\"lazy\" decoding=\"async\" width=\"1200\" height=\"314\" class=\"wp-block-cover__image-background wp-image-1924\" alt=\"\" src=\"https:\/\/humus.live\/wp-content\/uploads\/2024\/10\/Moderationspool_header01.jpg\" data-object-fit=\"cover\" srcset=\"https:\/\/humus.live\/wp-content\/uploads\/2024\/10\/Moderationspool_header01.jpg 1200w, https:\/\/humus.live\/wp-content\/uploads\/2024\/10\/Moderationspool_header01-300x79.jpg 300w, https:\/\/humus.live\/wp-content\/uploads\/2024\/10\/Moderationspool_header01-1024x268.jpg 1024w, https:\/\/humus.live\/wp-content\/uploads\/2024\/10\/Moderationspool_header01-768x201.jpg 768w\" sizes=\"auto, (max-width: 1200px) 100vw, 1200px\" \/><div class=\"wp-block-cover__inner-container is-layout-flow wp-block-cover-is-layout-flow\">\n<p class=\"has-text-align-center has-large-font-size wp-block-paragraph\">Help! Who is facilitating today?<\/p>\n<\/div><\/div>\n\n\n\n<p class=\"humus-cta wp-block-paragraph\">Infos and requests: <a href=\"https:\/\/www.moderationspool.at\/\" target=\"_blank\" rel=\"noreferrer noopener\">www.moderationspool.at<\/a>.<\/p>\n\n\n\n<p class=\"wp-block-paragraph\">We've been planning it for some time, and now the time has finally come \u2013 <strong>Our Moderationspool for social movements brings your group\/event and facilitator together!<\/strong> <br>Whether it's a plenary session, a strategy meeting, a panel discussion, a conference, a workshop, a working meeting or a debate that needs to be facilitated externally - you can get support for your request via the moderation pool. Pass it on: <strong>Infos and requests at <a href=\"https:\/\/www.moderationspool.at\/\" target=\"_blank\" rel=\"noreferrer noopener\">www.moderationspool.at<\/a>.<\/strong> <\/p>\n\n\n\n<h3 class=\"wp-block-heading\">What is it?<\/h3>\n\n\n\n<p class=\"wp-block-paragraph\">We are a pool of facilitators, trainers, process and conflict mediators who are available for inquiries in social movements, political groups, organizations and networks. The pool defines itself as emancipatory and progressive, but otherwise has no common political orientation. Its primary purpose is to connect groups with suitable facilitators and to enable facilitators to exchange ideas with each other. As individual facilitators or as a pool, we do not organize events or start projects. We become active when you ask us. We are currently <strong>active mainly in eastern Austria and online<\/strong> .<\/p>\n\n\n\n<p class=\"wp-block-paragraph\">What makes us special is that we bridge the gap between solid, competent facilitation and grassroots groups and social movements. After all, it is not only large conferences with huge budgets that need support, but also self-organized groups.<\/p>\n\n\n\n<p class=\"wp-block-paragraph\">Thanks to <a href=\"https:\/\/www.moderationspool.at\/#fuermod\">the admission criteria for the pool<\/a> we want to guarantee a certain but unbureaucratic level of quality assurance. However, as a loose pool, we as individual facilitators cannot take responsibility for the quality of others. If you have had problems with a facilitator, please write us an email and we will do our best to handle it well.<\/p>\n\n\n\n<h3 class=\"wp-block-heading\"><strong>Organization<\/strong><\/h3>\n\n\n\n<p class=\"wp-block-paragraph\">Moderationspool was initiated by <a rel=\"noreferrer noopener\" href=\"https:\/\/humus.live\/en\/)\/\" target=\"_blank\">Humus - Fertile Soil for Change<\/a> - with the participation of several facilitators from the Viennese movement community.<\/p>\n\n\n\n<p class=\"wp-block-paragraph\">The pool is currently being expanded and coordinated by Humus. This task will rotate in the future.<\/p>\n\n\n\n<p class=\"wp-block-paragraph\"><strong>You think the project is worthwhile?<\/strong> Help us to support emancipatory movements and to further develop this and similar projects. We are happy to receive donations with the purpose \u201cModerationspool\" to IBAN: AT47 3412 9000 0891 2495 - or spread the word!<\/p>","protected":false},"excerpt":{"rendered":"<p>Infos und Anfragen: www.moderationspool.at. Seit einiger Zeit hatten wir es vor, nun ist es endlich soweit &#8211; Der Moderationspool f\u00fcr soziale Bewegungen bringt eure Gruppe\/Veranstaltung und Moderator:innen zusammen! Geht es um ein Plenum, eine Strategieklausur, eine Podiumsdiskussion, eine Konferenz, einen Workshop, ein Arbeitstreffen und oder eine Aussprache, die extern begleitet werden soll &#8211; \u00fcber den [&hellip;]<\/p>\n","protected":false},"author":2,"featured_media":0,"parent":0,"menu_order":0,"comment_status":"closed","ping_status":"closed","template":"","meta":{"_crdt_document":"","footnotes":""},"class_list":["post-903","page","type-page","status-publish","hentry"],"yoast_head":"<!-- This site is optimized with the Yoast SEO plugin v27.4 - https:\/\/yoast.com\/product\/yoast-seo-wordpress\/ -->\n<title>Moderationspool - Humus<\/title>\n<meta name=\"robots\" content=\"index, follow, max-snippet:-1, max-image-preview:large, max-video-preview:-1\" \/>\n<link rel=\"canonical\" href=\"https:\/\/humus.live\/en\/moderationspool\/\" \/>\n<meta property=\"og:locale\" content=\"en_GB\" \/>\n<meta property=\"og:type\" content=\"article\" \/>\n<meta property=\"og:title\" content=\"Moderationspool - Humus\" \/>\n<meta property=\"og:description\" content=\"Infos und Anfragen: www.moderationspool.at. Seit einiger Zeit hatten wir es vor, nun ist es endlich soweit &#8211; Der Moderationspool f\u00fcr soziale Bewegungen bringt eure Gruppe\/Veranstaltung und Moderator:innen zusammen! Geht es um ein Plenum, eine Strategieklausur, eine Podiumsdiskussion, eine Konferenz, einen Workshop, ein Arbeitstreffen und oder eine Aussprache, die extern begleitet werden soll &#8211; \u00fcber den [&hellip;]\" \/>\n<meta property=\"og:url\" content=\"https:\/\/humus.live\/en\/moderationspool\/\" \/>\n<meta property=\"og:site_name\" content=\"Humus\" \/>\n<meta property=\"article:modified_time\" content=\"2024-10-14T12:20:41+00:00\" \/>\n<meta property=\"og:image\" content=\"https:\/\/humus.live\/wp-content\/uploads\/2024\/10\/Moderationspool_header01.jpg\" \/>\n<meta name=\"twitter:card\" content=\"summary_large_image\" \/>\n<meta name=\"twitter:label1\" content=\"Estimated reading time\" \/>\n\t<meta name=\"twitter:data1\" content=\"2 minutes\" \/>\n<script type=\"application\/ld+json\" class=\"yoast-schema-graph\">{\"@context\":\"https:\\\/\\\/schema.org\",\"@graph\":[{\"@type\":\"WebPage\",\"@id\":\"https:\\\/\\\/humus.live\\\/en\\\/moderationspool\\\/\",\"url\":\"https:\\\/\\\/humus.live\\\/en\\\/moderationspool\\\/\",\"name\":\"Moderationspool - Humus\",\"isPartOf\":{\"@id\":\"https:\\\/\\\/humus.live\\\/en\\\/#website\"},\"primaryImageOfPage\":{\"@id\":\"https:\\\/\\\/humus.live\\\/en\\\/moderationspool\\\/#primaryimage\"},\"image\":{\"@id\":\"https:\\\/\\\/humus.live\\\/en\\\/moderationspool\\\/#primaryimage\"},\"thumbnailUrl\":\"https:\\\/\\\/humus.live\\\/wp-content\\\/uploads\\\/2024\\\/10\\\/Moderationspool_header01.jpg\",\"datePublished\":\"2023-03-11T11:28:04+00:00\",\"dateModified\":\"2024-10-14T12:20:41+00:00\",\"breadcrumb\":{\"@id\":\"https:\\\/\\\/humus.live\\\/en\\\/moderationspool\\\/#breadcrumb\"},\"inLanguage\":\"en-GB\",\"potentialAction\":[{\"@type\":\"ReadAction\",\"target\":[\"https:\\\/\\\/humus.live\\\/en\\\/moderationspool\\\/\"]}]},{\"@type\":\"ImageObject\",\"inLanguage\":\"en-GB\",\"@id\":\"https:\\\/\\\/humus.live\\\/en\\\/moderationspool\\\/#primaryimage\",\"url\":\"https:\\\/\\\/humus.live\\\/wp-content\\\/uploads\\\/2024\\\/10\\\/Moderationspool_header01.jpg\",\"contentUrl\":\"https:\\\/\\\/humus.live\\\/wp-content\\\/uploads\\\/2024\\\/10\\\/Moderationspool_header01.jpg\"},{\"@type\":\"BreadcrumbList\",\"@id\":\"https:\\\/\\\/humus.live\\\/en\\\/moderationspool\\\/#breadcrumb\",\"itemListElement\":[{\"@type\":\"ListItem\",\"position\":1,\"name\":\"Startseite\",\"item\":\"https:\\\/\\\/humus.live\\\/category\\\/allgemein\\\/\"},{\"@type\":\"ListItem\",\"position\":2,\"name\":\"Moderationspool\"}]},{\"@type\":\"WebSite\",\"@id\":\"https:\\\/\\\/humus.live\\\/en\\\/#website\",\"url\":\"https:\\\/\\\/humus.live\\\/en\\\/\",\"name\":\"Humus. N\u00e4hrboden f\u00fcr Ver\u00e4nderung. Workshops f\u00fcr soziale Bewegungen.\",\"description\":\"N\u00e4hrboden f\u00fcr Ver\u00e4nderung\",\"publisher\":{\"@id\":\"https:\\\/\\\/humus.live\\\/en\\\/#organization\"},\"potentialAction\":[{\"@type\":\"SearchAction\",\"target\":{\"@type\":\"EntryPoint\",\"urlTemplate\":\"https:\\\/\\\/humus.live\\\/en\\\/?s={search_term_string}\"},\"query-input\":{\"@type\":\"PropertyValueSpecification\",\"valueRequired\":true,\"valueName\":\"search_term_string\"}}],\"inLanguage\":\"en-GB\"},{\"@type\":\"Organization\",\"@id\":\"https:\\\/\\\/humus.live\\\/en\\\/#organization\",\"name\":\"Humus\",\"alternateName\":\"N\u00e4hrboden f\u00fcr Ver\u00e4nderung\",\"url\":\"https:\\\/\\\/humus.live\\\/en\\\/\",\"logo\":{\"@type\":\"ImageObject\",\"inLanguage\":\"en-GB\",\"@id\":\"https:\\\/\\\/humus.live\\\/en\\\/#\\\/schema\\\/logo\\\/image\\\/\",\"url\":\"https:\\\/\\\/humus.live\\\/wp-content\\\/uploads\\\/2021\\\/01\\\/cropped-humus_hoch.png\",\"contentUrl\":\"https:\\\/\\\/humus.live\\\/wp-content\\\/uploads\\\/2021\\\/01\\\/cropped-humus_hoch.png\",\"width\":454,\"height\":403,\"caption\":\"Humus\"},\"image\":{\"@id\":\"https:\\\/\\\/humus.live\\\/en\\\/#\\\/schema\\\/logo\\\/image\\\/\"},\"sameAs\":[\"https:\\\/\\\/www.instagram.com\\\/humus.fuer.veraenderung\\\/\"]}]}<\/script>\n<!-- \/ Yoast SEO plugin. -->","yoast_head_json":{"title":"Moderationspool - Humus","robots":{"index":"index","follow":"follow","max-snippet":"max-snippet:-1","max-image-preview":"max-image-preview:large","max-video-preview":"max-video-preview:-1"},"canonical":"https:\/\/humus.live\/en\/moderationspool\/","og_locale":"en_GB","og_type":"article","og_title":"Moderationspool - Humus","og_description":"Infos und Anfragen: www.moderationspool.at. Seit einiger Zeit hatten wir es vor, nun ist es endlich soweit &#8211; Der Moderationspool f\u00fcr soziale Bewegungen bringt eure Gruppe\/Veranstaltung und Moderator:innen zusammen! Geht es um ein Plenum, eine Strategieklausur, eine Podiumsdiskussion, eine Konferenz, einen Workshop, ein Arbeitstreffen und oder eine Aussprache, die extern begleitet werden soll &#8211; \u00fcber den [&hellip;]","og_url":"https:\/\/humus.live\/en\/moderationspool\/","og_site_name":"Humus","article_modified_time":"2024-10-14T12:20:41+00:00","og_image":[{"url":"https:\/\/humus.live\/wp-content\/uploads\/2024\/10\/Moderationspool_header01.jpg","type":"","width":"","height":""}],"twitter_card":"summary_large_image","twitter_misc":{"Estimated reading time":"2 minutes"},"schema":{"@context":"https:\/\/schema.org","@graph":[{"@type":"WebPage","@id":"https:\/\/humus.live\/en\/moderationspool\/","url":"https:\/\/humus.live\/en\/moderationspool\/","name":"Moderationspool - Humus","isPartOf":{"@id":"https:\/\/humus.live\/en\/#website"},"primaryImageOfPage":{"@id":"https:\/\/humus.live\/en\/moderationspool\/#primaryimage"},"image":{"@id":"https:\/\/humus.live\/en\/moderationspool\/#primaryimage"},"thumbnailUrl":"https:\/\/humus.live\/wp-content\/uploads\/2024\/10\/Moderationspool_header01.jpg","datePublished":"2023-03-11T11:28:04+00:00","dateModified":"2024-10-14T12:20:41+00:00","breadcrumb":{"@id":"https:\/\/humus.live\/en\/moderationspool\/#breadcrumb"},"inLanguage":"en-GB","potentialAction":[{"@type":"ReadAction","target":["https:\/\/humus.live\/en\/moderationspool\/"]}]},{"@type":"ImageObject","inLanguage":"en-GB","@id":"https:\/\/humus.live\/en\/moderationspool\/#primaryimage","url":"https:\/\/humus.live\/wp-content\/uploads\/2024\/10\/Moderationspool_header01.jpg","contentUrl":"https:\/\/humus.live\/wp-content\/uploads\/2024\/10\/Moderationspool_header01.jpg"},{"@type":"BreadcrumbList","@id":"https:\/\/humus.live\/en\/moderationspool\/#breadcrumb","itemListElement":[{"@type":"ListItem","position":1,"name":"Startseite","item":"https:\/\/humus.live\/category\/allgemein\/"},{"@type":"ListItem","position":2,"name":"Moderationspool"}]},{"@type":"WebSite","@id":"https:\/\/humus.live\/en\/#website","url":"https:\/\/humus.live\/en\/","name":"Humus. N\u00e4hrboden f\u00fcr Ver\u00e4nderung. Workshops f\u00fcr soziale Bewegungen.","description":"Fertile Soil for Change","publisher":{"@id":"https:\/\/humus.live\/en\/#organization"},"potentialAction":[{"@type":"SearchAction","target":{"@type":"EntryPoint","urlTemplate":"https:\/\/humus.live\/en\/?s={search_term_string}"},"query-input":{"@type":"PropertyValueSpecification","valueRequired":true,"valueName":"search_term_string"}}],"inLanguage":"en-GB"},{"@type":"Organization","@id":"https:\/\/humus.live\/en\/#organization","name":"Humus","alternateName":"N\u00e4hrboden f\u00fcr Ver\u00e4nderung","url":"https:\/\/humus.live\/en\/","logo":{"@type":"ImageObject","inLanguage":"en-GB","@id":"https:\/\/humus.live\/en\/#\/schema\/logo\/image\/","url":"https:\/\/humus.live\/wp-content\/uploads\/2021\/01\/cropped-humus_hoch.png","contentUrl":"https:\/\/humus.live\/wp-content\/uploads\/2021\/01\/cropped-humus_hoch.png","width":454,"height":403,"caption":"Humus"},"image":{"@id":"https:\/\/humus.live\/en\/#\/schema\/logo\/image\/"},"sameAs":["https:\/\/www.instagram.com\/humus.fuer.veraenderung\/"]}]}},"_links":{"self":[{"href":"https:\/\/humus.live\/en\/wp-json\/wp\/v2\/pages\/903","targetHints":{"allow":["GET"]}}],"collection":[{"href":"https:\/\/humus.live\/en\/wp-json\/wp\/v2\/pages"}],"about":[{"href":"https:\/\/humus.live\/en\/wp-json\/wp\/v2\/types\/page"}],"author":[{"embeddable":true,"href":"https:\/\/humus.live\/en\/wp-json\/wp\/v2\/users\/2"}],"replies":[{"embeddable":true,"href":"https:\/\/humus.live\/en\/wp-json\/wp\/v2\/comments?post=903"}],"version-history":[{"count":11,"href":"https:\/\/humus.live\/en\/wp-json\/wp\/v2\/pages\/903\/revisions"}],"predecessor-version":[{"id":1925,"href":"https:\/\/humus.live\/en\/wp-json\/wp\/v2\/pages\/903\/revisions\/1925"}],"wp:attachment":[{"href":"https:\/\/humus.live\/en\/wp-json\/wp\/v2\/media?parent=903"}],"curies":[{"name":"wp","href":"https:\/\/api.w.org\/{rel}","templated":true}]}}