{"id":880,"date":"2022-12-02T10:49:46","date_gmt":"2022-12-02T09:49:46","guid":{"rendered":"https:\/\/humus.live\/?page_id=880"},"modified":"2025-06-05T13:18:48","modified_gmt":"2025-06-05T11:18:48","slug":"tp4j","status":"publish","type":"page","link":"https:\/\/humus.live\/en\/tp4j\/","title":{"rendered":"Tipping Points 4 Justice"},"content":{"rendered":"<div class=\"wp-block-group\"><div class=\"wp-block-group__inner-container is-layout-constrained wp-block-group-is-layout-constrained\">\n<div style=\"height:30px\" aria-hidden=\"true\" class=\"wp-block-spacer\"><\/div>\n\n\n\n<div class=\"wp-block-cover humus-banner\"><img loading=\"lazy\" decoding=\"async\" width=\"799\" height=\"533\" class=\"wp-block-cover__image-background wp-image-1881\" alt=\"\" src=\"https:\/\/humus.live\/wp-content\/uploads\/2024\/10\/52715967986_a3d6256388_c.jpg\" data-object-fit=\"cover\" srcset=\"https:\/\/humus.live\/wp-content\/uploads\/2024\/10\/52715967986_a3d6256388_c.jpg 799w, https:\/\/humus.live\/wp-content\/uploads\/2024\/10\/52715967986_a3d6256388_c-300x200.jpg 300w, https:\/\/humus.live\/wp-content\/uploads\/2024\/10\/52715967986_a3d6256388_c-768x512.jpg 768w\" sizes=\"auto, (max-width: 799px) 100vw, 799px\" \/><span aria-hidden=\"true\" class=\"wp-block-cover__background has-background-dim\" style=\"background-color:#75716d\"><\/span><div class=\"wp-block-cover__inner-container is-layout-flow wp-block-cover-is-layout-flow\">\n<p class=\"has-text-align-center has-large-font-size wp-block-paragraph\">Tipping Points goes International<\/p>\n<\/div><\/div>\n<\/div><\/div>\n\n\n\n<p class=\"humus-cta wp-block-paragraph translation-block\"><strong>\u201eTipping Points 4 Justice\u201c<\/strong> is a project that facilitated a total of<strong> four skill share events <\/strong> in Austria and Poland in 2023 and 2024, as well as <strong>a handbook<\/strong>. Click here for the events in <a href=\"\/\/www.tippingpoints.life\" target=\"\u201c_self\u201d\">Austria<\/a> and <a href=\"\/\/czaskultury.pl\/dzialalnosc\/rownowaznia\/\" target=\"\u201c_self\u201d\">Poland<\/a>.<\/p>\n\n\n\n<h2 class=\"wp-block-heading\">The handbook is here!<\/h2>\n\n\n\n<p class=\"wp-block-paragraph\">Nach vier Tipping Points-Events, die wir in Austausch mit unseren Partnerorganisationen <a href=\"https:\/\/civilaction.net\/\">Civil Action Network<\/a> in \u00d6sterreich und <a href=\"https:\/\/czaskultury.pl\/\">Czas Kultury<\/a> in Polen geplant, umgesetzt und evaluiert haben, nach viel Recherche und gemeinsamer Verdichtung unserer Erkenntnisse, pr\u00e4sentieren wir es voller Stolz:<br><br><strong>Das Handbuch f\u00fcr die Organisation von empowernden Skill Share Events!<\/strong><br><br>Ihr bekommt es <a href=\"https:\/\/humus.live\/en\/download\/2054\/?tmstv=1732203896\"><strong>HIER als PDF gratis zum download<\/strong><\/a> &#8211; oder <a href=\"https:\/\/form.typeform.com\/to\/gOZYFwUK\">gedruckt f\u00fcr Portokosten in deinen Briefkasten.<\/a> Wenn du es hast und nutzt oder auch \u00e4hnliche Projekte in Zukunft unterst\u00fctzen m\u00f6chtest, freuen wir uns <a href=\"https:\/\/humus.live\/en\/10x100\/\">\u00fcber eine Spende je nach deinen M\u00f6glichkeiten.<\/a> <\/p>\n\n\n<div class=\"wp-block-image\">\n<figure class=\"aligncenter size-large is-resized\"><a href=\"https:\/\/humus.live\/en\/download\/2054\/?tmstv=1732203896\"><img loading=\"lazy\" decoding=\"async\" width=\"1024\" height=\"1024\" src=\"https:\/\/humus.live\/wp-content\/uploads\/2024\/11\/signal-2024-11-14-173318_002-1024x1024.jpeg\" alt=\"\" class=\"wp-image-1953\" style=\"width:500px\" srcset=\"https:\/\/humus.live\/wp-content\/uploads\/2024\/11\/signal-2024-11-14-173318_002-1024x1024.jpeg 1024w, https:\/\/humus.live\/wp-content\/uploads\/2024\/11\/signal-2024-11-14-173318_002-300x300.jpeg 300w, https:\/\/humus.live\/wp-content\/uploads\/2024\/11\/signal-2024-11-14-173318_002-150x150.jpeg 150w, https:\/\/humus.live\/wp-content\/uploads\/2024\/11\/signal-2024-11-14-173318_002-768x768.jpeg 768w, https:\/\/humus.live\/wp-content\/uploads\/2024\/11\/signal-2024-11-14-173318_002-1536x1536.jpeg 1536w, https:\/\/humus.live\/wp-content\/uploads\/2024\/11\/signal-2024-11-14-173318_002-400x400.jpeg 400w, https:\/\/humus.live\/wp-content\/uploads\/2024\/11\/signal-2024-11-14-173318_002-600x600.jpeg 600w, https:\/\/humus.live\/wp-content\/uploads\/2024\/11\/signal-2024-11-14-173318_002.jpeg 1600w\" sizes=\"auto, (max-width: 1024px) 100vw, 1024px\" \/><\/a><\/figure>\n<\/div>\n\n\n<h3 class=\"wp-block-heading\">Why the whole thing?<\/h3>\n\n\n\n<p class=\"wp-block-paragraph\">Social movements need skills! Over the past two years, three organisations have worked together as part of an Erasmus+ project to organise events for the exchange of skills and methods and to document experiences. This project is now coming to an end.<\/p>\n\n\n\n<p class=\"wp-block-paragraph\">We are now pleased to present the handbook, which is aimed at organisers, facilitators and anyone interested in organising skill-share events. This practical guide looks at the things we believe need to be considered in order to successfully organise such an event. We don't go so much into the basics, like finding a room, applying and planning food. Rather, we emphasise topics and experiences that can make such an event special. For example: awareness teams, productive team structures and regenerative elements.<\/p>\n\n\n\n<h3 class=\"wp-block-heading\">4 skill share events and years of experience<\/h3>\n\n\n\n<p class=\"wp-block-paragraph\">Im Rahmen des Projekts von 2023 bis 2024 und unserer gemeinsamen Arbeit fanden zwei Skill Share Events in \u00d6sterreich (Tipping Points. Skills und Methoden f\u00fcr soziale Bewegungen) und zwei weitere in Posen (Polen), genannt R\u00d3WNOWAZNIA, statt. Dazwischen trafen sich die beteiligten Organisator:innen zu \u00dcbergabe- und Evaluierungsgespr\u00e4chen. So konnten wir auf gemachte Erfahrungen der jeweils anderen aufbauen und gleichzeitig lernen, welche Unterschiede in verschiedenen L\u00e4ndern zu Tage treten. Dieses Wissen ist auch in das Handbuch eingeflossen, das damit auch l\u00e4nder- und kontext\u00fcbergreifend n\u00fctzlich sein wird. Unter dem Titel &#8222;Tipping Points&#8220; werden in \u00d6sterreich schon seit 2019 Skill Share Events f\u00fcr soziale Bewegungen durchgef\u00fchrt. Erfahrungen aus dieser Zeit sind ebenfalls in das Projekt eingeflossen.<\/p>\n\n\n\n<p class=\"wp-block-paragraph translation-block\">If you would like to find out more about this and similar projects, you can read<strong> <a href=\"https:\/\/11a4e2a5.sibforms.com\/serve\/MUIEAGxweQ0sfCFxOZZZURk23eSN9Xy2Jh0Vqfp9xwWXTm-Tdf-BFqNg23jd7I1LZnrDsResAwQbmlfWtKnMEgpbZae_phIROrQAmXwwE3DTIZWFOddLzBTWMmO7Br7Lpi5gu2Xy1BHvbylVzV_8J8sH-5XOKspG-pXESY8nolbftmnm0G-T2Alh2tvZo2pZEu6TGaB9S5w1du_u\" target=\"_blank\" rel=\"noreferrer noopener\"> the Humus newsletter <\/a><\/strong> four times a year.<\/p>\n\n\n\n<div class=\"wp-block-columns is-layout-flex wp-container-core-columns-is-layout-8f761849 wp-block-columns-is-layout-flex\">\n<div class=\"wp-block-column is-layout-flow wp-block-column-is-layout-flow\">\n<figure class=\"wp-block-image size-large\"><img loading=\"lazy\" decoding=\"async\" width=\"1024\" height=\"228\" src=\"https:\/\/humus.live\/wp-content\/uploads\/2024\/11\/EN_Co-fundedbytheEU_RGB_POS-1024x228.png\" alt=\"EU Logo - Co-Funded horizontal\" class=\"wp-image-1949\" srcset=\"https:\/\/humus.live\/wp-content\/uploads\/2024\/11\/EN_Co-fundedbytheEU_RGB_POS-1024x228.png 1024w, https:\/\/humus.live\/wp-content\/uploads\/2024\/11\/EN_Co-fundedbytheEU_RGB_POS-300x67.png 300w, https:\/\/humus.live\/wp-content\/uploads\/2024\/11\/EN_Co-fundedbytheEU_RGB_POS-768x171.png 768w, https:\/\/humus.live\/wp-content\/uploads\/2024\/11\/EN_Co-fundedbytheEU_RGB_POS-1536x343.png 1536w, https:\/\/humus.live\/wp-content\/uploads\/2024\/11\/EN_Co-fundedbytheEU_RGB_POS-2048x457.png 2048w\" sizes=\"auto, (max-width: 1024px) 100vw, 1024px\" \/><\/figure>\n\n\n\n<p class=\"wp-block-paragraph\">Project number <br>2022-1-AT01-KA210-ADU-000083542<\/p>\n<\/div>\n\n\n\n<div class=\"wp-block-column is-layout-flow wp-block-column-is-layout-flow\">\n<p class=\"wp-block-paragraph\"><em>Funded by the European Union. However, the views and opinions expressed are solely those of the author(s) and do not necessarily reflect those of the European Union or the OeAD-GmbH. Neither the European Union nor the OeAD-GmbH can be held responsible.<\/em><\/p>\n<\/div>\n<\/div>","protected":false},"excerpt":{"rendered":"<p>&#8222;Tipping Points 4 Justice&#8220; ist ein Projekt, das in den Jahren 2023 und 2024 insgesamt vier Skill Share Events in \u00d6sterreich und Polen sowie ein Handbuch erm\u00f6glicht hat. Hier geht&#8217;s zu den Veranstaltungen in \u00d6sterreich und Polen. Das Handbuch ist da! Nach vier Tipping Points-Events, die wir in Austausch mit unseren Partnerorganisationen Civil Action Network [&hellip;]<\/p>\n","protected":false},"author":2,"featured_media":0,"parent":0,"menu_order":0,"comment_status":"closed","ping_status":"closed","template":"","meta":{"_crdt_document":"","footnotes":""},"class_list":["post-880","page","type-page","status-publish","hentry"],"yoast_head":"<!-- This site is optimized with the Yoast SEO plugin v27.5 - https:\/\/yoast.com\/product\/yoast-seo-wordpress\/ -->\n<title>Tipping Points 4 Justice - Humus<\/title>\n<meta name=\"robots\" content=\"index, follow, max-snippet:-1, max-image-preview:large, max-video-preview:-1\" \/>\n<link rel=\"canonical\" href=\"https:\/\/humus.live\/en\/tp4j\/\" \/>\n<meta property=\"og:locale\" content=\"en_GB\" \/>\n<meta property=\"og:type\" content=\"article\" \/>\n<meta property=\"og:title\" content=\"Tipping Points 4 Justice - Humus\" \/>\n<meta property=\"og:description\" content=\"&#8222;Tipping Points 4 Justice&#8220; ist ein Projekt, das in den Jahren 2023 und 2024 insgesamt vier Skill Share Events in \u00d6sterreich und Polen sowie ein Handbuch erm\u00f6glicht hat. Hier geht&#8217;s zu den Veranstaltungen in \u00d6sterreich und Polen. Das Handbuch ist da! Nach vier Tipping Points-Events, die wir in Austausch mit unseren Partnerorganisationen Civil Action Network [&hellip;]\" \/>\n<meta property=\"og:url\" content=\"https:\/\/humus.live\/en\/tp4j\/\" \/>\n<meta property=\"og:site_name\" content=\"Humus\" \/>\n<meta property=\"article:modified_time\" content=\"2025-06-05T11:18:48+00:00\" \/>\n<meta property=\"og:image\" content=\"https:\/\/humus.live\/wp-content\/uploads\/2024\/10\/52715967986_a3d6256388_c.jpg\" \/>\n<meta name=\"twitter:card\" content=\"summary_large_image\" \/>\n<meta name=\"twitter:label1\" content=\"Estimated reading time\" \/>\n\t<meta name=\"twitter:data1\" content=\"4 minutes\" \/>\n<script type=\"application\/ld+json\" class=\"yoast-schema-graph\">{\"@context\":\"https:\\\/\\\/schema.org\",\"@graph\":[{\"@type\":\"WebPage\",\"@id\":\"https:\\\/\\\/humus.live\\\/en\\\/tp4j\\\/\",\"url\":\"https:\\\/\\\/humus.live\\\/en\\\/tp4j\\\/\",\"name\":\"Tipping Points 4 Justice - Humus\",\"isPartOf\":{\"@id\":\"https:\\\/\\\/humus.live\\\/en\\\/#website\"},\"primaryImageOfPage\":{\"@id\":\"https:\\\/\\\/humus.live\\\/en\\\/tp4j\\\/#primaryimage\"},\"image\":{\"@id\":\"https:\\\/\\\/humus.live\\\/en\\\/tp4j\\\/#primaryimage\"},\"thumbnailUrl\":\"https:\\\/\\\/humus.live\\\/wp-content\\\/uploads\\\/2024\\\/10\\\/52715967986_a3d6256388_c.jpg\",\"datePublished\":\"2022-12-02T09:49:46+00:00\",\"dateModified\":\"2025-06-05T11:18:48+00:00\",\"breadcrumb\":{\"@id\":\"https:\\\/\\\/humus.live\\\/en\\\/tp4j\\\/#breadcrumb\"},\"inLanguage\":\"en-GB\",\"potentialAction\":[{\"@type\":\"ReadAction\",\"target\":[\"https:\\\/\\\/humus.live\\\/en\\\/tp4j\\\/\"]}]},{\"@type\":\"ImageObject\",\"inLanguage\":\"en-GB\",\"@id\":\"https:\\\/\\\/humus.live\\\/en\\\/tp4j\\\/#primaryimage\",\"url\":\"https:\\\/\\\/humus.live\\\/wp-content\\\/uploads\\\/2024\\\/10\\\/52715967986_a3d6256388_c.jpg\",\"contentUrl\":\"https:\\\/\\\/humus.live\\\/wp-content\\\/uploads\\\/2024\\\/10\\\/52715967986_a3d6256388_c.jpg\"},{\"@type\":\"BreadcrumbList\",\"@id\":\"https:\\\/\\\/humus.live\\\/en\\\/tp4j\\\/#breadcrumb\",\"itemListElement\":[{\"@type\":\"ListItem\",\"position\":1,\"name\":\"Startseite\",\"item\":\"https:\\\/\\\/humus.live\\\/category\\\/allgemein\\\/\"},{\"@type\":\"ListItem\",\"position\":2,\"name\":\"Tipping Points 4 Justice\"}]},{\"@type\":\"WebSite\",\"@id\":\"https:\\\/\\\/humus.live\\\/en\\\/#website\",\"url\":\"https:\\\/\\\/humus.live\\\/en\\\/\",\"name\":\"Humus. N\u00e4hrboden f\u00fcr Ver\u00e4nderung. Workshops f\u00fcr soziale Bewegungen.\",\"description\":\"N\u00e4hrboden f\u00fcr Ver\u00e4nderung\",\"publisher\":{\"@id\":\"https:\\\/\\\/humus.live\\\/en\\\/#organization\"},\"potentialAction\":[{\"@type\":\"SearchAction\",\"target\":{\"@type\":\"EntryPoint\",\"urlTemplate\":\"https:\\\/\\\/humus.live\\\/en\\\/?s={search_term_string}\"},\"query-input\":{\"@type\":\"PropertyValueSpecification\",\"valueRequired\":true,\"valueName\":\"search_term_string\"}}],\"inLanguage\":\"en-GB\"},{\"@type\":\"Organization\",\"@id\":\"https:\\\/\\\/humus.live\\\/en\\\/#organization\",\"name\":\"Humus\",\"alternateName\":\"N\u00e4hrboden f\u00fcr Ver\u00e4nderung\",\"url\":\"https:\\\/\\\/humus.live\\\/en\\\/\",\"logo\":{\"@type\":\"ImageObject\",\"inLanguage\":\"en-GB\",\"@id\":\"https:\\\/\\\/humus.live\\\/en\\\/#\\\/schema\\\/logo\\\/image\\\/\",\"url\":\"https:\\\/\\\/humus.live\\\/wp-content\\\/uploads\\\/2021\\\/01\\\/cropped-humus_hoch.png\",\"contentUrl\":\"https:\\\/\\\/humus.live\\\/wp-content\\\/uploads\\\/2021\\\/01\\\/cropped-humus_hoch.png\",\"width\":454,\"height\":403,\"caption\":\"Humus\"},\"image\":{\"@id\":\"https:\\\/\\\/humus.live\\\/en\\\/#\\\/schema\\\/logo\\\/image\\\/\"},\"sameAs\":[\"https:\\\/\\\/www.instagram.com\\\/humus.fuer.veraenderung\\\/\"]}]}<\/script>\n<!-- \/ Yoast SEO plugin. -->","yoast_head_json":{"title":"Tipping Points 4 Justice - Humus","robots":{"index":"index","follow":"follow","max-snippet":"max-snippet:-1","max-image-preview":"max-image-preview:large","max-video-preview":"max-video-preview:-1"},"canonical":"https:\/\/humus.live\/en\/tp4j\/","og_locale":"en_GB","og_type":"article","og_title":"Tipping Points 4 Justice - Humus","og_description":"&#8222;Tipping Points 4 Justice&#8220; ist ein Projekt, das in den Jahren 2023 und 2024 insgesamt vier Skill Share Events in \u00d6sterreich und Polen sowie ein Handbuch erm\u00f6glicht hat. Hier geht&#8217;s zu den Veranstaltungen in \u00d6sterreich und Polen. Das Handbuch ist da! Nach vier Tipping Points-Events, die wir in Austausch mit unseren Partnerorganisationen Civil Action Network [&hellip;]","og_url":"https:\/\/humus.live\/en\/tp4j\/","og_site_name":"Humus","article_modified_time":"2025-06-05T11:18:48+00:00","og_image":[{"url":"https:\/\/humus.live\/wp-content\/uploads\/2024\/10\/52715967986_a3d6256388_c.jpg","type":"","width":"","height":""}],"twitter_card":"summary_large_image","twitter_misc":{"Estimated reading time":"4 minutes"},"schema":{"@context":"https:\/\/schema.org","@graph":[{"@type":"WebPage","@id":"https:\/\/humus.live\/en\/tp4j\/","url":"https:\/\/humus.live\/en\/tp4j\/","name":"Tipping Points 4 Justice - Humus","isPartOf":{"@id":"https:\/\/humus.live\/en\/#website"},"primaryImageOfPage":{"@id":"https:\/\/humus.live\/en\/tp4j\/#primaryimage"},"image":{"@id":"https:\/\/humus.live\/en\/tp4j\/#primaryimage"},"thumbnailUrl":"https:\/\/humus.live\/wp-content\/uploads\/2024\/10\/52715967986_a3d6256388_c.jpg","datePublished":"2022-12-02T09:49:46+00:00","dateModified":"2025-06-05T11:18:48+00:00","breadcrumb":{"@id":"https:\/\/humus.live\/en\/tp4j\/#breadcrumb"},"inLanguage":"en-GB","potentialAction":[{"@type":"ReadAction","target":["https:\/\/humus.live\/en\/tp4j\/"]}]},{"@type":"ImageObject","inLanguage":"en-GB","@id":"https:\/\/humus.live\/en\/tp4j\/#primaryimage","url":"https:\/\/humus.live\/wp-content\/uploads\/2024\/10\/52715967986_a3d6256388_c.jpg","contentUrl":"https:\/\/humus.live\/wp-content\/uploads\/2024\/10\/52715967986_a3d6256388_c.jpg"},{"@type":"BreadcrumbList","@id":"https:\/\/humus.live\/en\/tp4j\/#breadcrumb","itemListElement":[{"@type":"ListItem","position":1,"name":"Startseite","item":"https:\/\/humus.live\/category\/allgemein\/"},{"@type":"ListItem","position":2,"name":"Tipping Points 4 Justice"}]},{"@type":"WebSite","@id":"https:\/\/humus.live\/en\/#website","url":"https:\/\/humus.live\/en\/","name":"Humus. N\u00e4hrboden f\u00fcr Ver\u00e4nderung. Workshops f\u00fcr soziale Bewegungen.","description":"Fertile Soil for Change","publisher":{"@id":"https:\/\/humus.live\/en\/#organization"},"potentialAction":[{"@type":"SearchAction","target":{"@type":"EntryPoint","urlTemplate":"https:\/\/humus.live\/en\/?s={search_term_string}"},"query-input":{"@type":"PropertyValueSpecification","valueRequired":true,"valueName":"search_term_string"}}],"inLanguage":"en-GB"},{"@type":"Organization","@id":"https:\/\/humus.live\/en\/#organization","name":"Humus","alternateName":"N\u00e4hrboden f\u00fcr Ver\u00e4nderung","url":"https:\/\/humus.live\/en\/","logo":{"@type":"ImageObject","inLanguage":"en-GB","@id":"https:\/\/humus.live\/en\/#\/schema\/logo\/image\/","url":"https:\/\/humus.live\/wp-content\/uploads\/2021\/01\/cropped-humus_hoch.png","contentUrl":"https:\/\/humus.live\/wp-content\/uploads\/2021\/01\/cropped-humus_hoch.png","width":454,"height":403,"caption":"Humus"},"image":{"@id":"https:\/\/humus.live\/en\/#\/schema\/logo\/image\/"},"sameAs":["https:\/\/www.instagram.com\/humus.fuer.veraenderung\/"]}]}},"_links":{"self":[{"href":"https:\/\/humus.live\/en\/wp-json\/wp\/v2\/pages\/880","targetHints":{"allow":["GET"]}}],"collection":[{"href":"https:\/\/humus.live\/en\/wp-json\/wp\/v2\/pages"}],"about":[{"href":"https:\/\/humus.live\/en\/wp-json\/wp\/v2\/types\/page"}],"author":[{"embeddable":true,"href":"https:\/\/humus.live\/en\/wp-json\/wp\/v2\/users\/2"}],"replies":[{"embeddable":true,"href":"https:\/\/humus.live\/en\/wp-json\/wp\/v2\/comments?post=880"}],"version-history":[{"count":29,"href":"https:\/\/humus.live\/en\/wp-json\/wp\/v2\/pages\/880\/revisions"}],"predecessor-version":[{"id":2202,"href":"https:\/\/humus.live\/en\/wp-json\/wp\/v2\/pages\/880\/revisions\/2202"}],"wp:attachment":[{"href":"https:\/\/humus.live\/en\/wp-json\/wp\/v2\/media?parent=880"}],"curies":[{"name":"wp","href":"https:\/\/api.w.org\/{rel}","templated":true}]}}