{"id":821,"date":"2022-08-24T16:42:13","date_gmt":"2022-08-24T14:42:13","guid":{"rendered":"https:\/\/humus.live\/?page_id=821"},"modified":"2026-03-11T11:53:05","modified_gmt":"2026-03-11T10:53:05","slug":"theories-of-change","status":"publish","type":"page","link":"https:\/\/humus.live\/en\/theories-of-change\/","title":{"rendered":"Theories of Change"},"content":{"rendered":"<div style=\"height:30px\" aria-hidden=\"true\" class=\"wp-block-spacer\"><\/div>\n\n\n\n<div class=\"wp-block-cover is-light humus-banner\"><img loading=\"lazy\" decoding=\"async\" width=\"536\" height=\"529\" class=\"wp-block-cover__image-background wp-image-1917\" alt=\"\" src=\"https:\/\/humus.live\/wp-content\/uploads\/2024\/10\/Bildschirmfoto-vom-2024-10-14-14-17-47.png\" data-object-fit=\"cover\" srcset=\"https:\/\/humus.live\/wp-content\/uploads\/2024\/10\/Bildschirmfoto-vom-2024-10-14-14-17-47.png 536w, https:\/\/humus.live\/wp-content\/uploads\/2024\/10\/Bildschirmfoto-vom-2024-10-14-14-17-47-300x296.png 300w\" sizes=\"auto, (max-width: 536px) 100vw, 536px\" \/><span aria-hidden=\"true\" class=\"wp-block-cover__background has-background-dim\" style=\"background-color:#d4b254\"><\/span><div class=\"wp-block-cover__inner-container is-layout-flow wp-block-cover-is-layout-flow\">\n<p class=\"has-text-align-center has-large-font-size wp-block-paragraph\"><mark style=\"background-color:rgba(0, 0, 0, 0)\" class=\"has-inline-color has-white-color\">Theories of Change<\/mark><\/p>\n<\/div><\/div>\n\n\n\n<p class=\"humus-cta wp-block-paragraph translation-block\">Theories of Change <a href=\"https:\/\/a9n8faflzw5.typeform.com\/to\/DQ2TagFP\" target=\"_self\">order the booklet<\/a> or <a href=\"mailto:theoriesofchange@riseup.net\" target=\"_self\">request a woorkshop<\/a><\/p>\n\n\n\n<h2 class=\"wp-block-heading\">Is there a basic recipe for social change?<\/h2>\n\n\n\n<p class=\"wp-block-paragraph\">The European climate (justice) movement is growing, becoming more diverse and stronger. What different approaches and strategies are there in the movement? What can various groups learn from each other? Where are the similarities, where are the differences? In which areas can we work well together and in which not? Is there a basic recipe for social change?<\/p>\n\n\n\n<p class=\"wp-block-paragraph\">The booklet offers readers a compact input on the topic of Theory of Change as well as eight interviews with activists from various climate (justice) groups in German-speaking countries. The aim of the publication is to bring together the voices and opinions of politically active people who would not normally meet and thus initiate a broader discourse on the topic of Theory of Change.<\/p>\n\n\n\n<div class=\"wp-block-columns is-layout-flex wp-container-core-columns-is-layout-8f761849 wp-block-columns-is-layout-flex\">\n<div class=\"wp-block-column is-layout-flow wp-block-column-is-layout-flow\">\n<figure class=\"wp-block-image size-full\"><img loading=\"lazy\" decoding=\"async\" width=\"536\" height=\"529\" src=\"https:\/\/humus.live\/wp-content\/uploads\/2024\/10\/Bildschirmfoto-vom-2024-10-14-14-17-39.png\" alt=\"\" class=\"wp-image-1918\" srcset=\"https:\/\/humus.live\/wp-content\/uploads\/2024\/10\/Bildschirmfoto-vom-2024-10-14-14-17-39.png 536w, https:\/\/humus.live\/wp-content\/uploads\/2024\/10\/Bildschirmfoto-vom-2024-10-14-14-17-39-300x296.png 300w\" sizes=\"auto, (max-width: 536px) 100vw, 536px\" \/><\/figure>\n<\/div>\n\n\n\n<div class=\"wp-block-column is-layout-flow wp-block-column-is-layout-flow\">\n<p class=\"wp-block-paragraph\">Theories of Change booklet, 144 pages<\/p>\n\n\n\n<p class=\"wp-block-paragraph\">4-part booklet: Introduction, theory section, interviews with various stakeholders in the climate justice movement, reflection questions and conclusion.<\/p>\n\n\n\n<div class=\"wp-block-buttons is-content-justification-left is-layout-flex wp-container-core-buttons-is-layout-63375db1 wp-block-buttons-is-layout-flex\">\n<div class=\"wp-block-button is-style-fill\"><a class=\"wp-block-button__link wp-element-button\" href=\"mailto:Hannah.Knust@gmx.de\" target=\"_blank\" rel=\"noreferrer noopener\">Order booklet<\/a><\/div>\n\n\n\n<div class=\"wp-block-button is-style-outline is-style-outline--1\"><a class=\"wp-block-button__link wp-element-button\" href=\"https:\/\/theoriesofchange.org\/\">Go to online version<\/a><\/div>\n<\/div>\n<\/div>\n<\/div>\n\n\n\n<p class=\"wp-block-paragraph\">The main part of this publication consists of interviews with activists from the climate justice movement. At the beginning of each interview, there is a short background text about the person's group. You will also find questions for discussion and reflection at the end of each interview. The idea behind the interviews is that people read them on their own, discuss them in their political groups after their own reflection and continue to think about the content together. However, they are also suitable for personal reflection or to inspire the formation of new political groups.<br><br>I contribute my personal opinions and deductions, particularly in the foreword and conclusion, as well as partly in the chapter on power.<\/p>\n\n\n\n<div class=\"wp-block-buttons is-content-justification-center is-layout-flex wp-container-core-buttons-is-layout-fe48e5de wp-block-buttons-is-layout-flex\">\n<div class=\"wp-block-button\"><a class=\"wp-block-button__link has-text-align-left wp-element-button\" href=\"https:\/\/systemchange-not-climatechange.at\/de\/redikal-11-theories-of-change\/\">Go to Podcast episode with redikal<\/a><\/div>\n<\/div>\n\n\n\n<div class=\"wp-block-group\"><div class=\"wp-block-group__inner-container is-layout-flow wp-block-group-is-layout-flow\">\n<div class=\"wp-block-columns is-layout-flex wp-container-core-columns-is-layout-8f761849 wp-block-columns-is-layout-flex\">\n<div class=\"wp-block-column is-layout-flow wp-block-column-is-layout-flow\">\n<figure class=\"wp-block-image size-full\"><img loading=\"lazy\" decoding=\"async\" width=\"536\" height=\"529\" src=\"https:\/\/humus.live\/wp-content\/uploads\/2024\/10\/Bildschirmfoto-vom-2024-10-14-14-17-30.png\" alt=\"\" class=\"wp-image-1920\" srcset=\"https:\/\/humus.live\/wp-content\/uploads\/2024\/10\/Bildschirmfoto-vom-2024-10-14-14-17-30.png 536w, https:\/\/humus.live\/wp-content\/uploads\/2024\/10\/Bildschirmfoto-vom-2024-10-14-14-17-30-300x296.png 300w\" sizes=\"auto, (max-width: 536px) 100vw, 536px\" \/><\/figure>\n<\/div>\n\n\n\n<div class=\"wp-block-column is-layout-flow wp-block-column-is-layout-flow\">\n<figure class=\"wp-block-image size-full\"><img loading=\"lazy\" decoding=\"async\" width=\"536\" height=\"529\" src=\"https:\/\/humus.live\/wp-content\/uploads\/2024\/10\/Bildschirmfoto-vom-2024-10-14-14-17-25.png\" alt=\"\" class=\"wp-image-1921\" srcset=\"https:\/\/humus.live\/wp-content\/uploads\/2024\/10\/Bildschirmfoto-vom-2024-10-14-14-17-25.png 536w, https:\/\/humus.live\/wp-content\/uploads\/2024\/10\/Bildschirmfoto-vom-2024-10-14-14-17-25-300x296.png 300w\" sizes=\"auto, (max-width: 536px) 100vw, 536px\" \/><\/figure>\n<\/div>\n<\/div>\n<\/div><\/div>","protected":false},"excerpt":{"rendered":"<p>Theories of Change Brosch\u00fcre bestellen oder Workshop anfragen Gibt es ein Grundrezept f\u00fcr den sozialen Wandel? Die europ\u00e4ische Klima(gerechtigkeits)bewegung w\u00e4chst, wird diverser und st\u00e4rker. Welche unterschiedlichen Herangehensweisen und Strategien gibt es in der Bewegung? Was k\u00f6nnen verschiedene Gruppen voneinander lernen? Wo liegen Gemeinsamkeiten, wo Unterschiede? In welchen Bereichen k\u00f6nnen wir gut zusammenarbeiten und in welchen [&hellip;]<\/p>\n","protected":false},"author":4,"featured_media":0,"parent":0,"menu_order":0,"comment_status":"closed","ping_status":"closed","template":"","meta":{"_crdt_document":"","footnotes":""},"class_list":["post-821","page","type-page","status-publish","hentry"],"yoast_head":"<!-- This site is optimized with the Yoast SEO plugin v27.4 - https:\/\/yoast.com\/product\/yoast-seo-wordpress\/ -->\n<title>Theories of Change - Humus<\/title>\n<meta name=\"robots\" content=\"index, follow, max-snippet:-1, max-image-preview:large, max-video-preview:-1\" \/>\n<link rel=\"canonical\" href=\"https:\/\/humus.live\/en\/theories-of-change\/\" \/>\n<meta property=\"og:locale\" content=\"en_GB\" \/>\n<meta property=\"og:type\" content=\"article\" \/>\n<meta property=\"og:title\" content=\"Theories of Change - Humus\" \/>\n<meta property=\"og:description\" content=\"Theories of Change Brosch\u00fcre bestellen oder Workshop anfragen Gibt es ein Grundrezept f\u00fcr den sozialen Wandel? Die europ\u00e4ische Klima(gerechtigkeits)bewegung w\u00e4chst, wird diverser und st\u00e4rker. Welche unterschiedlichen Herangehensweisen und Strategien gibt es in der Bewegung? Was k\u00f6nnen verschiedene Gruppen voneinander lernen? Wo liegen Gemeinsamkeiten, wo Unterschiede? In welchen Bereichen k\u00f6nnen wir gut zusammenarbeiten und in welchen [&hellip;]\" \/>\n<meta property=\"og:url\" content=\"https:\/\/humus.live\/en\/theories-of-change\/\" \/>\n<meta property=\"og:site_name\" content=\"Humus\" \/>\n<meta property=\"article:modified_time\" content=\"2026-03-11T10:53:05+00:00\" \/>\n<meta property=\"og:image\" content=\"https:\/\/humus.live\/wp-content\/uploads\/2024\/10\/Bildschirmfoto-vom-2024-10-14-14-17-47.png\" \/>\n<meta name=\"twitter:card\" content=\"summary_large_image\" \/>\n<meta name=\"twitter:label1\" content=\"Estimated reading time\" \/>\n\t<meta name=\"twitter:data1\" content=\"3 minutes\" \/>\n<script type=\"application\/ld+json\" class=\"yoast-schema-graph\">{\"@context\":\"https:\\\/\\\/schema.org\",\"@graph\":[{\"@type\":\"WebPage\",\"@id\":\"https:\\\/\\\/humus.live\\\/en\\\/theories-of-change\\\/\",\"url\":\"https:\\\/\\\/humus.live\\\/en\\\/theories-of-change\\\/\",\"name\":\"Theories of Change - Humus\",\"isPartOf\":{\"@id\":\"https:\\\/\\\/humus.live\\\/en\\\/#website\"},\"primaryImageOfPage\":{\"@id\":\"https:\\\/\\\/humus.live\\\/en\\\/theories-of-change\\\/#primaryimage\"},\"image\":{\"@id\":\"https:\\\/\\\/humus.live\\\/en\\\/theories-of-change\\\/#primaryimage\"},\"thumbnailUrl\":\"https:\\\/\\\/humus.live\\\/wp-content\\\/uploads\\\/2024\\\/10\\\/Bildschirmfoto-vom-2024-10-14-14-17-47.png\",\"datePublished\":\"2022-08-24T14:42:13+00:00\",\"dateModified\":\"2026-03-11T10:53:05+00:00\",\"breadcrumb\":{\"@id\":\"https:\\\/\\\/humus.live\\\/en\\\/theories-of-change\\\/#breadcrumb\"},\"inLanguage\":\"en-GB\",\"potentialAction\":[{\"@type\":\"ReadAction\",\"target\":[\"https:\\\/\\\/humus.live\\\/en\\\/theories-of-change\\\/\"]}]},{\"@type\":\"ImageObject\",\"inLanguage\":\"en-GB\",\"@id\":\"https:\\\/\\\/humus.live\\\/en\\\/theories-of-change\\\/#primaryimage\",\"url\":\"https:\\\/\\\/humus.live\\\/wp-content\\\/uploads\\\/2024\\\/10\\\/Bildschirmfoto-vom-2024-10-14-14-17-47.png\",\"contentUrl\":\"https:\\\/\\\/humus.live\\\/wp-content\\\/uploads\\\/2024\\\/10\\\/Bildschirmfoto-vom-2024-10-14-14-17-47.png\"},{\"@type\":\"BreadcrumbList\",\"@id\":\"https:\\\/\\\/humus.live\\\/en\\\/theories-of-change\\\/#breadcrumb\",\"itemListElement\":[{\"@type\":\"ListItem\",\"position\":1,\"name\":\"Startseite\",\"item\":\"https:\\\/\\\/humus.live\\\/category\\\/allgemein\\\/\"},{\"@type\":\"ListItem\",\"position\":2,\"name\":\"Theories of Change\"}]},{\"@type\":\"WebSite\",\"@id\":\"https:\\\/\\\/humus.live\\\/en\\\/#website\",\"url\":\"https:\\\/\\\/humus.live\\\/en\\\/\",\"name\":\"Humus. N\u00e4hrboden f\u00fcr Ver\u00e4nderung. Workshops f\u00fcr soziale Bewegungen.\",\"description\":\"N\u00e4hrboden f\u00fcr Ver\u00e4nderung\",\"publisher\":{\"@id\":\"https:\\\/\\\/humus.live\\\/en\\\/#organization\"},\"potentialAction\":[{\"@type\":\"SearchAction\",\"target\":{\"@type\":\"EntryPoint\",\"urlTemplate\":\"https:\\\/\\\/humus.live\\\/en\\\/?s={search_term_string}\"},\"query-input\":{\"@type\":\"PropertyValueSpecification\",\"valueRequired\":true,\"valueName\":\"search_term_string\"}}],\"inLanguage\":\"en-GB\"},{\"@type\":\"Organization\",\"@id\":\"https:\\\/\\\/humus.live\\\/en\\\/#organization\",\"name\":\"Humus\",\"alternateName\":\"N\u00e4hrboden f\u00fcr Ver\u00e4nderung\",\"url\":\"https:\\\/\\\/humus.live\\\/en\\\/\",\"logo\":{\"@type\":\"ImageObject\",\"inLanguage\":\"en-GB\",\"@id\":\"https:\\\/\\\/humus.live\\\/en\\\/#\\\/schema\\\/logo\\\/image\\\/\",\"url\":\"https:\\\/\\\/humus.live\\\/wp-content\\\/uploads\\\/2021\\\/01\\\/cropped-humus_hoch.png\",\"contentUrl\":\"https:\\\/\\\/humus.live\\\/wp-content\\\/uploads\\\/2021\\\/01\\\/cropped-humus_hoch.png\",\"width\":454,\"height\":403,\"caption\":\"Humus\"},\"image\":{\"@id\":\"https:\\\/\\\/humus.live\\\/en\\\/#\\\/schema\\\/logo\\\/image\\\/\"},\"sameAs\":[\"https:\\\/\\\/www.instagram.com\\\/humus.fuer.veraenderung\\\/\"]}]}<\/script>\n<!-- \/ Yoast SEO plugin. -->","yoast_head_json":{"title":"Theories of Change - Humus","robots":{"index":"index","follow":"follow","max-snippet":"max-snippet:-1","max-image-preview":"max-image-preview:large","max-video-preview":"max-video-preview:-1"},"canonical":"https:\/\/humus.live\/en\/theories-of-change\/","og_locale":"en_GB","og_type":"article","og_title":"Theories of Change - Humus","og_description":"Theories of Change Brosch\u00fcre bestellen oder Workshop anfragen Gibt es ein Grundrezept f\u00fcr den sozialen Wandel? Die europ\u00e4ische Klima(gerechtigkeits)bewegung w\u00e4chst, wird diverser und st\u00e4rker. Welche unterschiedlichen Herangehensweisen und Strategien gibt es in der Bewegung? Was k\u00f6nnen verschiedene Gruppen voneinander lernen? Wo liegen Gemeinsamkeiten, wo Unterschiede? In welchen Bereichen k\u00f6nnen wir gut zusammenarbeiten und in welchen [&hellip;]","og_url":"https:\/\/humus.live\/en\/theories-of-change\/","og_site_name":"Humus","article_modified_time":"2026-03-11T10:53:05+00:00","og_image":[{"url":"https:\/\/humus.live\/wp-content\/uploads\/2024\/10\/Bildschirmfoto-vom-2024-10-14-14-17-47.png","type":"","width":"","height":""}],"twitter_card":"summary_large_image","twitter_misc":{"Estimated reading time":"3 minutes"},"schema":{"@context":"https:\/\/schema.org","@graph":[{"@type":"WebPage","@id":"https:\/\/humus.live\/en\/theories-of-change\/","url":"https:\/\/humus.live\/en\/theories-of-change\/","name":"Theories of Change - Humus","isPartOf":{"@id":"https:\/\/humus.live\/en\/#website"},"primaryImageOfPage":{"@id":"https:\/\/humus.live\/en\/theories-of-change\/#primaryimage"},"image":{"@id":"https:\/\/humus.live\/en\/theories-of-change\/#primaryimage"},"thumbnailUrl":"https:\/\/humus.live\/wp-content\/uploads\/2024\/10\/Bildschirmfoto-vom-2024-10-14-14-17-47.png","datePublished":"2022-08-24T14:42:13+00:00","dateModified":"2026-03-11T10:53:05+00:00","breadcrumb":{"@id":"https:\/\/humus.live\/en\/theories-of-change\/#breadcrumb"},"inLanguage":"en-GB","potentialAction":[{"@type":"ReadAction","target":["https:\/\/humus.live\/en\/theories-of-change\/"]}]},{"@type":"ImageObject","inLanguage":"en-GB","@id":"https:\/\/humus.live\/en\/theories-of-change\/#primaryimage","url":"https:\/\/humus.live\/wp-content\/uploads\/2024\/10\/Bildschirmfoto-vom-2024-10-14-14-17-47.png","contentUrl":"https:\/\/humus.live\/wp-content\/uploads\/2024\/10\/Bildschirmfoto-vom-2024-10-14-14-17-47.png"},{"@type":"BreadcrumbList","@id":"https:\/\/humus.live\/en\/theories-of-change\/#breadcrumb","itemListElement":[{"@type":"ListItem","position":1,"name":"Startseite","item":"https:\/\/humus.live\/category\/allgemein\/"},{"@type":"ListItem","position":2,"name":"Theories of Change"}]},{"@type":"WebSite","@id":"https:\/\/humus.live\/en\/#website","url":"https:\/\/humus.live\/en\/","name":"Humus. N\u00e4hrboden f\u00fcr Ver\u00e4nderung. Workshops f\u00fcr soziale Bewegungen.","description":"Fertile Soil for Change","publisher":{"@id":"https:\/\/humus.live\/en\/#organization"},"potentialAction":[{"@type":"SearchAction","target":{"@type":"EntryPoint","urlTemplate":"https:\/\/humus.live\/en\/?s={search_term_string}"},"query-input":{"@type":"PropertyValueSpecification","valueRequired":true,"valueName":"search_term_string"}}],"inLanguage":"en-GB"},{"@type":"Organization","@id":"https:\/\/humus.live\/en\/#organization","name":"Humus","alternateName":"N\u00e4hrboden f\u00fcr Ver\u00e4nderung","url":"https:\/\/humus.live\/en\/","logo":{"@type":"ImageObject","inLanguage":"en-GB","@id":"https:\/\/humus.live\/en\/#\/schema\/logo\/image\/","url":"https:\/\/humus.live\/wp-content\/uploads\/2021\/01\/cropped-humus_hoch.png","contentUrl":"https:\/\/humus.live\/wp-content\/uploads\/2021\/01\/cropped-humus_hoch.png","width":454,"height":403,"caption":"Humus"},"image":{"@id":"https:\/\/humus.live\/en\/#\/schema\/logo\/image\/"},"sameAs":["https:\/\/www.instagram.com\/humus.fuer.veraenderung\/"]}]}},"_links":{"self":[{"href":"https:\/\/humus.live\/en\/wp-json\/wp\/v2\/pages\/821","targetHints":{"allow":["GET"]}}],"collection":[{"href":"https:\/\/humus.live\/en\/wp-json\/wp\/v2\/pages"}],"about":[{"href":"https:\/\/humus.live\/en\/wp-json\/wp\/v2\/types\/page"}],"author":[{"embeddable":true,"href":"https:\/\/humus.live\/en\/wp-json\/wp\/v2\/users\/4"}],"replies":[{"embeddable":true,"href":"https:\/\/humus.live\/en\/wp-json\/wp\/v2\/comments?post=821"}],"version-history":[{"count":34,"href":"https:\/\/humus.live\/en\/wp-json\/wp\/v2\/pages\/821\/revisions"}],"predecessor-version":[{"id":2446,"href":"https:\/\/humus.live\/en\/wp-json\/wp\/v2\/pages\/821\/revisions\/2446"}],"wp:attachment":[{"href":"https:\/\/humus.live\/en\/wp-json\/wp\/v2\/media?parent=821"}],"curies":[{"name":"wp","href":"https:\/\/api.w.org\/{rel}","templated":true}]}}