{"id":794,"date":"2022-04-06T17:42:29","date_gmt":"2022-04-06T15:42:29","guid":{"rendered":"https:\/\/humus.live\/?page_id=794"},"modified":"2026-01-02T15:36:43","modified_gmt":"2026-01-02T14:36:43","slug":"lets-grow","status":"publish","type":"page","link":"https:\/\/humus.live\/en\/lets-grow\/","title":{"rendered":"Let&#8217;s grow &#8211; Wochenende"},"content":{"rendered":"<h1 class=\"wp-block-heading\">Let&#8217;s Grow: Das Seminar f\u00fcr Menschen und Strukturen<\/h1>\n\n\n\n<h2 class=\"wp-block-heading\">Gruppen Struktur Wochenenden (Basisversion)<\/h2>\n\n\n\n<p class=\"wp-block-paragraph\">Wir bieten <strong>f\u00fcr Mitglieder bestehender Gruppen ein Wochenende an, an dem wir uns 2 wichtigen Aspekten der selbstorganisierten Arbeit widmen, die oft zu kurz kommen: <\/strong><\/p>\n\n\n\n<ul class=\"wp-block-list\">\n<li>Gruppendynamik &amp; zwischenmenschliche Beziehungen<\/li>\n\n\n\n<li>Strukturen &amp; Arbeitsteilung<\/li>\n<\/ul>\n\n\n\n<p class=\"wp-block-paragraph\">Wichtig ist uns dabei ein partizipatorischer und hierarchiesensibler Zugang. Wir arbeiten bei Let&#8217;s Grow mit bestehenden Gruppen, die Veranstaltung ist also nicht offen f\u00fcr Einzelpersonen. Wenn ihr m\u00f6chtet, k\u00f6nnt ihr aber gemeinsam mit einer zweiten Gruppe teilnehmen. Ob dann alle Aktiven kommen oder blo\u00df die Kerngruppe k\u00f6nnt ihr selbst entscheiden. Wir empfehlen, dass so viele wie m\u00f6glich dabei sind &#8211; was wiederum bei riesigen Gruppen schwieriger wird. Idealerweise sind wir 5 bis 25 Personen beim Let&#8217;s Grow Wochenende. <\/p>\n\n\n\n<p class=\"wp-block-paragraph\"><strong>Gemeinsam w\u00e4hlen wir vorab euren Fokus aus 2 &#8211; 4 dieser Module aus:<\/strong><\/p>\n\n\n\n<ul class=\"wp-block-list\">\n<li>Organisationsstrukturen und kollektive Entscheidungsfindung<\/li>\n\n\n\n<li>partizipative Strategieentwicklung und nachhaltig aktiv sein<\/li>\n\n\n\n<li>on boarding und Gruppendynamik<\/li>\n\n\n\n<li>Gruppenprozessarbeit, interne Kommunikation und Wissenstransfer<\/li>\n<\/ul>\n\n\n\n<p class=\"wp-block-paragraph\"><strong>Das solltet ihr mitbringen:<\/strong><\/p>\n\n\n\n<p class=\"wp-block-paragraph\">Let&#8217;s grow ist f\u00fcr euch gedacht, wenn <strong>zumindest einer der folgenden Punkte<\/strong> zutrifft:<\/p>\n\n\n\n<ul class=\"wp-block-list\">\n<li>ihr seid als feste Gruppe gemeinsam politisch aktiv (egal welcher Struktur)<\/li>\n\n\n\n<li>mindestens 5 Personen aus der Gruppe machen mit, idealerweise alle<\/li>\n\n\n\n<li>ihr wollt an euren zwischenmenschlichen Beziehungen arbeiten, damit euer politisches Handeln wieder\/noch mehr Spa\u00df macht<\/li>\n\n\n\n<li>ihr habt Interesse an klaren Strukturen, Aufgabenverteilung und Reflexion eurer Dynamiken<\/li>\n<\/ul>\n\n\n\n<h2 class=\"wp-block-heading\">Let&#8217;s Grow Together (Outdoor)<\/h2>\n\n\n\n<p class=\"wp-block-paragraph\">Beim neuen Format Let&#8217;s Grow Together steht die erlebnisorientierte Arbeit an euren Dynamiken, die Reflexion eurer Gruppenstruktur oder ein intensives Kennenlernen im Vordergrund. Wir nutzen daf\u00fcr nat\u00fcrliche Erfahrungsr\u00e4ume drau\u00dfen, auch wenn (oder gerade weil) das unkomfortabler, umst\u00e4ndlicher oder anstrengender sein kann. Prinzipiell ist ein Gruppenwochenende oder -Tag drau\u00dfen aber bei fast jedem Wetter m\u00f6glich. Bez\u00fcglich Gruppengr\u00f6\u00dfe und Voraussetzungen gelten die gleichen Bedingungen wie beim klassischen Let&#8217;s Grow-Wochenende.<\/p>\n\n\n\n<p class=\"wp-block-paragraph\"><strong>Warum nicht im Seminarraum?<\/strong><\/p>\n\n\n\n<ul class=\"wp-block-list\">\n<li>Naturr\u00e4ume bieten viel mehr Spielraum an Eindr\u00fccken, Materialien, Aktivit\u00e4ten<\/li>\n\n\n\n<li>Wir sprechen damit alle Sinne und eure K\u00f6pfe und K\u00f6rper gleicherma\u00dfen an<\/li>\n\n\n\n<li>Intensive \u00dcbungen erm\u00f6glichen tiefer in bestimmte Themen einzutauchen <\/li>\n<\/ul>\n\n\n\n<p class=\"wp-block-paragraph\"><strong>Variationen<\/strong><\/p>\n\n\n\n<ul class=\"wp-block-list\">\n<li>Die Outdoor-Variante kann 1 bis 4 Tage dauern<\/li>\n\n\n\n<li>Themen und Schwerpunkte werden gemeinsam vorab festgelegt<\/li>\n\n\n\n<li>M\u00f6glichkeiten sind: Kennenlernen &amp; Zusammenwachsen, Gemeinschaftsgef\u00fchl bzw. gemeinsame Vision st\u00e4rken, Dynamiken und Konflikte bearbeiten, Reflexion und Erdung, Pers\u00f6nlichkeitsbildung, Auszeit mit Spiel, Abenteuer oder ohne<\/li>\n<\/ul>","protected":false},"excerpt":{"rendered":"<p>Let&#8217;s Grow: Das Seminar f\u00fcr Menschen und Strukturen Gruppen Struktur Wochenenden (Basisversion) Wir bieten f\u00fcr Mitglieder bestehender Gruppen ein Wochenende an, an dem wir uns 2 wichtigen Aspekten der selbstorganisierten Arbeit widmen, die oft zu kurz kommen: Wichtig ist uns dabei ein partizipatorischer und hierarchiesensibler Zugang. Wir arbeiten bei Let&#8217;s Grow mit bestehenden Gruppen, die [&hellip;]<\/p>\n","protected":false},"author":2,"featured_media":0,"parent":0,"menu_order":0,"comment_status":"closed","ping_status":"closed","template":"","meta":{"_crdt_document":"","footnotes":""},"class_list":["post-794","page","type-page","status-publish","hentry"],"yoast_head":"<!-- This site is optimized with the Yoast SEO plugin v27.4 - https:\/\/yoast.com\/product\/yoast-seo-wordpress\/ -->\n<title>Let&#039;s grow - Wochenende - Humus<\/title>\n<meta name=\"description\" content=\"Let&#039;s grow-Seminare: intensive Begleitung f\u00fcr Gruppen, die an ihren Strukturen, Strategien oder internen Dynamiken arbeiten wollen.\" \/>\n<meta name=\"robots\" content=\"index, follow, max-snippet:-1, max-image-preview:large, max-video-preview:-1\" \/>\n<link rel=\"canonical\" href=\"https:\/\/humus.live\/en\/lets-grow\/\" \/>\n<meta property=\"og:locale\" content=\"en_GB\" \/>\n<meta property=\"og:type\" content=\"article\" \/>\n<meta property=\"og:title\" content=\"Let&#039;s grow - Wochenende - Humus\" \/>\n<meta property=\"og:description\" content=\"Let&#039;s grow-Seminare: intensive Begleitung f\u00fcr Gruppen, die an ihren Strukturen, Strategien oder internen Dynamiken arbeiten wollen.\" \/>\n<meta property=\"og:url\" content=\"https:\/\/humus.live\/en\/lets-grow\/\" \/>\n<meta property=\"og:site_name\" content=\"Humus\" \/>\n<meta property=\"article:modified_time\" content=\"2026-01-02T14:36:43+00:00\" \/>\n<meta name=\"twitter:card\" content=\"summary_large_image\" \/>\n<meta name=\"twitter:label1\" content=\"Estimated reading time\" \/>\n\t<meta name=\"twitter:data1\" content=\"2 minutes\" \/>\n<script type=\"application\/ld+json\" class=\"yoast-schema-graph\">{\"@context\":\"https:\\\/\\\/schema.org\",\"@graph\":[{\"@type\":\"WebPage\",\"@id\":\"https:\\\/\\\/humus.live\\\/en\\\/lets-grow\\\/\",\"url\":\"https:\\\/\\\/humus.live\\\/en\\\/lets-grow\\\/\",\"name\":\"Let's grow - Wochenende - Humus\",\"isPartOf\":{\"@id\":\"https:\\\/\\\/humus.live\\\/en\\\/#website\"},\"datePublished\":\"2022-04-06T15:42:29+00:00\",\"dateModified\":\"2026-01-02T14:36:43+00:00\",\"description\":\"Let's grow-Seminare: intensive Begleitung f\u00fcr Gruppen, die an ihren Strukturen, Strategien oder internen Dynamiken arbeiten wollen.\",\"breadcrumb\":{\"@id\":\"https:\\\/\\\/humus.live\\\/en\\\/lets-grow\\\/#breadcrumb\"},\"inLanguage\":\"en-GB\",\"potentialAction\":[{\"@type\":\"ReadAction\",\"target\":[\"https:\\\/\\\/humus.live\\\/en\\\/lets-grow\\\/\"]}]},{\"@type\":\"BreadcrumbList\",\"@id\":\"https:\\\/\\\/humus.live\\\/en\\\/lets-grow\\\/#breadcrumb\",\"itemListElement\":[{\"@type\":\"ListItem\",\"position\":1,\"name\":\"Startseite\",\"item\":\"https:\\\/\\\/humus.live\\\/category\\\/allgemein\\\/\"},{\"@type\":\"ListItem\",\"position\":2,\"name\":\"Let&#8217;s grow &#8211; Wochenende\"}]},{\"@type\":\"WebSite\",\"@id\":\"https:\\\/\\\/humus.live\\\/en\\\/#website\",\"url\":\"https:\\\/\\\/humus.live\\\/en\\\/\",\"name\":\"Humus. N\u00e4hrboden f\u00fcr Ver\u00e4nderung. Workshops f\u00fcr soziale Bewegungen.\",\"description\":\"N\u00e4hrboden f\u00fcr Ver\u00e4nderung\",\"publisher\":{\"@id\":\"https:\\\/\\\/humus.live\\\/en\\\/#organization\"},\"potentialAction\":[{\"@type\":\"SearchAction\",\"target\":{\"@type\":\"EntryPoint\",\"urlTemplate\":\"https:\\\/\\\/humus.live\\\/en\\\/?s={search_term_string}\"},\"query-input\":{\"@type\":\"PropertyValueSpecification\",\"valueRequired\":true,\"valueName\":\"search_term_string\"}}],\"inLanguage\":\"en-GB\"},{\"@type\":\"Organization\",\"@id\":\"https:\\\/\\\/humus.live\\\/en\\\/#organization\",\"name\":\"Humus\",\"alternateName\":\"N\u00e4hrboden f\u00fcr Ver\u00e4nderung\",\"url\":\"https:\\\/\\\/humus.live\\\/en\\\/\",\"logo\":{\"@type\":\"ImageObject\",\"inLanguage\":\"en-GB\",\"@id\":\"https:\\\/\\\/humus.live\\\/en\\\/#\\\/schema\\\/logo\\\/image\\\/\",\"url\":\"https:\\\/\\\/humus.live\\\/wp-content\\\/uploads\\\/2021\\\/01\\\/cropped-humus_hoch.png\",\"contentUrl\":\"https:\\\/\\\/humus.live\\\/wp-content\\\/uploads\\\/2021\\\/01\\\/cropped-humus_hoch.png\",\"width\":454,\"height\":403,\"caption\":\"Humus\"},\"image\":{\"@id\":\"https:\\\/\\\/humus.live\\\/en\\\/#\\\/schema\\\/logo\\\/image\\\/\"},\"sameAs\":[\"https:\\\/\\\/www.instagram.com\\\/humus.fuer.veraenderung\\\/\"]}]}<\/script>\n<!-- \/ Yoast SEO plugin. -->","yoast_head_json":{"title":"Let's grow - Wochenende - Humus","description":"Let's grow-Seminare: intensive Begleitung f\u00fcr Gruppen, die an ihren Strukturen, Strategien oder internen Dynamiken arbeiten wollen.","robots":{"index":"index","follow":"follow","max-snippet":"max-snippet:-1","max-image-preview":"max-image-preview:large","max-video-preview":"max-video-preview:-1"},"canonical":"https:\/\/humus.live\/en\/lets-grow\/","og_locale":"en_GB","og_type":"article","og_title":"Let's grow - Wochenende - Humus","og_description":"Let's grow-Seminare: intensive Begleitung f\u00fcr Gruppen, die an ihren Strukturen, Strategien oder internen Dynamiken arbeiten wollen.","og_url":"https:\/\/humus.live\/en\/lets-grow\/","og_site_name":"Humus","article_modified_time":"2026-01-02T14:36:43+00:00","twitter_card":"summary_large_image","twitter_misc":{"Estimated reading time":"2 minutes"},"schema":{"@context":"https:\/\/schema.org","@graph":[{"@type":"WebPage","@id":"https:\/\/humus.live\/en\/lets-grow\/","url":"https:\/\/humus.live\/en\/lets-grow\/","name":"Let's grow - Wochenende - Humus","isPartOf":{"@id":"https:\/\/humus.live\/en\/#website"},"datePublished":"2022-04-06T15:42:29+00:00","dateModified":"2026-01-02T14:36:43+00:00","description":"Let's grow-Seminare: intensive Begleitung f\u00fcr Gruppen, die an ihren Strukturen, Strategien oder internen Dynamiken arbeiten wollen.","breadcrumb":{"@id":"https:\/\/humus.live\/en\/lets-grow\/#breadcrumb"},"inLanguage":"en-GB","potentialAction":[{"@type":"ReadAction","target":["https:\/\/humus.live\/en\/lets-grow\/"]}]},{"@type":"BreadcrumbList","@id":"https:\/\/humus.live\/en\/lets-grow\/#breadcrumb","itemListElement":[{"@type":"ListItem","position":1,"name":"Startseite","item":"https:\/\/humus.live\/category\/allgemein\/"},{"@type":"ListItem","position":2,"name":"Let&#8217;s grow &#8211; Wochenende"}]},{"@type":"WebSite","@id":"https:\/\/humus.live\/en\/#website","url":"https:\/\/humus.live\/en\/","name":"Humus. N\u00e4hrboden f\u00fcr Ver\u00e4nderung. Workshops f\u00fcr soziale Bewegungen.","description":"Fertile Soil for Change","publisher":{"@id":"https:\/\/humus.live\/en\/#organization"},"potentialAction":[{"@type":"SearchAction","target":{"@type":"EntryPoint","urlTemplate":"https:\/\/humus.live\/en\/?s={search_term_string}"},"query-input":{"@type":"PropertyValueSpecification","valueRequired":true,"valueName":"search_term_string"}}],"inLanguage":"en-GB"},{"@type":"Organization","@id":"https:\/\/humus.live\/en\/#organization","name":"Humus","alternateName":"N\u00e4hrboden f\u00fcr Ver\u00e4nderung","url":"https:\/\/humus.live\/en\/","logo":{"@type":"ImageObject","inLanguage":"en-GB","@id":"https:\/\/humus.live\/en\/#\/schema\/logo\/image\/","url":"https:\/\/humus.live\/wp-content\/uploads\/2021\/01\/cropped-humus_hoch.png","contentUrl":"https:\/\/humus.live\/wp-content\/uploads\/2021\/01\/cropped-humus_hoch.png","width":454,"height":403,"caption":"Humus"},"image":{"@id":"https:\/\/humus.live\/en\/#\/schema\/logo\/image\/"},"sameAs":["https:\/\/www.instagram.com\/humus.fuer.veraenderung\/"]}]}},"_links":{"self":[{"href":"https:\/\/humus.live\/en\/wp-json\/wp\/v2\/pages\/794","targetHints":{"allow":["GET"]}}],"collection":[{"href":"https:\/\/humus.live\/en\/wp-json\/wp\/v2\/pages"}],"about":[{"href":"https:\/\/humus.live\/en\/wp-json\/wp\/v2\/types\/page"}],"author":[{"embeddable":true,"href":"https:\/\/humus.live\/en\/wp-json\/wp\/v2\/users\/2"}],"replies":[{"embeddable":true,"href":"https:\/\/humus.live\/en\/wp-json\/wp\/v2\/comments?post=794"}],"version-history":[{"count":12,"href":"https:\/\/humus.live\/en\/wp-json\/wp\/v2\/pages\/794\/revisions"}],"predecessor-version":[{"id":2430,"href":"https:\/\/humus.live\/en\/wp-json\/wp\/v2\/pages\/794\/revisions\/2430"}],"wp:attachment":[{"href":"https:\/\/humus.live\/en\/wp-json\/wp\/v2\/media?parent=794"}],"curies":[{"name":"wp","href":"https:\/\/api.w.org\/{rel}","templated":true}]}}