{"id":737,"date":"2021-12-07T09:33:28","date_gmt":"2021-12-07T08:33:28","guid":{"rendered":"https:\/\/humus.live\/?page_id=737"},"modified":"2022-03-09T18:53:51","modified_gmt":"2022-03-09T17:53:51","slug":"humus-basiskurs-startseite","status":"publish","type":"page","link":"https:\/\/humus.live\/en\/humus-basiskurs-startseite\/","title":{"rendered":"Humus Basiskurs &#8211; Startseite"},"content":{"rendered":"<h1 class=\"has-text-align-center wp-block-heading\">Der Basiskurs f\u00fcr selbstorganisierte Politarbeit<\/h1>\n\n\n<h2 class=\"has-text-align-center wp-block-heading\"><strong>Die Grundlagen wichtiger Werkzuge f\u00fcr politische und soziale Organisationen in 5 &#8211; 8 Modulen.<\/strong><\/h2>\n\n\n<h3 class=\"wp-block-heading\">Was ist das?<\/h3>\n\n\n<p class=\"wp-block-paragraph\">Der Humus Basiskurs vermittelt die Grundlagen wichtiger Handwerkszeuge f\u00fcr politischen Aktivismus oder basisdemokratische Organisierung. Er ist durchlaufender Kurs, in dem <strong>eine konstante Gruppe<\/strong> von 15 \u2013 25 Menschen in mehreren Modulen zu unterschiedlichen Aspekten der selbstverwalteten Organisation arbeiten. Cirka alle 2 Wochen findet ein <strong>1,5 t\u00e4giger, interaktiver Kurstag<\/strong> statt. Dazwischen gibt es kleine Aufgaben, die den Transfer in die Praxis unterst\u00fctzen und eine individuelle Vertiefung erm\u00f6glichen. Nicht alle Teilnehmer:innen m\u00fcssen alle Module besuchen. Konstante <strong>Kleingruppen<\/strong> schaffen einen vertrauensvollen Rahmen f\u00fcr intensiveren Austausch und Unterst\u00fctzung. Optionale <strong>Vertiefungsr\u00e4ume<\/strong> bieten Gelegenheiten, das Gelernte zu reflektieren und Erfahrungen aus der Praxis auszutauschen.<\/p>\n\n\n<h3 class=\"wp-block-heading\">Okay, und wann startet der n\u00e4chste Durchgang?<\/h3>\n\n\n<p class=\"has-text-color wp-block-paragraph\" style=\"color:#a53222\"><strong>Derzeit ist kein weiterer Durchgang geplant.<\/strong> Einzelne Module k\u00f6nnen als Workshops gebucht werden (siehe &#8222;Bildung&#8220; im Men\u00fc). Schreib uns bei Interesse ein e-Mail an info\/at\/humus.live. Alternativ kannst du <strong>mit deiner Gruppe<\/strong> das Angebot &#8222;let&#8217;s grow&#8220; buchen, wenn es etwas ma\u00dfgeschneidertes sein soll.<\/p>\n\n\n<hr class=\"wp-block-separator\"\/>\n\n\n<h3 class=\"wp-block-heading\">Einblicke von den ersten Durchg\u00e4ngen:<\/h3>\n\n\n<p class=\"wp-block-paragraph\">Hier die <strong>Modul-\u00dcbersicht<\/strong> des zweiten Durchgangs (der erste war komplett online).<br>Regul\u00e4re Module beginnen jeweils am <strong>Freitag Abend und dauern ganzen Samstag.<\/strong> Ausnahmen sind Tipping Points und der Auftakt: <\/p>\n\n<div class=\"wp-block-image\">\n<figure class=\"aligncenter size-full is-resized\"><a href=\"https:\/\/humus.live\/wp-content\/uploads\/2021\/09\/Humus-Basiskurs-fu?r-Selbstorganisation-Modulu?bersicht-Sheet1.pdf\"><img loading=\"lazy\" decoding=\"async\" src=\"https:\/\/humus.live\/wp-content\/uploads\/2021\/09\/Screen-Shot-2021-09-23-at-18.18.32.png\" alt=\"\" class=\"wp-image-671\" width=\"428\" height=\"381\"\/><\/a><figcaption><a href=\"https:\/\/humus.live\/wp-content\/uploads\/2021\/09\/Humus-Basiskurs-fu?r-Selbstorganisation-Modulu?bersicht-Sheet1.pdf\" target=\"_blank\" rel=\"noreferrer noopener\">\u00dcbersicht als PDF runterladen<\/a><\/figcaption><\/figure>\n<\/div>\n\n<p class=\"wp-block-paragraph\">Unterlagen mit Detailinfos (derzeit nicht verf\u00fcgbar) <\/p>\n\n\n<ul class=\"wp-block-list\"><li><a href=\"https:\/\/humus.live\/en\/humus-basiskurs-wie\/#wichtig\">Das Wichtigste auf einen Blick<\/a><\/li><li><a href=\"https:\/\/humus.live\/en\/humus-basiskurs-fuer-mich\/\">F\u00fcr WEN? Ist der Basiskurs das Richtige f\u00fcr mich?<\/a><\/li><li><a href=\"https:\/\/humus.live\/en\/humus-basiskurs-module\/\">WELCHE Themen werden in den Modulen behandelt und WANN sind Kurszeiten?<\/a><\/li><li><a href=\"https:\/\/humus.live\/en\/humus-basiskurs-wie\/\">WIE l\u00e4uft das ab, wenn ich mitmachen will? &#8211; Fristen und Preise<\/a><\/li><\/ul>\n\n\n<p class=\"wp-block-paragraph\"><\/p>\n\n\n<div class=\"wp-block-columns is-layout-flex wp-container-core-columns-is-layout-8f761849 wp-block-columns-is-layout-flex\">\n<div class=\"wp-block-column is-layout-flow wp-block-column-is-layout-flow\">\n<figure class=\"wp-block-image size-medium is-resized\"><img loading=\"lazy\" decoding=\"async\" src=\"https:\/\/humus.live\/wp-content\/uploads\/2021\/02\/HumusBasiskurs-300x300.jpg\" alt=\"\" class=\"wp-image-317\" width=\"600\" height=\"600\" srcset=\"https:\/\/humus.live\/wp-content\/uploads\/2021\/02\/HumusBasiskurs-300x300.jpg 300w, https:\/\/humus.live\/wp-content\/uploads\/2021\/02\/HumusBasiskurs-1024x1024.jpg 1024w, https:\/\/humus.live\/wp-content\/uploads\/2021\/02\/HumusBasiskurs-150x150.jpg 150w, https:\/\/humus.live\/wp-content\/uploads\/2021\/02\/HumusBasiskurs-768x768.jpg 768w, https:\/\/humus.live\/wp-content\/uploads\/2021\/02\/HumusBasiskurs-1536x1536.jpg 1536w, https:\/\/humus.live\/wp-content\/uploads\/2021\/02\/HumusBasiskurs.jpg 1772w\" sizes=\"auto, (max-width: 600px) 100vw, 600px\" \/><\/figure>\n<\/div>\n<\/div>","protected":false},"excerpt":{"rendered":"<p>Der Basiskurs f\u00fcr selbstorganisierte Politarbeit Die Grundlagen wichtiger Werkzuge f\u00fcr politische und soziale Organisationen in 5 &#8211; 8 Modulen. Was ist das? Der Humus Basiskurs vermittelt die Grundlagen wichtiger Handwerkszeuge f\u00fcr politischen Aktivismus oder basisdemokratische Organisierung. Er ist durchlaufender Kurs, in dem eine konstante Gruppe von 15 \u2013 25 Menschen in mehreren Modulen zu unterschiedlichen [&hellip;]<\/p>\n","protected":false},"author":2,"featured_media":0,"parent":0,"menu_order":0,"comment_status":"closed","ping_status":"closed","template":"","meta":{"_crdt_document":"","footnotes":""},"class_list":["post-737","page","type-page","status-publish","hentry"],"yoast_head":"<!-- This site is optimized with the Yoast SEO plugin v27.4 - https:\/\/yoast.com\/product\/yoast-seo-wordpress\/ -->\n<title>Humus Basiskurs - Startseite - Humus<\/title>\n<meta name=\"robots\" content=\"index, follow, max-snippet:-1, max-image-preview:large, max-video-preview:-1\" \/>\n<link rel=\"canonical\" href=\"https:\/\/humus.live\/en\/humus-basiskurs-startseite\/\" \/>\n<meta property=\"og:locale\" content=\"en_GB\" \/>\n<meta property=\"og:type\" content=\"article\" \/>\n<meta property=\"og:title\" content=\"Humus Basiskurs - Startseite - Humus\" \/>\n<meta property=\"og:description\" content=\"Der Basiskurs f\u00fcr selbstorganisierte Politarbeit Die Grundlagen wichtiger Werkzuge f\u00fcr politische und soziale Organisationen in 5 &#8211; 8 Modulen. Was ist das? Der Humus Basiskurs vermittelt die Grundlagen wichtiger Handwerkszeuge f\u00fcr politischen Aktivismus oder basisdemokratische Organisierung. Er ist durchlaufender Kurs, in dem eine konstante Gruppe von 15 \u2013 25 Menschen in mehreren Modulen zu unterschiedlichen [&hellip;]\" \/>\n<meta property=\"og:url\" content=\"https:\/\/humus.live\/en\/humus-basiskurs-startseite\/\" \/>\n<meta property=\"og:site_name\" content=\"Humus\" \/>\n<meta property=\"article:modified_time\" content=\"2022-03-09T17:53:51+00:00\" \/>\n<meta property=\"og:image\" content=\"https:\/\/humus.live\/wp-content\/uploads\/2021\/09\/Screen-Shot-2021-09-23-at-18.18.32.png\" \/>\n<meta name=\"twitter:card\" content=\"summary_large_image\" \/>\n<meta name=\"twitter:label1\" content=\"Estimated reading time\" \/>\n\t<meta name=\"twitter:data1\" content=\"2 minutes\" \/>\n<script type=\"application\/ld+json\" class=\"yoast-schema-graph\">{\"@context\":\"https:\\\/\\\/schema.org\",\"@graph\":[{\"@type\":\"WebPage\",\"@id\":\"https:\\\/\\\/humus.live\\\/en\\\/humus-basiskurs-startseite\\\/\",\"url\":\"https:\\\/\\\/humus.live\\\/en\\\/humus-basiskurs-startseite\\\/\",\"name\":\"Humus Basiskurs - Startseite - Humus\",\"isPartOf\":{\"@id\":\"https:\\\/\\\/humus.live\\\/en\\\/#website\"},\"primaryImageOfPage\":{\"@id\":\"https:\\\/\\\/humus.live\\\/en\\\/humus-basiskurs-startseite\\\/#primaryimage\"},\"image\":{\"@id\":\"https:\\\/\\\/humus.live\\\/en\\\/humus-basiskurs-startseite\\\/#primaryimage\"},\"thumbnailUrl\":\"https:\\\/\\\/humus.live\\\/wp-content\\\/uploads\\\/2021\\\/09\\\/Screen-Shot-2021-09-23-at-18.18.32.png\",\"datePublished\":\"2021-12-07T08:33:28+00:00\",\"dateModified\":\"2022-03-09T17:53:51+00:00\",\"breadcrumb\":{\"@id\":\"https:\\\/\\\/humus.live\\\/en\\\/humus-basiskurs-startseite\\\/#breadcrumb\"},\"inLanguage\":\"en-GB\",\"potentialAction\":[{\"@type\":\"ReadAction\",\"target\":[\"https:\\\/\\\/humus.live\\\/en\\\/humus-basiskurs-startseite\\\/\"]}]},{\"@type\":\"ImageObject\",\"inLanguage\":\"en-GB\",\"@id\":\"https:\\\/\\\/humus.live\\\/en\\\/humus-basiskurs-startseite\\\/#primaryimage\",\"url\":\"https:\\\/\\\/humus.live\\\/wp-content\\\/uploads\\\/2021\\\/09\\\/Screen-Shot-2021-09-23-at-18.18.32.png\",\"contentUrl\":\"https:\\\/\\\/humus.live\\\/wp-content\\\/uploads\\\/2021\\\/09\\\/Screen-Shot-2021-09-23-at-18.18.32.png\"},{\"@type\":\"BreadcrumbList\",\"@id\":\"https:\\\/\\\/humus.live\\\/en\\\/humus-basiskurs-startseite\\\/#breadcrumb\",\"itemListElement\":[{\"@type\":\"ListItem\",\"position\":1,\"name\":\"Startseite\",\"item\":\"https:\\\/\\\/humus.live\\\/category\\\/allgemein\\\/\"},{\"@type\":\"ListItem\",\"position\":2,\"name\":\"Humus Basiskurs &#8211; Startseite\"}]},{\"@type\":\"WebSite\",\"@id\":\"https:\\\/\\\/humus.live\\\/en\\\/#website\",\"url\":\"https:\\\/\\\/humus.live\\\/en\\\/\",\"name\":\"Humus. N\u00e4hrboden f\u00fcr Ver\u00e4nderung. Workshops f\u00fcr soziale Bewegungen.\",\"description\":\"N\u00e4hrboden f\u00fcr Ver\u00e4nderung\",\"publisher\":{\"@id\":\"https:\\\/\\\/humus.live\\\/en\\\/#organization\"},\"potentialAction\":[{\"@type\":\"SearchAction\",\"target\":{\"@type\":\"EntryPoint\",\"urlTemplate\":\"https:\\\/\\\/humus.live\\\/en\\\/?s={search_term_string}\"},\"query-input\":{\"@type\":\"PropertyValueSpecification\",\"valueRequired\":true,\"valueName\":\"search_term_string\"}}],\"inLanguage\":\"en-GB\"},{\"@type\":\"Organization\",\"@id\":\"https:\\\/\\\/humus.live\\\/en\\\/#organization\",\"name\":\"Humus\",\"alternateName\":\"N\u00e4hrboden f\u00fcr Ver\u00e4nderung\",\"url\":\"https:\\\/\\\/humus.live\\\/en\\\/\",\"logo\":{\"@type\":\"ImageObject\",\"inLanguage\":\"en-GB\",\"@id\":\"https:\\\/\\\/humus.live\\\/en\\\/#\\\/schema\\\/logo\\\/image\\\/\",\"url\":\"https:\\\/\\\/humus.live\\\/wp-content\\\/uploads\\\/2021\\\/01\\\/cropped-humus_hoch.png\",\"contentUrl\":\"https:\\\/\\\/humus.live\\\/wp-content\\\/uploads\\\/2021\\\/01\\\/cropped-humus_hoch.png\",\"width\":454,\"height\":403,\"caption\":\"Humus\"},\"image\":{\"@id\":\"https:\\\/\\\/humus.live\\\/en\\\/#\\\/schema\\\/logo\\\/image\\\/\"},\"sameAs\":[\"https:\\\/\\\/www.instagram.com\\\/humus.fuer.veraenderung\\\/\"]}]}<\/script>\n<!-- \/ Yoast SEO plugin. -->","yoast_head_json":{"title":"Humus Basiskurs - Startseite - Humus","robots":{"index":"index","follow":"follow","max-snippet":"max-snippet:-1","max-image-preview":"max-image-preview:large","max-video-preview":"max-video-preview:-1"},"canonical":"https:\/\/humus.live\/en\/humus-basiskurs-startseite\/","og_locale":"en_GB","og_type":"article","og_title":"Humus Basiskurs - Startseite - Humus","og_description":"Der Basiskurs f\u00fcr selbstorganisierte Politarbeit Die Grundlagen wichtiger Werkzuge f\u00fcr politische und soziale Organisationen in 5 &#8211; 8 Modulen. Was ist das? Der Humus Basiskurs vermittelt die Grundlagen wichtiger Handwerkszeuge f\u00fcr politischen Aktivismus oder basisdemokratische Organisierung. Er ist durchlaufender Kurs, in dem eine konstante Gruppe von 15 \u2013 25 Menschen in mehreren Modulen zu unterschiedlichen [&hellip;]","og_url":"https:\/\/humus.live\/en\/humus-basiskurs-startseite\/","og_site_name":"Humus","article_modified_time":"2022-03-09T17:53:51+00:00","og_image":[{"url":"https:\/\/humus.live\/wp-content\/uploads\/2021\/09\/Screen-Shot-2021-09-23-at-18.18.32.png","type":"","width":"","height":""}],"twitter_card":"summary_large_image","twitter_misc":{"Estimated reading time":"2 minutes"},"schema":{"@context":"https:\/\/schema.org","@graph":[{"@type":"WebPage","@id":"https:\/\/humus.live\/en\/humus-basiskurs-startseite\/","url":"https:\/\/humus.live\/en\/humus-basiskurs-startseite\/","name":"Humus Basiskurs - Startseite - Humus","isPartOf":{"@id":"https:\/\/humus.live\/en\/#website"},"primaryImageOfPage":{"@id":"https:\/\/humus.live\/en\/humus-basiskurs-startseite\/#primaryimage"},"image":{"@id":"https:\/\/humus.live\/en\/humus-basiskurs-startseite\/#primaryimage"},"thumbnailUrl":"https:\/\/humus.live\/wp-content\/uploads\/2021\/09\/Screen-Shot-2021-09-23-at-18.18.32.png","datePublished":"2021-12-07T08:33:28+00:00","dateModified":"2022-03-09T17:53:51+00:00","breadcrumb":{"@id":"https:\/\/humus.live\/en\/humus-basiskurs-startseite\/#breadcrumb"},"inLanguage":"en-GB","potentialAction":[{"@type":"ReadAction","target":["https:\/\/humus.live\/en\/humus-basiskurs-startseite\/"]}]},{"@type":"ImageObject","inLanguage":"en-GB","@id":"https:\/\/humus.live\/en\/humus-basiskurs-startseite\/#primaryimage","url":"https:\/\/humus.live\/wp-content\/uploads\/2021\/09\/Screen-Shot-2021-09-23-at-18.18.32.png","contentUrl":"https:\/\/humus.live\/wp-content\/uploads\/2021\/09\/Screen-Shot-2021-09-23-at-18.18.32.png"},{"@type":"BreadcrumbList","@id":"https:\/\/humus.live\/en\/humus-basiskurs-startseite\/#breadcrumb","itemListElement":[{"@type":"ListItem","position":1,"name":"Startseite","item":"https:\/\/humus.live\/category\/allgemein\/"},{"@type":"ListItem","position":2,"name":"Humus Basiskurs &#8211; Startseite"}]},{"@type":"WebSite","@id":"https:\/\/humus.live\/en\/#website","url":"https:\/\/humus.live\/en\/","name":"Humus. N\u00e4hrboden f\u00fcr Ver\u00e4nderung. Workshops f\u00fcr soziale Bewegungen.","description":"Fertile Soil for Change","publisher":{"@id":"https:\/\/humus.live\/en\/#organization"},"potentialAction":[{"@type":"SearchAction","target":{"@type":"EntryPoint","urlTemplate":"https:\/\/humus.live\/en\/?s={search_term_string}"},"query-input":{"@type":"PropertyValueSpecification","valueRequired":true,"valueName":"search_term_string"}}],"inLanguage":"en-GB"},{"@type":"Organization","@id":"https:\/\/humus.live\/en\/#organization","name":"Humus","alternateName":"N\u00e4hrboden f\u00fcr Ver\u00e4nderung","url":"https:\/\/humus.live\/en\/","logo":{"@type":"ImageObject","inLanguage":"en-GB","@id":"https:\/\/humus.live\/en\/#\/schema\/logo\/image\/","url":"https:\/\/humus.live\/wp-content\/uploads\/2021\/01\/cropped-humus_hoch.png","contentUrl":"https:\/\/humus.live\/wp-content\/uploads\/2021\/01\/cropped-humus_hoch.png","width":454,"height":403,"caption":"Humus"},"image":{"@id":"https:\/\/humus.live\/en\/#\/schema\/logo\/image\/"},"sameAs":["https:\/\/www.instagram.com\/humus.fuer.veraenderung\/"]}]}},"_links":{"self":[{"href":"https:\/\/humus.live\/en\/wp-json\/wp\/v2\/pages\/737","targetHints":{"allow":["GET"]}}],"collection":[{"href":"https:\/\/humus.live\/en\/wp-json\/wp\/v2\/pages"}],"about":[{"href":"https:\/\/humus.live\/en\/wp-json\/wp\/v2\/types\/page"}],"author":[{"embeddable":true,"href":"https:\/\/humus.live\/en\/wp-json\/wp\/v2\/users\/2"}],"replies":[{"embeddable":true,"href":"https:\/\/humus.live\/en\/wp-json\/wp\/v2\/comments?post=737"}],"version-history":[{"count":2,"href":"https:\/\/humus.live\/en\/wp-json\/wp\/v2\/pages\/737\/revisions"}],"predecessor-version":[{"id":790,"href":"https:\/\/humus.live\/en\/wp-json\/wp\/v2\/pages\/737\/revisions\/790"}],"wp:attachment":[{"href":"https:\/\/humus.live\/en\/wp-json\/wp\/v2\/media?parent=737"}],"curies":[{"name":"wp","href":"https:\/\/api.w.org\/{rel}","templated":true}]}}