{"id":693,"date":"2021-11-22T16:50:26","date_gmt":"2021-11-22T15:50:26","guid":{"rendered":"https:\/\/humus.live\/?page_id=693"},"modified":"2026-01-02T15:19:32","modified_gmt":"2026-01-02T14:19:32","slug":"retreat","status":"publish","type":"page","link":"https:\/\/humus.live\/en\/retreat\/","title":{"rendered":"Gruppenretreat"},"content":{"rendered":"<h2 class=\"wp-block-heading\" id=\"lobau-bleibt-bleibt-aktiv\">(Bezugs)Gruppenretreats<\/h2>\n\n\n\n<h3 class=\"wp-block-heading\" id=\"regeneratives-aktivismus-retreat-fur-aktivist-innen-anfragen\"><strong>Regeneratives Aktivismus-Retreat f\u00fcr Aktivist:innen anfragen!<\/strong><\/h3>\n\n\n\n<p class=\"wp-block-paragraph\"><strong>What?<\/strong><br>Nach Monaten oder Jahren aktivistischer Arbeit k\u00f6nnen einem schon langsam die Kr\u00e4fte ausgehen. Selbst wenn einzelne K\u00e4mpfe oder Kampagnen gewonnen sind, ist der Struggle der Bewegung nicht vor\u00fcber. Daher &#8211; ob du dich ersch\u00f6pft f\u00fchlst oder voller Energie &#8211; achten wir gemeinsam auf Nachhaltigkeit im Aktivismus! Entfalten wir unser Potential, statt es langfristig zu untergraben.<\/p>\n\n\n\n<p class=\"wp-block-paragraph\"><strong>Wie, Wann?<\/strong><br>Unser begehrtes Retreat (ein Wochenende Durchschnaufen und Energie tanken) kannst du jetzt einfach buchen, wenn Bedarf besteht! Wir werden keinen Termin einseitige festsetzen und Menschen einladen, sondern ihr k\u00f6nnt euch in eurer Bezugsgruppe oder im Plenum besprechen, schauen, wer fix mitkommt, einen Termin (oder 2) ausmachen und uns dann anfragen. Wir k\u00fcmmen uns dann um die Orga, Programm, Location, etc. Schreib uns einfach an info@humus.live mit Terminvorschl\u00e4gen und falls vorhanden Programm\/Schwerpunkt-W\u00fcnschen!<\/p>\n\n\n\n<h3 class=\"wp-block-heading\" id=\"das-konzept\">Das Konzept<\/h3>\n\n\n\n<p class=\"wp-block-paragraph\">Grob gesagt gibt es 3 verschiedene Arten von Programmpunkten an so einem Wochenende und alles davon ist optional! Auch einfach nur entspannen und eine feine Zeit haben ist schon ein ausreichendes Programm! \ud83d\ude42 <\/p>\n\n\n\n<p class=\"wp-block-paragraph\">Die 3 Angebote sind: <\/p>\n\n\n\n<ul class=\"wp-block-list\">\n<li>Workshops zu Self Care, Awareness und Resilienz: einer am Vormittag und einer am Nachmittag m\u00f6glich<\/li>\n\n\n\n<li>Du kannst aber auch einfach chillen, lesen, basteln, malen, wandern oder was dir gut tut!<\/li>\n\n\n\n<li>Es wird auch ein Angebot f\u00fcr individuelles Coaching geben, sowie zus\u00e4tzliche Yoga oder Meditations-Sessions. <\/li>\n<\/ul>\n\n\n\n<p class=\"wp-block-paragraph\">Wenn du selbst noch was einbringen magst, gerne! Egal ob Filmabend, Spieleabend, Wanderung oder B\u00fccher vorlesen &#8230;. \u00dcber Details zum Programm werden wir gemeinsam entscheiden. Hier siehst du das Programm vom letzten Mal, zur Illustration: <\/p>\n\n\n\n<h3 class=\"wp-block-heading\" id=\"details-dazu\">Details dazu:<\/h3>\n\n\n\n<ul class=\"wp-block-list\">\n<li><strong>Am besten <\/strong>funktionierts, wenn alle einigerma\u00dfen gleich lang da sind. Aber das muss nicht zwingend sein. Insgesamt 4 Tage (Donnerstag Abend Anreise, bis Sonntag Nachmittag) haben sich bisher gut bew\u00e4hrt<\/li>\n\n\n\n<li><strong>Geld soll kein Hindernis sein.<\/strong> Es entstehen zwar kosten und wir k\u00e4mpfen immer wieder damit, die zu decken, daher freuen wir uns immer \u00fcber Spenden und Beitr\u00e4ge von denen, die es sich leisten k\u00f6nnen. Unterkunft, Essen, Programm und falls notwendig auch eine Fahrtkostenr\u00fcckerstattung sind da nat\u00fcrlich inbegriffen. F\u00fcr die, die grad kein Geld daf\u00fcr ausgeben k\u00f6nnen oder wollen, ist es aber auch m\u00f6glich. Und viele sind vielleicht so irgendwo dazwischen und geben, was grad halt gut geht. \ud83d\ude42 <\/li>\n\n\n\n<li><strong>Planungssicherheit und Fristen: <\/strong>Normalerweise brauchen unsere Locations zumindest 1 Monat Vorlaufzeit (je nach dem wie begehrt die halt sind). Kurzfristiger probieren k\u00f6nnen wirs nat\u00fcrlich immer, aber das Wichtigere ist, dass es zumindest dann ca. 1 Woche vorher nicht mehr zu viele Absagen und \u00c4nderungen kommt.<\/li>\n\n\n\n<li><strong>Bez\u00fcgich (Infektions-)Krankheiten<\/strong> versuchen wir einen m\u00f6glichst sicheren Raum zu schaffen. Daf\u00fcr gibt einige Grundregeln und wir besprechen, ob ihr speziellere Bed\u00fcrfnisse habt. <\/li>\n<\/ul>\n\n\n\n<h3 class=\"wp-block-heading\" id=\"der-rest\">Der Rest:<\/h3>\n\n\n\n<p class=\"wp-block-paragraph\">Wenn du das cool findest und uns in unserer Arbeit unterst\u00fctzen willst, kannst du das gerne tun &#8211; denn ohne support, kann auch Humus nicht weiter wachsen&#8230; <\/p>\n\n\n\n<ul class=\"wp-block-list\">\n<li>richtig gold wert: Bitte erz\u00e4hl Anderen von unserem Angebot<\/li>\n\n\n\n<li>Wir empfehlen auf w\u00e4rmstens Workshops bei Tipping Points. Dort gibt es meist auch Angebote zu nachhaligem Aktivismus. <a href=\"https:\/\/tippingpoints.life\/newsletter\/\" target=\"_blank\" rel=\"noreferrer noopener\">Here<\/a> kannst du dich informieren.<\/li>\n<\/ul>\n\n\n\n<div class=\"wp-block-buttons is-horizontal is-content-justification-center is-layout-flex wp-container-core-buttons-is-layout-7d812b4c wp-block-buttons-is-layout-flex\"><\/div>\n\n\n\n<figure class=\"wp-block-pullquote\"><blockquote><p>Bei aller Dinglichkeit, die so eine Besetzung mit sich bringt, vergesst nicht: Sozialer, politischer Wandel ist ein Marathon, kein Sprint; das Private ist Politisch und Selfcare ist keine Schw\u00e4che!<\/p><\/blockquote><\/figure>","protected":false},"excerpt":{"rendered":"<p>(Bezugs)Gruppenretreats Regeneratives Aktivismus-Retreat f\u00fcr Aktivist:innen anfragen! Was?Nach Monaten oder Jahren aktivistischer Arbeit k\u00f6nnen einem schon langsam die Kr\u00e4fte ausgehen. Selbst wenn einzelne K\u00e4mpfe oder Kampagnen gewonnen sind, ist der Struggle der Bewegung nicht vor\u00fcber. Daher &#8211; ob du dich ersch\u00f6pft f\u00fchlst oder voller Energie &#8211; achten wir gemeinsam auf Nachhaltigkeit im Aktivismus! Entfalten wir unser [&hellip;]<\/p>\n","protected":false},"author":2,"featured_media":0,"parent":0,"menu_order":0,"comment_status":"closed","ping_status":"closed","template":"","meta":{"_crdt_document":"","footnotes":""},"class_list":["post-693","page","type-page","status-publish","hentry"],"yoast_head":"<!-- This site is optimized with the Yoast SEO plugin v27.4 - https:\/\/yoast.com\/product\/yoast-seo-wordpress\/ -->\n<title>Gruppenretreat - Humus<\/title>\n<meta name=\"robots\" content=\"index, follow, max-snippet:-1, max-image-preview:large, max-video-preview:-1\" \/>\n<link rel=\"canonical\" href=\"https:\/\/humus.live\/en\/retreat\/\" \/>\n<meta property=\"og:locale\" content=\"en_GB\" \/>\n<meta property=\"og:type\" content=\"article\" \/>\n<meta property=\"og:title\" content=\"Gruppenretreat - Humus\" \/>\n<meta property=\"og:description\" content=\"(Bezugs)Gruppenretreats Regeneratives Aktivismus-Retreat f\u00fcr Aktivist:innen anfragen! Was?Nach Monaten oder Jahren aktivistischer Arbeit k\u00f6nnen einem schon langsam die Kr\u00e4fte ausgehen. Selbst wenn einzelne K\u00e4mpfe oder Kampagnen gewonnen sind, ist der Struggle der Bewegung nicht vor\u00fcber. Daher &#8211; ob du dich ersch\u00f6pft f\u00fchlst oder voller Energie &#8211; achten wir gemeinsam auf Nachhaltigkeit im Aktivismus! Entfalten wir unser [&hellip;]\" \/>\n<meta property=\"og:url\" content=\"https:\/\/humus.live\/en\/retreat\/\" \/>\n<meta property=\"og:site_name\" content=\"Humus\" \/>\n<meta property=\"article:modified_time\" content=\"2026-01-02T14:19:32+00:00\" \/>\n<meta name=\"twitter:card\" content=\"summary_large_image\" \/>\n<meta name=\"twitter:label1\" content=\"Estimated reading time\" \/>\n\t<meta name=\"twitter:data1\" content=\"3 minutes\" \/>\n<script type=\"application\/ld+json\" class=\"yoast-schema-graph\">{\"@context\":\"https:\\\/\\\/schema.org\",\"@graph\":[{\"@type\":\"WebPage\",\"@id\":\"https:\\\/\\\/humus.live\\\/en\\\/retreat\\\/\",\"url\":\"https:\\\/\\\/humus.live\\\/en\\\/retreat\\\/\",\"name\":\"Gruppenretreat - Humus\",\"isPartOf\":{\"@id\":\"https:\\\/\\\/humus.live\\\/en\\\/#website\"},\"datePublished\":\"2021-11-22T15:50:26+00:00\",\"dateModified\":\"2026-01-02T14:19:32+00:00\",\"breadcrumb\":{\"@id\":\"https:\\\/\\\/humus.live\\\/en\\\/retreat\\\/#breadcrumb\"},\"inLanguage\":\"en-GB\",\"potentialAction\":[{\"@type\":\"ReadAction\",\"target\":[\"https:\\\/\\\/humus.live\\\/en\\\/retreat\\\/\"]}]},{\"@type\":\"BreadcrumbList\",\"@id\":\"https:\\\/\\\/humus.live\\\/en\\\/retreat\\\/#breadcrumb\",\"itemListElement\":[{\"@type\":\"ListItem\",\"position\":1,\"name\":\"Startseite\",\"item\":\"https:\\\/\\\/humus.live\\\/category\\\/allgemein\\\/\"},{\"@type\":\"ListItem\",\"position\":2,\"name\":\"Gruppenretreat\"}]},{\"@type\":\"WebSite\",\"@id\":\"https:\\\/\\\/humus.live\\\/en\\\/#website\",\"url\":\"https:\\\/\\\/humus.live\\\/en\\\/\",\"name\":\"Humus. N\u00e4hrboden f\u00fcr Ver\u00e4nderung. Workshops f\u00fcr soziale Bewegungen.\",\"description\":\"N\u00e4hrboden f\u00fcr Ver\u00e4nderung\",\"publisher\":{\"@id\":\"https:\\\/\\\/humus.live\\\/en\\\/#organization\"},\"potentialAction\":[{\"@type\":\"SearchAction\",\"target\":{\"@type\":\"EntryPoint\",\"urlTemplate\":\"https:\\\/\\\/humus.live\\\/en\\\/?s={search_term_string}\"},\"query-input\":{\"@type\":\"PropertyValueSpecification\",\"valueRequired\":true,\"valueName\":\"search_term_string\"}}],\"inLanguage\":\"en-GB\"},{\"@type\":\"Organization\",\"@id\":\"https:\\\/\\\/humus.live\\\/en\\\/#organization\",\"name\":\"Humus\",\"alternateName\":\"N\u00e4hrboden f\u00fcr Ver\u00e4nderung\",\"url\":\"https:\\\/\\\/humus.live\\\/en\\\/\",\"logo\":{\"@type\":\"ImageObject\",\"inLanguage\":\"en-GB\",\"@id\":\"https:\\\/\\\/humus.live\\\/en\\\/#\\\/schema\\\/logo\\\/image\\\/\",\"url\":\"https:\\\/\\\/humus.live\\\/wp-content\\\/uploads\\\/2021\\\/01\\\/cropped-humus_hoch.png\",\"contentUrl\":\"https:\\\/\\\/humus.live\\\/wp-content\\\/uploads\\\/2021\\\/01\\\/cropped-humus_hoch.png\",\"width\":454,\"height\":403,\"caption\":\"Humus\"},\"image\":{\"@id\":\"https:\\\/\\\/humus.live\\\/en\\\/#\\\/schema\\\/logo\\\/image\\\/\"},\"sameAs\":[\"https:\\\/\\\/www.instagram.com\\\/humus.fuer.veraenderung\\\/\"]}]}<\/script>\n<!-- \/ Yoast SEO plugin. -->","yoast_head_json":{"title":"Gruppenretreat - Humus","robots":{"index":"index","follow":"follow","max-snippet":"max-snippet:-1","max-image-preview":"max-image-preview:large","max-video-preview":"max-video-preview:-1"},"canonical":"https:\/\/humus.live\/en\/retreat\/","og_locale":"en_GB","og_type":"article","og_title":"Gruppenretreat - Humus","og_description":"(Bezugs)Gruppenretreats Regeneratives Aktivismus-Retreat f\u00fcr Aktivist:innen anfragen! Was?Nach Monaten oder Jahren aktivistischer Arbeit k\u00f6nnen einem schon langsam die Kr\u00e4fte ausgehen. Selbst wenn einzelne K\u00e4mpfe oder Kampagnen gewonnen sind, ist der Struggle der Bewegung nicht vor\u00fcber. Daher &#8211; ob du dich ersch\u00f6pft f\u00fchlst oder voller Energie &#8211; achten wir gemeinsam auf Nachhaltigkeit im Aktivismus! Entfalten wir unser [&hellip;]","og_url":"https:\/\/humus.live\/en\/retreat\/","og_site_name":"Humus","article_modified_time":"2026-01-02T14:19:32+00:00","twitter_card":"summary_large_image","twitter_misc":{"Estimated reading time":"3 minutes"},"schema":{"@context":"https:\/\/schema.org","@graph":[{"@type":"WebPage","@id":"https:\/\/humus.live\/en\/retreat\/","url":"https:\/\/humus.live\/en\/retreat\/","name":"Gruppenretreat - Humus","isPartOf":{"@id":"https:\/\/humus.live\/en\/#website"},"datePublished":"2021-11-22T15:50:26+00:00","dateModified":"2026-01-02T14:19:32+00:00","breadcrumb":{"@id":"https:\/\/humus.live\/en\/retreat\/#breadcrumb"},"inLanguage":"en-GB","potentialAction":[{"@type":"ReadAction","target":["https:\/\/humus.live\/en\/retreat\/"]}]},{"@type":"BreadcrumbList","@id":"https:\/\/humus.live\/en\/retreat\/#breadcrumb","itemListElement":[{"@type":"ListItem","position":1,"name":"Startseite","item":"https:\/\/humus.live\/category\/allgemein\/"},{"@type":"ListItem","position":2,"name":"Gruppenretreat"}]},{"@type":"WebSite","@id":"https:\/\/humus.live\/en\/#website","url":"https:\/\/humus.live\/en\/","name":"Humus. N\u00e4hrboden f\u00fcr Ver\u00e4nderung. Workshops f\u00fcr soziale Bewegungen.","description":"Fertile Soil for Change","publisher":{"@id":"https:\/\/humus.live\/en\/#organization"},"potentialAction":[{"@type":"SearchAction","target":{"@type":"EntryPoint","urlTemplate":"https:\/\/humus.live\/en\/?s={search_term_string}"},"query-input":{"@type":"PropertyValueSpecification","valueRequired":true,"valueName":"search_term_string"}}],"inLanguage":"en-GB"},{"@type":"Organization","@id":"https:\/\/humus.live\/en\/#organization","name":"Humus","alternateName":"N\u00e4hrboden f\u00fcr Ver\u00e4nderung","url":"https:\/\/humus.live\/en\/","logo":{"@type":"ImageObject","inLanguage":"en-GB","@id":"https:\/\/humus.live\/en\/#\/schema\/logo\/image\/","url":"https:\/\/humus.live\/wp-content\/uploads\/2021\/01\/cropped-humus_hoch.png","contentUrl":"https:\/\/humus.live\/wp-content\/uploads\/2021\/01\/cropped-humus_hoch.png","width":454,"height":403,"caption":"Humus"},"image":{"@id":"https:\/\/humus.live\/en\/#\/schema\/logo\/image\/"},"sameAs":["https:\/\/www.instagram.com\/humus.fuer.veraenderung\/"]}]}},"_links":{"self":[{"href":"https:\/\/humus.live\/en\/wp-json\/wp\/v2\/pages\/693","targetHints":{"allow":["GET"]}}],"collection":[{"href":"https:\/\/humus.live\/en\/wp-json\/wp\/v2\/pages"}],"about":[{"href":"https:\/\/humus.live\/en\/wp-json\/wp\/v2\/types\/page"}],"author":[{"embeddable":true,"href":"https:\/\/humus.live\/en\/wp-json\/wp\/v2\/users\/2"}],"replies":[{"embeddable":true,"href":"https:\/\/humus.live\/en\/wp-json\/wp\/v2\/comments?post=693"}],"version-history":[{"count":19,"href":"https:\/\/humus.live\/en\/wp-json\/wp\/v2\/pages\/693\/revisions"}],"predecessor-version":[{"id":2419,"href":"https:\/\/humus.live\/en\/wp-json\/wp\/v2\/pages\/693\/revisions\/2419"}],"wp:attachment":[{"href":"https:\/\/humus.live\/en\/wp-json\/wp\/v2\/media?parent=693"}],"curies":[{"name":"wp","href":"https:\/\/api.w.org\/{rel}","templated":true}]}}