{"id":58,"date":"2020-10-12T16:29:24","date_gmt":"2020-10-12T14:29:24","guid":{"rendered":"https:\/\/humus.live\/?page_id=58"},"modified":"2025-06-03T17:28:11","modified_gmt":"2025-06-03T15:28:11","slug":"ueber-uns","status":"publish","type":"page","link":"https:\/\/humus.live\/en\/ueber-uns\/","title":{"rendered":"About"},"content":{"rendered":"<h2 class=\"wp-block-heading\">What we do:<\/h2>\n\n\n\n<p class=\"wp-block-paragraph\"><strong>Humus supports&nbsp;<\/strong>groups and individuals in being active for socio-ecological transformation. Humus does not implement its own campaigns or actions. Rather, we provide a fertile soil for the joyful and effective growth of various initiatives, groups, organisations and networks.<\/p>\n\n\n\n<p class=\"wp-block-paragraph\"><strong>Humus is open<\/strong>&nbsp;for enquiries from all emancipatory social areas to provide advice and support - with individual consulting and tailor-made offers, depending on the problem. Our standard-offer is divided into&nbsp;<a href=\"https:\/\/humus.live\/en\/bildung\/\">Education<\/a>,&nbsp;<a href=\"https:\/\/humus.live\/en\/beratung\/\">Consulting<\/a>&nbsp;or&nbsp;<a href=\"https:\/\/humus.live\/en\/begleitung\/\">Support<\/a>.<\/p>\n\n\n\n<p class=\"wp-block-paragraph\">You can find our <a href=\"https:\/\/humus.live\/wp-content\/uploads\/2024\/09\/humus_NaehrbodenzumWachsen.pdf\">short info-leaflet<\/a> here.<\/p>\n\n\n\n<h2 class=\"wp-block-heading\">Who we are:<\/h2>\n\n\n\n<div class=\"wp-block-columns is-layout-flex wp-container-core-columns-is-layout-8f761849 wp-block-columns-is-layout-flex\">\n<div class=\"wp-block-column is-layout-flow wp-block-column-is-layout-flow\">\n<h2 class=\"wp-block-heading\">Laura (she)<\/h2>\n\n\n\n<figure class=\"wp-block-image size-large\"><img loading=\"lazy\" decoding=\"async\" width=\"1703\" height=\"2560\" src=\"https:\/\/humus.live\/wp-content\/uploads\/2024\/10\/LDB_DSC1256-edited-scaled.jpg\" alt=\"Portrait von Laura\" class=\"wp-image-1867\" srcset=\"https:\/\/humus.live\/wp-content\/uploads\/2024\/10\/LDB_DSC1256-edited-scaled.jpg 1703w, https:\/\/humus.live\/wp-content\/uploads\/2024\/10\/LDB_DSC1256-edited-200x300.jpg 200w, https:\/\/humus.live\/wp-content\/uploads\/2024\/10\/LDB_DSC1256-edited-681x1024.jpg 681w, https:\/\/humus.live\/wp-content\/uploads\/2024\/10\/LDB_DSC1256-edited-768x1154.jpg 768w, https:\/\/humus.live\/wp-content\/uploads\/2024\/10\/LDB_DSC1256-edited-1022x1536.jpg 1022w, https:\/\/humus.live\/wp-content\/uploads\/2024\/10\/LDB_DSC1256-edited-1363x2048.jpg 1363w\" sizes=\"auto, (max-width: 1703px) 100vw, 1703px\" \/><figcaption class=\"wp-element-caption\">Picture \u00a9 <a href=\"http:\/\/@_lukasdbeck\">Lukas David Beck<\/a><\/figcaption><\/figure>\n\n\n\n<p class=\"wp-block-paragraph\">Laura gets things done at Humus. A cool project idea that is not being carried out makes her fingers tingle. Then again: if things don't happen because she's spending time with her friends, it's only half as bad. Laura studied International Development and Business Administration and has worked in administration, facilitation and various projects.<\/p>\n\n\n\n<p class=\"wp-block-paragraph\">At Humus, her favourite topics are organisational development and group dynamics.<\/p>\n<\/div>\n\n\n\n<div class=\"wp-block-column is-layout-flow wp-block-column-is-layout-flow\">\n<h2 class=\"wp-block-heading\">Heli (he)<\/h2>\n\n\n\n<figure class=\"wp-block-image size-large\"><img loading=\"lazy\" decoding=\"async\" width=\"681\" height=\"1024\" src=\"https:\/\/humus.live\/wp-content\/uploads\/2024\/10\/LDB_DSC1398-681x1024.jpg\" alt=\"Portrait von Heli\" class=\"wp-image-1865\" srcset=\"https:\/\/humus.live\/wp-content\/uploads\/2024\/10\/LDB_DSC1398-681x1024.jpg 681w, https:\/\/humus.live\/wp-content\/uploads\/2024\/10\/LDB_DSC1398-200x300.jpg 200w, https:\/\/humus.live\/wp-content\/uploads\/2024\/10\/LDB_DSC1398-768x1154.jpg 768w, https:\/\/humus.live\/wp-content\/uploads\/2024\/10\/LDB_DSC1398-1022x1536.jpg 1022w, https:\/\/humus.live\/wp-content\/uploads\/2024\/10\/LDB_DSC1398-1363x2048.jpg 1363w, https:\/\/humus.live\/wp-content\/uploads\/2024\/10\/LDB_DSC1398-scaled.jpg 1703w\" sizes=\"auto, (max-width: 681px) 100vw, 681px\" \/><figcaption class=\"wp-element-caption\">Picture \u00a9 <a href=\"http:\/\/@_lukasdbeck\">Lukas David Beck<\/a><\/figcaption><\/figure>\n\n\n\n<p class=\"wp-block-paragraph\">Heli generates 4 new ideas a day and gets annoyed that there aren't enough hours in the day to realise them all. Mainly because Heli also likes to sleep and even more so to climb. He studied philosophy and sociology and has worked in various NGOs on human rights, food sovereignty and in a participation office.<\/p>\n\n\n\n<p class=\"wp-block-paragraph\">His favourite topics at Humus are action planning, mobilisation and movement ecology.<\/p>\n<\/div>\n\n\n\n<div class=\"wp-block-column is-layout-flow wp-block-column-is-layout-flow\">\n<h2 class=\"wp-block-heading\">Jayda (keine)<\/h2>\n\n\n\n<figure class=\"wp-block-image size-large\"><img loading=\"lazy\" decoding=\"async\" width=\"681\" height=\"1024\" src=\"https:\/\/humus.live\/wp-content\/uploads\/2024\/10\/LDB_DSC1233-681x1024.jpg\" alt=\"Portrait von Jakob\" class=\"wp-image-1866\" srcset=\"https:\/\/humus.live\/wp-content\/uploads\/2024\/10\/LDB_DSC1233-681x1024.jpg 681w, https:\/\/humus.live\/wp-content\/uploads\/2024\/10\/LDB_DSC1233-200x300.jpg 200w, https:\/\/humus.live\/wp-content\/uploads\/2024\/10\/LDB_DSC1233-768x1154.jpg 768w, https:\/\/humus.live\/wp-content\/uploads\/2024\/10\/LDB_DSC1233-1022x1536.jpg 1022w, https:\/\/humus.live\/wp-content\/uploads\/2024\/10\/LDB_DSC1233-1363x2048.jpg 1363w, https:\/\/humus.live\/wp-content\/uploads\/2024\/10\/LDB_DSC1233-scaled.jpg 1703w\" sizes=\"auto, (max-width: 681px) 100vw, 681px\" \/><figcaption class=\"wp-element-caption\">Picture \u00a9 <a href=\"http:\/\/@_lukasdbeck\">Lukas David Beck<\/a><\/figcaption><\/figure>\n\n\n\n<p class=\"wp-block-paragraph\">Jaday ist die Zweigstelle der Impuls Akademie im Westen \u00d6sterreichs und t\u00e4tig bei Tipping Points. Au\u00dferdem ist Jayda treibende Kraft f\u00fcr Vernetzungen und internationale Kooperationen. Wenn Jayda nicht gerade in Online-calls h\u00e4ngt, engagiert sich Jayda in queerfeministischen Kontexten und forscht zu Geschlechtergerechtigkeit.<\/p>\n\n\n\n<p class=\"wp-block-paragraph\">Jaydas Fokus liegt auf Vernetzung, Moderation und Bildungsprojekten.<br><\/p>\n<\/div>\n<\/div>\n\n\n\n<figure class=\"wp-block-image size-large\"><img loading=\"lazy\" decoding=\"async\" width=\"1024\" height=\"681\" src=\"https:\/\/humus.live\/wp-content\/uploads\/2024\/09\/signal-2024-04-25-171604_002-1-1024x681.jpeg\" alt=\"Heli, Jakob und Laura stehen in einer Reihe und lachen. \" class=\"wp-image-1809\" srcset=\"https:\/\/humus.live\/wp-content\/uploads\/2024\/09\/signal-2024-04-25-171604_002-1-1024x681.jpeg 1024w, https:\/\/humus.live\/wp-content\/uploads\/2024\/09\/signal-2024-04-25-171604_002-1-300x200.jpeg 300w, https:\/\/humus.live\/wp-content\/uploads\/2024\/09\/signal-2024-04-25-171604_002-1-768x511.jpeg 768w, https:\/\/humus.live\/wp-content\/uploads\/2024\/09\/signal-2024-04-25-171604_002-1-1536x1021.jpeg 1536w, https:\/\/humus.live\/wp-content\/uploads\/2024\/09\/signal-2024-04-25-171604_002-1.jpeg 1600w\" sizes=\"auto, (max-width: 1024px) 100vw, 1024px\" \/><figcaption class=\"wp-element-caption\">Picture \u00a9 <a href=\"http:\/\/@_lukasdbeck\">Lukas David Beck<\/a><\/figcaption><\/figure>\n\n\n\n<p class=\"wp-block-paragraph\">Together, we have a passion for sharing knowledge and transferring skills. We also share a long-standing involvement in various social movements and NGOs (together and individually). Among others: aks, Asylkoordination, Anti-Privatisation Campaign in UK, Food Coops, Ny Tanintsika in Madagascar, Nyeleni, System Change, not Climate Change, Ende Gel\u00e4nde, Klimacamp, S\u00fcdwind, ...<\/p>\n\n\n\n<h2 class=\"wp-block-heading\">Who we work with<\/h2>\n\n\n\n<p class=\"wp-block-paragraph\">As a well-attuned trio, we can achieve a lot, but of course not everything! We bring other people\/collectives on board for certain projects. For example, for the organisation of&nbsp;<a href=\"https:\/\/humus.live\/en\/tipping-points\/\" target=\"_blank\" rel=\"noreferrer noopener\">Tipping Points<\/a>&nbsp;events.<\/p>\n\n\n\n<p class=\"wp-block-paragraph\">Auch einzelne\u00a0<a href=\"https:\/\/humus.live\/en\/bildung\/\" target=\"_blank\" rel=\"noreferrer noopener\">Workshops<\/a>\u00a0bieten wir gemeinsam mit anderen Referent:innen an oder leiten Anfragen direkt weiter, wenn es Kolleg:innen gibt, die bei einem Thema mehr Expertise haben als wir. In einzelnen Projekten zusammengearbeitet haben wir mit: Kampagnenb\u00fcro <a href=\"https:\/\/radius.co.at\/\">radius<\/a>, <a href=\"https:\/\/civilaction.net\/\">Civil Action Network<\/a>, <a href=\"https:\/\/czaskultury.pl\/\">Czas Kultury<\/a>, <a href=\"https:\/\/www.educat-kollektiv.org\/\">educat Kollektiv<\/a>, <a href=\"https:\/\/kollektiv-radix.at\/\">Kollektiv Radix<\/a>, Convivial Garden, Skills 4 Action, Attac \u00d6sterreich, Zentrum polis, Disrup Verein, Oxfam, Climate Action Network, u.a.<\/p>\n\n\n\n<h2 class=\"wp-block-heading\">Who we have supported so far, among others:<\/h2>\n\n\n\n<div class=\"wp-block-columns is-layout-flex wp-container-core-columns-is-layout-8f761849 wp-block-columns-is-layout-flex\">\n<div class=\"wp-block-column is-layout-flow wp-block-column-is-layout-flow\">\n<ul class=\"wp-block-list\">\n<li>Abolish Frontex<\/li>\n\n\n\n<li>f*streik Graz<\/li>\n\n\n\n<li>Arche Noah<\/li>\n\n\n\n<li>Degrowth Vienna<\/li>\n\n\n\n<li>Ende Gel\u00e4nde<\/li>\n\n\n\n<li>Baobab<\/li>\n\n\n\n<li>Autonome Wohnfabrik Salzburg<\/li>\n\n\n\n<li>#Lobau Bleibt<\/li>\n<\/ul>\n<\/div>\n\n\n\n<div class=\"wp-block-column is-layout-flow wp-block-column-is-layout-flow\">\n<ul class=\"wp-block-list\">\n<li>Seebr\u00fccke Wien<\/li>\n\n\n\n<li>Klimacamp bei Wien<\/li>\n\n\n\n<li>Vernunft statt Ostumfahrung<\/li>\n\n\n\n<li>System Change, not Climate Change<\/li>\n\n\n\n<li>\u00fcber.grenzen<\/li>\n\n\n\n<li>Hausprojekt Jelka<\/li>\n\n\n\n<li>Jugendrat<\/li>\n<\/ul>\n<\/div>\n\n\n\n<div class=\"wp-block-column is-layout-flow wp-block-column-is-layout-flow\">\n<ul class=\"wp-block-list\">\n<li>AltShift Festival<\/li>\n\n\n\n<li>Kritische Jugend<\/li>\n\n\n\n<li>Klimacamp bei Wien<\/li>\n\n\n\n<li>ShiftSlow Verein<\/li>\n\n\n\n<li>UpSicht<\/li>\n\n\n\n<li>Wir* gegen rechts<\/li>\n\n\n\n<li>Fridays for Future \u00d6sterreich<\/li>\n\n\n\n<li>and many more...<\/li>\n<\/ul>\n<\/div>\n<\/div>","protected":false},"excerpt":{"rendered":"<p>Was wir tun: Humus unterst\u00fctzt&nbsp;Gruppen und auch Einzelpersonen dabei, f\u00fcr die sozial-\u00f6kologische Transformation aktiv zu sein. Humus setzt keine eigenen Kampagnen oder Aktionen um, sondern bietet einen N\u00e4hrboden f\u00fcr das freudvolle und effektive Wachstum verschiedener Initiativen, Gruppen, Organisationen und Netzwerke. Humus ist offen&nbsp;f\u00fcr Anfragen aus allen emanzipatorischen sozialen Bereichen f\u00fcr Beratung und Unterst\u00fctzung \u2013 gerne [&hellip;]<\/p>\n","protected":false},"author":2,"featured_media":0,"parent":0,"menu_order":0,"comment_status":"closed","ping_status":"closed","template":"","meta":{"_crdt_document":"","footnotes":""},"class_list":["post-58","page","type-page","status-publish","hentry"],"yoast_head":"<!-- This site is optimized with the Yoast SEO plugin v27.4 - https:\/\/yoast.com\/product\/yoast-seo-wordpress\/ -->\n<title>\u00dcber - Humus<\/title>\n<meta name=\"robots\" content=\"index, follow, max-snippet:-1, max-image-preview:large, max-video-preview:-1\" \/>\n<link rel=\"canonical\" href=\"https:\/\/humus.live\/en\/ueber-uns\/\" \/>\n<meta property=\"og:locale\" content=\"en_GB\" \/>\n<meta property=\"og:type\" content=\"article\" \/>\n<meta property=\"og:title\" content=\"\u00dcber - Humus\" \/>\n<meta property=\"og:description\" content=\"Was wir tun: Humus unterst\u00fctzt&nbsp;Gruppen und auch Einzelpersonen dabei, f\u00fcr die sozial-\u00f6kologische Transformation aktiv zu sein. Humus setzt keine eigenen Kampagnen oder Aktionen um, sondern bietet einen N\u00e4hrboden f\u00fcr das freudvolle und effektive Wachstum verschiedener Initiativen, Gruppen, Organisationen und Netzwerke. Humus ist offen&nbsp;f\u00fcr Anfragen aus allen emanzipatorischen sozialen Bereichen f\u00fcr Beratung und Unterst\u00fctzung \u2013 gerne [&hellip;]\" \/>\n<meta property=\"og:url\" content=\"https:\/\/humus.live\/en\/ueber-uns\/\" \/>\n<meta property=\"og:site_name\" content=\"Humus\" \/>\n<meta property=\"article:modified_time\" content=\"2025-06-03T15:28:11+00:00\" \/>\n<meta property=\"og:image\" content=\"https:\/\/humus.live\/wp-content\/uploads\/2024\/10\/LDB_DSC1256-edited-scaled.jpg\" \/>\n<meta name=\"twitter:card\" content=\"summary_large_image\" \/>\n<meta name=\"twitter:label1\" content=\"Estimated reading time\" \/>\n\t<meta name=\"twitter:data1\" content=\"4 minutes\" \/>\n<script type=\"application\/ld+json\" class=\"yoast-schema-graph\">{\"@context\":\"https:\\\/\\\/schema.org\",\"@graph\":[{\"@type\":\"WebPage\",\"@id\":\"https:\\\/\\\/humus.live\\\/en\\\/ueber-uns\\\/\",\"url\":\"https:\\\/\\\/humus.live\\\/en\\\/ueber-uns\\\/\",\"name\":\"\u00dcber - Humus\",\"isPartOf\":{\"@id\":\"https:\\\/\\\/humus.live\\\/en\\\/#website\"},\"primaryImageOfPage\":{\"@id\":\"https:\\\/\\\/humus.live\\\/en\\\/ueber-uns\\\/#primaryimage\"},\"image\":{\"@id\":\"https:\\\/\\\/humus.live\\\/en\\\/ueber-uns\\\/#primaryimage\"},\"thumbnailUrl\":\"https:\\\/\\\/humus.live\\\/wp-content\\\/uploads\\\/2024\\\/10\\\/LDB_DSC1256-edited-scaled.jpg\",\"datePublished\":\"2020-10-12T14:29:24+00:00\",\"dateModified\":\"2025-06-03T15:28:11+00:00\",\"breadcrumb\":{\"@id\":\"https:\\\/\\\/humus.live\\\/en\\\/ueber-uns\\\/#breadcrumb\"},\"inLanguage\":\"en-GB\",\"potentialAction\":[{\"@type\":\"ReadAction\",\"target\":[\"https:\\\/\\\/humus.live\\\/en\\\/ueber-uns\\\/\"]}]},{\"@type\":\"ImageObject\",\"inLanguage\":\"en-GB\",\"@id\":\"https:\\\/\\\/humus.live\\\/en\\\/ueber-uns\\\/#primaryimage\",\"url\":\"https:\\\/\\\/humus.live\\\/wp-content\\\/uploads\\\/2024\\\/10\\\/LDB_DSC1256-edited-scaled.jpg\",\"contentUrl\":\"https:\\\/\\\/humus.live\\\/wp-content\\\/uploads\\\/2024\\\/10\\\/LDB_DSC1256-edited-scaled.jpg\"},{\"@type\":\"BreadcrumbList\",\"@id\":\"https:\\\/\\\/humus.live\\\/en\\\/ueber-uns\\\/#breadcrumb\",\"itemListElement\":[{\"@type\":\"ListItem\",\"position\":1,\"name\":\"Startseite\",\"item\":\"https:\\\/\\\/humus.live\\\/category\\\/allgemein\\\/\"},{\"@type\":\"ListItem\",\"position\":2,\"name\":\"\u00dcber\"}]},{\"@type\":\"WebSite\",\"@id\":\"https:\\\/\\\/humus.live\\\/en\\\/#website\",\"url\":\"https:\\\/\\\/humus.live\\\/en\\\/\",\"name\":\"Humus. N\u00e4hrboden f\u00fcr Ver\u00e4nderung. Workshops f\u00fcr soziale Bewegungen.\",\"description\":\"N\u00e4hrboden f\u00fcr Ver\u00e4nderung\",\"publisher\":{\"@id\":\"https:\\\/\\\/humus.live\\\/en\\\/#organization\"},\"potentialAction\":[{\"@type\":\"SearchAction\",\"target\":{\"@type\":\"EntryPoint\",\"urlTemplate\":\"https:\\\/\\\/humus.live\\\/en\\\/?s={search_term_string}\"},\"query-input\":{\"@type\":\"PropertyValueSpecification\",\"valueRequired\":true,\"valueName\":\"search_term_string\"}}],\"inLanguage\":\"en-GB\"},{\"@type\":\"Organization\",\"@id\":\"https:\\\/\\\/humus.live\\\/en\\\/#organization\",\"name\":\"Humus\",\"alternateName\":\"N\u00e4hrboden f\u00fcr Ver\u00e4nderung\",\"url\":\"https:\\\/\\\/humus.live\\\/en\\\/\",\"logo\":{\"@type\":\"ImageObject\",\"inLanguage\":\"en-GB\",\"@id\":\"https:\\\/\\\/humus.live\\\/en\\\/#\\\/schema\\\/logo\\\/image\\\/\",\"url\":\"https:\\\/\\\/humus.live\\\/wp-content\\\/uploads\\\/2021\\\/01\\\/cropped-humus_hoch.png\",\"contentUrl\":\"https:\\\/\\\/humus.live\\\/wp-content\\\/uploads\\\/2021\\\/01\\\/cropped-humus_hoch.png\",\"width\":454,\"height\":403,\"caption\":\"Humus\"},\"image\":{\"@id\":\"https:\\\/\\\/humus.live\\\/en\\\/#\\\/schema\\\/logo\\\/image\\\/\"},\"sameAs\":[\"https:\\\/\\\/www.instagram.com\\\/humus.fuer.veraenderung\\\/\"]}]}<\/script>\n<!-- \/ Yoast SEO plugin. -->","yoast_head_json":{"title":"\u00dcber - Humus","robots":{"index":"index","follow":"follow","max-snippet":"max-snippet:-1","max-image-preview":"max-image-preview:large","max-video-preview":"max-video-preview:-1"},"canonical":"https:\/\/humus.live\/en\/ueber-uns\/","og_locale":"en_GB","og_type":"article","og_title":"\u00dcber - Humus","og_description":"Was wir tun: Humus unterst\u00fctzt&nbsp;Gruppen und auch Einzelpersonen dabei, f\u00fcr die sozial-\u00f6kologische Transformation aktiv zu sein. Humus setzt keine eigenen Kampagnen oder Aktionen um, sondern bietet einen N\u00e4hrboden f\u00fcr das freudvolle und effektive Wachstum verschiedener Initiativen, Gruppen, Organisationen und Netzwerke. Humus ist offen&nbsp;f\u00fcr Anfragen aus allen emanzipatorischen sozialen Bereichen f\u00fcr Beratung und Unterst\u00fctzung \u2013 gerne [&hellip;]","og_url":"https:\/\/humus.live\/en\/ueber-uns\/","og_site_name":"Humus","article_modified_time":"2025-06-03T15:28:11+00:00","og_image":[{"url":"https:\/\/humus.live\/wp-content\/uploads\/2024\/10\/LDB_DSC1256-edited-scaled.jpg","type":"","width":"","height":""}],"twitter_card":"summary_large_image","twitter_misc":{"Estimated reading time":"4 minutes"},"schema":{"@context":"https:\/\/schema.org","@graph":[{"@type":"WebPage","@id":"https:\/\/humus.live\/en\/ueber-uns\/","url":"https:\/\/humus.live\/en\/ueber-uns\/","name":"\u00dcber - Humus","isPartOf":{"@id":"https:\/\/humus.live\/en\/#website"},"primaryImageOfPage":{"@id":"https:\/\/humus.live\/en\/ueber-uns\/#primaryimage"},"image":{"@id":"https:\/\/humus.live\/en\/ueber-uns\/#primaryimage"},"thumbnailUrl":"https:\/\/humus.live\/wp-content\/uploads\/2024\/10\/LDB_DSC1256-edited-scaled.jpg","datePublished":"2020-10-12T14:29:24+00:00","dateModified":"2025-06-03T15:28:11+00:00","breadcrumb":{"@id":"https:\/\/humus.live\/en\/ueber-uns\/#breadcrumb"},"inLanguage":"en-GB","potentialAction":[{"@type":"ReadAction","target":["https:\/\/humus.live\/en\/ueber-uns\/"]}]},{"@type":"ImageObject","inLanguage":"en-GB","@id":"https:\/\/humus.live\/en\/ueber-uns\/#primaryimage","url":"https:\/\/humus.live\/wp-content\/uploads\/2024\/10\/LDB_DSC1256-edited-scaled.jpg","contentUrl":"https:\/\/humus.live\/wp-content\/uploads\/2024\/10\/LDB_DSC1256-edited-scaled.jpg"},{"@type":"BreadcrumbList","@id":"https:\/\/humus.live\/en\/ueber-uns\/#breadcrumb","itemListElement":[{"@type":"ListItem","position":1,"name":"Startseite","item":"https:\/\/humus.live\/category\/allgemein\/"},{"@type":"ListItem","position":2,"name":"\u00dcber"}]},{"@type":"WebSite","@id":"https:\/\/humus.live\/en\/#website","url":"https:\/\/humus.live\/en\/","name":"Humus. N\u00e4hrboden f\u00fcr Ver\u00e4nderung. Workshops f\u00fcr soziale Bewegungen.","description":"Fertile Soil for Change","publisher":{"@id":"https:\/\/humus.live\/en\/#organization"},"potentialAction":[{"@type":"SearchAction","target":{"@type":"EntryPoint","urlTemplate":"https:\/\/humus.live\/en\/?s={search_term_string}"},"query-input":{"@type":"PropertyValueSpecification","valueRequired":true,"valueName":"search_term_string"}}],"inLanguage":"en-GB"},{"@type":"Organization","@id":"https:\/\/humus.live\/en\/#organization","name":"Humus","alternateName":"N\u00e4hrboden f\u00fcr Ver\u00e4nderung","url":"https:\/\/humus.live\/en\/","logo":{"@type":"ImageObject","inLanguage":"en-GB","@id":"https:\/\/humus.live\/en\/#\/schema\/logo\/image\/","url":"https:\/\/humus.live\/wp-content\/uploads\/2021\/01\/cropped-humus_hoch.png","contentUrl":"https:\/\/humus.live\/wp-content\/uploads\/2021\/01\/cropped-humus_hoch.png","width":454,"height":403,"caption":"Humus"},"image":{"@id":"https:\/\/humus.live\/en\/#\/schema\/logo\/image\/"},"sameAs":["https:\/\/www.instagram.com\/humus.fuer.veraenderung\/"]}]}},"_links":{"self":[{"href":"https:\/\/humus.live\/en\/wp-json\/wp\/v2\/pages\/58","targetHints":{"allow":["GET"]}}],"collection":[{"href":"https:\/\/humus.live\/en\/wp-json\/wp\/v2\/pages"}],"about":[{"href":"https:\/\/humus.live\/en\/wp-json\/wp\/v2\/types\/page"}],"author":[{"embeddable":true,"href":"https:\/\/humus.live\/en\/wp-json\/wp\/v2\/users\/2"}],"replies":[{"embeddable":true,"href":"https:\/\/humus.live\/en\/wp-json\/wp\/v2\/comments?post=58"}],"version-history":[{"count":44,"href":"https:\/\/humus.live\/en\/wp-json\/wp\/v2\/pages\/58\/revisions"}],"predecessor-version":[{"id":2431,"href":"https:\/\/humus.live\/en\/wp-json\/wp\/v2\/pages\/58\/revisions\/2431"}],"wp:attachment":[{"href":"https:\/\/humus.live\/en\/wp-json\/wp\/v2\/media?parent=58"}],"curies":[{"name":"wp","href":"https:\/\/api.w.org\/{rel}","templated":true}]}}