{"id":56,"date":"2020-10-12T16:29:00","date_gmt":"2020-10-12T14:29:00","guid":{"rendered":"https:\/\/humus.live\/?page_id=56"},"modified":"2025-07-26T20:09:45","modified_gmt":"2025-07-26T18:09:45","slug":"tipping-points","status":"publish","type":"page","link":"https:\/\/humus.live\/en\/tipping-points\/","title":{"rendered":"Tipping Points &#8211; Workshopwochenenden"},"content":{"rendered":"<h1 class=\"wp-block-post-title\">Tipping Points &#8211; Workshopwochenenden<\/h1>\n\n\n<div class=\"wp-block-columns is-layout-flex wp-container-core-columns-is-layout-8f761849 wp-block-columns-is-layout-flex\">\n<div class=\"wp-block-column is-vertically-aligned-center is-layout-flow wp-block-column-is-layout-flow\" style=\"flex-basis:33.33%\">\n<figure class=\"wp-block-image size-large\"><img loading=\"lazy\" decoding=\"async\" width=\"1024\" height=\"963\" src=\"https:\/\/humus.live\/wp-content\/uploads\/2024\/09\/rot_ms-1024x963.png\" alt=\"\" class=\"wp-image-1798\" srcset=\"https:\/\/humus.live\/wp-content\/uploads\/2024\/09\/rot_ms-1024x963.png 1024w, https:\/\/humus.live\/wp-content\/uploads\/2024\/09\/rot_ms-300x282.png 300w, https:\/\/humus.live\/wp-content\/uploads\/2024\/09\/rot_ms-768x722.png 768w, https:\/\/humus.live\/wp-content\/uploads\/2024\/09\/rot_ms-1536x1445.png 1536w, https:\/\/humus.live\/wp-content\/uploads\/2024\/09\/rot_ms-2048x1927.png 2048w\" sizes=\"auto, (max-width: 1024px) 100vw, 1024px\" \/><\/figure>\n<\/div>\n\n\n\n<div class=\"wp-block-column is-vertically-aligned-center is-layout-flow wp-block-column-is-layout-flow\" style=\"flex-basis:66.66%\">\n<p class=\"has-small-font-size wp-block-paragraph\">Tipping Points &#8211; Skills und Methoden f\u00fcr soziale Bewegungen.<br>Ein Wochenende voller Workshops, Vernetzung und Rahmenprogramm &#8211; 1 bis 2 mal j\u00e4hrlich, seit 2019! Tipping Points ist ein Angebot des Vereins Kipppunkt, in Kooperation mit Humus. Aktuelle Updates gibt&#8217;s unter <a href=\"http:\/\/www.tippingpoints.life\">www.tippingpoints.life<\/a> oder in unserem <a href=\"https:\/\/signal.group\/#CjQKIHVb8btD3_znamkj0aGFOebZf-BPUyI257pCAi9pxagnEhD761zz0xQuHe5tvsdxTPIp\">Signal-Newsletter<\/a>.<\/p>\n<\/div>\n<\/div>\n\n\n<div class=\"wp-block-image\">\n<figure class=\"alignleft size-full is-resized\"><img loading=\"lazy\" decoding=\"async\" width=\"600\" height=\"600\" src=\"https:\/\/humus.live\/wp-content\/uploads\/2024\/09\/Ameise-2_600px.png\" alt=\"\" class=\"wp-image-1800\" style=\"width:195px;height:195px\" srcset=\"https:\/\/humus.live\/wp-content\/uploads\/2024\/09\/Ameise-2_600px.png 600w, https:\/\/humus.live\/wp-content\/uploads\/2024\/09\/Ameise-2_600px-300x300.png 300w, https:\/\/humus.live\/wp-content\/uploads\/2024\/09\/Ameise-2_600px-150x150.png 150w\" sizes=\"auto, (max-width: 600px) 100vw, 600px\" \/><\/figure>\n<\/div>\n\n\n<p class=\"wp-block-paragraph\"><strong>Tipping Points ist ein Wochenende voller Workshops<\/strong> und Debatten zu Methoden und Skills f\u00fcr Aktivist*innen emanzipatorischer sozialer Bewegungen in \u00d6sterreich und findet seit November 2019 statt. Urspr\u00fcnglich ein Projekt einer \u00f6sterreichischen Klimagerechtigkeitsgruppe, wird es mitterweile von einem eigenen Verein umgesetzt, mit dem wir seit vielen Jahren eng kooperieren d\u00fcrfen. Ein vielf\u00e4ltiges Programm zu Gruppenmoderation, Aktionsplanung und -training, Rechtshilfe, Pressearbeit, Strategieentwicklung, Nachhaltiger Aktivismus, sichere Kommunikation, Kampagnenplanung und Skill Share-Zeit wird erg\u00e4nzt durch inhaltliche Inputs und einem anregendem Rahmenprogramm. Dabei kommt auch die M\u00f6glichkeit zur Vernetzung verschiedener Gruppen und Initiativen aus ganz \u00d6sterreich nicht zu kurz.<\/p>\n\n\n\n<p class=\"wp-block-paragraph\">The focus is on <strong>skills and methods<\/strong>rather than content, because Tipping Points wants to empower people in social movements and offer tools to the many - especially young - activists who are working for a better world. Participants contribute their own topics! The aim is also to bring different groups together and facilitate networking beyond individual topics.<br><strong>Together we are building the tipping points of our fights for a (climate) just world!<\/strong><\/p>\n\n\n\n<figure class=\"wp-block-gallery has-nested-images columns-3 is-cropped wp-block-gallery-1 is-layout-flex wp-block-gallery-is-layout-flex\">\n<figure class=\"wp-block-image size-large\"><img loading=\"lazy\" decoding=\"async\" width=\"799\" height=\"533\" data-id=\"1881\" src=\"https:\/\/humus.live\/wp-content\/uploads\/2024\/10\/52715967986_a3d6256388_c.jpg\" alt=\"\" class=\"wp-image-1881\" srcset=\"https:\/\/humus.live\/wp-content\/uploads\/2024\/10\/52715967986_a3d6256388_c.jpg 799w, https:\/\/humus.live\/wp-content\/uploads\/2024\/10\/52715967986_a3d6256388_c-300x200.jpg 300w, https:\/\/humus.live\/wp-content\/uploads\/2024\/10\/52715967986_a3d6256388_c-768x512.jpg 768w\" sizes=\"auto, (max-width: 799px) 100vw, 799px\" \/><\/figure>\n\n\n\n<figure class=\"wp-block-image size-large\"><img loading=\"lazy\" decoding=\"async\" width=\"799\" height=\"534\" data-id=\"1882\" src=\"https:\/\/humus.live\/wp-content\/uploads\/2024\/10\/53836467973_b0e507f63e_c.jpg\" alt=\"\" class=\"wp-image-1882\" srcset=\"https:\/\/humus.live\/wp-content\/uploads\/2024\/10\/53836467973_b0e507f63e_c.jpg 799w, https:\/\/humus.live\/wp-content\/uploads\/2024\/10\/53836467973_b0e507f63e_c-300x201.jpg 300w, https:\/\/humus.live\/wp-content\/uploads\/2024\/10\/53836467973_b0e507f63e_c-768x513.jpg 768w\" sizes=\"auto, (max-width: 799px) 100vw, 799px\" \/><\/figure>\n\n\n\n<figure class=\"wp-block-image size-large\"><img loading=\"lazy\" decoding=\"async\" width=\"799\" height=\"534\" data-id=\"1883\" src=\"https:\/\/humus.live\/wp-content\/uploads\/2024\/10\/53785617134_2f0b681804_c1.jpg\" alt=\"\" class=\"wp-image-1883\" srcset=\"https:\/\/humus.live\/wp-content\/uploads\/2024\/10\/53785617134_2f0b681804_c1.jpg 799w, https:\/\/humus.live\/wp-content\/uploads\/2024\/10\/53785617134_2f0b681804_c1-300x201.jpg 300w, https:\/\/humus.live\/wp-content\/uploads\/2024\/10\/53785617134_2f0b681804_c1-768x513.jpg 768w\" sizes=\"auto, (max-width: 799px) 100vw, 799px\" \/><\/figure>\n<\/figure>\n\n\n\n<div class=\"wp-block-columns is-layout-flex wp-container-core-columns-is-layout-8f761849 wp-block-columns-is-layout-flex\">\n<div class=\"wp-block-column is-layout-flow wp-block-column-is-layout-flow\" style=\"flex-basis:66.66%\">\n<p class=\"wp-block-paragraph\">Wenn du Teil einer Initiative bist, die gerne Tipping Points in eure Region einladen m\u00f6chte, schreib uns! <strong>Wir freuen uns immer \u00fcber lokale Kontakte au\u00dferhalb Wiens.<\/strong> Wenn dein Ort auch gut \u00f6ffentlich erreichbar ist und ihr auch direkt vor Ort anpacken m\u00f6chtet, kommen wir gerne!<br><br><strong>Surely, the next weekend is already in the making. Check out the website <a href=\"http:\/\/www.tippingpoints.life\/\" target=\"_blank\" rel=\"noreferrer noopener\">www.tippingpoints.life<\/a> or our <a href=\"https:\/\/t.me\/TippingP\" target=\"_blank\" rel=\"noreferrer noopener\">Telegram Channel!<\/a><\/strong> <\/p>\n<\/div>\n\n\n\n<div class=\"wp-block-column is-layout-flow wp-block-column-is-layout-flow\" style=\"flex-basis:33.33%\">\n<figure class=\"wp-block-image size-full\"><img loading=\"lazy\" decoding=\"async\" width=\"600\" height=\"600\" src=\"https:\/\/humus.live\/wp-content\/uploads\/2024\/09\/Icon-Werkzeug-90_600px.png\" alt=\"\" class=\"wp-image-1804\" srcset=\"https:\/\/humus.live\/wp-content\/uploads\/2024\/09\/Icon-Werkzeug-90_600px.png 600w, https:\/\/humus.live\/wp-content\/uploads\/2024\/09\/Icon-Werkzeug-90_600px-300x300.png 300w, https:\/\/humus.live\/wp-content\/uploads\/2024\/09\/Icon-Werkzeug-90_600px-150x150.png 150w\" sizes=\"auto, (max-width: 600px) 100vw, 600px\" \/><\/figure>\n<\/div>\n<\/div>\n\n\n\n<p class=\"wp-block-paragraph\">Dieses Skillshare-Wochenende w\u00e4chst aus einer Kooperation mit dem Verein Kipppunkt &#8211; Gemeinsam f\u00fcr eine starke Zivilgesellschaft.<\/p>","protected":false},"excerpt":{"rendered":"<p>Tipping Points &#8211; Skills und Methoden f\u00fcr soziale Bewegungen.Ein Wochenende voller Workshops, Vernetzung und Rahmenprogramm &#8211; 1 bis 2 mal j\u00e4hrlich, seit 2019! Tipping Points ist ein Angebot des Vereins Kipppunkt, in Kooperation mit Humus. Aktuelle Updates gibt&#8217;s unter www.tippingpoints.life oder in unserem Signal-Newsletter. Tipping Points ist ein Wochenende voller Workshops und Debatten zu Methoden [&hellip;]<\/p>\n","protected":false},"author":2,"featured_media":0,"parent":0,"menu_order":0,"comment_status":"closed","ping_status":"closed","template":"","meta":{"_crdt_document":"","footnotes":""},"class_list":["post-56","page","type-page","status-publish","hentry"],"yoast_head":"<!-- This site is optimized with the Yoast SEO plugin v27.4 - https:\/\/yoast.com\/product\/yoast-seo-wordpress\/ -->\n<title>Tipping Points - Workshopwochenenden - Humus<\/title>\n<meta name=\"robots\" content=\"index, follow, max-snippet:-1, max-image-preview:large, max-video-preview:-1\" \/>\n<link rel=\"canonical\" href=\"https:\/\/humus.live\/en\/tipping-points\/\" \/>\n<meta property=\"og:locale\" content=\"en_GB\" \/>\n<meta property=\"og:type\" content=\"article\" \/>\n<meta property=\"og:title\" content=\"Tipping Points - Workshopwochenenden - Humus\" \/>\n<meta property=\"og:description\" content=\"Tipping Points &#8211; Skills und Methoden f\u00fcr soziale Bewegungen.Ein Wochenende voller Workshops, Vernetzung und Rahmenprogramm &#8211; 1 bis 2 mal j\u00e4hrlich, seit 2019! Tipping Points ist ein Angebot des Vereins Kipppunkt, in Kooperation mit Humus. Aktuelle Updates gibt&#8217;s unter www.tippingpoints.life oder in unserem Signal-Newsletter. Tipping Points ist ein Wochenende voller Workshops und Debatten zu Methoden [&hellip;]\" \/>\n<meta property=\"og:url\" content=\"https:\/\/humus.live\/en\/tipping-points\/\" \/>\n<meta property=\"og:site_name\" content=\"Humus\" \/>\n<meta property=\"article:modified_time\" content=\"2025-07-26T18:09:45+00:00\" \/>\n<meta property=\"og:image\" content=\"https:\/\/humus.live\/wp-content\/uploads\/2024\/09\/rot_ms-1024x963.png\" \/>\n<meta name=\"twitter:card\" content=\"summary_large_image\" \/>\n<meta name=\"twitter:label1\" content=\"Estimated reading time\" \/>\n\t<meta name=\"twitter:data1\" content=\"3 minutes\" \/>\n<script type=\"application\/ld+json\" class=\"yoast-schema-graph\">{\"@context\":\"https:\\\/\\\/schema.org\",\"@graph\":[{\"@type\":\"WebPage\",\"@id\":\"https:\\\/\\\/humus.live\\\/en\\\/tipping-points\\\/\",\"url\":\"https:\\\/\\\/humus.live\\\/en\\\/tipping-points\\\/\",\"name\":\"Tipping Points - Workshopwochenenden - Humus\",\"isPartOf\":{\"@id\":\"https:\\\/\\\/humus.live\\\/en\\\/#website\"},\"primaryImageOfPage\":{\"@id\":\"https:\\\/\\\/humus.live\\\/en\\\/tipping-points\\\/#primaryimage\"},\"image\":{\"@id\":\"https:\\\/\\\/humus.live\\\/en\\\/tipping-points\\\/#primaryimage\"},\"thumbnailUrl\":\"https:\\\/\\\/humus.live\\\/wp-content\\\/uploads\\\/2024\\\/09\\\/rot_ms-1024x963.png\",\"datePublished\":\"2020-10-12T14:29:00+00:00\",\"dateModified\":\"2025-07-26T18:09:45+00:00\",\"breadcrumb\":{\"@id\":\"https:\\\/\\\/humus.live\\\/en\\\/tipping-points\\\/#breadcrumb\"},\"inLanguage\":\"en-GB\",\"potentialAction\":[{\"@type\":\"ReadAction\",\"target\":[\"https:\\\/\\\/humus.live\\\/en\\\/tipping-points\\\/\"]}]},{\"@type\":\"ImageObject\",\"inLanguage\":\"en-GB\",\"@id\":\"https:\\\/\\\/humus.live\\\/en\\\/tipping-points\\\/#primaryimage\",\"url\":\"https:\\\/\\\/humus.live\\\/wp-content\\\/uploads\\\/2024\\\/09\\\/rot_ms-1024x963.png\",\"contentUrl\":\"https:\\\/\\\/humus.live\\\/wp-content\\\/uploads\\\/2024\\\/09\\\/rot_ms-1024x963.png\"},{\"@type\":\"BreadcrumbList\",\"@id\":\"https:\\\/\\\/humus.live\\\/en\\\/tipping-points\\\/#breadcrumb\",\"itemListElement\":[{\"@type\":\"ListItem\",\"position\":1,\"name\":\"Startseite\",\"item\":\"https:\\\/\\\/humus.live\\\/category\\\/allgemein\\\/\"},{\"@type\":\"ListItem\",\"position\":2,\"name\":\"Tipping Points &#8211; Workshopwochenenden\"}]},{\"@type\":\"WebSite\",\"@id\":\"https:\\\/\\\/humus.live\\\/en\\\/#website\",\"url\":\"https:\\\/\\\/humus.live\\\/en\\\/\",\"name\":\"Humus. N\u00e4hrboden f\u00fcr Ver\u00e4nderung. Workshops f\u00fcr soziale Bewegungen.\",\"description\":\"N\u00e4hrboden f\u00fcr Ver\u00e4nderung\",\"publisher\":{\"@id\":\"https:\\\/\\\/humus.live\\\/en\\\/#organization\"},\"potentialAction\":[{\"@type\":\"SearchAction\",\"target\":{\"@type\":\"EntryPoint\",\"urlTemplate\":\"https:\\\/\\\/humus.live\\\/en\\\/?s={search_term_string}\"},\"query-input\":{\"@type\":\"PropertyValueSpecification\",\"valueRequired\":true,\"valueName\":\"search_term_string\"}}],\"inLanguage\":\"en-GB\"},{\"@type\":\"Organization\",\"@id\":\"https:\\\/\\\/humus.live\\\/en\\\/#organization\",\"name\":\"Humus\",\"alternateName\":\"N\u00e4hrboden f\u00fcr Ver\u00e4nderung\",\"url\":\"https:\\\/\\\/humus.live\\\/en\\\/\",\"logo\":{\"@type\":\"ImageObject\",\"inLanguage\":\"en-GB\",\"@id\":\"https:\\\/\\\/humus.live\\\/en\\\/#\\\/schema\\\/logo\\\/image\\\/\",\"url\":\"https:\\\/\\\/humus.live\\\/wp-content\\\/uploads\\\/2021\\\/01\\\/cropped-humus_hoch.png\",\"contentUrl\":\"https:\\\/\\\/humus.live\\\/wp-content\\\/uploads\\\/2021\\\/01\\\/cropped-humus_hoch.png\",\"width\":454,\"height\":403,\"caption\":\"Humus\"},\"image\":{\"@id\":\"https:\\\/\\\/humus.live\\\/en\\\/#\\\/schema\\\/logo\\\/image\\\/\"},\"sameAs\":[\"https:\\\/\\\/www.instagram.com\\\/humus.fuer.veraenderung\\\/\"]}]}<\/script>\n<!-- \/ Yoast SEO plugin. -->","yoast_head_json":{"title":"Tipping Points - Workshopwochenenden - Humus","robots":{"index":"index","follow":"follow","max-snippet":"max-snippet:-1","max-image-preview":"max-image-preview:large","max-video-preview":"max-video-preview:-1"},"canonical":"https:\/\/humus.live\/en\/tipping-points\/","og_locale":"en_GB","og_type":"article","og_title":"Tipping Points - Workshopwochenenden - Humus","og_description":"Tipping Points &#8211; Skills und Methoden f\u00fcr soziale Bewegungen.Ein Wochenende voller Workshops, Vernetzung und Rahmenprogramm &#8211; 1 bis 2 mal j\u00e4hrlich, seit 2019! Tipping Points ist ein Angebot des Vereins Kipppunkt, in Kooperation mit Humus. Aktuelle Updates gibt&#8217;s unter www.tippingpoints.life oder in unserem Signal-Newsletter. Tipping Points ist ein Wochenende voller Workshops und Debatten zu Methoden [&hellip;]","og_url":"https:\/\/humus.live\/en\/tipping-points\/","og_site_name":"Humus","article_modified_time":"2025-07-26T18:09:45+00:00","og_image":[{"url":"https:\/\/humus.live\/wp-content\/uploads\/2024\/09\/rot_ms-1024x963.png","type":"","width":"","height":""}],"twitter_card":"summary_large_image","twitter_misc":{"Estimated reading time":"3 minutes"},"schema":{"@context":"https:\/\/schema.org","@graph":[{"@type":"WebPage","@id":"https:\/\/humus.live\/en\/tipping-points\/","url":"https:\/\/humus.live\/en\/tipping-points\/","name":"Tipping Points - Workshopwochenenden - Humus","isPartOf":{"@id":"https:\/\/humus.live\/en\/#website"},"primaryImageOfPage":{"@id":"https:\/\/humus.live\/en\/tipping-points\/#primaryimage"},"image":{"@id":"https:\/\/humus.live\/en\/tipping-points\/#primaryimage"},"thumbnailUrl":"https:\/\/humus.live\/wp-content\/uploads\/2024\/09\/rot_ms-1024x963.png","datePublished":"2020-10-12T14:29:00+00:00","dateModified":"2025-07-26T18:09:45+00:00","breadcrumb":{"@id":"https:\/\/humus.live\/en\/tipping-points\/#breadcrumb"},"inLanguage":"en-GB","potentialAction":[{"@type":"ReadAction","target":["https:\/\/humus.live\/en\/tipping-points\/"]}]},{"@type":"ImageObject","inLanguage":"en-GB","@id":"https:\/\/humus.live\/en\/tipping-points\/#primaryimage","url":"https:\/\/humus.live\/wp-content\/uploads\/2024\/09\/rot_ms-1024x963.png","contentUrl":"https:\/\/humus.live\/wp-content\/uploads\/2024\/09\/rot_ms-1024x963.png"},{"@type":"BreadcrumbList","@id":"https:\/\/humus.live\/en\/tipping-points\/#breadcrumb","itemListElement":[{"@type":"ListItem","position":1,"name":"Startseite","item":"https:\/\/humus.live\/category\/allgemein\/"},{"@type":"ListItem","position":2,"name":"Tipping Points &#8211; Workshopwochenenden"}]},{"@type":"WebSite","@id":"https:\/\/humus.live\/en\/#website","url":"https:\/\/humus.live\/en\/","name":"Humus. N\u00e4hrboden f\u00fcr Ver\u00e4nderung. Workshops f\u00fcr soziale Bewegungen.","description":"Fertile Soil for Change","publisher":{"@id":"https:\/\/humus.live\/en\/#organization"},"potentialAction":[{"@type":"SearchAction","target":{"@type":"EntryPoint","urlTemplate":"https:\/\/humus.live\/en\/?s={search_term_string}"},"query-input":{"@type":"PropertyValueSpecification","valueRequired":true,"valueName":"search_term_string"}}],"inLanguage":"en-GB"},{"@type":"Organization","@id":"https:\/\/humus.live\/en\/#organization","name":"Humus","alternateName":"N\u00e4hrboden f\u00fcr Ver\u00e4nderung","url":"https:\/\/humus.live\/en\/","logo":{"@type":"ImageObject","inLanguage":"en-GB","@id":"https:\/\/humus.live\/en\/#\/schema\/logo\/image\/","url":"https:\/\/humus.live\/wp-content\/uploads\/2021\/01\/cropped-humus_hoch.png","contentUrl":"https:\/\/humus.live\/wp-content\/uploads\/2021\/01\/cropped-humus_hoch.png","width":454,"height":403,"caption":"Humus"},"image":{"@id":"https:\/\/humus.live\/en\/#\/schema\/logo\/image\/"},"sameAs":["https:\/\/www.instagram.com\/humus.fuer.veraenderung\/"]}]}},"_links":{"self":[{"href":"https:\/\/humus.live\/en\/wp-json\/wp\/v2\/pages\/56","targetHints":{"allow":["GET"]}}],"collection":[{"href":"https:\/\/humus.live\/en\/wp-json\/wp\/v2\/pages"}],"about":[{"href":"https:\/\/humus.live\/en\/wp-json\/wp\/v2\/types\/page"}],"author":[{"embeddable":true,"href":"https:\/\/humus.live\/en\/wp-json\/wp\/v2\/users\/2"}],"replies":[{"embeddable":true,"href":"https:\/\/humus.live\/en\/wp-json\/wp\/v2\/comments?post=56"}],"version-history":[{"count":20,"href":"https:\/\/humus.live\/en\/wp-json\/wp\/v2\/pages\/56\/revisions"}],"predecessor-version":[{"id":2231,"href":"https:\/\/humus.live\/en\/wp-json\/wp\/v2\/pages\/56\/revisions\/2231"}],"wp:attachment":[{"href":"https:\/\/humus.live\/en\/wp-json\/wp\/v2\/media?parent=56"}],"curies":[{"name":"wp","href":"https:\/\/api.w.org\/{rel}","templated":true}]}}