{"id":2395,"date":"2025-12-10T15:27:54","date_gmt":"2025-12-10T14:27:54","guid":{"rendered":"https:\/\/humus.live\/?page_id=2395"},"modified":"2025-12-10T15:27:55","modified_gmt":"2025-12-10T14:27:55","slug":"impuls-akademie-2026","status":"publish","type":"page","link":"https:\/\/humus.live\/en\/impuls-akademie-2026\/","title":{"rendered":"Impuls Akademie 2026"},"content":{"rendered":"<div style=\"height:30px\" aria-hidden=\"true\" class=\"wp-block-spacer\"><\/div>\n\n\n\n<div class=\"wp-block-cover is-light humus-banner\"><img loading=\"lazy\" decoding=\"async\" width=\"799\" height=\"533\" class=\"wp-block-cover__image-background wp-image-2189 size-full\" alt=\"\" src=\"https:\/\/humus.live\/wp-content\/uploads\/2025\/06\/54492002098_ed2c88c96c_c.jpg\" data-object-fit=\"cover\" srcset=\"https:\/\/humus.live\/wp-content\/uploads\/2025\/06\/54492002098_ed2c88c96c_c.jpg 799w, https:\/\/humus.live\/wp-content\/uploads\/2025\/06\/54492002098_ed2c88c96c_c-300x200.jpg 300w, https:\/\/humus.live\/wp-content\/uploads\/2025\/06\/54492002098_ed2c88c96c_c-768x512.jpg 768w, https:\/\/humus.live\/wp-content\/uploads\/2025\/06\/54492002098_ed2c88c96c_c-18x12.jpg 18w\" sizes=\"auto, (max-width: 799px) 100vw, 799px\" \/><span aria-hidden=\"true\" class=\"wp-block-cover__background has-background-dim\" style=\"background-color:#d4b254\"><\/span><div class=\"wp-block-cover__inner-container is-layout-flow wp-block-cover-is-layout-flow\">\n<p class=\"has-text-align-center has-large-font-size wp-block-paragraph\"><mark style=\"background-color:rgba(0, 0, 0, 0)\" class=\"has-inline-color has-white-color\">Impuls Akademie 2026<\/mark><\/p>\n<\/div><\/div>\n\n\n\n<p class=\"humus-cta wp-block-paragraph\">Die Intensiv-Fortbildung von Humus und .radius findet wieder von 11. bis 17. April 2026 statt: <strong><a href=\"http:\/\/www.impuls-akademie.org\">www.impuls-akademie.org<\/a><\/strong><\/p>\n\n\n\n<h2 class=\"wp-block-heading\">Neue Kurse, intensive Fortbildung<\/h2>\n\n\n\n<p class=\"wp-block-paragraph\">Im Jahr 2026 geht die Impuls Akademie in die dritte Runde. Mit viel Erkenntnissen und Inspiration aus dem letzten Mal sind wir nun mitten in der Feinplanung f\u00fcr unsere intensive Fortbildung, mit .radius gemeinsam.  <\/p>\n\n\n\n<p class=\"wp-block-paragraph\">Zur Auswahl stehen folgende Kurse:<\/p>\n\n\n\n<ul class=\"wp-block-list\">\n<li>Radikale Medienarbeit &amp; Storytelling<\/li>\n\n\n\n<li>Kampagnenstrategie<\/li>\n\n\n\n<li>Organising<\/li>\n\n\n\n<li>Finanzen in Bewegung(en)<\/li>\n\n\n\n<li>How to B\u00fcndnisse<\/li>\n\n\n\n<li>Konfliktmoderation<\/li>\n<\/ul>\n\n\n\n<p class=\"wp-block-paragraph\">Die Anmeldung ist auf der Website schon m\u00f6glich. Wer sich fr\u00fch anmeldet, hat bessere Chancen, den Wunschkurs zu bekommen!<\/p>\n\n\n\n<figure class=\"wp-block-embed is-type-rich is-provider-flickr wp-block-embed-flickr\"><div class=\"wp-block-embed__wrapper\">\n<a data-flickr-embed='true' href='https:\/\/www.flickr.com\/photos\/humusfuerveraenderung\/albums\/72177720325818158' title='Impuls Akademie 2025 by humus-zumwachsen, on Flickr'><img src='https:\/\/live.staticflickr.com\/65535\/54492080375_d0f437ea0f.jpg' width='800' height='600' alt='Impuls Akademie 2025'><\/a><script async src='https:\/\/embedr.flickr.com\/assets\/client-code.js' charset='utf-8'><\/script>\n<\/div><\/figure>","protected":false},"excerpt":{"rendered":"<p>Die Intensiv-Fortbildung von Humus und .radius findet wieder von 11. bis 17. April 2026 statt: www.impuls-akademie.org Neue Kurse, intensive Fortbildung Im Jahr 2026 geht die Impuls Akademie in die dritte Runde. Mit viel Erkenntnissen und Inspiration aus dem letzten Mal sind wir nun mitten in der Feinplanung f\u00fcr unsere intensive Fortbildung, mit .radius gemeinsam. Zur [&hellip;]<\/p>\n","protected":false},"author":3,"featured_media":0,"parent":0,"menu_order":0,"comment_status":"closed","ping_status":"closed","template":"","meta":{"_crdt_document":"","footnotes":""},"class_list":["post-2395","page","type-page","status-publish","hentry"],"yoast_head":"<!-- This site is optimized with the Yoast SEO plugin v27.4 - https:\/\/yoast.com\/product\/yoast-seo-wordpress\/ -->\n<title>Impuls Akademie 2026 - Humus<\/title>\n<meta name=\"robots\" content=\"index, follow, max-snippet:-1, max-image-preview:large, max-video-preview:-1\" \/>\n<link rel=\"canonical\" href=\"https:\/\/humus.live\/en\/impuls-akademie-2026\/\" \/>\n<meta property=\"og:locale\" content=\"en_GB\" \/>\n<meta property=\"og:type\" content=\"article\" \/>\n<meta property=\"og:title\" content=\"Impuls Akademie 2026 - Humus\" \/>\n<meta property=\"og:description\" content=\"Die Intensiv-Fortbildung von Humus und .radius findet wieder von 11. bis 17. April 2026 statt: www.impuls-akademie.org Neue Kurse, intensive Fortbildung Im Jahr 2026 geht die Impuls Akademie in die dritte Runde. Mit viel Erkenntnissen und Inspiration aus dem letzten Mal sind wir nun mitten in der Feinplanung f\u00fcr unsere intensive Fortbildung, mit .radius gemeinsam. Zur [&hellip;]\" \/>\n<meta property=\"og:url\" content=\"https:\/\/humus.live\/en\/impuls-akademie-2026\/\" \/>\n<meta property=\"og:site_name\" content=\"Humus\" \/>\n<meta property=\"article:modified_time\" content=\"2025-12-10T14:27:55+00:00\" \/>\n<meta property=\"og:image\" content=\"https:\/\/humus.live\/wp-content\/uploads\/2025\/06\/54492002098_ed2c88c96c_c.jpg\" \/>\n<meta name=\"twitter:card\" content=\"summary_large_image\" \/>\n<meta name=\"twitter:label1\" content=\"Estimated reading time\" \/>\n\t<meta name=\"twitter:data1\" content=\"1 minute\" \/>\n<script type=\"application\/ld+json\" class=\"yoast-schema-graph\">{\"@context\":\"https:\\\/\\\/schema.org\",\"@graph\":[{\"@type\":\"WebPage\",\"@id\":\"https:\\\/\\\/humus.live\\\/en\\\/impuls-akademie-2026\\\/\",\"url\":\"https:\\\/\\\/humus.live\\\/en\\\/impuls-akademie-2026\\\/\",\"name\":\"Impuls Akademie 2026 - Humus\",\"isPartOf\":{\"@id\":\"https:\\\/\\\/humus.live\\\/en\\\/#website\"},\"primaryImageOfPage\":{\"@id\":\"https:\\\/\\\/humus.live\\\/en\\\/impuls-akademie-2026\\\/#primaryimage\"},\"image\":{\"@id\":\"https:\\\/\\\/humus.live\\\/en\\\/impuls-akademie-2026\\\/#primaryimage\"},\"thumbnailUrl\":\"https:\\\/\\\/humus.live\\\/wp-content\\\/uploads\\\/2025\\\/06\\\/54492002098_ed2c88c96c_c.jpg\",\"datePublished\":\"2025-12-10T14:27:54+00:00\",\"dateModified\":\"2025-12-10T14:27:55+00:00\",\"breadcrumb\":{\"@id\":\"https:\\\/\\\/humus.live\\\/en\\\/impuls-akademie-2026\\\/#breadcrumb\"},\"inLanguage\":\"en-GB\",\"potentialAction\":[{\"@type\":\"ReadAction\",\"target\":[\"https:\\\/\\\/humus.live\\\/en\\\/impuls-akademie-2026\\\/\"]}]},{\"@type\":\"ImageObject\",\"inLanguage\":\"en-GB\",\"@id\":\"https:\\\/\\\/humus.live\\\/en\\\/impuls-akademie-2026\\\/#primaryimage\",\"url\":\"https:\\\/\\\/humus.live\\\/wp-content\\\/uploads\\\/2025\\\/06\\\/54492002098_ed2c88c96c_c.jpg\",\"contentUrl\":\"https:\\\/\\\/humus.live\\\/wp-content\\\/uploads\\\/2025\\\/06\\\/54492002098_ed2c88c96c_c.jpg\"},{\"@type\":\"BreadcrumbList\",\"@id\":\"https:\\\/\\\/humus.live\\\/en\\\/impuls-akademie-2026\\\/#breadcrumb\",\"itemListElement\":[{\"@type\":\"ListItem\",\"position\":1,\"name\":\"Startseite\",\"item\":\"https:\\\/\\\/humus.live\\\/category\\\/allgemein\\\/\"},{\"@type\":\"ListItem\",\"position\":2,\"name\":\"Impuls Akademie 2026\"}]},{\"@type\":\"WebSite\",\"@id\":\"https:\\\/\\\/humus.live\\\/en\\\/#website\",\"url\":\"https:\\\/\\\/humus.live\\\/en\\\/\",\"name\":\"Humus. N\u00e4hrboden f\u00fcr Ver\u00e4nderung. Workshops f\u00fcr soziale Bewegungen.\",\"description\":\"N\u00e4hrboden f\u00fcr Ver\u00e4nderung\",\"publisher\":{\"@id\":\"https:\\\/\\\/humus.live\\\/en\\\/#organization\"},\"potentialAction\":[{\"@type\":\"SearchAction\",\"target\":{\"@type\":\"EntryPoint\",\"urlTemplate\":\"https:\\\/\\\/humus.live\\\/en\\\/?s={search_term_string}\"},\"query-input\":{\"@type\":\"PropertyValueSpecification\",\"valueRequired\":true,\"valueName\":\"search_term_string\"}}],\"inLanguage\":\"en-GB\"},{\"@type\":\"Organization\",\"@id\":\"https:\\\/\\\/humus.live\\\/en\\\/#organization\",\"name\":\"Humus\",\"alternateName\":\"N\u00e4hrboden f\u00fcr Ver\u00e4nderung\",\"url\":\"https:\\\/\\\/humus.live\\\/en\\\/\",\"logo\":{\"@type\":\"ImageObject\",\"inLanguage\":\"en-GB\",\"@id\":\"https:\\\/\\\/humus.live\\\/en\\\/#\\\/schema\\\/logo\\\/image\\\/\",\"url\":\"https:\\\/\\\/humus.live\\\/wp-content\\\/uploads\\\/2021\\\/01\\\/cropped-humus_hoch.png\",\"contentUrl\":\"https:\\\/\\\/humus.live\\\/wp-content\\\/uploads\\\/2021\\\/01\\\/cropped-humus_hoch.png\",\"width\":454,\"height\":403,\"caption\":\"Humus\"},\"image\":{\"@id\":\"https:\\\/\\\/humus.live\\\/en\\\/#\\\/schema\\\/logo\\\/image\\\/\"},\"sameAs\":[\"https:\\\/\\\/www.instagram.com\\\/humus.fuer.veraenderung\\\/\"]}]}<\/script>\n<!-- \/ Yoast SEO plugin. -->","yoast_head_json":{"title":"Impuls Akademie 2026 - Humus","robots":{"index":"index","follow":"follow","max-snippet":"max-snippet:-1","max-image-preview":"max-image-preview:large","max-video-preview":"max-video-preview:-1"},"canonical":"https:\/\/humus.live\/en\/impuls-akademie-2026\/","og_locale":"en_GB","og_type":"article","og_title":"Impuls Akademie 2026 - Humus","og_description":"Die Intensiv-Fortbildung von Humus und .radius findet wieder von 11. bis 17. April 2026 statt: www.impuls-akademie.org Neue Kurse, intensive Fortbildung Im Jahr 2026 geht die Impuls Akademie in die dritte Runde. Mit viel Erkenntnissen und Inspiration aus dem letzten Mal sind wir nun mitten in der Feinplanung f\u00fcr unsere intensive Fortbildung, mit .radius gemeinsam. Zur [&hellip;]","og_url":"https:\/\/humus.live\/en\/impuls-akademie-2026\/","og_site_name":"Humus","article_modified_time":"2025-12-10T14:27:55+00:00","og_image":[{"url":"https:\/\/humus.live\/wp-content\/uploads\/2025\/06\/54492002098_ed2c88c96c_c.jpg","type":"","width":"","height":""}],"twitter_card":"summary_large_image","twitter_misc":{"Estimated reading time":"1 minute"},"schema":{"@context":"https:\/\/schema.org","@graph":[{"@type":"WebPage","@id":"https:\/\/humus.live\/en\/impuls-akademie-2026\/","url":"https:\/\/humus.live\/en\/impuls-akademie-2026\/","name":"Impuls Akademie 2026 - Humus","isPartOf":{"@id":"https:\/\/humus.live\/en\/#website"},"primaryImageOfPage":{"@id":"https:\/\/humus.live\/en\/impuls-akademie-2026\/#primaryimage"},"image":{"@id":"https:\/\/humus.live\/en\/impuls-akademie-2026\/#primaryimage"},"thumbnailUrl":"https:\/\/humus.live\/wp-content\/uploads\/2025\/06\/54492002098_ed2c88c96c_c.jpg","datePublished":"2025-12-10T14:27:54+00:00","dateModified":"2025-12-10T14:27:55+00:00","breadcrumb":{"@id":"https:\/\/humus.live\/en\/impuls-akademie-2026\/#breadcrumb"},"inLanguage":"en-GB","potentialAction":[{"@type":"ReadAction","target":["https:\/\/humus.live\/en\/impuls-akademie-2026\/"]}]},{"@type":"ImageObject","inLanguage":"en-GB","@id":"https:\/\/humus.live\/en\/impuls-akademie-2026\/#primaryimage","url":"https:\/\/humus.live\/wp-content\/uploads\/2025\/06\/54492002098_ed2c88c96c_c.jpg","contentUrl":"https:\/\/humus.live\/wp-content\/uploads\/2025\/06\/54492002098_ed2c88c96c_c.jpg"},{"@type":"BreadcrumbList","@id":"https:\/\/humus.live\/en\/impuls-akademie-2026\/#breadcrumb","itemListElement":[{"@type":"ListItem","position":1,"name":"Startseite","item":"https:\/\/humus.live\/category\/allgemein\/"},{"@type":"ListItem","position":2,"name":"Impuls Akademie 2026"}]},{"@type":"WebSite","@id":"https:\/\/humus.live\/en\/#website","url":"https:\/\/humus.live\/en\/","name":"Humus. N\u00e4hrboden f\u00fcr Ver\u00e4nderung. Workshops f\u00fcr soziale Bewegungen.","description":"Fertile Soil for Change","publisher":{"@id":"https:\/\/humus.live\/en\/#organization"},"potentialAction":[{"@type":"SearchAction","target":{"@type":"EntryPoint","urlTemplate":"https:\/\/humus.live\/en\/?s={search_term_string}"},"query-input":{"@type":"PropertyValueSpecification","valueRequired":true,"valueName":"search_term_string"}}],"inLanguage":"en-GB"},{"@type":"Organization","@id":"https:\/\/humus.live\/en\/#organization","name":"Humus","alternateName":"N\u00e4hrboden f\u00fcr Ver\u00e4nderung","url":"https:\/\/humus.live\/en\/","logo":{"@type":"ImageObject","inLanguage":"en-GB","@id":"https:\/\/humus.live\/en\/#\/schema\/logo\/image\/","url":"https:\/\/humus.live\/wp-content\/uploads\/2021\/01\/cropped-humus_hoch.png","contentUrl":"https:\/\/humus.live\/wp-content\/uploads\/2021\/01\/cropped-humus_hoch.png","width":454,"height":403,"caption":"Humus"},"image":{"@id":"https:\/\/humus.live\/en\/#\/schema\/logo\/image\/"},"sameAs":["https:\/\/www.instagram.com\/humus.fuer.veraenderung\/"]}]}},"_links":{"self":[{"href":"https:\/\/humus.live\/en\/wp-json\/wp\/v2\/pages\/2395","targetHints":{"allow":["GET"]}}],"collection":[{"href":"https:\/\/humus.live\/en\/wp-json\/wp\/v2\/pages"}],"about":[{"href":"https:\/\/humus.live\/en\/wp-json\/wp\/v2\/types\/page"}],"author":[{"embeddable":true,"href":"https:\/\/humus.live\/en\/wp-json\/wp\/v2\/users\/3"}],"replies":[{"embeddable":true,"href":"https:\/\/humus.live\/en\/wp-json\/wp\/v2\/comments?post=2395"}],"version-history":[{"count":1,"href":"https:\/\/humus.live\/en\/wp-json\/wp\/v2\/pages\/2395\/revisions"}],"predecessor-version":[{"id":2396,"href":"https:\/\/humus.live\/en\/wp-json\/wp\/v2\/pages\/2395\/revisions\/2396"}],"wp:attachment":[{"href":"https:\/\/humus.live\/en\/wp-json\/wp\/v2\/media?parent=2395"}],"curies":[{"name":"wp","href":"https:\/\/api.w.org\/{rel}","templated":true}]}}