{"id":2188,"date":"2025-06-03T20:24:51","date_gmt":"2025-06-03T18:24:51","guid":{"rendered":"https:\/\/humus.live\/?page_id=2188"},"modified":"2025-06-03T20:28:56","modified_gmt":"2025-06-03T18:28:56","slug":"ia2025","status":"publish","type":"page","link":"https:\/\/humus.live\/en\/ia2025\/","title":{"rendered":"Impuls Akademie 2025"},"content":{"rendered":"<div style=\"height:30px\" aria-hidden=\"true\" class=\"wp-block-spacer\"><\/div>\n\n\n\n<div class=\"wp-block-cover is-light humus-banner\"><img loading=\"lazy\" decoding=\"async\" width=\"799\" height=\"533\" class=\"wp-block-cover__image-background wp-image-2189 size-full\" alt=\"\" src=\"https:\/\/humus.live\/wp-content\/uploads\/2025\/06\/54492002098_ed2c88c96c_c.jpg\" data-object-fit=\"cover\" srcset=\"https:\/\/humus.live\/wp-content\/uploads\/2025\/06\/54492002098_ed2c88c96c_c.jpg 799w, https:\/\/humus.live\/wp-content\/uploads\/2025\/06\/54492002098_ed2c88c96c_c-300x200.jpg 300w, https:\/\/humus.live\/wp-content\/uploads\/2025\/06\/54492002098_ed2c88c96c_c-768x512.jpg 768w, https:\/\/humus.live\/wp-content\/uploads\/2025\/06\/54492002098_ed2c88c96c_c-18x12.jpg 18w\" sizes=\"auto, (max-width: 799px) 100vw, 799px\" \/><span aria-hidden=\"true\" class=\"wp-block-cover__background has-background-dim\" style=\"background-color:#d4b254\"><\/span><div class=\"wp-block-cover__inner-container is-layout-flow wp-block-cover-is-layout-flow\">\n<p class=\"has-text-align-center has-large-font-size wp-block-paragraph\"><mark style=\"background-color:rgba(0, 0, 0, 0)\" class=\"has-inline-color has-white-color\">Impuls Akademie 2025<\/mark><\/p>\n<\/div><\/div>\n\n\n\n<p class=\"humus-cta wp-block-paragraph\">Die Intensiv-Fortbildung von Humus und .radius fand 2025 zum zweiten Mal statt: <strong><a href=\"http:\/\/www.impuls-akademie.org\">www.impuls-akademie.org<\/a><\/strong><\/p>\n\n\n\n<h2 class=\"wp-block-heading\">F\u00fcnf Kurse, eine Woche<\/h2>\n\n\n\n<p class=\"wp-block-paragraph\">Mit 5 intensiven Kursen und \u00fcber 60 Teilnehmende war die zweite Impuls Akademie, die wir im April, gemeinsam mit radius veranstaltet haben, ein gro\u00dfartiger Erfolg. Wir sind froh dar\u00fcber, dass wir auf unsere Erfahrungen aus dem 1. Durchgang aufbauen und damit das ganze Event noch \u201erunder\u201c gestalten konnten. Dieses Mal gab es nicht nur ein breiteres Kursprogramm (mit internationalen und hochkar\u00e4tigen Trainer:innen), sondern auch gemischtere Zielgruppen. Die R\u00fcckmeldungen sind bisher \u00fcberaus positiv und wir haben schon jetzt von vielen Anwendungsf\u00e4llen in der Praxis erfahren, was uns besonders freut. Wir freuen uns auch dar\u00fcber, dass wir die erfolgreiche Zusammenarbeit mit dem Kampagnenb\u00fcro .radios fortsetzen konnten und t\u00fcfteln schon an Fortsetzungen der Impuls Akademie. Wer nicht so lange warten m\u00f6chte, findet viele Skills-Workshops immer bei <a href=\"http:\/\/www.tippingpoints.life\">www.tippingpoints.life<\/a> <\/p>\n\n\n\n<figure class=\"wp-block-embed is-type-rich is-provider-flickr wp-block-embed-flickr\"><div class=\"wp-block-embed__wrapper\">\n<a data-flickr-embed='true' href='https:\/\/www.flickr.com\/photos\/humusfuerveraenderung\/albums\/72177720325818158' title='Impuls Akademie 2025 by humus-zumwachsen, on Flickr'><img src='https:\/\/live.staticflickr.com\/65535\/54492080375_d0f437ea0f.jpg' width='800' height='600' alt='Impuls Akademie 2025'><\/a><script async src='https:\/\/embedr.flickr.com\/assets\/client-code.js' charset='utf-8'><\/script>\n<\/div><\/figure>","protected":false},"excerpt":{"rendered":"<p>Die Intensiv-Fortbildung von Humus und .radius fand 2025 zum zweiten Mal statt: www.impuls-akademie.org F\u00fcnf Kurse, eine Woche Mit 5 intensiven Kursen und \u00fcber 60 Teilnehmende war die zweite Impuls Akademie, die wir im April, gemeinsam mit radius veranstaltet haben, ein gro\u00dfartiger Erfolg. Wir sind froh dar\u00fcber, dass wir auf unsere Erfahrungen aus dem 1. Durchgang [&hellip;]<\/p>\n","protected":false},"author":3,"featured_media":0,"parent":0,"menu_order":0,"comment_status":"closed","ping_status":"closed","template":"","meta":{"_crdt_document":"","footnotes":""},"class_list":["post-2188","page","type-page","status-publish","hentry"],"yoast_head":"<!-- This site is optimized with the Yoast SEO plugin v27.4 - https:\/\/yoast.com\/product\/yoast-seo-wordpress\/ -->\n<title>Impuls Akademie 2025 - Humus<\/title>\n<meta name=\"robots\" content=\"index, follow, max-snippet:-1, max-image-preview:large, max-video-preview:-1\" \/>\n<link rel=\"canonical\" href=\"https:\/\/humus.live\/en\/ia2025\/\" \/>\n<meta property=\"og:locale\" content=\"en_GB\" \/>\n<meta property=\"og:type\" content=\"article\" \/>\n<meta property=\"og:title\" content=\"Impuls Akademie 2025 - Humus\" \/>\n<meta property=\"og:description\" content=\"Die Intensiv-Fortbildung von Humus und .radius fand 2025 zum zweiten Mal statt: www.impuls-akademie.org F\u00fcnf Kurse, eine Woche Mit 5 intensiven Kursen und \u00fcber 60 Teilnehmende war die zweite Impuls Akademie, die wir im April, gemeinsam mit radius veranstaltet haben, ein gro\u00dfartiger Erfolg. Wir sind froh dar\u00fcber, dass wir auf unsere Erfahrungen aus dem 1. Durchgang [&hellip;]\" \/>\n<meta property=\"og:url\" content=\"https:\/\/humus.live\/en\/ia2025\/\" \/>\n<meta property=\"og:site_name\" content=\"Humus\" \/>\n<meta property=\"article:modified_time\" content=\"2025-06-03T18:28:56+00:00\" \/>\n<meta property=\"og:image\" content=\"https:\/\/humus.live\/wp-content\/uploads\/2025\/06\/54492002098_ed2c88c96c_c.jpg\" \/>\n<meta name=\"twitter:card\" content=\"summary_large_image\" \/>\n<meta name=\"twitter:label1\" content=\"Estimated reading time\" \/>\n\t<meta name=\"twitter:data1\" content=\"2 minutes\" \/>\n<script type=\"application\/ld+json\" class=\"yoast-schema-graph\">{\"@context\":\"https:\\\/\\\/schema.org\",\"@graph\":[{\"@type\":\"WebPage\",\"@id\":\"https:\\\/\\\/humus.live\\\/en\\\/ia2025\\\/\",\"url\":\"https:\\\/\\\/humus.live\\\/en\\\/ia2025\\\/\",\"name\":\"Impuls Akademie 2025 - Humus\",\"isPartOf\":{\"@id\":\"https:\\\/\\\/humus.live\\\/en\\\/#website\"},\"primaryImageOfPage\":{\"@id\":\"https:\\\/\\\/humus.live\\\/en\\\/ia2025\\\/#primaryimage\"},\"image\":{\"@id\":\"https:\\\/\\\/humus.live\\\/en\\\/ia2025\\\/#primaryimage\"},\"thumbnailUrl\":\"https:\\\/\\\/humus.live\\\/wp-content\\\/uploads\\\/2025\\\/06\\\/54492002098_ed2c88c96c_c.jpg\",\"datePublished\":\"2025-06-03T18:24:51+00:00\",\"dateModified\":\"2025-06-03T18:28:56+00:00\",\"breadcrumb\":{\"@id\":\"https:\\\/\\\/humus.live\\\/en\\\/ia2025\\\/#breadcrumb\"},\"inLanguage\":\"en-GB\",\"potentialAction\":[{\"@type\":\"ReadAction\",\"target\":[\"https:\\\/\\\/humus.live\\\/en\\\/ia2025\\\/\"]}]},{\"@type\":\"ImageObject\",\"inLanguage\":\"en-GB\",\"@id\":\"https:\\\/\\\/humus.live\\\/en\\\/ia2025\\\/#primaryimage\",\"url\":\"https:\\\/\\\/humus.live\\\/wp-content\\\/uploads\\\/2025\\\/06\\\/54492002098_ed2c88c96c_c.jpg\",\"contentUrl\":\"https:\\\/\\\/humus.live\\\/wp-content\\\/uploads\\\/2025\\\/06\\\/54492002098_ed2c88c96c_c.jpg\"},{\"@type\":\"BreadcrumbList\",\"@id\":\"https:\\\/\\\/humus.live\\\/en\\\/ia2025\\\/#breadcrumb\",\"itemListElement\":[{\"@type\":\"ListItem\",\"position\":1,\"name\":\"Startseite\",\"item\":\"https:\\\/\\\/humus.live\\\/category\\\/allgemein\\\/\"},{\"@type\":\"ListItem\",\"position\":2,\"name\":\"Impuls Akademie 2025\"}]},{\"@type\":\"WebSite\",\"@id\":\"https:\\\/\\\/humus.live\\\/en\\\/#website\",\"url\":\"https:\\\/\\\/humus.live\\\/en\\\/\",\"name\":\"Humus. N\u00e4hrboden f\u00fcr Ver\u00e4nderung. Workshops f\u00fcr soziale Bewegungen.\",\"description\":\"N\u00e4hrboden f\u00fcr Ver\u00e4nderung\",\"publisher\":{\"@id\":\"https:\\\/\\\/humus.live\\\/en\\\/#organization\"},\"potentialAction\":[{\"@type\":\"SearchAction\",\"target\":{\"@type\":\"EntryPoint\",\"urlTemplate\":\"https:\\\/\\\/humus.live\\\/en\\\/?s={search_term_string}\"},\"query-input\":{\"@type\":\"PropertyValueSpecification\",\"valueRequired\":true,\"valueName\":\"search_term_string\"}}],\"inLanguage\":\"en-GB\"},{\"@type\":\"Organization\",\"@id\":\"https:\\\/\\\/humus.live\\\/en\\\/#organization\",\"name\":\"Humus\",\"alternateName\":\"N\u00e4hrboden f\u00fcr Ver\u00e4nderung\",\"url\":\"https:\\\/\\\/humus.live\\\/en\\\/\",\"logo\":{\"@type\":\"ImageObject\",\"inLanguage\":\"en-GB\",\"@id\":\"https:\\\/\\\/humus.live\\\/en\\\/#\\\/schema\\\/logo\\\/image\\\/\",\"url\":\"https:\\\/\\\/humus.live\\\/wp-content\\\/uploads\\\/2021\\\/01\\\/cropped-humus_hoch.png\",\"contentUrl\":\"https:\\\/\\\/humus.live\\\/wp-content\\\/uploads\\\/2021\\\/01\\\/cropped-humus_hoch.png\",\"width\":454,\"height\":403,\"caption\":\"Humus\"},\"image\":{\"@id\":\"https:\\\/\\\/humus.live\\\/en\\\/#\\\/schema\\\/logo\\\/image\\\/\"},\"sameAs\":[\"https:\\\/\\\/www.instagram.com\\\/humus.fuer.veraenderung\\\/\"]}]}<\/script>\n<!-- \/ Yoast SEO plugin. -->","yoast_head_json":{"title":"Impuls Akademie 2025 - Humus","robots":{"index":"index","follow":"follow","max-snippet":"max-snippet:-1","max-image-preview":"max-image-preview:large","max-video-preview":"max-video-preview:-1"},"canonical":"https:\/\/humus.live\/en\/ia2025\/","og_locale":"en_GB","og_type":"article","og_title":"Impuls Akademie 2025 - Humus","og_description":"Die Intensiv-Fortbildung von Humus und .radius fand 2025 zum zweiten Mal statt: www.impuls-akademie.org F\u00fcnf Kurse, eine Woche Mit 5 intensiven Kursen und \u00fcber 60 Teilnehmende war die zweite Impuls Akademie, die wir im April, gemeinsam mit radius veranstaltet haben, ein gro\u00dfartiger Erfolg. Wir sind froh dar\u00fcber, dass wir auf unsere Erfahrungen aus dem 1. Durchgang [&hellip;]","og_url":"https:\/\/humus.live\/en\/ia2025\/","og_site_name":"Humus","article_modified_time":"2025-06-03T18:28:56+00:00","og_image":[{"url":"https:\/\/humus.live\/wp-content\/uploads\/2025\/06\/54492002098_ed2c88c96c_c.jpg","type":"","width":"","height":""}],"twitter_card":"summary_large_image","twitter_misc":{"Estimated reading time":"2 minutes"},"schema":{"@context":"https:\/\/schema.org","@graph":[{"@type":"WebPage","@id":"https:\/\/humus.live\/en\/ia2025\/","url":"https:\/\/humus.live\/en\/ia2025\/","name":"Impuls Akademie 2025 - Humus","isPartOf":{"@id":"https:\/\/humus.live\/en\/#website"},"primaryImageOfPage":{"@id":"https:\/\/humus.live\/en\/ia2025\/#primaryimage"},"image":{"@id":"https:\/\/humus.live\/en\/ia2025\/#primaryimage"},"thumbnailUrl":"https:\/\/humus.live\/wp-content\/uploads\/2025\/06\/54492002098_ed2c88c96c_c.jpg","datePublished":"2025-06-03T18:24:51+00:00","dateModified":"2025-06-03T18:28:56+00:00","breadcrumb":{"@id":"https:\/\/humus.live\/en\/ia2025\/#breadcrumb"},"inLanguage":"en-GB","potentialAction":[{"@type":"ReadAction","target":["https:\/\/humus.live\/en\/ia2025\/"]}]},{"@type":"ImageObject","inLanguage":"en-GB","@id":"https:\/\/humus.live\/en\/ia2025\/#primaryimage","url":"https:\/\/humus.live\/wp-content\/uploads\/2025\/06\/54492002098_ed2c88c96c_c.jpg","contentUrl":"https:\/\/humus.live\/wp-content\/uploads\/2025\/06\/54492002098_ed2c88c96c_c.jpg"},{"@type":"BreadcrumbList","@id":"https:\/\/humus.live\/en\/ia2025\/#breadcrumb","itemListElement":[{"@type":"ListItem","position":1,"name":"Startseite","item":"https:\/\/humus.live\/category\/allgemein\/"},{"@type":"ListItem","position":2,"name":"Impuls Akademie 2025"}]},{"@type":"WebSite","@id":"https:\/\/humus.live\/en\/#website","url":"https:\/\/humus.live\/en\/","name":"Humus. N\u00e4hrboden f\u00fcr Ver\u00e4nderung. Workshops f\u00fcr soziale Bewegungen.","description":"Fertile Soil for Change","publisher":{"@id":"https:\/\/humus.live\/en\/#organization"},"potentialAction":[{"@type":"SearchAction","target":{"@type":"EntryPoint","urlTemplate":"https:\/\/humus.live\/en\/?s={search_term_string}"},"query-input":{"@type":"PropertyValueSpecification","valueRequired":true,"valueName":"search_term_string"}}],"inLanguage":"en-GB"},{"@type":"Organization","@id":"https:\/\/humus.live\/en\/#organization","name":"Humus","alternateName":"N\u00e4hrboden f\u00fcr Ver\u00e4nderung","url":"https:\/\/humus.live\/en\/","logo":{"@type":"ImageObject","inLanguage":"en-GB","@id":"https:\/\/humus.live\/en\/#\/schema\/logo\/image\/","url":"https:\/\/humus.live\/wp-content\/uploads\/2021\/01\/cropped-humus_hoch.png","contentUrl":"https:\/\/humus.live\/wp-content\/uploads\/2021\/01\/cropped-humus_hoch.png","width":454,"height":403,"caption":"Humus"},"image":{"@id":"https:\/\/humus.live\/en\/#\/schema\/logo\/image\/"},"sameAs":["https:\/\/www.instagram.com\/humus.fuer.veraenderung\/"]}]}},"_links":{"self":[{"href":"https:\/\/humus.live\/en\/wp-json\/wp\/v2\/pages\/2188","targetHints":{"allow":["GET"]}}],"collection":[{"href":"https:\/\/humus.live\/en\/wp-json\/wp\/v2\/pages"}],"about":[{"href":"https:\/\/humus.live\/en\/wp-json\/wp\/v2\/types\/page"}],"author":[{"embeddable":true,"href":"https:\/\/humus.live\/en\/wp-json\/wp\/v2\/users\/3"}],"replies":[{"embeddable":true,"href":"https:\/\/humus.live\/en\/wp-json\/wp\/v2\/comments?post=2188"}],"version-history":[{"count":4,"href":"https:\/\/humus.live\/en\/wp-json\/wp\/v2\/pages\/2188\/revisions"}],"predecessor-version":[{"id":2193,"href":"https:\/\/humus.live\/en\/wp-json\/wp\/v2\/pages\/2188\/revisions\/2193"}],"wp:attachment":[{"href":"https:\/\/humus.live\/en\/wp-json\/wp\/v2\/media?parent=2188"}],"curies":[{"name":"wp","href":"https:\/\/api.w.org\/{rel}","templated":true}]}}