{"id":2133,"date":"2025-01-28T18:53:30","date_gmt":"2025-01-28T17:53:30","guid":{"rendered":"https:\/\/humus.live\/?page_id=2133"},"modified":"2025-01-28T18:57:44","modified_gmt":"2025-01-28T17:57:44","slug":"wie-wir-arbeiten","status":"publish","type":"page","link":"https:\/\/humus.live\/en\/wie-wir-arbeiten\/","title":{"rendered":"How we work"},"content":{"rendered":"<h1 class=\"wp-block-heading\">How we work<\/h1>\n\n\n\n<p class=\"wp-block-paragraph\">As a structure that educates and supports social movements, we would like to describe some of the basic principles that guide our work. Instead of a single tradition or \u2018school\u2019, we are guided and inspired by a range of approaches. These fundamental aspects of our work are based on our experience, qualifications and further trainings, literature and observations. We reflect on them regularly and discuss them with other stakeholders and participants at our events.<\/p>\n\n\n\n<h3 class=\"wp-block-heading\">What matters to us<\/h3>\n\n\n\n<p class=\"wp-block-paragraph translation-block\"><strong>With educational formats such as trainings, workshops, courses and seminars, we primarily provide methodological knowledge and skills.<\/strong> This, as well as accompanying groups, is intended to <strong>strengthen social movements <\/strong> in which we are sometimes active ourselves, sometimes hardly at all. However, we do not offer any kind of education, training or support for groups that have a discriminatory, exclusionist attitude. In this sense, we see ourselves as a supporting and <strong>empowering player <\/strong> in various emancipatory social movements. Our aim is to work in a movement-oriented and context-sensitive manner, not as an external service provider.<\/p>\n\n\n\n<h3 class=\"wp-block-heading\">Attitude and approaches<\/h3>\n\n\n\n<p class=\"wp-block-paragraph translation-block\">Methodologically and conceptually, we rely heavily on the pedagogical strategy of  <strong> engaged paedagogy (bell hooks)<\/strong>  and the concept of global learning \/  <strong>global citizenship education<\/strong>  when developing our educational formats. Not only because we live in a complex world that requires holistic approaches, but above all because we find it important to encourage (self-)reflection, the inclusion of learners' living environments, the diversity of perspectives and the attitude of \u201cteachers as learners\u201d. In terms of  <strong>critical pedagogy<\/strong> , critical reflection on the content taught (for us this means: methods, skills, concepts) and independent thinking are at least as important to us as the teaching of certain concepts. This aim is in line with our self-image as movement workers and our goal of strengthening movements. It is particularly important to us in view of the fact that many methods and concepts are also used in neoliberal and anti-emancipatory contexts. This is why we particularly value  <strong>collective critical reflection<\/strong>  - not only as a tool in educational formats, but also for our further development.<\/p>\n\n\n\n<p class=\"wp-block-paragraph translation-block\">When <strong>accompanying groups<\/strong> and providing training, we rely on <strong>systemic theoretical principles as well as experience- and action-orientated learning (action learning)<\/strong> - Seeing that the practical experience of individuals and groups is central, especially in the context of social movements, and the majority of (methodological) knowledge transfer is based on this. However, we also like to add \u2018learning by stories\u2019 to the principle of \u2018learning by doing\u2019, as many experiences should not be repeated, e.g. where repression, burnout and frustration over dysfunctional group structures are involved. In seminar designs and group processes, we also like to draw on elements and insights from<strong> theme-centred interaction<\/strong>.<\/p>\n\n\n\n<h3 class=\"wp-block-heading\">Why?<\/h3>\n\n\n\n<blockquote class=\"wp-block-quote is-layout-flow wp-block-quote-is-layout-flow\">\n<p class=\"wp-block-paragraph\">We find ourselves confronted with a clear option: to educate for liberation or to educate for domination\u201d <br>(zit. n.: bell hooks (1989) Talking Back, p. 101)<\/p>\n<\/blockquote>\n\n\n\n<p class=\"wp-block-paragraph\">All these strategies, approaches and sources of inspiration are driven by the aim of contributing to a world without exploitative conditions and to nourish relationships based on solidarity. We also seek such connections with all those with whom we work and learn.<\/p>","protected":false},"excerpt":{"rendered":"<p>Wie wir arbeiten Als Bildungs- und Bewegungssupportstruktur m\u00f6chten wir einige Grundprinzipien beschreiben, nach denen wir arbeiten. Statt einer einzelnen Tradition oder \u201eSchule\u201c lassen wir uns von einer Reihe von Ans\u00e4tzen leiten und inspirieren. Diese Grundlagen unserer Arbeit speisen sich aus unseren Erfahrungen, Aus- und Fortbildungen, Literatur und Beobachtungen. Wir reflektieren und diskutieren sie immer wieder, [&hellip;]<\/p>\n","protected":false},"author":3,"featured_media":0,"parent":0,"menu_order":0,"comment_status":"closed","ping_status":"closed","template":"","meta":{"_crdt_document":"","footnotes":""},"class_list":["post-2133","page","type-page","status-publish","hentry"],"yoast_head":"<!-- This site is optimized with the Yoast SEO plugin v27.4 - https:\/\/yoast.com\/product\/yoast-seo-wordpress\/ -->\n<title>Wie wir arbeiten - Humus<\/title>\n<meta name=\"robots\" content=\"index, follow, max-snippet:-1, max-image-preview:large, max-video-preview:-1\" \/>\n<link rel=\"canonical\" href=\"https:\/\/humus.live\/en\/wie-wir-arbeiten\/\" \/>\n<meta property=\"og:locale\" content=\"en_GB\" \/>\n<meta property=\"og:type\" content=\"article\" \/>\n<meta property=\"og:title\" content=\"Wie wir arbeiten - Humus\" \/>\n<meta property=\"og:description\" content=\"Wie wir arbeiten Als Bildungs- und Bewegungssupportstruktur m\u00f6chten wir einige Grundprinzipien beschreiben, nach denen wir arbeiten. Statt einer einzelnen Tradition oder \u201eSchule\u201c lassen wir uns von einer Reihe von Ans\u00e4tzen leiten und inspirieren. Diese Grundlagen unserer Arbeit speisen sich aus unseren Erfahrungen, Aus- und Fortbildungen, Literatur und Beobachtungen. Wir reflektieren und diskutieren sie immer wieder, [&hellip;]\" \/>\n<meta property=\"og:url\" content=\"https:\/\/humus.live\/en\/wie-wir-arbeiten\/\" \/>\n<meta property=\"og:site_name\" content=\"Humus\" \/>\n<meta property=\"article:modified_time\" content=\"2025-01-28T17:57:44+00:00\" \/>\n<meta name=\"twitter:card\" content=\"summary_large_image\" \/>\n<meta name=\"twitter:label1\" content=\"Estimated reading time\" \/>\n\t<meta name=\"twitter:data1\" content=\"3 minutes\" \/>\n<script type=\"application\/ld+json\" class=\"yoast-schema-graph\">{\"@context\":\"https:\\\/\\\/schema.org\",\"@graph\":[{\"@type\":\"WebPage\",\"@id\":\"https:\\\/\\\/humus.live\\\/en\\\/wie-wir-arbeiten\\\/\",\"url\":\"https:\\\/\\\/humus.live\\\/en\\\/wie-wir-arbeiten\\\/\",\"name\":\"Wie wir arbeiten - Humus\",\"isPartOf\":{\"@id\":\"https:\\\/\\\/humus.live\\\/en\\\/#website\"},\"datePublished\":\"2025-01-28T17:53:30+00:00\",\"dateModified\":\"2025-01-28T17:57:44+00:00\",\"breadcrumb\":{\"@id\":\"https:\\\/\\\/humus.live\\\/en\\\/wie-wir-arbeiten\\\/#breadcrumb\"},\"inLanguage\":\"en-GB\",\"potentialAction\":[{\"@type\":\"ReadAction\",\"target\":[\"https:\\\/\\\/humus.live\\\/en\\\/wie-wir-arbeiten\\\/\"]}]},{\"@type\":\"BreadcrumbList\",\"@id\":\"https:\\\/\\\/humus.live\\\/en\\\/wie-wir-arbeiten\\\/#breadcrumb\",\"itemListElement\":[{\"@type\":\"ListItem\",\"position\":1,\"name\":\"Startseite\",\"item\":\"https:\\\/\\\/humus.live\\\/category\\\/allgemein\\\/\"},{\"@type\":\"ListItem\",\"position\":2,\"name\":\"Wie wir arbeiten\"}]},{\"@type\":\"WebSite\",\"@id\":\"https:\\\/\\\/humus.live\\\/en\\\/#website\",\"url\":\"https:\\\/\\\/humus.live\\\/en\\\/\",\"name\":\"Humus. N\u00e4hrboden f\u00fcr Ver\u00e4nderung. Workshops f\u00fcr soziale Bewegungen.\",\"description\":\"N\u00e4hrboden f\u00fcr Ver\u00e4nderung\",\"publisher\":{\"@id\":\"https:\\\/\\\/humus.live\\\/en\\\/#organization\"},\"potentialAction\":[{\"@type\":\"SearchAction\",\"target\":{\"@type\":\"EntryPoint\",\"urlTemplate\":\"https:\\\/\\\/humus.live\\\/en\\\/?s={search_term_string}\"},\"query-input\":{\"@type\":\"PropertyValueSpecification\",\"valueRequired\":true,\"valueName\":\"search_term_string\"}}],\"inLanguage\":\"en-GB\"},{\"@type\":\"Organization\",\"@id\":\"https:\\\/\\\/humus.live\\\/en\\\/#organization\",\"name\":\"Humus\",\"alternateName\":\"N\u00e4hrboden f\u00fcr Ver\u00e4nderung\",\"url\":\"https:\\\/\\\/humus.live\\\/en\\\/\",\"logo\":{\"@type\":\"ImageObject\",\"inLanguage\":\"en-GB\",\"@id\":\"https:\\\/\\\/humus.live\\\/en\\\/#\\\/schema\\\/logo\\\/image\\\/\",\"url\":\"https:\\\/\\\/humus.live\\\/wp-content\\\/uploads\\\/2021\\\/01\\\/cropped-humus_hoch.png\",\"contentUrl\":\"https:\\\/\\\/humus.live\\\/wp-content\\\/uploads\\\/2021\\\/01\\\/cropped-humus_hoch.png\",\"width\":454,\"height\":403,\"caption\":\"Humus\"},\"image\":{\"@id\":\"https:\\\/\\\/humus.live\\\/en\\\/#\\\/schema\\\/logo\\\/image\\\/\"},\"sameAs\":[\"https:\\\/\\\/www.instagram.com\\\/humus.fuer.veraenderung\\\/\"]}]}<\/script>\n<!-- \/ Yoast SEO plugin. -->","yoast_head_json":{"title":"Wie wir arbeiten - Humus","robots":{"index":"index","follow":"follow","max-snippet":"max-snippet:-1","max-image-preview":"max-image-preview:large","max-video-preview":"max-video-preview:-1"},"canonical":"https:\/\/humus.live\/en\/wie-wir-arbeiten\/","og_locale":"en_GB","og_type":"article","og_title":"Wie wir arbeiten - Humus","og_description":"Wie wir arbeiten Als Bildungs- und Bewegungssupportstruktur m\u00f6chten wir einige Grundprinzipien beschreiben, nach denen wir arbeiten. Statt einer einzelnen Tradition oder \u201eSchule\u201c lassen wir uns von einer Reihe von Ans\u00e4tzen leiten und inspirieren. Diese Grundlagen unserer Arbeit speisen sich aus unseren Erfahrungen, Aus- und Fortbildungen, Literatur und Beobachtungen. Wir reflektieren und diskutieren sie immer wieder, [&hellip;]","og_url":"https:\/\/humus.live\/en\/wie-wir-arbeiten\/","og_site_name":"Humus","article_modified_time":"2025-01-28T17:57:44+00:00","twitter_card":"summary_large_image","twitter_misc":{"Estimated reading time":"3 minutes"},"schema":{"@context":"https:\/\/schema.org","@graph":[{"@type":"WebPage","@id":"https:\/\/humus.live\/en\/wie-wir-arbeiten\/","url":"https:\/\/humus.live\/en\/wie-wir-arbeiten\/","name":"Wie wir arbeiten - Humus","isPartOf":{"@id":"https:\/\/humus.live\/en\/#website"},"datePublished":"2025-01-28T17:53:30+00:00","dateModified":"2025-01-28T17:57:44+00:00","breadcrumb":{"@id":"https:\/\/humus.live\/en\/wie-wir-arbeiten\/#breadcrumb"},"inLanguage":"en-GB","potentialAction":[{"@type":"ReadAction","target":["https:\/\/humus.live\/en\/wie-wir-arbeiten\/"]}]},{"@type":"BreadcrumbList","@id":"https:\/\/humus.live\/en\/wie-wir-arbeiten\/#breadcrumb","itemListElement":[{"@type":"ListItem","position":1,"name":"Startseite","item":"https:\/\/humus.live\/category\/allgemein\/"},{"@type":"ListItem","position":2,"name":"Wie wir arbeiten"}]},{"@type":"WebSite","@id":"https:\/\/humus.live\/en\/#website","url":"https:\/\/humus.live\/en\/","name":"Humus. N\u00e4hrboden f\u00fcr Ver\u00e4nderung. Workshops f\u00fcr soziale Bewegungen.","description":"Fertile Soil for Change","publisher":{"@id":"https:\/\/humus.live\/en\/#organization"},"potentialAction":[{"@type":"SearchAction","target":{"@type":"EntryPoint","urlTemplate":"https:\/\/humus.live\/en\/?s={search_term_string}"},"query-input":{"@type":"PropertyValueSpecification","valueRequired":true,"valueName":"search_term_string"}}],"inLanguage":"en-GB"},{"@type":"Organization","@id":"https:\/\/humus.live\/en\/#organization","name":"Humus","alternateName":"N\u00e4hrboden f\u00fcr Ver\u00e4nderung","url":"https:\/\/humus.live\/en\/","logo":{"@type":"ImageObject","inLanguage":"en-GB","@id":"https:\/\/humus.live\/en\/#\/schema\/logo\/image\/","url":"https:\/\/humus.live\/wp-content\/uploads\/2021\/01\/cropped-humus_hoch.png","contentUrl":"https:\/\/humus.live\/wp-content\/uploads\/2021\/01\/cropped-humus_hoch.png","width":454,"height":403,"caption":"Humus"},"image":{"@id":"https:\/\/humus.live\/en\/#\/schema\/logo\/image\/"},"sameAs":["https:\/\/www.instagram.com\/humus.fuer.veraenderung\/"]}]}},"_links":{"self":[{"href":"https:\/\/humus.live\/en\/wp-json\/wp\/v2\/pages\/2133","targetHints":{"allow":["GET"]}}],"collection":[{"href":"https:\/\/humus.live\/en\/wp-json\/wp\/v2\/pages"}],"about":[{"href":"https:\/\/humus.live\/en\/wp-json\/wp\/v2\/types\/page"}],"author":[{"embeddable":true,"href":"https:\/\/humus.live\/en\/wp-json\/wp\/v2\/users\/3"}],"replies":[{"embeddable":true,"href":"https:\/\/humus.live\/en\/wp-json\/wp\/v2\/comments?post=2133"}],"version-history":[{"count":10,"href":"https:\/\/humus.live\/en\/wp-json\/wp\/v2\/pages\/2133\/revisions"}],"predecessor-version":[{"id":2146,"href":"https:\/\/humus.live\/en\/wp-json\/wp\/v2\/pages\/2133\/revisions\/2146"}],"wp:attachment":[{"href":"https:\/\/humus.live\/en\/wp-json\/wp\/v2\/media?parent=2133"}],"curies":[{"name":"wp","href":"https:\/\/api.w.org\/{rel}","templated":true}]}}