{"id":2075,"date":"2024-12-02T10:09:54","date_gmt":"2024-12-02T09:09:54","guid":{"rendered":"https:\/\/humus.live\/?page_id=2075"},"modified":"2026-01-11T10:47:27","modified_gmt":"2026-01-11T09:47:27","slug":"links","status":"publish","type":"page","link":"https:\/\/humus.live\/en\/links\/","title":{"rendered":"Links zu aktuellen Angeboten"},"content":{"rendered":"<div style=\"height:47px\" aria-hidden=\"true\" class=\"wp-block-spacer\"><\/div>\n\n\n\n<p class=\"wp-block-paragraph\">Hier geht es direkt zu den aktuellsten News. Alle anderen Infos sind normal \u00fcber das Men\u00fc zu finden. <\/p>\n\n\n\n<div class=\"wp-block-buttons is-vertical is-content-justification-center is-layout-flex wp-container-core-buttons-is-layout-569b4b61 wp-block-buttons-is-layout-flex\">\n<div class=\"wp-block-button has-custom-width wp-block-button__width-50 is-style-fill\"><a class=\"wp-block-button__link has-white-color has-vivid-red-background-color has-text-color has-background has-link-color wp-element-button\" href=\"https:\/\/impuls-akademie.org\/ia2026\">Kursprogramm Impuls Akademie 2026<\/a><\/div>\n\n\n\n<div class=\"wp-block-button has-custom-width wp-block-button__width-50 is-style-fill\"><a class=\"wp-block-button__link has-white-color has-vivid-red-background-color has-text-color has-background has-link-color wp-element-button\" href=\"https:\/\/11a4e2a5.sibforms.com\/serve\/MUIFAABwRhLV6V0caenv2_es9D5pmzLkxD6ewXDVyH82WikmGOVn7vu9D0CJ0sW6rERI42XSEX7yEV0nuL_X7hnBzCPj_-ZFuPmQzTKnwmx1cbi07pc1OfVa3tuuJktAHAzD0v8ZkqOeS1ZYsUXxYTBzfVN1eZ_0eE9jjDMrmHSIHwXGuS3preUIA4rCnxHHF5PPd7wuJqju0aoJ\">News zur Impuls Akademie 2026<\/a><\/div>\n\n\n\n<div class=\"wp-block-button has-custom-width wp-block-button__width-50 is-style-outline is-style-outline--1\"><a class=\"wp-block-button__link has-black-color has-white-background-color has-text-color has-background has-link-color wp-element-button\" href=\"https:\/\/humus.live\/en\/publikationen\/\">Publikationen bestellen<\/a><\/div>\n\n\n\n<div class=\"wp-block-button has-custom-width wp-block-button__width-50 is-style-outline is-style-outline--2\"><a class=\"wp-block-button__link has-black-color has-white-background-color has-text-color has-background has-link-color wp-element-button\" href=\"http:\/\/www.skills4crisis.org\">Skills for Crisis<\/a><\/div>\n\n\n\n<div class=\"wp-block-button has-custom-width wp-block-button__width-50 is-style-fill\"><a class=\"wp-block-button__link has-white-color has-text-color has-link-color has-text-align-center wp-element-button\" href=\"https:\/\/humus.live\/en\/ueber-uns\/\">Humus regelm\u00e4\u00dfig unterst\u00fctzen<\/a><\/div>\n\n\n\n<div class=\"wp-block-button has-custom-width wp-block-button__width-50 is-style-fill\"><a class=\"wp-block-button__link has-white-color has-text-color has-link-color wp-element-button\" href=\"https:\/\/11a4e2a5.sibforms.com\/serve\/MUIEAGxweQ0sfCFxOZZZURk23eSN9Xy2Jh0Vqfp9xwWXTm-Tdf-BFqNg23jd7I1LZnrDsResAwQbmlfWtKnMEgpbZae_phIROrQAmXwwE3DTIZWFOddLzBTWMmO7Br7Lpi5gu2Xy1BHvbylVzV_8J8sH-5XOKspG-pXESY8nolbftmnm0G-T2Alh2tvZo2pZEu6TGaB9S5w1du_u\">Newsletter abonnieren<\/a><\/div>\n<\/div>\n\n\n\n<p class=\"wp-block-paragraph\"><strong>Wir freuen uns aktuell \u00fcber regelm\u00e4\u00dfige Spenden, da unsere laufenden Admin, IT- und Materialkosten nicht durch Projekte abgedeckt werden k\u00f6nnen. Auch 10,&#8211; oder 30,&#8211; pro Quartal\/pro Jahr helfen uns weiter!<\/strong><\/p>\n\n\n<div class=\"wp-block-image\">\n<figure class=\"aligncenter size-full\"><a href=\"https:\/\/humus.live\/en\/download\/2115\/?tmstv=1735659693\"><img loading=\"lazy\" decoding=\"async\" width=\"658\" height=\"657\" src=\"https:\/\/humus.live\/wp-content\/uploads\/2024\/12\/grafik.png\" alt=\"\" class=\"wp-image-2125\" srcset=\"https:\/\/humus.live\/wp-content\/uploads\/2024\/12\/grafik.png 658w, https:\/\/humus.live\/wp-content\/uploads\/2024\/12\/grafik-300x300.png 300w, https:\/\/humus.live\/wp-content\/uploads\/2024\/12\/grafik-150x150.png 150w, https:\/\/humus.live\/wp-content\/uploads\/2024\/12\/grafik-12x12.png 12w, https:\/\/humus.live\/wp-content\/uploads\/2024\/12\/grafik-400x400.png 400w, https:\/\/humus.live\/wp-content\/uploads\/2024\/12\/grafik-600x600.png 600w\" sizes=\"auto, (max-width: 658px) 100vw, 658px\" \/><\/a><\/figure>\n<\/div>","protected":false},"excerpt":{"rendered":"<p>Hier geht es direkt zu den aktuellsten News. Alle anderen Infos sind normal \u00fcber das Men\u00fc zu finden. Wir freuen uns aktuell \u00fcber regelm\u00e4\u00dfige Spenden, da unsere laufenden Admin, IT- und Materialkosten nicht durch Projekte abgedeckt werden k\u00f6nnen. Auch 10,&#8211; oder 30,&#8211; pro Quartal\/pro Jahr helfen uns weiter!<\/p>","protected":false},"author":3,"featured_media":0,"parent":0,"menu_order":0,"comment_status":"closed","ping_status":"closed","template":"","meta":{"_crdt_document":"","footnotes":""},"class_list":["post-2075","page","type-page","status-publish","hentry"],"yoast_head":"<!-- This site is optimized with the Yoast SEO plugin v27.6 - https:\/\/yoast.com\/product\/yoast-seo-wordpress\/ -->\n<title>Links zu aktuellen Angeboten - Humus<\/title>\n<meta name=\"robots\" content=\"index, follow, max-snippet:-1, max-image-preview:large, max-video-preview:-1\" \/>\n<link rel=\"canonical\" href=\"https:\/\/humus.live\/en\/links\/\" \/>\n<meta property=\"og:locale\" content=\"en_GB\" \/>\n<meta property=\"og:type\" content=\"article\" \/>\n<meta property=\"og:title\" content=\"Links zu aktuellen Angeboten - Humus\" \/>\n<meta property=\"og:description\" content=\"Hier geht es direkt zu den aktuellsten News. Alle anderen Infos sind normal \u00fcber das Men\u00fc zu finden. Wir freuen uns aktuell \u00fcber regelm\u00e4\u00dfige Spenden, da unsere laufenden Admin, IT- und Materialkosten nicht durch Projekte abgedeckt werden k\u00f6nnen. Auch 10,&#8211; oder 30,&#8211; pro Quartal\/pro Jahr helfen uns weiter!\" \/>\n<meta property=\"og:url\" content=\"https:\/\/humus.live\/en\/links\/\" \/>\n<meta property=\"og:site_name\" content=\"Humus\" \/>\n<meta property=\"article:modified_time\" content=\"2026-01-11T09:47:27+00:00\" \/>\n<meta property=\"og:image\" content=\"https:\/\/humus.live\/wp-content\/uploads\/2024\/12\/grafik.png\" \/>\n<meta name=\"twitter:card\" content=\"summary_large_image\" \/>\n<meta name=\"twitter:label1\" content=\"Estimated reading time\" \/>\n\t<meta name=\"twitter:data1\" content=\"1 minute\" \/>\n<script type=\"application\/ld+json\" class=\"yoast-schema-graph\">{\"@context\":\"https:\\\/\\\/schema.org\",\"@graph\":[{\"@type\":\"WebPage\",\"@id\":\"https:\\\/\\\/humus.live\\\/en\\\/links\\\/\",\"url\":\"https:\\\/\\\/humus.live\\\/en\\\/links\\\/\",\"name\":\"Links zu aktuellen Angeboten - Humus\",\"isPartOf\":{\"@id\":\"https:\\\/\\\/humus.live\\\/en\\\/#website\"},\"primaryImageOfPage\":{\"@id\":\"https:\\\/\\\/humus.live\\\/en\\\/links\\\/#primaryimage\"},\"image\":{\"@id\":\"https:\\\/\\\/humus.live\\\/en\\\/links\\\/#primaryimage\"},\"thumbnailUrl\":\"https:\\\/\\\/humus.live\\\/wp-content\\\/uploads\\\/2024\\\/12\\\/grafik.png\",\"datePublished\":\"2024-12-02T09:09:54+00:00\",\"dateModified\":\"2026-01-11T09:47:27+00:00\",\"breadcrumb\":{\"@id\":\"https:\\\/\\\/humus.live\\\/en\\\/links\\\/#breadcrumb\"},\"inLanguage\":\"en-GB\",\"potentialAction\":[{\"@type\":\"ReadAction\",\"target\":[\"https:\\\/\\\/humus.live\\\/en\\\/links\\\/\"]}]},{\"@type\":\"ImageObject\",\"inLanguage\":\"en-GB\",\"@id\":\"https:\\\/\\\/humus.live\\\/en\\\/links\\\/#primaryimage\",\"url\":\"https:\\\/\\\/humus.live\\\/wp-content\\\/uploads\\\/2024\\\/12\\\/grafik.png\",\"contentUrl\":\"https:\\\/\\\/humus.live\\\/wp-content\\\/uploads\\\/2024\\\/12\\\/grafik.png\"},{\"@type\":\"BreadcrumbList\",\"@id\":\"https:\\\/\\\/humus.live\\\/en\\\/links\\\/#breadcrumb\",\"itemListElement\":[{\"@type\":\"ListItem\",\"position\":1,\"name\":\"Startseite\",\"item\":\"https:\\\/\\\/humus.live\\\/category\\\/allgemein\\\/\"},{\"@type\":\"ListItem\",\"position\":2,\"name\":\"Links zu aktuellen Angeboten\"}]},{\"@type\":\"WebSite\",\"@id\":\"https:\\\/\\\/humus.live\\\/en\\\/#website\",\"url\":\"https:\\\/\\\/humus.live\\\/en\\\/\",\"name\":\"Humus. N\u00e4hrboden f\u00fcr Ver\u00e4nderung. Workshops f\u00fcr soziale Bewegungen.\",\"description\":\"N\u00e4hrboden f\u00fcr Ver\u00e4nderung\",\"publisher\":{\"@id\":\"https:\\\/\\\/humus.live\\\/en\\\/#organization\"},\"potentialAction\":[{\"@type\":\"SearchAction\",\"target\":{\"@type\":\"EntryPoint\",\"urlTemplate\":\"https:\\\/\\\/humus.live\\\/en\\\/?s={search_term_string}\"},\"query-input\":{\"@type\":\"PropertyValueSpecification\",\"valueRequired\":true,\"valueName\":\"search_term_string\"}}],\"inLanguage\":\"en-GB\"},{\"@type\":\"Organization\",\"@id\":\"https:\\\/\\\/humus.live\\\/en\\\/#organization\",\"name\":\"Humus\",\"alternateName\":\"N\u00e4hrboden f\u00fcr Ver\u00e4nderung\",\"url\":\"https:\\\/\\\/humus.live\\\/en\\\/\",\"logo\":{\"@type\":\"ImageObject\",\"inLanguage\":\"en-GB\",\"@id\":\"https:\\\/\\\/humus.live\\\/en\\\/#\\\/schema\\\/logo\\\/image\\\/\",\"url\":\"https:\\\/\\\/humus.live\\\/wp-content\\\/uploads\\\/2021\\\/01\\\/cropped-humus_hoch.png\",\"contentUrl\":\"https:\\\/\\\/humus.live\\\/wp-content\\\/uploads\\\/2021\\\/01\\\/cropped-humus_hoch.png\",\"width\":454,\"height\":403,\"caption\":\"Humus\"},\"image\":{\"@id\":\"https:\\\/\\\/humus.live\\\/en\\\/#\\\/schema\\\/logo\\\/image\\\/\"},\"sameAs\":[\"https:\\\/\\\/www.instagram.com\\\/humus.fuer.veraenderung\\\/\"]}]}<\/script>\n<!-- \/ Yoast SEO plugin. -->","yoast_head_json":{"title":"Links zu aktuellen Angeboten - Humus","robots":{"index":"index","follow":"follow","max-snippet":"max-snippet:-1","max-image-preview":"max-image-preview:large","max-video-preview":"max-video-preview:-1"},"canonical":"https:\/\/humus.live\/en\/links\/","og_locale":"en_GB","og_type":"article","og_title":"Links zu aktuellen Angeboten - Humus","og_description":"Hier geht es direkt zu den aktuellsten News. Alle anderen Infos sind normal \u00fcber das Men\u00fc zu finden. Wir freuen uns aktuell \u00fcber regelm\u00e4\u00dfige Spenden, da unsere laufenden Admin, IT- und Materialkosten nicht durch Projekte abgedeckt werden k\u00f6nnen. Auch 10,&#8211; oder 30,&#8211; pro Quartal\/pro Jahr helfen uns weiter!","og_url":"https:\/\/humus.live\/en\/links\/","og_site_name":"Humus","article_modified_time":"2026-01-11T09:47:27+00:00","og_image":[{"url":"https:\/\/humus.live\/wp-content\/uploads\/2024\/12\/grafik.png","type":"","width":"","height":""}],"twitter_card":"summary_large_image","twitter_misc":{"Estimated reading time":"1 minute"},"schema":{"@context":"https:\/\/schema.org","@graph":[{"@type":"WebPage","@id":"https:\/\/humus.live\/en\/links\/","url":"https:\/\/humus.live\/en\/links\/","name":"Links zu aktuellen Angeboten - Humus","isPartOf":{"@id":"https:\/\/humus.live\/en\/#website"},"primaryImageOfPage":{"@id":"https:\/\/humus.live\/en\/links\/#primaryimage"},"image":{"@id":"https:\/\/humus.live\/en\/links\/#primaryimage"},"thumbnailUrl":"https:\/\/humus.live\/wp-content\/uploads\/2024\/12\/grafik.png","datePublished":"2024-12-02T09:09:54+00:00","dateModified":"2026-01-11T09:47:27+00:00","breadcrumb":{"@id":"https:\/\/humus.live\/en\/links\/#breadcrumb"},"inLanguage":"en-GB","potentialAction":[{"@type":"ReadAction","target":["https:\/\/humus.live\/en\/links\/"]}]},{"@type":"ImageObject","inLanguage":"en-GB","@id":"https:\/\/humus.live\/en\/links\/#primaryimage","url":"https:\/\/humus.live\/wp-content\/uploads\/2024\/12\/grafik.png","contentUrl":"https:\/\/humus.live\/wp-content\/uploads\/2024\/12\/grafik.png"},{"@type":"BreadcrumbList","@id":"https:\/\/humus.live\/en\/links\/#breadcrumb","itemListElement":[{"@type":"ListItem","position":1,"name":"Startseite","item":"https:\/\/humus.live\/category\/allgemein\/"},{"@type":"ListItem","position":2,"name":"Links zu aktuellen Angeboten"}]},{"@type":"WebSite","@id":"https:\/\/humus.live\/en\/#website","url":"https:\/\/humus.live\/en\/","name":"Humus. N\u00e4hrboden f\u00fcr Ver\u00e4nderung. Workshops f\u00fcr soziale Bewegungen.","description":"Fertile Soil for Change","publisher":{"@id":"https:\/\/humus.live\/en\/#organization"},"potentialAction":[{"@type":"SearchAction","target":{"@type":"EntryPoint","urlTemplate":"https:\/\/humus.live\/en\/?s={search_term_string}"},"query-input":{"@type":"PropertyValueSpecification","valueRequired":true,"valueName":"search_term_string"}}],"inLanguage":"en-GB"},{"@type":"Organization","@id":"https:\/\/humus.live\/en\/#organization","name":"Humus","alternateName":"N\u00e4hrboden f\u00fcr Ver\u00e4nderung","url":"https:\/\/humus.live\/en\/","logo":{"@type":"ImageObject","inLanguage":"en-GB","@id":"https:\/\/humus.live\/en\/#\/schema\/logo\/image\/","url":"https:\/\/humus.live\/wp-content\/uploads\/2021\/01\/cropped-humus_hoch.png","contentUrl":"https:\/\/humus.live\/wp-content\/uploads\/2021\/01\/cropped-humus_hoch.png","width":454,"height":403,"caption":"Humus"},"image":{"@id":"https:\/\/humus.live\/en\/#\/schema\/logo\/image\/"},"sameAs":["https:\/\/www.instagram.com\/humus.fuer.veraenderung\/"]}]}},"_links":{"self":[{"href":"https:\/\/humus.live\/en\/wp-json\/wp\/v2\/pages\/2075","targetHints":{"allow":["GET"]}}],"collection":[{"href":"https:\/\/humus.live\/en\/wp-json\/wp\/v2\/pages"}],"about":[{"href":"https:\/\/humus.live\/en\/wp-json\/wp\/v2\/types\/page"}],"author":[{"embeddable":true,"href":"https:\/\/humus.live\/en\/wp-json\/wp\/v2\/users\/3"}],"replies":[{"embeddable":true,"href":"https:\/\/humus.live\/en\/wp-json\/wp\/v2\/comments?post=2075"}],"version-history":[{"count":31,"href":"https:\/\/humus.live\/en\/wp-json\/wp\/v2\/pages\/2075\/revisions"}],"predecessor-version":[{"id":2435,"href":"https:\/\/humus.live\/en\/wp-json\/wp\/v2\/pages\/2075\/revisions\/2435"}],"wp:attachment":[{"href":"https:\/\/humus.live\/en\/wp-json\/wp\/v2\/media?parent=2075"}],"curies":[{"name":"wp","href":"https:\/\/api.w.org\/{rel}","templated":true}]}}