{"id":2053,"date":"2024-11-21T16:36:08","date_gmt":"2024-11-21T15:36:08","guid":{"rendered":"https:\/\/humus.live\/kein-zugriff\/"},"modified":"2025-10-25T10:52:14","modified_gmt":"2025-10-25T08:52:14","slug":"publikationen","status":"publish","type":"page","link":"https:\/\/humus.live\/en\/publikationen\/","title":{"rendered":"Publikationen"},"content":{"rendered":"<h1 class=\"wp-block-post-title\">Publikationen<\/h1>\n\n\n<p class=\"has-small-font-size wp-block-paragraph\">Hier findet ihr einige Publikationen, an denen wir mitgewirkt haben oder die in unserem Umfeld entstanden sind. Die Auswahl reicht von einfachen Info-Flyern bis zu umfangreichen B\u00fcchern. Wir verbreiten Publikationen gerne gratis, so lange die Kosten daf\u00fcr (Produktion, Druck, \u00dcbersetzungen, &#8230;) gedeckt sind. Spenden erm\u00f6glichen uns au\u00dferdem weitere Projekte in Zukunft.<\/p>\n\n\n\n<div style=\"height:47px\" aria-hidden=\"true\" class=\"wp-block-spacer\"><\/div>\n\n\n\n<div class=\"wp-block-columns is-layout-flex wp-container-core-columns-is-layout-8f761849 wp-block-columns-is-layout-flex\">\n<div class=\"wp-block-column is-layout-flow wp-block-column-is-layout-flow\" style=\"flex-basis:200px\">\n<figure class=\"wp-block-image size-full is-resized\"><img loading=\"lazy\" decoding=\"async\" width=\"800\" height=\"517\" src=\"https:\/\/humus.live\/wp-content\/uploads\/2025\/08\/Bildschirmfoto-vom-2025-08-31-17-38-27.png\" alt=\"\" class=\"wp-image-2302\" style=\"aspect-ratio:4\/3;object-fit:cover;width:234px;height:auto\" srcset=\"https:\/\/humus.live\/wp-content\/uploads\/2025\/08\/Bildschirmfoto-vom-2025-08-31-17-38-27.png 800w, https:\/\/humus.live\/wp-content\/uploads\/2025\/08\/Bildschirmfoto-vom-2025-08-31-17-38-27-300x194.png 300w, https:\/\/humus.live\/wp-content\/uploads\/2025\/08\/Bildschirmfoto-vom-2025-08-31-17-38-27-768x496.png 768w, https:\/\/humus.live\/wp-content\/uploads\/2025\/08\/Bildschirmfoto-vom-2025-08-31-17-38-27-18x12.png 18w\" sizes=\"auto, (max-width: 800px) 100vw, 800px\" \/><\/figure>\n<\/div>\n\n\n\n<div class=\"wp-block-column is-layout-flow wp-block-column-is-layout-flow\">\n<h3 class=\"wp-block-heading\">Handbook for those who don&#8217;t believe it will get better &#8211; but are not willing to give up. <\/h3>\n\n\n\n<p class=\"wp-block-paragraph\">Entstanden aus dem Projekt &#8222;Skills4Crisis&#8220;, liefert dieses Handbuch eine Dokumentation unserer Einsichten.<\/p>\n\n\n\n<div class=\"wp-block-buttons is-layout-flex wp-block-buttons-is-layout-flex\">\n<div class=\"wp-block-button has-custom-width wp-block-button__width-50\"><a class=\"wp-block-button__link has-white-color has-text-color has-link-color wp-element-button\" href=\"https:\/\/form.typeform.com\/to\/Q7BSaAgK\">bestellen<\/a><\/div>\n\n\n\n<div class=\"wp-block-button has-custom-width wp-block-button__width-50 is-style-outline is-style-outline--1\"><a class=\"wp-block-button__link wp-element-button\" href=\"https:\/\/skills4crisis.org\/\">zum Projekt<\/a><\/div>\n<\/div>\n<\/div>\n<\/div>\n\n\n\n<div class=\"wp-block-columns is-layout-flex wp-container-core-columns-is-layout-8f761849 wp-block-columns-is-layout-flex\">\n<div class=\"wp-block-column is-layout-flow wp-block-column-is-layout-flow\" style=\"flex-basis:200px\">\n<figure class=\"wp-block-image size-large is-resized\"><img loading=\"lazy\" decoding=\"async\" width=\"1024\" height=\"1024\" src=\"https:\/\/humus.live\/wp-content\/uploads\/2024\/11\/signal-2024-11-14-173318_002-1024x1024.jpeg\" alt=\"Buchcover: Handbook for Organising Skillshare Events\" class=\"wp-image-1953\" style=\"aspect-ratio:4\/3;object-fit:cover;width:234px;height:auto\" srcset=\"https:\/\/humus.live\/wp-content\/uploads\/2024\/11\/signal-2024-11-14-173318_002-1024x1024.jpeg 1024w, https:\/\/humus.live\/wp-content\/uploads\/2024\/11\/signal-2024-11-14-173318_002-300x300.jpeg 300w, https:\/\/humus.live\/wp-content\/uploads\/2024\/11\/signal-2024-11-14-173318_002-150x150.jpeg 150w, https:\/\/humus.live\/wp-content\/uploads\/2024\/11\/signal-2024-11-14-173318_002-768x768.jpeg 768w, https:\/\/humus.live\/wp-content\/uploads\/2024\/11\/signal-2024-11-14-173318_002-1536x1536.jpeg 1536w, https:\/\/humus.live\/wp-content\/uploads\/2024\/11\/signal-2024-11-14-173318_002-400x400.jpeg 400w, https:\/\/humus.live\/wp-content\/uploads\/2024\/11\/signal-2024-11-14-173318_002-600x600.jpeg 600w, https:\/\/humus.live\/wp-content\/uploads\/2024\/11\/signal-2024-11-14-173318_002.jpeg 1600w\" sizes=\"auto, (max-width: 1024px) 100vw, 1024px\" \/><\/figure>\n<\/div>\n\n\n\n<div class=\"wp-block-column is-layout-flow wp-block-column-is-layout-flow\">\n<h3 class=\"wp-block-heading\">Handbook for Organising Empowering Skill-share Events<\/h3>\n\n\n\n<p class=\"wp-block-paragraph\">Entstanden aus dem Projekt &#8222;Tipping Points 4 Justice&#8220;, liefert dieses Handbuch unsere komprimierten Einsichten und Lessons Learned aus der Organisation von \u00fcber 10 Bildungsverantaltungen.<\/p>\n\n\n\n<div class=\"wp-block-buttons is-layout-flex wp-block-buttons-is-layout-flex\">\n<div class=\"wp-block-button has-custom-width wp-block-button__width-50\"><a class=\"wp-block-button__link has-white-color has-text-color has-link-color wp-element-button\" href=\"https:\/\/form.typeform.com\/to\/gOZYFwUK\">bestellen<\/a><\/div>\n\n\n\n<div class=\"wp-block-button has-custom-width wp-block-button__width-50 is-style-outline is-style-outline--2\"><a class=\"wp-block-button__link wp-element-button\">zum Projekt<\/a><\/div>\n<\/div>\n<\/div>\n<\/div>\n\n\n\n<div class=\"wp-block-columns is-layout-flex wp-container-core-columns-is-layout-8f761849 wp-block-columns-is-layout-flex\">\n<div class=\"wp-block-column is-layout-flow wp-block-column-is-layout-flow\" style=\"flex-basis:200px\">\n<figure class=\"wp-block-image size-full is-resized\"><img loading=\"lazy\" decoding=\"async\" width=\"536\" height=\"529\" src=\"https:\/\/humus.live\/wp-content\/uploads\/2024\/10\/Bildschirmfoto-vom-2024-10-14-14-17-47.png\" alt=\"Zeichnung: Meschen sitzen im Kreis und lesen\" class=\"wp-image-1917\" style=\"aspect-ratio:4\/3;object-fit:cover;width:234px;height:auto\" srcset=\"https:\/\/humus.live\/wp-content\/uploads\/2024\/10\/Bildschirmfoto-vom-2024-10-14-14-17-47.png 536w, https:\/\/humus.live\/wp-content\/uploads\/2024\/10\/Bildschirmfoto-vom-2024-10-14-14-17-47-300x296.png 300w\" sizes=\"auto, (max-width: 536px) 100vw, 536px\" \/><\/figure>\n<\/div>\n\n\n\n<div class=\"wp-block-column is-layout-flow wp-block-column-is-layout-flow\">\n<h3 class=\"wp-block-heading\">Buch: Theories of Change<\/h3>\n\n\n\n<p class=\"wp-block-paragraph\">Wir unterst\u00fctzen die Verbreitung dieses Werks &#8211; und n\u00fctzen es auch gerne z.B. f\u00fcr Workshops bei Tipping Points.<\/p>\n\n\n\n<div class=\"wp-block-buttons is-layout-flex wp-block-buttons-is-layout-flex\">\n<div class=\"wp-block-button has-custom-width wp-block-button__width-50\"><a class=\"wp-block-button__link has-white-color has-text-color has-link-color wp-element-button\" href=\"https:\/\/a9n8faflzw5.typeform.com\/to\/DQ2TagFP\">bestellen<\/a><\/div>\n\n\n\n<div class=\"wp-block-button has-custom-width wp-block-button__width-50 is-style-outline is-style-outline--3\"><a class=\"wp-block-button__link wp-element-button\" href=\"https:\/\/theoriesofchange.org\/\">Website<\/a><\/div>\n<\/div>\n<\/div>\n<\/div>\n\n\n\n<div class=\"wp-block-columns is-layout-flex wp-container-core-columns-is-layout-8f761849 wp-block-columns-is-layout-flex\">\n<div class=\"wp-block-column is-layout-flow wp-block-column-is-layout-flow\" style=\"flex-basis:200px\">\n<figure class=\"wp-block-image size-full is-resized\"><img loading=\"lazy\" decoding=\"async\" width=\"600\" height=\"600\" src=\"https:\/\/humus.live\/wp-content\/uploads\/2024\/09\/Ameise-2_600px.png\" alt=\"Ameisenpiktogramm\" class=\"wp-image-1800\" style=\"aspect-ratio:4\/3;object-fit:cover;width:234px;height:auto\" srcset=\"https:\/\/humus.live\/wp-content\/uploads\/2024\/09\/Ameise-2_600px.png 600w, https:\/\/humus.live\/wp-content\/uploads\/2024\/09\/Ameise-2_600px-300x300.png 300w, https:\/\/humus.live\/wp-content\/uploads\/2024\/09\/Ameise-2_600px-150x150.png 150w\" sizes=\"auto, (max-width: 600px) 100vw, 600px\" \/><\/figure>\n<\/div>\n\n\n\n<div class=\"wp-block-column is-layout-flow wp-block-column-is-layout-flow\">\n<h3 class=\"wp-block-heading\">Handout: Unterst\u00fctzende Organisationen<\/h3>\n\n\n\n<p class=\"wp-block-paragraph\">Unsere umfangreiche Ressourcensammlung f\u00fcr Aktionen und Supportstrukturen. Ver\u00f6ffentlicht im Rahmen vom Tipping Points Wochenende im November 2025.<\/p>\n\n\n\n<div class=\"wp-block-buttons is-layout-flex wp-block-buttons-is-layout-flex\">\n<div class=\"wp-block-button has-custom-width wp-block-button__width-50\"><a class=\"wp-block-button__link has-white-color has-text-color has-link-color wp-element-button\" href=\"https:\/\/humus.live\/wp-content\/uploads\/2025\/10\/Brief.pdf\" target=\"_blank\" rel=\"noreferrer noopener\">Download<\/a><\/div>\n\n\n\n<div class=\"wp-block-button has-custom-width wp-block-button__width-50 is-style-outline is-style-outline--4\"><a class=\"wp-block-button__link wp-element-button\" href=\"http:\/\/www.tippingpoints.life\">Tipping Points<\/a><\/div>\n<\/div>\n<\/div>\n<\/div>\n\n\n\n<div style=\"height:47px\" aria-hidden=\"true\" class=\"wp-block-spacer\"><\/div>\n\n\n\n<h3 class=\"wp-block-heading\">Wichtig<\/h3>\n\n\n\n<p class=\"wp-block-paragraph\">Alle unsere Publikationen sind digital\/als pdf <strong>gratis erh\u00e4ltlich<\/strong>. Gedruckte Exemplare sind entweder kostenfrei oder f\u00fcr freie Spende erh\u00e4ltlich. F\u00fcr Portokosten freuen wir uns in jedem Fall \u00fcber Spenden, da diese nicht aus Projekten finanziert werden. Weitere Details senden wir nach der Bestellung. Wenn dir das lieber ist, kannst du alle Publikationen auch einfach per Mail bestellen. Die Bearbeitungszeit von Bestellungen schwankt je nach unseren Kapazit\u00e4ten.<\/p>\n\n\n\n<p class=\"wp-block-paragraph\"><strong>Du willst unsere Arbeit unterst\u00fctzen und uns erm\u00f6glichen, auch weiterhin soziale Bewegungen zu supporten?<\/strong> Wir brauchen daf\u00fcr dringend noch weitere Dauerspenden &#8211; egal ob \u20ac10,&#8211; oder \u20ac20,&#8211; im Monat oder im Jahr. <a href=\"https:\/\/humus.live\/en\/spenden\/\">Hier findest du Infos dazu.<\/a><\/p>\n\n\n\n<figure class=\"wp-block-gallery has-nested-images columns-3 is-cropped wp-block-gallery-5 is-layout-flex wp-block-gallery-is-layout-flex\">\n<figure class=\"wp-block-image size-large\"><img loading=\"lazy\" decoding=\"async\" width=\"799\" height=\"533\" data-id=\"1881\" src=\"https:\/\/humus.live\/wp-content\/uploads\/2024\/10\/52715967986_a3d6256388_c.jpg\" alt=\"\" class=\"wp-image-1881\" srcset=\"https:\/\/humus.live\/wp-content\/uploads\/2024\/10\/52715967986_a3d6256388_c.jpg 799w, https:\/\/humus.live\/wp-content\/uploads\/2024\/10\/52715967986_a3d6256388_c-300x200.jpg 300w, https:\/\/humus.live\/wp-content\/uploads\/2024\/10\/52715967986_a3d6256388_c-768x512.jpg 768w\" sizes=\"auto, (max-width: 799px) 100vw, 799px\" \/><\/figure>\n\n\n\n<figure class=\"wp-block-image size-full\"><img loading=\"lazy\" decoding=\"async\" width=\"2048\" height=\"1362\" data-id=\"1795\" src=\"https:\/\/humus.live\/wp-content\/uploads\/2024\/09\/53675999980_443b4f19bb_k.jpg\" alt=\"\" class=\"wp-image-1795\" srcset=\"https:\/\/humus.live\/wp-content\/uploads\/2024\/09\/53675999980_443b4f19bb_k.jpg 2048w, https:\/\/humus.live\/wp-content\/uploads\/2024\/09\/53675999980_443b4f19bb_k-300x200.jpg 300w, https:\/\/humus.live\/wp-content\/uploads\/2024\/09\/53675999980_443b4f19bb_k-1024x681.jpg 1024w, https:\/\/humus.live\/wp-content\/uploads\/2024\/09\/53675999980_443b4f19bb_k-768x511.jpg 768w, https:\/\/humus.live\/wp-content\/uploads\/2024\/09\/53675999980_443b4f19bb_k-1536x1022.jpg 1536w\" sizes=\"auto, (max-width: 2048px) 100vw, 2048px\" \/><\/figure>\n\n\n\n<figure class=\"wp-block-image size-large\"><img loading=\"lazy\" decoding=\"async\" width=\"1024\" height=\"681\" data-id=\"1891\" src=\"https:\/\/humus.live\/wp-content\/uploads\/2024\/10\/54048447315_8ef2edee80_o-1024x681.jpg\" alt=\"Eine Gruppe an Leuten stehen auf einem Steg am Wasser und winken.\" class=\"wp-image-1891\" srcset=\"https:\/\/humus.live\/wp-content\/uploads\/2024\/10\/54048447315_8ef2edee80_o-1024x681.jpg 1024w, https:\/\/humus.live\/wp-content\/uploads\/2024\/10\/54048447315_8ef2edee80_o-300x200.jpg 300w, https:\/\/humus.live\/wp-content\/uploads\/2024\/10\/54048447315_8ef2edee80_o-768x511.jpg 768w, https:\/\/humus.live\/wp-content\/uploads\/2024\/10\/54048447315_8ef2edee80_o-1536x1022.jpg 1536w, https:\/\/humus.live\/wp-content\/uploads\/2024\/10\/54048447315_8ef2edee80_o-2048x1363.jpg 2048w\" sizes=\"auto, (max-width: 1024px) 100vw, 1024px\" \/><\/figure>\n<\/figure>","protected":false},"excerpt":{"rendered":"<p>Hier findet ihr einige Publikationen, an denen wir mitgewirkt haben oder die in unserem Umfeld entstanden sind. Die Auswahl reicht von einfachen Info-Flyern bis zu umfangreichen B\u00fcchern. Wir verbreiten Publikationen gerne gratis, so lange die Kosten daf\u00fcr (Produktion, Druck, \u00dcbersetzungen, &#8230;) gedeckt sind. Spenden erm\u00f6glichen uns au\u00dferdem weitere Projekte in Zukunft. Handbook for those who [&hellip;]<\/p>\n","protected":false},"author":3,"featured_media":0,"parent":0,"menu_order":0,"comment_status":"closed","ping_status":"closed","template":"","meta":{"_crdt_document":"","footnotes":""},"class_list":["post-2053","page","type-page","status-publish","hentry"],"yoast_head":"<!-- This site is optimized with the Yoast SEO plugin v27.4 - https:\/\/yoast.com\/product\/yoast-seo-wordpress\/ -->\n<title>Publikationen - Humus<\/title>\n<meta name=\"description\" content=\"Publikationen von Humus und unseren Partner:innen - es gibt Handb\u00fccher, Handouts, Zines, Brosch\u00fcren. Fast alles kostenfrei m\u00f6glich!\" \/>\n<meta name=\"robots\" content=\"index, follow, max-snippet:-1, max-image-preview:large, max-video-preview:-1\" \/>\n<link rel=\"canonical\" href=\"https:\/\/humus.live\/en\/publikationen\/\" \/>\n<meta property=\"og:locale\" content=\"en_GB\" \/>\n<meta property=\"og:type\" content=\"article\" \/>\n<meta property=\"og:title\" content=\"Publikationen - Humus\" \/>\n<meta property=\"og:description\" content=\"Publikationen von Humus und unseren Partner:innen - es gibt Handb\u00fccher, Handouts, Zines, Brosch\u00fcren. Fast alles kostenfrei m\u00f6glich!\" \/>\n<meta property=\"og:url\" content=\"https:\/\/humus.live\/en\/publikationen\/\" \/>\n<meta property=\"og:site_name\" content=\"Humus\" \/>\n<meta property=\"article:modified_time\" content=\"2025-10-25T08:52:14+00:00\" \/>\n<meta property=\"og:image\" content=\"https:\/\/humus.live\/wp-content\/uploads\/2025\/08\/Bildschirmfoto-vom-2025-08-31-17-38-27.png\" \/>\n<meta name=\"twitter:card\" content=\"summary_large_image\" \/>\n<meta name=\"twitter:label1\" content=\"Estimated reading time\" \/>\n\t<meta name=\"twitter:data1\" content=\"3 minutes\" \/>\n<script type=\"application\/ld+json\" class=\"yoast-schema-graph\">{\"@context\":\"https:\\\/\\\/schema.org\",\"@graph\":[{\"@type\":[\"Article\",\"Report\"],\"@id\":\"https:\\\/\\\/humus.live\\\/en\\\/publikationen\\\/#article\",\"isPartOf\":{\"@id\":\"https:\\\/\\\/humus.live\\\/en\\\/publikationen\\\/\"},\"author\":{\"name\":\"heli\",\"@id\":\"https:\\\/\\\/humus.live\\\/en\\\/#\\\/schema\\\/person\\\/aedbfa63a695bebc09fb11a2a0ee0c53\"},\"headline\":\"Publikationen\",\"datePublished\":\"2024-11-21T15:36:08+00:00\",\"dateModified\":\"2025-10-25T08:52:14+00:00\",\"mainEntityOfPage\":{\"@id\":\"https:\\\/\\\/humus.live\\\/en\\\/publikationen\\\/\"},\"wordCount\":285,\"publisher\":{\"@id\":\"https:\\\/\\\/humus.live\\\/en\\\/#organization\"},\"image\":{\"@id\":\"https:\\\/\\\/humus.live\\\/en\\\/publikationen\\\/#primaryimage\"},\"thumbnailUrl\":\"https:\\\/\\\/humus.live\\\/wp-content\\\/uploads\\\/2025\\\/08\\\/Bildschirmfoto-vom-2025-08-31-17-38-27.png\",\"inLanguage\":\"en-GB\"},{\"@type\":\"WebPage\",\"@id\":\"https:\\\/\\\/humus.live\\\/en\\\/publikationen\\\/\",\"url\":\"https:\\\/\\\/humus.live\\\/en\\\/publikationen\\\/\",\"name\":\"Publikationen - Humus\",\"isPartOf\":{\"@id\":\"https:\\\/\\\/humus.live\\\/en\\\/#website\"},\"primaryImageOfPage\":{\"@id\":\"https:\\\/\\\/humus.live\\\/en\\\/publikationen\\\/#primaryimage\"},\"image\":{\"@id\":\"https:\\\/\\\/humus.live\\\/en\\\/publikationen\\\/#primaryimage\"},\"thumbnailUrl\":\"https:\\\/\\\/humus.live\\\/wp-content\\\/uploads\\\/2025\\\/08\\\/Bildschirmfoto-vom-2025-08-31-17-38-27.png\",\"datePublished\":\"2024-11-21T15:36:08+00:00\",\"dateModified\":\"2025-10-25T08:52:14+00:00\",\"description\":\"Publikationen von Humus und unseren Partner:innen - es gibt Handb\u00fccher, Handouts, Zines, Brosch\u00fcren. Fast alles kostenfrei m\u00f6glich!\",\"breadcrumb\":{\"@id\":\"https:\\\/\\\/humus.live\\\/en\\\/publikationen\\\/#breadcrumb\"},\"inLanguage\":\"en-GB\",\"potentialAction\":[{\"@type\":\"ReadAction\",\"target\":[\"https:\\\/\\\/humus.live\\\/en\\\/publikationen\\\/\"]}]},{\"@type\":\"ImageObject\",\"inLanguage\":\"en-GB\",\"@id\":\"https:\\\/\\\/humus.live\\\/en\\\/publikationen\\\/#primaryimage\",\"url\":\"https:\\\/\\\/humus.live\\\/wp-content\\\/uploads\\\/2025\\\/08\\\/Bildschirmfoto-vom-2025-08-31-17-38-27.png\",\"contentUrl\":\"https:\\\/\\\/humus.live\\\/wp-content\\\/uploads\\\/2025\\\/08\\\/Bildschirmfoto-vom-2025-08-31-17-38-27.png\"},{\"@type\":\"BreadcrumbList\",\"@id\":\"https:\\\/\\\/humus.live\\\/en\\\/publikationen\\\/#breadcrumb\",\"itemListElement\":[{\"@type\":\"ListItem\",\"position\":1,\"name\":\"Startseite\",\"item\":\"https:\\\/\\\/humus.live\\\/category\\\/allgemein\\\/\"},{\"@type\":\"ListItem\",\"position\":2,\"name\":\"Publikationen\"}]},{\"@type\":\"WebSite\",\"@id\":\"https:\\\/\\\/humus.live\\\/en\\\/#website\",\"url\":\"https:\\\/\\\/humus.live\\\/en\\\/\",\"name\":\"Humus. N\u00e4hrboden f\u00fcr Ver\u00e4nderung. Workshops f\u00fcr soziale Bewegungen.\",\"description\":\"N\u00e4hrboden f\u00fcr Ver\u00e4nderung\",\"publisher\":{\"@id\":\"https:\\\/\\\/humus.live\\\/en\\\/#organization\"},\"potentialAction\":[{\"@type\":\"SearchAction\",\"target\":{\"@type\":\"EntryPoint\",\"urlTemplate\":\"https:\\\/\\\/humus.live\\\/en\\\/?s={search_term_string}\"},\"query-input\":{\"@type\":\"PropertyValueSpecification\",\"valueRequired\":true,\"valueName\":\"search_term_string\"}}],\"inLanguage\":\"en-GB\"},{\"@type\":\"Organization\",\"@id\":\"https:\\\/\\\/humus.live\\\/en\\\/#organization\",\"name\":\"Humus\",\"alternateName\":\"N\u00e4hrboden f\u00fcr Ver\u00e4nderung\",\"url\":\"https:\\\/\\\/humus.live\\\/en\\\/\",\"logo\":{\"@type\":\"ImageObject\",\"inLanguage\":\"en-GB\",\"@id\":\"https:\\\/\\\/humus.live\\\/en\\\/#\\\/schema\\\/logo\\\/image\\\/\",\"url\":\"https:\\\/\\\/humus.live\\\/wp-content\\\/uploads\\\/2021\\\/01\\\/cropped-humus_hoch.png\",\"contentUrl\":\"https:\\\/\\\/humus.live\\\/wp-content\\\/uploads\\\/2021\\\/01\\\/cropped-humus_hoch.png\",\"width\":454,\"height\":403,\"caption\":\"Humus\"},\"image\":{\"@id\":\"https:\\\/\\\/humus.live\\\/en\\\/#\\\/schema\\\/logo\\\/image\\\/\"},\"sameAs\":[\"https:\\\/\\\/www.instagram.com\\\/humus.fuer.veraenderung\\\/\"]},{\"@type\":\"Person\",\"@id\":\"https:\\\/\\\/humus.live\\\/en\\\/#\\\/schema\\\/person\\\/aedbfa63a695bebc09fb11a2a0ee0c53\",\"name\":\"heli\",\"image\":{\"@type\":\"ImageObject\",\"inLanguage\":\"en-GB\",\"@id\":\"https:\\\/\\\/secure.gravatar.com\\\/avatar\\\/b2a80e88989f53f58f67d8ea3a8543d12910481e181ffdf9f0182c96189ef4d4?s=96&d=mm&r=g\",\"url\":\"https:\\\/\\\/secure.gravatar.com\\\/avatar\\\/b2a80e88989f53f58f67d8ea3a8543d12910481e181ffdf9f0182c96189ef4d4?s=96&d=mm&r=g\",\"contentUrl\":\"https:\\\/\\\/secure.gravatar.com\\\/avatar\\\/b2a80e88989f53f58f67d8ea3a8543d12910481e181ffdf9f0182c96189ef4d4?s=96&d=mm&r=g\",\"caption\":\"heli\"}}]}<\/script>\n<!-- \/ Yoast SEO plugin. -->","yoast_head_json":{"title":"Publikationen - Humus","description":"Publikationen von Humus und unseren Partner:innen - es gibt Handb\u00fccher, Handouts, Zines, Brosch\u00fcren. Fast alles kostenfrei m\u00f6glich!","robots":{"index":"index","follow":"follow","max-snippet":"max-snippet:-1","max-image-preview":"max-image-preview:large","max-video-preview":"max-video-preview:-1"},"canonical":"https:\/\/humus.live\/en\/publikationen\/","og_locale":"en_GB","og_type":"article","og_title":"Publikationen - Humus","og_description":"Publikationen von Humus und unseren Partner:innen - es gibt Handb\u00fccher, Handouts, Zines, Brosch\u00fcren. Fast alles kostenfrei m\u00f6glich!","og_url":"https:\/\/humus.live\/en\/publikationen\/","og_site_name":"Humus","article_modified_time":"2025-10-25T08:52:14+00:00","og_image":[{"url":"https:\/\/humus.live\/wp-content\/uploads\/2025\/08\/Bildschirmfoto-vom-2025-08-31-17-38-27.png","type":"","width":"","height":""}],"twitter_card":"summary_large_image","twitter_misc":{"Estimated reading time":"3 minutes"},"schema":{"@context":"https:\/\/schema.org","@graph":[{"@type":["Article","Report"],"@id":"https:\/\/humus.live\/en\/publikationen\/#article","isPartOf":{"@id":"https:\/\/humus.live\/en\/publikationen\/"},"author":{"name":"heli","@id":"https:\/\/humus.live\/en\/#\/schema\/person\/aedbfa63a695bebc09fb11a2a0ee0c53"},"headline":"Publikationen","datePublished":"2024-11-21T15:36:08+00:00","dateModified":"2025-10-25T08:52:14+00:00","mainEntityOfPage":{"@id":"https:\/\/humus.live\/en\/publikationen\/"},"wordCount":285,"publisher":{"@id":"https:\/\/humus.live\/en\/#organization"},"image":{"@id":"https:\/\/humus.live\/en\/publikationen\/#primaryimage"},"thumbnailUrl":"https:\/\/humus.live\/wp-content\/uploads\/2025\/08\/Bildschirmfoto-vom-2025-08-31-17-38-27.png","inLanguage":"en-GB"},{"@type":"WebPage","@id":"https:\/\/humus.live\/en\/publikationen\/","url":"https:\/\/humus.live\/en\/publikationen\/","name":"Publikationen - Humus","isPartOf":{"@id":"https:\/\/humus.live\/en\/#website"},"primaryImageOfPage":{"@id":"https:\/\/humus.live\/en\/publikationen\/#primaryimage"},"image":{"@id":"https:\/\/humus.live\/en\/publikationen\/#primaryimage"},"thumbnailUrl":"https:\/\/humus.live\/wp-content\/uploads\/2025\/08\/Bildschirmfoto-vom-2025-08-31-17-38-27.png","datePublished":"2024-11-21T15:36:08+00:00","dateModified":"2025-10-25T08:52:14+00:00","description":"Publikationen von Humus und unseren Partner:innen - es gibt Handb\u00fccher, Handouts, Zines, Brosch\u00fcren. Fast alles kostenfrei m\u00f6glich!","breadcrumb":{"@id":"https:\/\/humus.live\/en\/publikationen\/#breadcrumb"},"inLanguage":"en-GB","potentialAction":[{"@type":"ReadAction","target":["https:\/\/humus.live\/en\/publikationen\/"]}]},{"@type":"ImageObject","inLanguage":"en-GB","@id":"https:\/\/humus.live\/en\/publikationen\/#primaryimage","url":"https:\/\/humus.live\/wp-content\/uploads\/2025\/08\/Bildschirmfoto-vom-2025-08-31-17-38-27.png","contentUrl":"https:\/\/humus.live\/wp-content\/uploads\/2025\/08\/Bildschirmfoto-vom-2025-08-31-17-38-27.png"},{"@type":"BreadcrumbList","@id":"https:\/\/humus.live\/en\/publikationen\/#breadcrumb","itemListElement":[{"@type":"ListItem","position":1,"name":"Startseite","item":"https:\/\/humus.live\/category\/allgemein\/"},{"@type":"ListItem","position":2,"name":"Publikationen"}]},{"@type":"WebSite","@id":"https:\/\/humus.live\/en\/#website","url":"https:\/\/humus.live\/en\/","name":"Humus. N\u00e4hrboden f\u00fcr Ver\u00e4nderung. Workshops f\u00fcr soziale Bewegungen.","description":"Fertile Soil for Change","publisher":{"@id":"https:\/\/humus.live\/en\/#organization"},"potentialAction":[{"@type":"SearchAction","target":{"@type":"EntryPoint","urlTemplate":"https:\/\/humus.live\/en\/?s={search_term_string}"},"query-input":{"@type":"PropertyValueSpecification","valueRequired":true,"valueName":"search_term_string"}}],"inLanguage":"en-GB"},{"@type":"Organization","@id":"https:\/\/humus.live\/en\/#organization","name":"Humus","alternateName":"N\u00e4hrboden f\u00fcr Ver\u00e4nderung","url":"https:\/\/humus.live\/en\/","logo":{"@type":"ImageObject","inLanguage":"en-GB","@id":"https:\/\/humus.live\/en\/#\/schema\/logo\/image\/","url":"https:\/\/humus.live\/wp-content\/uploads\/2021\/01\/cropped-humus_hoch.png","contentUrl":"https:\/\/humus.live\/wp-content\/uploads\/2021\/01\/cropped-humus_hoch.png","width":454,"height":403,"caption":"Humus"},"image":{"@id":"https:\/\/humus.live\/en\/#\/schema\/logo\/image\/"},"sameAs":["https:\/\/www.instagram.com\/humus.fuer.veraenderung\/"]},{"@type":"Person","@id":"https:\/\/humus.live\/en\/#\/schema\/person\/aedbfa63a695bebc09fb11a2a0ee0c53","name":"heli","image":{"@type":"ImageObject","inLanguage":"en-GB","@id":"https:\/\/secure.gravatar.com\/avatar\/b2a80e88989f53f58f67d8ea3a8543d12910481e181ffdf9f0182c96189ef4d4?s=96&d=mm&r=g","url":"https:\/\/secure.gravatar.com\/avatar\/b2a80e88989f53f58f67d8ea3a8543d12910481e181ffdf9f0182c96189ef4d4?s=96&d=mm&r=g","contentUrl":"https:\/\/secure.gravatar.com\/avatar\/b2a80e88989f53f58f67d8ea3a8543d12910481e181ffdf9f0182c96189ef4d4?s=96&d=mm&r=g","caption":"heli"}}]}},"_links":{"self":[{"href":"https:\/\/humus.live\/en\/wp-json\/wp\/v2\/pages\/2053","targetHints":{"allow":["GET"]}}],"collection":[{"href":"https:\/\/humus.live\/en\/wp-json\/wp\/v2\/pages"}],"about":[{"href":"https:\/\/humus.live\/en\/wp-json\/wp\/v2\/types\/page"}],"author":[{"embeddable":true,"href":"https:\/\/humus.live\/en\/wp-json\/wp\/v2\/users\/3"}],"replies":[{"embeddable":true,"href":"https:\/\/humus.live\/en\/wp-json\/wp\/v2\/comments?post=2053"}],"version-history":[{"count":21,"href":"https:\/\/humus.live\/en\/wp-json\/wp\/v2\/pages\/2053\/revisions"}],"predecessor-version":[{"id":2374,"href":"https:\/\/humus.live\/en\/wp-json\/wp\/v2\/pages\/2053\/revisions\/2374"}],"wp:attachment":[{"href":"https:\/\/humus.live\/en\/wp-json\/wp\/v2\/media?parent=2053"}],"curies":[{"name":"wp","href":"https:\/\/api.w.org\/{rel}","templated":true}]}}