{"id":1372,"date":"2024-06-28T12:13:49","date_gmt":"2024-06-28T10:13:49","guid":{"rendered":"https:\/\/humus.live\/?page_id=1372"},"modified":"2026-01-02T15:35:53","modified_gmt":"2026-01-02T14:35:53","slug":"s4c","status":"publish","type":"page","link":"https:\/\/humus.live\/en\/s4c\/","title":{"rendered":"Skills f\u00fcr Krisen"},"content":{"rendered":"<div style=\"height:30px\" aria-hidden=\"true\" class=\"wp-block-spacer\"><\/div>\n\n\n\n<div class=\"wp-block-cover is-light humus-banner wp-duotone-unset-1\"><img loading=\"lazy\" decoding=\"async\" width=\"1024\" height=\"576\" class=\"wp-block-cover__image-background wp-image-2204 size-large\" alt=\"\" src=\"https:\/\/humus.live\/wp-content\/uploads\/2025\/06\/s4c-WS-slides-1024x576.jpg\" data-object-fit=\"cover\" srcset=\"https:\/\/humus.live\/wp-content\/uploads\/2025\/06\/s4c-WS-slides-1024x576.jpg 1024w, https:\/\/humus.live\/wp-content\/uploads\/2025\/06\/s4c-WS-slides-300x169.jpg 300w, https:\/\/humus.live\/wp-content\/uploads\/2025\/06\/s4c-WS-slides-768x432.jpg 768w, https:\/\/humus.live\/wp-content\/uploads\/2025\/06\/s4c-WS-slides-1536x864.jpg 1536w, https:\/\/humus.live\/wp-content\/uploads\/2025\/06\/s4c-WS-slides-18x10.jpg 18w, https:\/\/humus.live\/wp-content\/uploads\/2025\/06\/s4c-WS-slides.jpg 1600w\" sizes=\"auto, (max-width: 1024px) 100vw, 1024px\" \/><span aria-hidden=\"true\" class=\"wp-block-cover__background has-background-dim\" style=\"background-color:#a68876\"><\/span><div class=\"wp-block-cover__inner-container is-layout-flow wp-block-cover-is-layout-flow\">\n<p class=\"wp-block-paragraph\"><\/p>\n\n\n\n<p class=\"wp-block-paragraph\"><\/p>\n\n\n\n<p class=\"wp-block-paragraph\"><\/p>\n\n\n\n<p class=\"wp-block-paragraph\"><\/p>\n\n\n\n<p class=\"has-text-align-center has-large-font-size wp-block-paragraph\"><mark style=\"background-color:rgba(0, 0, 0, 0)\" class=\"has-inline-color has-white-color\">A new project on skills and methods for the coming crises<\/mark><\/p>\n<\/div><\/div>\n\n\n\n<p class=\"humus-cta wp-block-paragraph\">F\u00fcr alle, die sich f\u00fcr Resilienz, Krisenumg\u00e4ngen von unten, innovative Bildungsarbeit und Vernetzung interessieren.<\/p>\n\n\n\n<h2 class=\"wp-block-heading\">What?<\/h2>\n\n\n\n<p class=\"wp-block-paragraph\">Das Projekt \u201eSkills for Crisis\u201c erkennt an, dass \u00f6kologische Kipppunkte, sozialer Zusammenbruch und Poly-krisen bereits erreicht sind. Die Welt, wie wir sie kennen, geht ihrem Ende entgegen. Wenn wir uns auf diesen Gedanken einlassen, werden wir als Individuen, aber auch als Gemeinschaften mit Fragen, Gef\u00fchlen und Prozessen konfrontiert, die uns zwingen, unser gewohntes Terrain des \u201eL\u00f6sens\u201c und \u201eRettens\u201c zu verlassen.<\/p>\n\n\n\n<p class=\"wp-block-paragraph\"><strong>Gemeinsam wollen wir erforschen, was zivilgesellschaftliche Organisationen, unsere Gemeinschaften und sozialen Bewegungen brauchen, um solidarisch auf Krisen zu reagieren.<\/strong> Wir wollen aus der Vergangenheit lernen, Heilung in der Gegenwart unterst\u00fctzen und die Art und Weise, wie wir in die Zukunft gehen, gestalten.<\/p>\n\n\n\n<p class=\"wp-block-paragraph\">Ein Jahr lang sammelten wir Wissen und Praktiken zum Thema Krisen und diskutierten in Workshops auf der Grundlage von f\u00fcnf Themenfeldern. <\/p>\n\n\n\n<h2 class=\"wp-block-heading\">Workshopthemen<\/h2>\n\n\n\n<p class=\"wp-block-paragraph\">Die Themen (Streams of thought) zu denen wir gearbeitet haben sind: <\/p>\n\n\n\n<ul class=\"wp-block-list\">\n<li>Zivilgesellschaft st\u00e4rken: Mutual Aid (Gegenseitige Hilfe)<\/li>\n\n\n\n<li>Solidarit\u00e4t im Angesicht von Klimakatastrophen: Mutual Aid als Gegenmittel<\/li>\n\n\n\n<li>Mentale Gesundheit im Fokus: kollektive F\u00fcrsorge und Resilienz in Krisenzeiten<\/li>\n\n\n\n<li>Das Streben nach transnationaler Gerechtigkeit: Wie k\u00f6nnen wir zusammen k\u00e4mpfen?<\/li>\n\n\n\n<li>Solidarit\u00e4t mit Menschen auf der Flucht: \u201eGood Practice\u201d und besseres Verst\u00e4ndnis f\u00fcr die Erfahrungen von Menschen auf der Flucht<\/li>\n<\/ul>\n\n\n\n<h2 class=\"wp-block-heading\">A HANDBOOK FOR THOSE WHO DON\u00b4T BELIEVE THAT<br>IT WILL GET BETTER\u2026 BUT KEEP TRYING!<\/h2>\n\n\n\n<div class=\"wp-block-columns is-layout-flex wp-container-core-columns-is-layout-8f761849 wp-block-columns-is-layout-flex\">\n<div class=\"wp-block-column is-layout-flow wp-block-column-is-layout-flow\">\n<figure class=\"wp-block-image size-large\"><a href=\"https:\/\/skills4crisis.org\/wp-content\/uploads\/2025\/08\/S4C_Handbook_Compressed_ENG.pdf\"><img loading=\"lazy\" decoding=\"async\" width=\"714\" height=\"1024\" src=\"https:\/\/humus.live\/wp-content\/uploads\/2025\/12\/Bildschirmfoto-vom-2025-12-29-16-48-31-714x1024.png\" alt=\"\" class=\"wp-image-2401\" srcset=\"https:\/\/humus.live\/wp-content\/uploads\/2025\/12\/Bildschirmfoto-vom-2025-12-29-16-48-31-714x1024.png 714w, https:\/\/humus.live\/wp-content\/uploads\/2025\/12\/Bildschirmfoto-vom-2025-12-29-16-48-31-209x300.png 209w, https:\/\/humus.live\/wp-content\/uploads\/2025\/12\/Bildschirmfoto-vom-2025-12-29-16-48-31-8x12.png 8w, https:\/\/humus.live\/wp-content\/uploads\/2025\/12\/Bildschirmfoto-vom-2025-12-29-16-48-31.png 750w\" sizes=\"auto, (max-width: 714px) 100vw, 714px\" \/><\/a><\/figure>\n<\/div>\n\n\n\n<div class=\"wp-block-column is-layout-flow wp-block-column-is-layout-flow\">\n<div class=\"wp-block-group\"><div class=\"wp-block-group__inner-container is-layout-constrained wp-block-group-is-layout-constrained\">\n<p class=\"has-text-align-left wp-block-paragraph\"><strong>This handbook is for you\u2026<\/strong><\/p>\n\n\n\n<p class=\"has-text-align-left wp-block-paragraph\">\u2026if you\u2019ve ever felt overwhelmed by the thought about climate and societal collapse and yet another crisis. It is for you, if you are looking for new perspectives for the future. It is especially for you if you are an activist, organizer, educator or work with social movements in another way and can share some of the inspirations with more people.<\/p>\n\n\n\n<div class=\"wp-block-buttons is-layout-flex wp-block-buttons-is-layout-flex\">\n<div class=\"wp-block-button is-style-outline is-style-outline--2\"><a class=\"wp-block-button__link has-black-color has-white-background-color has-text-color has-background has-link-color wp-element-button\" href=\"https:\/\/form.typeform.com\/to\/Q7BSaAgK\">gedruckte Version bestellen<\/a><\/div>\n\n\n\n<div class=\"wp-block-button is-style-outline is-style-outline--3\"><a class=\"wp-block-button__link has-black-color has-white-background-color has-text-color has-background has-link-color wp-element-button\" href=\"https:\/\/skills4crisis.org\/wp-content\/uploads\/2025\/08\/S4C_Handbook_Compressed_ENG.pdf\">PDF Downloaden<\/a><\/div>\n<\/div>\n<\/div><\/div>\n<\/div>\n<\/div>\n\n\n\n<hr class=\"wp-block-separator has-alpha-channel-opacity\"\/>\n\n\n\n<h2 class=\"wp-block-heading\">Weitere Projektergebnisse<\/h2>\n\n\n\n<div class=\"wp-block-columns is-layout-flex wp-container-core-columns-is-layout-8f761849 wp-block-columns-is-layout-flex\">\n<div class=\"wp-block-column is-layout-flow wp-block-column-is-layout-flow\" style=\"flex-basis:66.66%\">\n<figure class=\"wp-block-image size-large\"><a href=\"https:\/\/skills4crisis.org\/resource\/audio-sessions\/\"><img loading=\"lazy\" decoding=\"async\" width=\"1024\" height=\"575\" src=\"https:\/\/humus.live\/wp-content\/uploads\/2025\/12\/Bildschirmfoto-vom-2025-12-29-16-51-59-1024x575.png\" alt=\"\" class=\"wp-image-2404\" srcset=\"https:\/\/humus.live\/wp-content\/uploads\/2025\/12\/Bildschirmfoto-vom-2025-12-29-16-51-59-1024x575.png 1024w, https:\/\/humus.live\/wp-content\/uploads\/2025\/12\/Bildschirmfoto-vom-2025-12-29-16-51-59-300x168.png 300w, https:\/\/humus.live\/wp-content\/uploads\/2025\/12\/Bildschirmfoto-vom-2025-12-29-16-51-59-768x431.png 768w, https:\/\/humus.live\/wp-content\/uploads\/2025\/12\/Bildschirmfoto-vom-2025-12-29-16-51-59-18x10.png 18w, https:\/\/humus.live\/wp-content\/uploads\/2025\/12\/Bildschirmfoto-vom-2025-12-29-16-51-59.png 1184w\" sizes=\"auto, (max-width: 1024px) 100vw, 1024px\" \/><\/a><\/figure>\n<\/div>\n\n\n\n<div class=\"wp-block-column is-layout-flow wp-block-column-is-layout-flow\" style=\"flex-basis:33.33%\">\n<p class=\"wp-block-paragraph\">Zu jedem der Streams of Thought gibt es auch eine Podcastfolge, die du <a href=\"https:\/\/skills4crisis.org\/resource\/audio-sessions\/\">hier anh\u00f6ren <\/a>kannst. <\/p>\n<\/div>\n<\/div>\n\n\n\n<p class=\"wp-block-paragraph\">Viele weitere Materialien &#8211; zum Beispiel Workshop-Designs &#8211; finden sich auf der Projektwebsite <a href=\"http:\/\/www.skills4crisis.org\">http:\/\/www.skills4crisis.org<\/a>. <\/p>\n\n\n\n<div class=\"wp-block-buttons is-layout-flex wp-block-buttons-is-layout-flex\">\n<div class=\"wp-block-button is-style-outline is-style-outline--4\"><a class=\"wp-block-button__link has-black-color has-white-background-color has-text-color has-background has-link-color wp-element-button\" href=\"https:\/\/form.typeform.com\/to\/nFyig1tU\">Feedback zu Handbook und Podcasts<\/a><\/div>\n<\/div>\n\n\n\n<h2 class=\"wp-block-heading\">More about the project<\/h2>\n\n\n\n<p class=\"wp-block-paragraph\"><strong>The project partners are:<\/strong><\/p>\n\n\n\n<ul class=\"wp-block-list\">\n<li class=\"translation-block\"><a href=\"https:\/\/www.educat-kollektiv.org\/\" target=\"_self\">Educat Kollektiv<\/a> (Germany)<\/li>\n\n\n\n<li class=\"translation-block\"><a href=\"https:\/\/czaskultury.pl\/\" target=\"_self\">Czas Kultury<\/a> (Poland)<\/li>\n\n\n\n<li class=\"translation-block\">Furthermore, our work is guided by <a href=\"https:\/\/decolonialfutures.net\/hospicingmodernity\/\" target=\"_self\"> approaches of Hospicing Modernity<\/a><\/li>\n<\/ul>\n\n\n\n<p class=\"wp-block-paragraph\"><strong>Inspiration and Literature:<\/strong><\/p>\n\n\n\n<ul class=\"wp-block-list\">\n<li>Vanessa Machado de Oliveira: Hospicing Modernity. Facing Humanity\u2019s Wrongs and the Implications for Social Activism<\/li>\n\n\n\n<li><a href=\"https:\/\/decolonialfutures.net\/hospicingmodernity\/\">Decolonial Futures Collective<\/a><\/li>\n\n\n\n<li>Dean Spade: Mutual Aid. Building Solidarity During This Crisis (And the Next)<\/li>\n\n\n\n<li>Tadzio M\u00fcller: Zwischen friedlicher Sabotage und Kollaps (Unrast Verlag)<\/li>\n\n\n\n<li>Holistic approach after <a href=\"https:\/\/www.joannamacy.net\/\">Joanna Macy<\/a>: <a href=\"https:\/\/workthatreconnects.org\/\">The Work the Reconnects<\/a><\/li>\n\n\n\n<li>Podcast: <a href=\"https:\/\/endoftheworldshow.org\/\">How to survive the end of the world<\/a><\/li>\n\n\n\n<li>Forschungsprojekt:<a href=\"https:\/\/digigov.univie.ac.at\/projects\/solidarity-in-times-of-a-pandemic-solpan\/solpan-blog-english\/\"> Solidarty in Times of a Pandemic<\/a> (Universit\u00e4t Wien)<\/li>\n\n\n\n<li>Podcast <a href=\"https:\/\/kein-ding.podigee.io\/episodes\">&#8222;Kein Ding!&#8220; zu Care und Sorgegerechtigkeit<\/a><\/li>\n\n\n\n<li>Artikel auf orf.at \u00fcber <a href=\"https:\/\/orf.at\/stories\/3377447\/\">Krisenvorbereitungen in europ\u00e4ischen L\u00e4ndern<\/a><\/li>\n<\/ul>\n\n\n\n<div style=\"height:37px\" aria-hidden=\"true\" class=\"wp-block-spacer\"><\/div>\n\n\n\n<div class=\"wp-block-columns is-layout-flex wp-container-core-columns-is-layout-8f761849 wp-block-columns-is-layout-flex\">\n<div class=\"wp-block-column is-layout-flow wp-block-column-is-layout-flow\">\n<figure class=\"wp-block-image size-large\"><img loading=\"lazy\" decoding=\"async\" width=\"1024\" height=\"228\" src=\"https:\/\/humus.live\/wp-content\/uploads\/2024\/11\/EN_Co-fundedbytheEU_RGB_POS-1024x228.png\" alt=\"EU Logo - Co-Funded horizontal\" class=\"wp-image-1949\" srcset=\"https:\/\/humus.live\/wp-content\/uploads\/2024\/11\/EN_Co-fundedbytheEU_RGB_POS-1024x228.png 1024w, https:\/\/humus.live\/wp-content\/uploads\/2024\/11\/EN_Co-fundedbytheEU_RGB_POS-300x67.png 300w, https:\/\/humus.live\/wp-content\/uploads\/2024\/11\/EN_Co-fundedbytheEU_RGB_POS-768x171.png 768w, https:\/\/humus.live\/wp-content\/uploads\/2024\/11\/EN_Co-fundedbytheEU_RGB_POS-1536x343.png 1536w, https:\/\/humus.live\/wp-content\/uploads\/2024\/11\/EN_Co-fundedbytheEU_RGB_POS-2048x457.png 2048w\" sizes=\"auto, (max-width: 1024px) 100vw, 1024px\" \/><\/figure>\n\n\n\n<p class=\"wp-block-paragraph\"><br><\/p>\n<\/div>\n\n\n\n<div class=\"wp-block-column is-layout-flow wp-block-column-is-layout-flow\">\n<p class=\"wp-block-paragraph\"><em>Funded by the European Union. However, the views and opinions expressed are solely those of the author(s) and do not necessarily reflect those of the European Union or the OeAD-GmbH. Neither the European Union nor the OeAD-GmbH can be held responsible.<\/em><\/p>\n<\/div>\n<\/div>\n\n\n\n<p class=\"wp-block-paragraph\">Projektnummer: 2024-1-AT01-KA210-ADU-000250586. Voller Titel: &#8222;Kompetenzen f\u00fcr Krisen: Wissen, Handlungsf\u00e4higkeit, Emotionaler Umgang und Resilienz.&#8220;<\/p>","protected":false},"excerpt":{"rendered":"<p>F\u00fcr alle, die sich f\u00fcr Resilienz, Krisenumg\u00e4ngen von unten, innovative Bildungsarbeit und Vernetzung interessieren. Was? Das Projekt \u201eSkills for Crisis\u201c erkennt an, dass \u00f6kologische Kipppunkte, sozialer Zusammenbruch und Poly-krisen bereits erreicht sind. Die Welt, wie wir sie kennen, geht ihrem Ende entgegen. Wenn wir uns auf diesen Gedanken einlassen, werden wir als Individuen, aber auch [&hellip;]<\/p>\n","protected":false},"author":3,"featured_media":0,"parent":0,"menu_order":0,"comment_status":"closed","ping_status":"closed","template":"","meta":{"_crdt_document":"","footnotes":""},"class_list":["post-1372","page","type-page","status-publish","hentry"],"yoast_head":"<!-- This site is optimized with the Yoast SEO plugin v27.4 - https:\/\/yoast.com\/product\/yoast-seo-wordpress\/ -->\n<title>Skills f\u00fcr Krisen - Humus<\/title>\n<meta name=\"robots\" content=\"index, follow, max-snippet:-1, max-image-preview:large, max-video-preview:-1\" \/>\n<link rel=\"canonical\" href=\"https:\/\/humus.live\/en\/s4c\/\" \/>\n<meta property=\"og:locale\" content=\"en_GB\" \/>\n<meta property=\"og:type\" content=\"article\" \/>\n<meta property=\"og:title\" content=\"Skills f\u00fcr Krisen - Humus\" \/>\n<meta property=\"og:description\" content=\"F\u00fcr alle, die sich f\u00fcr Resilienz, Krisenumg\u00e4ngen von unten, innovative Bildungsarbeit und Vernetzung interessieren. Was? Das Projekt \u201eSkills for Crisis\u201c erkennt an, dass \u00f6kologische Kipppunkte, sozialer Zusammenbruch und Poly-krisen bereits erreicht sind. Die Welt, wie wir sie kennen, geht ihrem Ende entgegen. Wenn wir uns auf diesen Gedanken einlassen, werden wir als Individuen, aber auch [&hellip;]\" \/>\n<meta property=\"og:url\" content=\"https:\/\/humus.live\/en\/s4c\/\" \/>\n<meta property=\"og:site_name\" content=\"Humus\" \/>\n<meta property=\"article:modified_time\" content=\"2026-01-02T14:35:53+00:00\" \/>\n<meta property=\"og:image\" content=\"https:\/\/humus.live\/wp-content\/uploads\/2025\/06\/s4c-WS-slides-1024x576.jpg\" \/>\n<meta name=\"twitter:card\" content=\"summary_large_image\" \/>\n<meta name=\"twitter:label1\" content=\"Estimated reading time\" \/>\n\t<meta name=\"twitter:data1\" content=\"4 minutes\" \/>\n<script type=\"application\/ld+json\" class=\"yoast-schema-graph\">{\"@context\":\"https:\\\/\\\/schema.org\",\"@graph\":[{\"@type\":\"WebPage\",\"@id\":\"https:\\\/\\\/humus.live\\\/en\\\/s4c\\\/\",\"url\":\"https:\\\/\\\/humus.live\\\/en\\\/s4c\\\/\",\"name\":\"Skills f\u00fcr Krisen - Humus\",\"isPartOf\":{\"@id\":\"https:\\\/\\\/humus.live\\\/en\\\/#website\"},\"primaryImageOfPage\":{\"@id\":\"https:\\\/\\\/humus.live\\\/en\\\/s4c\\\/#primaryimage\"},\"image\":{\"@id\":\"https:\\\/\\\/humus.live\\\/en\\\/s4c\\\/#primaryimage\"},\"thumbnailUrl\":\"https:\\\/\\\/humus.live\\\/wp-content\\\/uploads\\\/2025\\\/06\\\/s4c-WS-slides-1024x576.jpg\",\"datePublished\":\"2024-06-28T10:13:49+00:00\",\"dateModified\":\"2026-01-02T14:35:53+00:00\",\"breadcrumb\":{\"@id\":\"https:\\\/\\\/humus.live\\\/en\\\/s4c\\\/#breadcrumb\"},\"inLanguage\":\"en-GB\",\"potentialAction\":[{\"@type\":\"ReadAction\",\"target\":[\"https:\\\/\\\/humus.live\\\/en\\\/s4c\\\/\"]}]},{\"@type\":\"ImageObject\",\"inLanguage\":\"en-GB\",\"@id\":\"https:\\\/\\\/humus.live\\\/en\\\/s4c\\\/#primaryimage\",\"url\":\"https:\\\/\\\/humus.live\\\/wp-content\\\/uploads\\\/2025\\\/06\\\/s4c-WS-slides-1024x576.jpg\",\"contentUrl\":\"https:\\\/\\\/humus.live\\\/wp-content\\\/uploads\\\/2025\\\/06\\\/s4c-WS-slides-1024x576.jpg\"},{\"@type\":\"BreadcrumbList\",\"@id\":\"https:\\\/\\\/humus.live\\\/en\\\/s4c\\\/#breadcrumb\",\"itemListElement\":[{\"@type\":\"ListItem\",\"position\":1,\"name\":\"Startseite\",\"item\":\"https:\\\/\\\/humus.live\\\/category\\\/allgemein\\\/\"},{\"@type\":\"ListItem\",\"position\":2,\"name\":\"Skills f\u00fcr Krisen\"}]},{\"@type\":\"WebSite\",\"@id\":\"https:\\\/\\\/humus.live\\\/en\\\/#website\",\"url\":\"https:\\\/\\\/humus.live\\\/en\\\/\",\"name\":\"Humus. N\u00e4hrboden f\u00fcr Ver\u00e4nderung. Workshops f\u00fcr soziale Bewegungen.\",\"description\":\"N\u00e4hrboden f\u00fcr Ver\u00e4nderung\",\"publisher\":{\"@id\":\"https:\\\/\\\/humus.live\\\/en\\\/#organization\"},\"potentialAction\":[{\"@type\":\"SearchAction\",\"target\":{\"@type\":\"EntryPoint\",\"urlTemplate\":\"https:\\\/\\\/humus.live\\\/en\\\/?s={search_term_string}\"},\"query-input\":{\"@type\":\"PropertyValueSpecification\",\"valueRequired\":true,\"valueName\":\"search_term_string\"}}],\"inLanguage\":\"en-GB\"},{\"@type\":\"Organization\",\"@id\":\"https:\\\/\\\/humus.live\\\/en\\\/#organization\",\"name\":\"Humus\",\"alternateName\":\"N\u00e4hrboden f\u00fcr Ver\u00e4nderung\",\"url\":\"https:\\\/\\\/humus.live\\\/en\\\/\",\"logo\":{\"@type\":\"ImageObject\",\"inLanguage\":\"en-GB\",\"@id\":\"https:\\\/\\\/humus.live\\\/en\\\/#\\\/schema\\\/logo\\\/image\\\/\",\"url\":\"https:\\\/\\\/humus.live\\\/wp-content\\\/uploads\\\/2021\\\/01\\\/cropped-humus_hoch.png\",\"contentUrl\":\"https:\\\/\\\/humus.live\\\/wp-content\\\/uploads\\\/2021\\\/01\\\/cropped-humus_hoch.png\",\"width\":454,\"height\":403,\"caption\":\"Humus\"},\"image\":{\"@id\":\"https:\\\/\\\/humus.live\\\/en\\\/#\\\/schema\\\/logo\\\/image\\\/\"},\"sameAs\":[\"https:\\\/\\\/www.instagram.com\\\/humus.fuer.veraenderung\\\/\"]}]}<\/script>\n<!-- \/ Yoast SEO plugin. -->","yoast_head_json":{"title":"Skills f\u00fcr Krisen - Humus","robots":{"index":"index","follow":"follow","max-snippet":"max-snippet:-1","max-image-preview":"max-image-preview:large","max-video-preview":"max-video-preview:-1"},"canonical":"https:\/\/humus.live\/en\/s4c\/","og_locale":"en_GB","og_type":"article","og_title":"Skills f\u00fcr Krisen - Humus","og_description":"F\u00fcr alle, die sich f\u00fcr Resilienz, Krisenumg\u00e4ngen von unten, innovative Bildungsarbeit und Vernetzung interessieren. Was? Das Projekt \u201eSkills for Crisis\u201c erkennt an, dass \u00f6kologische Kipppunkte, sozialer Zusammenbruch und Poly-krisen bereits erreicht sind. Die Welt, wie wir sie kennen, geht ihrem Ende entgegen. Wenn wir uns auf diesen Gedanken einlassen, werden wir als Individuen, aber auch [&hellip;]","og_url":"https:\/\/humus.live\/en\/s4c\/","og_site_name":"Humus","article_modified_time":"2026-01-02T14:35:53+00:00","og_image":[{"url":"https:\/\/humus.live\/wp-content\/uploads\/2025\/06\/s4c-WS-slides-1024x576.jpg","type":"","width":"","height":""}],"twitter_card":"summary_large_image","twitter_misc":{"Estimated reading time":"4 minutes"},"schema":{"@context":"https:\/\/schema.org","@graph":[{"@type":"WebPage","@id":"https:\/\/humus.live\/en\/s4c\/","url":"https:\/\/humus.live\/en\/s4c\/","name":"Skills f\u00fcr Krisen - Humus","isPartOf":{"@id":"https:\/\/humus.live\/en\/#website"},"primaryImageOfPage":{"@id":"https:\/\/humus.live\/en\/s4c\/#primaryimage"},"image":{"@id":"https:\/\/humus.live\/en\/s4c\/#primaryimage"},"thumbnailUrl":"https:\/\/humus.live\/wp-content\/uploads\/2025\/06\/s4c-WS-slides-1024x576.jpg","datePublished":"2024-06-28T10:13:49+00:00","dateModified":"2026-01-02T14:35:53+00:00","breadcrumb":{"@id":"https:\/\/humus.live\/en\/s4c\/#breadcrumb"},"inLanguage":"en-GB","potentialAction":[{"@type":"ReadAction","target":["https:\/\/humus.live\/en\/s4c\/"]}]},{"@type":"ImageObject","inLanguage":"en-GB","@id":"https:\/\/humus.live\/en\/s4c\/#primaryimage","url":"https:\/\/humus.live\/wp-content\/uploads\/2025\/06\/s4c-WS-slides-1024x576.jpg","contentUrl":"https:\/\/humus.live\/wp-content\/uploads\/2025\/06\/s4c-WS-slides-1024x576.jpg"},{"@type":"BreadcrumbList","@id":"https:\/\/humus.live\/en\/s4c\/#breadcrumb","itemListElement":[{"@type":"ListItem","position":1,"name":"Startseite","item":"https:\/\/humus.live\/category\/allgemein\/"},{"@type":"ListItem","position":2,"name":"Skills f\u00fcr Krisen"}]},{"@type":"WebSite","@id":"https:\/\/humus.live\/en\/#website","url":"https:\/\/humus.live\/en\/","name":"Humus. N\u00e4hrboden f\u00fcr Ver\u00e4nderung. Workshops f\u00fcr soziale Bewegungen.","description":"Fertile Soil for Change","publisher":{"@id":"https:\/\/humus.live\/en\/#organization"},"potentialAction":[{"@type":"SearchAction","target":{"@type":"EntryPoint","urlTemplate":"https:\/\/humus.live\/en\/?s={search_term_string}"},"query-input":{"@type":"PropertyValueSpecification","valueRequired":true,"valueName":"search_term_string"}}],"inLanguage":"en-GB"},{"@type":"Organization","@id":"https:\/\/humus.live\/en\/#organization","name":"Humus","alternateName":"N\u00e4hrboden f\u00fcr Ver\u00e4nderung","url":"https:\/\/humus.live\/en\/","logo":{"@type":"ImageObject","inLanguage":"en-GB","@id":"https:\/\/humus.live\/en\/#\/schema\/logo\/image\/","url":"https:\/\/humus.live\/wp-content\/uploads\/2021\/01\/cropped-humus_hoch.png","contentUrl":"https:\/\/humus.live\/wp-content\/uploads\/2021\/01\/cropped-humus_hoch.png","width":454,"height":403,"caption":"Humus"},"image":{"@id":"https:\/\/humus.live\/en\/#\/schema\/logo\/image\/"},"sameAs":["https:\/\/www.instagram.com\/humus.fuer.veraenderung\/"]}]}},"_links":{"self":[{"href":"https:\/\/humus.live\/en\/wp-json\/wp\/v2\/pages\/1372","targetHints":{"allow":["GET"]}}],"collection":[{"href":"https:\/\/humus.live\/en\/wp-json\/wp\/v2\/pages"}],"about":[{"href":"https:\/\/humus.live\/en\/wp-json\/wp\/v2\/types\/page"}],"author":[{"embeddable":true,"href":"https:\/\/humus.live\/en\/wp-json\/wp\/v2\/users\/3"}],"replies":[{"embeddable":true,"href":"https:\/\/humus.live\/en\/wp-json\/wp\/v2\/comments?post=1372"}],"version-history":[{"count":35,"href":"https:\/\/humus.live\/en\/wp-json\/wp\/v2\/pages\/1372\/revisions"}],"predecessor-version":[{"id":2429,"href":"https:\/\/humus.live\/en\/wp-json\/wp\/v2\/pages\/1372\/revisions\/2429"}],"wp:attachment":[{"href":"https:\/\/humus.live\/en\/wp-json\/wp\/v2\/media?parent=1372"}],"curies":[{"name":"wp","href":"https:\/\/api.w.org\/{rel}","templated":true}]}}