{"id":1291,"date":"2024-03-18T11:10:15","date_gmt":"2024-03-18T10:10:15","guid":{"rendered":"https:\/\/humus.live\/?page_id=1291"},"modified":"2024-10-14T13:53:04","modified_gmt":"2024-10-14T11:53:04","slug":"impuls-akademie","status":"publish","type":"page","link":"https:\/\/humus.live\/en\/impuls-akademie\/","title":{"rendered":"Impuls Akademie"},"content":{"rendered":"<div class=\"wp-block-columns is-layout-flex wp-container-core-columns-is-layout-8f761849 wp-block-columns-is-layout-flex\">\n<div class=\"wp-block-column is-layout-flow wp-block-column-is-layout-flow\" style=\"flex-basis:33.33%\">\n<figure class=\"wp-block-image size-large\"><img loading=\"lazy\" decoding=\"async\" width=\"1024\" height=\"459\" src=\"https:\/\/humus.live\/wp-content\/uploads\/2024\/09\/Logo_Impulsakademie-1024x459.png\" alt=\"\" class=\"wp-image-1791\" srcset=\"https:\/\/humus.live\/wp-content\/uploads\/2024\/09\/Logo_Impulsakademie-1024x459.png 1024w, https:\/\/humus.live\/wp-content\/uploads\/2024\/09\/Logo_Impulsakademie-300x134.png 300w, https:\/\/humus.live\/wp-content\/uploads\/2024\/09\/Logo_Impulsakademie-768x344.png 768w, https:\/\/humus.live\/wp-content\/uploads\/2024\/09\/Logo_Impulsakademie-1536x689.png 1536w, https:\/\/humus.live\/wp-content\/uploads\/2024\/09\/Logo_Impulsakademie-2048x918.png 2048w\" sizes=\"auto, (max-width: 1024px) 100vw, 1024px\" \/><\/figure>\n<\/div>\n\n\n\n<div class=\"wp-block-column is-layout-flow wp-block-column-is-layout-flow\" style=\"flex-basis:66.66%\">\n<p class=\"wp-block-paragraph\"><strong>The\u00a0<\/strong><a href=\"https:\/\/www.impuls-akademie.org\/\" target=\"_blank\" rel=\"noopener\">Impuls Akademie<\/a><strong> is an in-depth training format for social movements and civil society organizations. As such, it is a further offer, complementing our Tipping Points weekends.<\/strong><\/p>\n<\/div>\n<\/div>\n\n\n\n<figure class=\"wp-block-image size-large\"><img loading=\"lazy\" decoding=\"async\" width=\"1024\" height=\"681\" src=\"https:\/\/humus.live\/wp-content\/uploads\/2024\/10\/54048447315_8ef2edee80_o-1024x681.jpg\" alt=\"Eine Gruppe an Leuten stehen auf einem Steg am Wasser und winken.\" class=\"wp-image-1891\" srcset=\"https:\/\/humus.live\/wp-content\/uploads\/2024\/10\/54048447315_8ef2edee80_o-1024x681.jpg 1024w, https:\/\/humus.live\/wp-content\/uploads\/2024\/10\/54048447315_8ef2edee80_o-300x200.jpg 300w, https:\/\/humus.live\/wp-content\/uploads\/2024\/10\/54048447315_8ef2edee80_o-768x511.jpg 768w, https:\/\/humus.live\/wp-content\/uploads\/2024\/10\/54048447315_8ef2edee80_o-1536x1022.jpg 1536w, https:\/\/humus.live\/wp-content\/uploads\/2024\/10\/54048447315_8ef2edee80_o-2048x1363.jpg 2048w\" sizes=\"auto, (max-width: 1024px) 100vw, 1024px\" \/><figcaption class=\"wp-element-caption\">Picture \u00a9 <a href=\"https:\/\/www.instagram.com\/_lukasdbeck\/\">Lukas David Beck<\/a><\/figcaption><\/figure>\n\n\n\n<p class=\"wp-block-paragraph\">The Impuls Akademie teaches in-depth knowledge and skills in key areas of emancipatory political work. Participants expand their personal repertoire and are supported in applying their newly acquired knowledge in their organizations. In the short term, the Impuls Akademie aims to provide new momentum to strengthen the movement in the Austrian super election year 2024 and to be able to implement effective campaigns and interventions.<\/p>\n\n\n\n<p class=\"wp-block-paragraph\">In the long term, the skills acquired and networks established here are intended to strengthen the progressive movement landscape and counteract authoritarian, right-wing and inhuman political tendencies. It is precisely now that we need to promote and strengthen civil society engagement and emancipatory political work. Social movements today need new skills and abilities in order to develop their full potential and fight for and defend a solidarity-based, just and democratic society. Let's give each other new inspiration and impulses!<\/p>\n\n\n\n<p class=\"wp-block-paragraph\"><strong><b>The Impuls Akademie takes place once a year. You can find news about the current edition on the website <a href=\"https:\/\/www.impuls-akademie.org\/\">www.impuls-akademie.org<\/a><\/b> or on <a href=\"https:\/\/www.instagram.com\/impuls_akademie\/\">Instagram<\/a>.<\/strong><\/p>\n\n\n\n<p class=\"wp-block-paragraph\">The Impuls Academy grows out of a cooperation with the campaign office&nbsp;<a href=\"http:\/\/radius.co.at\/\" target=\"_blank\" rel=\"noopener\">radius<\/a>.<\/p>","protected":false},"excerpt":{"rendered":"<p>Die\u00a0Impuls Akademie ist ein tiefgreifendes Fortbildungsformat f\u00fcr soziale Bewegungen und zivilgesellschaftliche Organisationen. Als solche, ist sein weiterf\u00fchrendes Angebot zu unseren Tipping Points Wochenenden. Die Impuls Akademie vermittelt fundierte Kenntnisse und Kompetenzen in zentralen Feldern emanzipatorischer politischer Arbeit. Teilnehmende erweitern ihr pers\u00f6nliches Repertoire und werden dabei unterst\u00fctzt, das neu erlangte Wissen in ihren Organisationen einzusetzen. Kurzfristig [&hellip;]<\/p>\n","protected":false},"author":2,"featured_media":0,"parent":0,"menu_order":0,"comment_status":"closed","ping_status":"closed","template":"","meta":{"_crdt_document":"","footnotes":""},"class_list":["post-1291","page","type-page","status-publish","hentry"],"yoast_head":"<!-- This site is optimized with the Yoast SEO plugin v27.4 - https:\/\/yoast.com\/product\/yoast-seo-wordpress\/ -->\n<title>Impuls Akademie - Humus<\/title>\n<meta name=\"robots\" content=\"index, follow, max-snippet:-1, max-image-preview:large, max-video-preview:-1\" \/>\n<link rel=\"canonical\" href=\"https:\/\/humus.live\/en\/impuls-akademie\/\" \/>\n<meta property=\"og:locale\" content=\"en_GB\" \/>\n<meta property=\"og:type\" content=\"article\" \/>\n<meta property=\"og:title\" content=\"Impuls Akademie - Humus\" \/>\n<meta property=\"og:description\" content=\"Die\u00a0Impuls Akademie ist ein tiefgreifendes Fortbildungsformat f\u00fcr soziale Bewegungen und zivilgesellschaftliche Organisationen. Als solche, ist sein weiterf\u00fchrendes Angebot zu unseren Tipping Points Wochenenden. Die Impuls Akademie vermittelt fundierte Kenntnisse und Kompetenzen in zentralen Feldern emanzipatorischer politischer Arbeit. Teilnehmende erweitern ihr pers\u00f6nliches Repertoire und werden dabei unterst\u00fctzt, das neu erlangte Wissen in ihren Organisationen einzusetzen. Kurzfristig [&hellip;]\" \/>\n<meta property=\"og:url\" content=\"https:\/\/humus.live\/en\/impuls-akademie\/\" \/>\n<meta property=\"og:site_name\" content=\"Humus\" \/>\n<meta property=\"article:modified_time\" content=\"2024-10-14T11:53:04+00:00\" \/>\n<meta property=\"og:image\" content=\"https:\/\/humus.live\/wp-content\/uploads\/2024\/09\/Logo_Impulsakademie-1024x459.png\" \/>\n<meta name=\"twitter:card\" content=\"summary_large_image\" \/>\n<meta name=\"twitter:label1\" content=\"Estimated reading time\" \/>\n\t<meta name=\"twitter:data1\" content=\"2 minutes\" \/>\n<script type=\"application\/ld+json\" class=\"yoast-schema-graph\">{\"@context\":\"https:\\\/\\\/schema.org\",\"@graph\":[{\"@type\":\"WebPage\",\"@id\":\"https:\\\/\\\/humus.live\\\/en\\\/impuls-akademie\\\/\",\"url\":\"https:\\\/\\\/humus.live\\\/en\\\/impuls-akademie\\\/\",\"name\":\"Impuls Akademie - Humus\",\"isPartOf\":{\"@id\":\"https:\\\/\\\/humus.live\\\/en\\\/#website\"},\"primaryImageOfPage\":{\"@id\":\"https:\\\/\\\/humus.live\\\/en\\\/impuls-akademie\\\/#primaryimage\"},\"image\":{\"@id\":\"https:\\\/\\\/humus.live\\\/en\\\/impuls-akademie\\\/#primaryimage\"},\"thumbnailUrl\":\"https:\\\/\\\/humus.live\\\/wp-content\\\/uploads\\\/2024\\\/09\\\/Logo_Impulsakademie-1024x459.png\",\"datePublished\":\"2024-03-18T10:10:15+00:00\",\"dateModified\":\"2024-10-14T11:53:04+00:00\",\"breadcrumb\":{\"@id\":\"https:\\\/\\\/humus.live\\\/en\\\/impuls-akademie\\\/#breadcrumb\"},\"inLanguage\":\"en-GB\",\"potentialAction\":[{\"@type\":\"ReadAction\",\"target\":[\"https:\\\/\\\/humus.live\\\/en\\\/impuls-akademie\\\/\"]}]},{\"@type\":\"ImageObject\",\"inLanguage\":\"en-GB\",\"@id\":\"https:\\\/\\\/humus.live\\\/en\\\/impuls-akademie\\\/#primaryimage\",\"url\":\"https:\\\/\\\/humus.live\\\/wp-content\\\/uploads\\\/2024\\\/09\\\/Logo_Impulsakademie-1024x459.png\",\"contentUrl\":\"https:\\\/\\\/humus.live\\\/wp-content\\\/uploads\\\/2024\\\/09\\\/Logo_Impulsakademie-1024x459.png\"},{\"@type\":\"BreadcrumbList\",\"@id\":\"https:\\\/\\\/humus.live\\\/en\\\/impuls-akademie\\\/#breadcrumb\",\"itemListElement\":[{\"@type\":\"ListItem\",\"position\":1,\"name\":\"Startseite\",\"item\":\"https:\\\/\\\/humus.live\\\/category\\\/allgemein\\\/\"},{\"@type\":\"ListItem\",\"position\":2,\"name\":\"Impuls Akademie\"}]},{\"@type\":\"WebSite\",\"@id\":\"https:\\\/\\\/humus.live\\\/en\\\/#website\",\"url\":\"https:\\\/\\\/humus.live\\\/en\\\/\",\"name\":\"Humus. N\u00e4hrboden f\u00fcr Ver\u00e4nderung. Workshops f\u00fcr soziale Bewegungen.\",\"description\":\"N\u00e4hrboden f\u00fcr Ver\u00e4nderung\",\"publisher\":{\"@id\":\"https:\\\/\\\/humus.live\\\/en\\\/#organization\"},\"potentialAction\":[{\"@type\":\"SearchAction\",\"target\":{\"@type\":\"EntryPoint\",\"urlTemplate\":\"https:\\\/\\\/humus.live\\\/en\\\/?s={search_term_string}\"},\"query-input\":{\"@type\":\"PropertyValueSpecification\",\"valueRequired\":true,\"valueName\":\"search_term_string\"}}],\"inLanguage\":\"en-GB\"},{\"@type\":\"Organization\",\"@id\":\"https:\\\/\\\/humus.live\\\/en\\\/#organization\",\"name\":\"Humus\",\"alternateName\":\"N\u00e4hrboden f\u00fcr Ver\u00e4nderung\",\"url\":\"https:\\\/\\\/humus.live\\\/en\\\/\",\"logo\":{\"@type\":\"ImageObject\",\"inLanguage\":\"en-GB\",\"@id\":\"https:\\\/\\\/humus.live\\\/en\\\/#\\\/schema\\\/logo\\\/image\\\/\",\"url\":\"https:\\\/\\\/humus.live\\\/wp-content\\\/uploads\\\/2021\\\/01\\\/cropped-humus_hoch.png\",\"contentUrl\":\"https:\\\/\\\/humus.live\\\/wp-content\\\/uploads\\\/2021\\\/01\\\/cropped-humus_hoch.png\",\"width\":454,\"height\":403,\"caption\":\"Humus\"},\"image\":{\"@id\":\"https:\\\/\\\/humus.live\\\/en\\\/#\\\/schema\\\/logo\\\/image\\\/\"},\"sameAs\":[\"https:\\\/\\\/www.instagram.com\\\/humus.fuer.veraenderung\\\/\"]}]}<\/script>\n<!-- \/ Yoast SEO plugin. -->","yoast_head_json":{"title":"Impuls Akademie - Humus","robots":{"index":"index","follow":"follow","max-snippet":"max-snippet:-1","max-image-preview":"max-image-preview:large","max-video-preview":"max-video-preview:-1"},"canonical":"https:\/\/humus.live\/en\/impuls-akademie\/","og_locale":"en_GB","og_type":"article","og_title":"Impuls Akademie - Humus","og_description":"Die\u00a0Impuls Akademie ist ein tiefgreifendes Fortbildungsformat f\u00fcr soziale Bewegungen und zivilgesellschaftliche Organisationen. Als solche, ist sein weiterf\u00fchrendes Angebot zu unseren Tipping Points Wochenenden. Die Impuls Akademie vermittelt fundierte Kenntnisse und Kompetenzen in zentralen Feldern emanzipatorischer politischer Arbeit. Teilnehmende erweitern ihr pers\u00f6nliches Repertoire und werden dabei unterst\u00fctzt, das neu erlangte Wissen in ihren Organisationen einzusetzen. Kurzfristig [&hellip;]","og_url":"https:\/\/humus.live\/en\/impuls-akademie\/","og_site_name":"Humus","article_modified_time":"2024-10-14T11:53:04+00:00","og_image":[{"url":"https:\/\/humus.live\/wp-content\/uploads\/2024\/09\/Logo_Impulsakademie-1024x459.png","type":"","width":"","height":""}],"twitter_card":"summary_large_image","twitter_misc":{"Estimated reading time":"2 minutes"},"schema":{"@context":"https:\/\/schema.org","@graph":[{"@type":"WebPage","@id":"https:\/\/humus.live\/en\/impuls-akademie\/","url":"https:\/\/humus.live\/en\/impuls-akademie\/","name":"Impuls Akademie - Humus","isPartOf":{"@id":"https:\/\/humus.live\/en\/#website"},"primaryImageOfPage":{"@id":"https:\/\/humus.live\/en\/impuls-akademie\/#primaryimage"},"image":{"@id":"https:\/\/humus.live\/en\/impuls-akademie\/#primaryimage"},"thumbnailUrl":"https:\/\/humus.live\/wp-content\/uploads\/2024\/09\/Logo_Impulsakademie-1024x459.png","datePublished":"2024-03-18T10:10:15+00:00","dateModified":"2024-10-14T11:53:04+00:00","breadcrumb":{"@id":"https:\/\/humus.live\/en\/impuls-akademie\/#breadcrumb"},"inLanguage":"en-GB","potentialAction":[{"@type":"ReadAction","target":["https:\/\/humus.live\/en\/impuls-akademie\/"]}]},{"@type":"ImageObject","inLanguage":"en-GB","@id":"https:\/\/humus.live\/en\/impuls-akademie\/#primaryimage","url":"https:\/\/humus.live\/wp-content\/uploads\/2024\/09\/Logo_Impulsakademie-1024x459.png","contentUrl":"https:\/\/humus.live\/wp-content\/uploads\/2024\/09\/Logo_Impulsakademie-1024x459.png"},{"@type":"BreadcrumbList","@id":"https:\/\/humus.live\/en\/impuls-akademie\/#breadcrumb","itemListElement":[{"@type":"ListItem","position":1,"name":"Startseite","item":"https:\/\/humus.live\/category\/allgemein\/"},{"@type":"ListItem","position":2,"name":"Impuls Akademie"}]},{"@type":"WebSite","@id":"https:\/\/humus.live\/en\/#website","url":"https:\/\/humus.live\/en\/","name":"Humus. N\u00e4hrboden f\u00fcr Ver\u00e4nderung. Workshops f\u00fcr soziale Bewegungen.","description":"Fertile Soil for Change","publisher":{"@id":"https:\/\/humus.live\/en\/#organization"},"potentialAction":[{"@type":"SearchAction","target":{"@type":"EntryPoint","urlTemplate":"https:\/\/humus.live\/en\/?s={search_term_string}"},"query-input":{"@type":"PropertyValueSpecification","valueRequired":true,"valueName":"search_term_string"}}],"inLanguage":"en-GB"},{"@type":"Organization","@id":"https:\/\/humus.live\/en\/#organization","name":"Humus","alternateName":"N\u00e4hrboden f\u00fcr Ver\u00e4nderung","url":"https:\/\/humus.live\/en\/","logo":{"@type":"ImageObject","inLanguage":"en-GB","@id":"https:\/\/humus.live\/en\/#\/schema\/logo\/image\/","url":"https:\/\/humus.live\/wp-content\/uploads\/2021\/01\/cropped-humus_hoch.png","contentUrl":"https:\/\/humus.live\/wp-content\/uploads\/2021\/01\/cropped-humus_hoch.png","width":454,"height":403,"caption":"Humus"},"image":{"@id":"https:\/\/humus.live\/en\/#\/schema\/logo\/image\/"},"sameAs":["https:\/\/www.instagram.com\/humus.fuer.veraenderung\/"]}]}},"_links":{"self":[{"href":"https:\/\/humus.live\/en\/wp-json\/wp\/v2\/pages\/1291","targetHints":{"allow":["GET"]}}],"collection":[{"href":"https:\/\/humus.live\/en\/wp-json\/wp\/v2\/pages"}],"about":[{"href":"https:\/\/humus.live\/en\/wp-json\/wp\/v2\/types\/page"}],"author":[{"embeddable":true,"href":"https:\/\/humus.live\/en\/wp-json\/wp\/v2\/users\/2"}],"replies":[{"embeddable":true,"href":"https:\/\/humus.live\/en\/wp-json\/wp\/v2\/comments?post=1291"}],"version-history":[{"count":18,"href":"https:\/\/humus.live\/en\/wp-json\/wp\/v2\/pages\/1291\/revisions"}],"predecessor-version":[{"id":1893,"href":"https:\/\/humus.live\/en\/wp-json\/wp\/v2\/pages\/1291\/revisions\/1893"}],"wp:attachment":[{"href":"https:\/\/humus.live\/en\/wp-json\/wp\/v2\/media?parent=1291"}],"curies":[{"name":"wp","href":"https:\/\/api.w.org\/{rel}","templated":true}]}}