{"id":1074,"date":"2024-03-05T16:44:22","date_gmt":"2024-03-05T15:44:22","guid":{"rendered":"https:\/\/humus.live\/?page_id=1074"},"modified":"2025-08-06T15:51:13","modified_gmt":"2025-08-06T13:51:13","slug":"spenden","status":"publish","type":"page","link":"https:\/\/humus.live\/en\/spenden\/","title":{"rendered":"Unterst\u00fctze unsere Arbeit"},"content":{"rendered":"\n<h2 class=\"wp-block-heading\">Unterst\u00fctze unsere Arbeit &#8211; einmalig oder kontinuierlich<\/h2>\n\n\n\n<p class=\"wp-block-paragraph\">Wir haben <strong>laufende Kosten<\/strong> zu tragen, die wir nicht mit Projektf\u00f6rderungen und einzelnen Spenden decken k\u00f6nnen.  Dabei geht es um Kosten wie Lizenz- und Hostinggeb\u00fchren, Materialien oder Druckkosten. Au\u00dferdem erm\u00f6glichen es uns Spenden, f\u00fcr <strong>Gruppen, die keine finanziellen Mittel<\/strong> haben gratis oder sehr g\u00fcnstig zu arbeiten. Auch dabei fallen neben eventuellen Honoraren auch Materialkosten, Raummieten oder Fahrtkosten an, die wir sonst selbst bezahlen m\u00fcssen. <\/p>\n\n\n\n<p class=\"wp-block-paragraph\"><strong>Deine Spende erm\u00f6glicht es uns, unsere Arbeit fortzusetzen. <\/strong>Ob Moderation und Prozessbegleitung f\u00fcr Gruppen, ob Beratungen oder Veranstaltungen, Publikationen oder Workshopentwicklung &#8211; wir m\u00f6chten mit all dem emanzipatorische Bewegungen (ohne hohe Preise zu verlangen) unterst\u00fctzen und k\u00f6nnen das nur mit deiner Hilfe!<\/p>\n\n\n\n<p class=\"wp-block-paragraph\"><strong>Wenn du unsere Arbeit gut und wichtig findest,<\/strong> kannst du uns am besten mit einer Dauerspende von 5,&#8211; oder 10,&#8211; oder mehr <em>pro Monat<\/em> helfen. Wenn du dich nicht festlegen willst, freuen wir uns auch \u00fcber Einmalspenden, egal in welcher H\u00f6he.<\/p>\n\n\n\n<div class=\"wp-block-columns is-layout-flex wp-container-core-columns-is-layout-8f761849 wp-block-columns-is-layout-flex\">\n<div class=\"wp-block-column is-layout-flow wp-block-column-is-layout-flow\">\n<script src=\"https:\/\/donorbox.org\/widget.js\" paypalExpress=\"true\"><\/script><iframe loading=\"lazy\" src=\"https:\/\/donorbox.org\/embed\/humus-dauerspenden?default_interval=q&#038;hide_donation_meter=true\" name=\"donorbox\" allowpaymentrequest=\"allowpaymentrequest\" seamless=\"seamless\" frameborder=\"0\" scrolling=\"no\" height=\"900px\" width=\"100%\" style=\"max-width: 500px; min-width: 250px; max-height:none!important\"><\/iframe>\n<\/div>\n\n\n\n<div class=\"wp-block-column is-layout-flow wp-block-column-is-layout-flow\">\n<p class=\"wp-block-paragraph\">Du kannst ganz bequem das Formular verwenden. Allerdings nimmt der Betreiber einiges an Spesen. Wenn du das umgehen m\u00f6chtest, richte und in deinem Online Banking einen <strong>Dauerauftrag<\/strong> ein. W\u00e4hle einen passenden Betrag und Frequenz; am liebsten ist es uns viertelj\u00e4hrlich.<\/p>\n\n\n\n<p class=\"wp-block-paragraph\">Kontobezeichnung: Humus<br>IBAN AT47 3412 9000 0891 2495<br><a href=\"https:\/\/humus.live\/wp-content\/uploads\/2025\/08\/qr-code_HumusTPspende.png\">(als QR Code f\u00fcr deine Banking-App anzeigen) <\/a><\/p>\n\n\n\n<p class=\"wp-block-paragraph\">Wichtig: Wenn du ab und an Updates und Dankesch\u00f6ns f\u00fcr Spender:innen bekommen m\u00f6chtest, schreib uns <strong>ein kurzes E-Mail,<\/strong> damit wir deinen Kontakt haben: info[at]humus.live &#8211; denn nur bei deinem IBAN k\u00f6nnen wir uns nicht bedanken! \ud83d\ude42<\/p>\n<\/div>\n<\/div>\n\n\n\n<h3 class=\"wp-block-heading\">Warum ist Humus unterst\u00fctzenswert?<\/h3>\n\n\n\n<ul class=\"wp-block-list\">\n<li>Wir supporten emanzipatorische soziale Bewegungen und Akteure der Zivilgesellschaft (vor allem in \u00d6sterreich) mit Beratung, Gruppenbegleitung, Moderation und Fortbildungen seit 2019.<\/li>\n\n\n\n<li>Wir arbeiten f\u00fcr solidarische Beitr\u00e4ge, ohne Gewinn.<\/li>\n\n\n\n<li>Wir entwickeln laufend neue Angebote und geben neue Impulse. Zum Beispiel: der Moderationspool f\u00fcr soziale Bewegungen, die Impuls Akademie, Handbuch f\u00fcr Skill Share Events, Handouts und Ressourcen f\u00fcr Aktivist*innen.<\/li>\n<\/ul>\n\n\n\n<h3 class=\"wp-block-heading\">Fragen?<\/h3>\n\n\n\n<details class=\"wp-block-details is-layout-flow wp-block-details-is-layout-flow\"><summary>Warum soll ich jetzt mehr und \u00f6fter spenden als bei bisher? <\/summary>\n<p class=\"wp-block-paragraph\">Obwohl wir vereinzelt Spenden f\u00fcr unsere ehrenamtliche Arbeit bekommen, sind diese &#8222;Eink\u00fcnfte&#8220; schwer planbar. Gleichzeitig sind viele Kosten kontinuierlich: f\u00fcr die Website, f\u00fcr Online-Tools und Steuern, die wir abgeben m\u00fcssen. Au\u00dferdem bekommen wir in der Regel nichts f\u00fcr die Entwicklung von Workshops, Projekten oder Bildungsformaten. Au\u00dferdem m\u00f6chten wir Unterst\u00fctzung und Prozessbegleitung auch f\u00fcr jene Gruppen anbieten, die finanziell nicht so gut aufgestellt sind. Daf\u00fcr brauchen wir vor allem <strong>regelm\u00e4\u00dfige<\/strong> Spenden.<\/p>\n<\/details>\n\n\n\n<details class=\"wp-block-details is-layout-flow wp-block-details-is-layout-flow\"><summary>Eh cool, aber lieber unterst\u00fctzt du uns auf anderem Weg?<\/summary>\n<p class=\"wp-block-paragraph\">kein Problem, du kannst auch: unseren Newsletter (per Signal oder Mail) weiterempfehlen; unseren Jahresbericht weiter geben; unsere Events wie z.B. www.tippingpoints.life bewerben; uns mit deiner Gruppe f\u00fcr ein Beratungsseminar &#8222;Let&#8217;s grow&#8220; anfragen; andere auf diese Spendenkampagne aufmerksam machen&#8230; Denn mehr erreichen wir vor allem gemeinsam!<\/p>\n<\/details>\n","protected":false},"excerpt":{"rendered":"<p>Unterst\u00fctze unsere Arbeit &#8211; einmalig oder kontinuierlich Wir haben laufende Kosten zu tragen, die wir nicht mit Projektf\u00f6rderungen und einzelnen Spenden decken k\u00f6nnen. Dabei geht es um Kosten wie Lizenz- und Hostinggeb\u00fchren, Materialien oder Druckkosten. Au\u00dferdem erm\u00f6glichen es uns Spenden, f\u00fcr Gruppen, die keine finanziellen Mittel haben gratis oder sehr g\u00fcnstig zu arbeiten. Auch dabei [&hellip;]<\/p>\n","protected":false},"author":3,"featured_media":0,"parent":0,"menu_order":0,"comment_status":"closed","ping_status":"closed","template":"","meta":{"_crdt_document":"","footnotes":""},"class_list":["post-1074","page","type-page","status-publish","hentry"],"yoast_head":"<!-- This site is optimized with the Yoast SEO plugin v27.4 - https:\/\/yoast.com\/product\/yoast-seo-wordpress\/ -->\n<title>Unterst\u00fctze unsere Arbeit - Humus<\/title>\n<meta name=\"robots\" content=\"index, follow, max-snippet:-1, max-image-preview:large, max-video-preview:-1\" \/>\n<link rel=\"canonical\" href=\"https:\/\/humus.live\/en\/spenden\/\" \/>\n<meta property=\"og:locale\" content=\"en_GB\" \/>\n<meta property=\"og:type\" content=\"article\" \/>\n<meta property=\"og:title\" content=\"Unterst\u00fctze unsere Arbeit - Humus\" \/>\n<meta property=\"og:description\" content=\"Unterst\u00fctze unsere Arbeit &#8211; einmalig oder kontinuierlich Wir haben laufende Kosten zu tragen, die wir nicht mit Projektf\u00f6rderungen und einzelnen Spenden decken k\u00f6nnen. Dabei geht es um Kosten wie Lizenz- und Hostinggeb\u00fchren, Materialien oder Druckkosten. Au\u00dferdem erm\u00f6glichen es uns Spenden, f\u00fcr Gruppen, die keine finanziellen Mittel haben gratis oder sehr g\u00fcnstig zu arbeiten. Auch dabei [&hellip;]\" \/>\n<meta property=\"og:url\" content=\"https:\/\/humus.live\/en\/spenden\/\" \/>\n<meta property=\"og:site_name\" content=\"Humus\" \/>\n<meta property=\"article:modified_time\" content=\"2025-08-06T13:51:13+00:00\" \/>\n<meta name=\"twitter:card\" content=\"summary_large_image\" \/>\n<meta name=\"twitter:label1\" content=\"Estimated reading time\" \/>\n\t<meta name=\"twitter:data1\" content=\"3 minutes\" \/>\n<script type=\"application\/ld+json\" class=\"yoast-schema-graph\">{\"@context\":\"https:\\\/\\\/schema.org\",\"@graph\":[{\"@type\":\"WebPage\",\"@id\":\"https:\\\/\\\/humus.live\\\/en\\\/spenden\\\/\",\"url\":\"https:\\\/\\\/humus.live\\\/en\\\/spenden\\\/\",\"name\":\"Unterst\u00fctze unsere Arbeit - Humus\",\"isPartOf\":{\"@id\":\"https:\\\/\\\/humus.live\\\/en\\\/#website\"},\"datePublished\":\"2024-03-05T15:44:22+00:00\",\"dateModified\":\"2025-08-06T13:51:13+00:00\",\"breadcrumb\":{\"@id\":\"https:\\\/\\\/humus.live\\\/en\\\/spenden\\\/#breadcrumb\"},\"inLanguage\":\"en-GB\",\"potentialAction\":[{\"@type\":\"ReadAction\",\"target\":[\"https:\\\/\\\/humus.live\\\/en\\\/spenden\\\/\"]}]},{\"@type\":\"BreadcrumbList\",\"@id\":\"https:\\\/\\\/humus.live\\\/en\\\/spenden\\\/#breadcrumb\",\"itemListElement\":[{\"@type\":\"ListItem\",\"position\":1,\"name\":\"Startseite\",\"item\":\"https:\\\/\\\/humus.live\\\/category\\\/allgemein\\\/\"},{\"@type\":\"ListItem\",\"position\":2,\"name\":\"Unterst\u00fctze unsere Arbeit\"}]},{\"@type\":\"WebSite\",\"@id\":\"https:\\\/\\\/humus.live\\\/en\\\/#website\",\"url\":\"https:\\\/\\\/humus.live\\\/en\\\/\",\"name\":\"Humus. N\u00e4hrboden f\u00fcr Ver\u00e4nderung. Workshops f\u00fcr soziale Bewegungen.\",\"description\":\"N\u00e4hrboden f\u00fcr Ver\u00e4nderung\",\"publisher\":{\"@id\":\"https:\\\/\\\/humus.live\\\/en\\\/#organization\"},\"potentialAction\":[{\"@type\":\"SearchAction\",\"target\":{\"@type\":\"EntryPoint\",\"urlTemplate\":\"https:\\\/\\\/humus.live\\\/en\\\/?s={search_term_string}\"},\"query-input\":{\"@type\":\"PropertyValueSpecification\",\"valueRequired\":true,\"valueName\":\"search_term_string\"}}],\"inLanguage\":\"en-GB\"},{\"@type\":\"Organization\",\"@id\":\"https:\\\/\\\/humus.live\\\/en\\\/#organization\",\"name\":\"Humus\",\"alternateName\":\"N\u00e4hrboden f\u00fcr Ver\u00e4nderung\",\"url\":\"https:\\\/\\\/humus.live\\\/en\\\/\",\"logo\":{\"@type\":\"ImageObject\",\"inLanguage\":\"en-GB\",\"@id\":\"https:\\\/\\\/humus.live\\\/en\\\/#\\\/schema\\\/logo\\\/image\\\/\",\"url\":\"https:\\\/\\\/humus.live\\\/wp-content\\\/uploads\\\/2021\\\/01\\\/cropped-humus_hoch.png\",\"contentUrl\":\"https:\\\/\\\/humus.live\\\/wp-content\\\/uploads\\\/2021\\\/01\\\/cropped-humus_hoch.png\",\"width\":454,\"height\":403,\"caption\":\"Humus\"},\"image\":{\"@id\":\"https:\\\/\\\/humus.live\\\/en\\\/#\\\/schema\\\/logo\\\/image\\\/\"},\"sameAs\":[\"https:\\\/\\\/www.instagram.com\\\/humus.fuer.veraenderung\\\/\"]}]}<\/script>\n<!-- \/ Yoast SEO plugin. -->","yoast_head_json":{"title":"Unterst\u00fctze unsere Arbeit - Humus","robots":{"index":"index","follow":"follow","max-snippet":"max-snippet:-1","max-image-preview":"max-image-preview:large","max-video-preview":"max-video-preview:-1"},"canonical":"https:\/\/humus.live\/en\/spenden\/","og_locale":"en_GB","og_type":"article","og_title":"Unterst\u00fctze unsere Arbeit - Humus","og_description":"Unterst\u00fctze unsere Arbeit &#8211; einmalig oder kontinuierlich Wir haben laufende Kosten zu tragen, die wir nicht mit Projektf\u00f6rderungen und einzelnen Spenden decken k\u00f6nnen. Dabei geht es um Kosten wie Lizenz- und Hostinggeb\u00fchren, Materialien oder Druckkosten. Au\u00dferdem erm\u00f6glichen es uns Spenden, f\u00fcr Gruppen, die keine finanziellen Mittel haben gratis oder sehr g\u00fcnstig zu arbeiten. Auch dabei [&hellip;]","og_url":"https:\/\/humus.live\/en\/spenden\/","og_site_name":"Humus","article_modified_time":"2025-08-06T13:51:13+00:00","twitter_card":"summary_large_image","twitter_misc":{"Estimated reading time":"3 minutes"},"schema":{"@context":"https:\/\/schema.org","@graph":[{"@type":"WebPage","@id":"https:\/\/humus.live\/en\/spenden\/","url":"https:\/\/humus.live\/en\/spenden\/","name":"Unterst\u00fctze unsere Arbeit - Humus","isPartOf":{"@id":"https:\/\/humus.live\/en\/#website"},"datePublished":"2024-03-05T15:44:22+00:00","dateModified":"2025-08-06T13:51:13+00:00","breadcrumb":{"@id":"https:\/\/humus.live\/en\/spenden\/#breadcrumb"},"inLanguage":"en-GB","potentialAction":[{"@type":"ReadAction","target":["https:\/\/humus.live\/en\/spenden\/"]}]},{"@type":"BreadcrumbList","@id":"https:\/\/humus.live\/en\/spenden\/#breadcrumb","itemListElement":[{"@type":"ListItem","position":1,"name":"Startseite","item":"https:\/\/humus.live\/category\/allgemein\/"},{"@type":"ListItem","position":2,"name":"Unterst\u00fctze unsere Arbeit"}]},{"@type":"WebSite","@id":"https:\/\/humus.live\/en\/#website","url":"https:\/\/humus.live\/en\/","name":"Humus. N\u00e4hrboden f\u00fcr Ver\u00e4nderung. Workshops f\u00fcr soziale Bewegungen.","description":"Fertile Soil for Change","publisher":{"@id":"https:\/\/humus.live\/en\/#organization"},"potentialAction":[{"@type":"SearchAction","target":{"@type":"EntryPoint","urlTemplate":"https:\/\/humus.live\/en\/?s={search_term_string}"},"query-input":{"@type":"PropertyValueSpecification","valueRequired":true,"valueName":"search_term_string"}}],"inLanguage":"en-GB"},{"@type":"Organization","@id":"https:\/\/humus.live\/en\/#organization","name":"Humus","alternateName":"N\u00e4hrboden f\u00fcr Ver\u00e4nderung","url":"https:\/\/humus.live\/en\/","logo":{"@type":"ImageObject","inLanguage":"en-GB","@id":"https:\/\/humus.live\/en\/#\/schema\/logo\/image\/","url":"https:\/\/humus.live\/wp-content\/uploads\/2021\/01\/cropped-humus_hoch.png","contentUrl":"https:\/\/humus.live\/wp-content\/uploads\/2021\/01\/cropped-humus_hoch.png","width":454,"height":403,"caption":"Humus"},"image":{"@id":"https:\/\/humus.live\/en\/#\/schema\/logo\/image\/"},"sameAs":["https:\/\/www.instagram.com\/humus.fuer.veraenderung\/"]}]}},"_links":{"self":[{"href":"https:\/\/humus.live\/en\/wp-json\/wp\/v2\/pages\/1074","targetHints":{"allow":["GET"]}}],"collection":[{"href":"https:\/\/humus.live\/en\/wp-json\/wp\/v2\/pages"}],"about":[{"href":"https:\/\/humus.live\/en\/wp-json\/wp\/v2\/types\/page"}],"author":[{"embeddable":true,"href":"https:\/\/humus.live\/en\/wp-json\/wp\/v2\/users\/3"}],"replies":[{"embeddable":true,"href":"https:\/\/humus.live\/en\/wp-json\/wp\/v2\/comments?post=1074"}],"version-history":[{"count":24,"href":"https:\/\/humus.live\/en\/wp-json\/wp\/v2\/pages\/1074\/revisions"}],"predecessor-version":[{"id":2255,"href":"https:\/\/humus.live\/en\/wp-json\/wp\/v2\/pages\/1074\/revisions\/2255"}],"wp:attachment":[{"href":"https:\/\/humus.live\/en\/wp-json\/wp\/v2\/media?parent=1074"}],"curies":[{"name":"wp","href":"https:\/\/api.w.org\/{rel}","templated":true}]}}