{"id":1068,"date":"2024-03-05T15:14:11","date_gmt":"2024-03-05T14:14:11","guid":{"rendered":"https:\/\/humus.live\/?page_id=1068"},"modified":"2024-09-27T17:09:25","modified_gmt":"2024-09-27T15:09:25","slug":"machtverschiebung","status":"publish","type":"page","link":"https:\/\/humus.live\/en\/machtverschiebung\/","title":{"rendered":"Machtverschiebung"},"content":{"rendered":"<h1 class=\"wp-block-heading\">Machtverschiebung<\/h1>\n\n\n\n<h4 class=\"wp-block-heading\">Workshop-Nachmittag am 7. Mai 2024 zu<strong> Strategien zum Umgang mit Rechtsextremismus in der Politischen Bildung<\/strong>.<\/h4>\n\n\n\n<p class=\"wp-block-paragraph\">Im Rahmen der <a href=\"http:\/\/www.aktionstage.politische-bildung.at\/\">Aktionstage Politische Bildung 2024<\/a> organisierten wir gemeinsam mit dem <a href=\"https:\/\/www.politik-lernen.at\/\">Zentrum polis<\/a> ein Austauschevent f\u00fcr Akteure der kritischen politischen Bildungsarbeit mit Workshops und ein Markt der Ideen.\u00a0<\/p>\n\n\n\n<p class=\"wp-block-paragraph\">Schwerpunktthema des Treffens war der drohende <strong>Rechtsruck<\/strong> in \u00d6sterreich und Europa im Vorfeld der <strong>Nationalrats- und Europawahl.<\/strong><\/p>\n\n\n\n<p class=\"wp-block-paragraph\"><strong>Termin<\/strong>: Di., 7. Mai 2024, 13:00 bis 17:30 Uhr<br><strong>Ort<\/strong>: Fechtsaal des BMBWF, Freyung 1, 1010 Wien<\/p>\n\n\n\n<h4 class=\"wp-block-heading\">Grobablauf &amp; Speaker<\/h4>\n\n\n\n<figure class=\"wp-block-table\"><table><tbody><tr><td>13:00  <br>13:20 <br><br>13:40 <br>14:00 <br>14:20<br>15:30<br>15:45<br>16:30<br> <br>17:00<br>17:30 <\/td><td>Ankommen &amp; Begr\u00fc\u00dfung<br><strong>Vortr\u00e4ge und Diskussionen<\/strong>:<br>&#8211; Rechtsextremismus und Rechtsextremismuspr\u00e4vention in der Politischen<br>Bildung (D\u00d6W) <br>&#8211; Radikale Demokratiebildung (Lara Kierot)<br>&#8211; Bildung und Beratung f\u00fcr Migrant:innen (Peregrina)<br>Kaffeepause<br><strong>Markt der Ideen<\/strong><br><strong>Vortrag und Q&amp;A: <br><\/strong>F\u00f6rderm\u00f6glichkeiten der Politischen Bildung (\u00d6sterr. Gesellschaft f\u00fcr Politische Bildung)<br>Zukunftsw\u00fcnsche &#8211; wie geht&#8217;s weiter?<br>Abschluss<\/td><\/tr><\/tbody><\/table><\/figure>\n\n\n\n<p class=\"has-white-background-color has-background wp-block-paragraph\"><strong>Save the Date: <\/strong>Tipping Points #10 findet von 7. bis 9. Juni in Graz statt. Alle Infos unter: <a href=\"https:\/\/tippingpoints.life\">https:\/\/tippingpoints.life<\/a>. Folgt uns au\u00dferdem auch auf <a href=\"https:\/\/www.instagram.com\/humus.fuer.veraenderung\/\">Instagram<\/a> f\u00fcr laufende Updates!<\/p>","protected":false},"excerpt":{"rendered":"<p>Machtverschiebung Workshop-Nachmittag am 7. Mai 2024 zu Strategien zum Umgang mit Rechtsextremismus in der Politischen Bildung. Im Rahmen der Aktionstage Politische Bildung 2024 organisierten wir gemeinsam mit dem Zentrum polis ein Austauschevent f\u00fcr Akteure der kritischen politischen Bildungsarbeit mit Workshops und ein Markt der Ideen.\u00a0 Schwerpunktthema des Treffens war der drohende Rechtsruck in \u00d6sterreich und [&hellip;]<\/p>\n","protected":false},"author":3,"featured_media":0,"parent":0,"menu_order":0,"comment_status":"closed","ping_status":"closed","template":"","meta":{"_crdt_document":"","footnotes":""},"class_list":["post-1068","page","type-page","status-publish","hentry"],"yoast_head":"<!-- This site is optimized with the Yoast SEO plugin v27.4 - https:\/\/yoast.com\/product\/yoast-seo-wordpress\/ -->\n<title>Machtverschiebung - Humus<\/title>\n<meta name=\"robots\" content=\"index, follow, max-snippet:-1, max-image-preview:large, max-video-preview:-1\" \/>\n<link rel=\"canonical\" href=\"https:\/\/humus.live\/en\/machtverschiebung\/\" \/>\n<meta property=\"og:locale\" content=\"en_GB\" \/>\n<meta property=\"og:type\" content=\"article\" \/>\n<meta property=\"og:title\" content=\"Machtverschiebung - Humus\" \/>\n<meta property=\"og:description\" content=\"Machtverschiebung Workshop-Nachmittag am 7. Mai 2024 zu Strategien zum Umgang mit Rechtsextremismus in der Politischen Bildung. Im Rahmen der Aktionstage Politische Bildung 2024 organisierten wir gemeinsam mit dem Zentrum polis ein Austauschevent f\u00fcr Akteure der kritischen politischen Bildungsarbeit mit Workshops und ein Markt der Ideen.\u00a0 Schwerpunktthema des Treffens war der drohende Rechtsruck in \u00d6sterreich und [&hellip;]\" \/>\n<meta property=\"og:url\" content=\"https:\/\/humus.live\/en\/machtverschiebung\/\" \/>\n<meta property=\"og:site_name\" content=\"Humus\" \/>\n<meta property=\"article:modified_time\" content=\"2024-09-27T15:09:25+00:00\" \/>\n<meta name=\"twitter:card\" content=\"summary_large_image\" \/>\n<meta name=\"twitter:label1\" content=\"Estimated reading time\" \/>\n\t<meta name=\"twitter:data1\" content=\"1 minute\" \/>\n<script type=\"application\/ld+json\" class=\"yoast-schema-graph\">{\"@context\":\"https:\\\/\\\/schema.org\",\"@graph\":[{\"@type\":\"WebPage\",\"@id\":\"https:\\\/\\\/humus.live\\\/en\\\/machtverschiebung\\\/\",\"url\":\"https:\\\/\\\/humus.live\\\/en\\\/machtverschiebung\\\/\",\"name\":\"Machtverschiebung - Humus\",\"isPartOf\":{\"@id\":\"https:\\\/\\\/humus.live\\\/en\\\/#website\"},\"datePublished\":\"2024-03-05T14:14:11+00:00\",\"dateModified\":\"2024-09-27T15:09:25+00:00\",\"breadcrumb\":{\"@id\":\"https:\\\/\\\/humus.live\\\/en\\\/machtverschiebung\\\/#breadcrumb\"},\"inLanguage\":\"en-GB\",\"potentialAction\":[{\"@type\":\"ReadAction\",\"target\":[\"https:\\\/\\\/humus.live\\\/en\\\/machtverschiebung\\\/\"]}]},{\"@type\":\"BreadcrumbList\",\"@id\":\"https:\\\/\\\/humus.live\\\/en\\\/machtverschiebung\\\/#breadcrumb\",\"itemListElement\":[{\"@type\":\"ListItem\",\"position\":1,\"name\":\"Startseite\",\"item\":\"https:\\\/\\\/humus.live\\\/category\\\/allgemein\\\/\"},{\"@type\":\"ListItem\",\"position\":2,\"name\":\"Machtverschiebung\"}]},{\"@type\":\"WebSite\",\"@id\":\"https:\\\/\\\/humus.live\\\/en\\\/#website\",\"url\":\"https:\\\/\\\/humus.live\\\/en\\\/\",\"name\":\"Humus. N\u00e4hrboden f\u00fcr Ver\u00e4nderung. Workshops f\u00fcr soziale Bewegungen.\",\"description\":\"N\u00e4hrboden f\u00fcr Ver\u00e4nderung\",\"publisher\":{\"@id\":\"https:\\\/\\\/humus.live\\\/en\\\/#organization\"},\"potentialAction\":[{\"@type\":\"SearchAction\",\"target\":{\"@type\":\"EntryPoint\",\"urlTemplate\":\"https:\\\/\\\/humus.live\\\/en\\\/?s={search_term_string}\"},\"query-input\":{\"@type\":\"PropertyValueSpecification\",\"valueRequired\":true,\"valueName\":\"search_term_string\"}}],\"inLanguage\":\"en-GB\"},{\"@type\":\"Organization\",\"@id\":\"https:\\\/\\\/humus.live\\\/en\\\/#organization\",\"name\":\"Humus\",\"alternateName\":\"N\u00e4hrboden f\u00fcr Ver\u00e4nderung\",\"url\":\"https:\\\/\\\/humus.live\\\/en\\\/\",\"logo\":{\"@type\":\"ImageObject\",\"inLanguage\":\"en-GB\",\"@id\":\"https:\\\/\\\/humus.live\\\/en\\\/#\\\/schema\\\/logo\\\/image\\\/\",\"url\":\"https:\\\/\\\/humus.live\\\/wp-content\\\/uploads\\\/2021\\\/01\\\/cropped-humus_hoch.png\",\"contentUrl\":\"https:\\\/\\\/humus.live\\\/wp-content\\\/uploads\\\/2021\\\/01\\\/cropped-humus_hoch.png\",\"width\":454,\"height\":403,\"caption\":\"Humus\"},\"image\":{\"@id\":\"https:\\\/\\\/humus.live\\\/en\\\/#\\\/schema\\\/logo\\\/image\\\/\"},\"sameAs\":[\"https:\\\/\\\/www.instagram.com\\\/humus.fuer.veraenderung\\\/\"]}]}<\/script>\n<!-- \/ Yoast SEO plugin. -->","yoast_head_json":{"title":"Machtverschiebung - Humus","robots":{"index":"index","follow":"follow","max-snippet":"max-snippet:-1","max-image-preview":"max-image-preview:large","max-video-preview":"max-video-preview:-1"},"canonical":"https:\/\/humus.live\/en\/machtverschiebung\/","og_locale":"en_GB","og_type":"article","og_title":"Machtverschiebung - Humus","og_description":"Machtverschiebung Workshop-Nachmittag am 7. Mai 2024 zu Strategien zum Umgang mit Rechtsextremismus in der Politischen Bildung. Im Rahmen der Aktionstage Politische Bildung 2024 organisierten wir gemeinsam mit dem Zentrum polis ein Austauschevent f\u00fcr Akteure der kritischen politischen Bildungsarbeit mit Workshops und ein Markt der Ideen.\u00a0 Schwerpunktthema des Treffens war der drohende Rechtsruck in \u00d6sterreich und [&hellip;]","og_url":"https:\/\/humus.live\/en\/machtverschiebung\/","og_site_name":"Humus","article_modified_time":"2024-09-27T15:09:25+00:00","twitter_card":"summary_large_image","twitter_misc":{"Estimated reading time":"1 minute"},"schema":{"@context":"https:\/\/schema.org","@graph":[{"@type":"WebPage","@id":"https:\/\/humus.live\/en\/machtverschiebung\/","url":"https:\/\/humus.live\/en\/machtverschiebung\/","name":"Machtverschiebung - Humus","isPartOf":{"@id":"https:\/\/humus.live\/en\/#website"},"datePublished":"2024-03-05T14:14:11+00:00","dateModified":"2024-09-27T15:09:25+00:00","breadcrumb":{"@id":"https:\/\/humus.live\/en\/machtverschiebung\/#breadcrumb"},"inLanguage":"en-GB","potentialAction":[{"@type":"ReadAction","target":["https:\/\/humus.live\/en\/machtverschiebung\/"]}]},{"@type":"BreadcrumbList","@id":"https:\/\/humus.live\/en\/machtverschiebung\/#breadcrumb","itemListElement":[{"@type":"ListItem","position":1,"name":"Startseite","item":"https:\/\/humus.live\/category\/allgemein\/"},{"@type":"ListItem","position":2,"name":"Machtverschiebung"}]},{"@type":"WebSite","@id":"https:\/\/humus.live\/en\/#website","url":"https:\/\/humus.live\/en\/","name":"Humus. N\u00e4hrboden f\u00fcr Ver\u00e4nderung. Workshops f\u00fcr soziale Bewegungen.","description":"Fertile Soil for Change","publisher":{"@id":"https:\/\/humus.live\/en\/#organization"},"potentialAction":[{"@type":"SearchAction","target":{"@type":"EntryPoint","urlTemplate":"https:\/\/humus.live\/en\/?s={search_term_string}"},"query-input":{"@type":"PropertyValueSpecification","valueRequired":true,"valueName":"search_term_string"}}],"inLanguage":"en-GB"},{"@type":"Organization","@id":"https:\/\/humus.live\/en\/#organization","name":"Humus","alternateName":"N\u00e4hrboden f\u00fcr Ver\u00e4nderung","url":"https:\/\/humus.live\/en\/","logo":{"@type":"ImageObject","inLanguage":"en-GB","@id":"https:\/\/humus.live\/en\/#\/schema\/logo\/image\/","url":"https:\/\/humus.live\/wp-content\/uploads\/2021\/01\/cropped-humus_hoch.png","contentUrl":"https:\/\/humus.live\/wp-content\/uploads\/2021\/01\/cropped-humus_hoch.png","width":454,"height":403,"caption":"Humus"},"image":{"@id":"https:\/\/humus.live\/en\/#\/schema\/logo\/image\/"},"sameAs":["https:\/\/www.instagram.com\/humus.fuer.veraenderung\/"]}]}},"_links":{"self":[{"href":"https:\/\/humus.live\/en\/wp-json\/wp\/v2\/pages\/1068","targetHints":{"allow":["GET"]}}],"collection":[{"href":"https:\/\/humus.live\/en\/wp-json\/wp\/v2\/pages"}],"about":[{"href":"https:\/\/humus.live\/en\/wp-json\/wp\/v2\/types\/page"}],"author":[{"embeddable":true,"href":"https:\/\/humus.live\/en\/wp-json\/wp\/v2\/users\/3"}],"replies":[{"embeddable":true,"href":"https:\/\/humus.live\/en\/wp-json\/wp\/v2\/comments?post=1068"}],"version-history":[{"count":8,"href":"https:\/\/humus.live\/en\/wp-json\/wp\/v2\/pages\/1068\/revisions"}],"predecessor-version":[{"id":1794,"href":"https:\/\/humus.live\/en\/wp-json\/wp\/v2\/pages\/1068\/revisions\/1794"}],"wp:attachment":[{"href":"https:\/\/humus.live\/en\/wp-json\/wp\/v2\/media?parent=1068"}],"curies":[{"name":"wp","href":"https:\/\/api.w.org\/{rel}","templated":true}]}}