{"id":1035,"date":"2023-09-29T09:00:05","date_gmt":"2023-09-29T07:00:05","guid":{"rendered":"https:\/\/humus.live\/?page_id=1035"},"modified":"2026-04-01T12:26:28","modified_gmt":"2026-04-01T10:26:28","slug":"ia2024","status":"publish","type":"page","link":"https:\/\/humus.live\/en\/ia2024\/","title":{"rendered":"Impuls Akademie 2024"},"content":{"rendered":"<h2 class=\"wp-block-heading\">Impuls Akademie 2024<\/h2>\n\n\n\n<blockquote class=\"wp-block-quote is-layout-flow wp-block-quote-is-layout-flow\">\n<h4 class=\"wp-block-heading\"><em>\u201cIn Zeiten vielfacher Krisen ist ein Weiter wie bisher keine Option \u2013 auch nicht f\u00fcr soziale Bewegungen. Wir geben neue Impulse.\u201c<\/em><\/h4>\n<\/blockquote>\n\n\n\n<p class=\"wp-block-paragraph\">Gemeinsam mit <a href=\"http:\/\/www.radius.or.at\">radius<\/a> haben wir 2024 erstmals eine tiefgehende Fortbildungsveranstaltung f\u00fcr NGOs und Grassroots in \u00d6sterreich ins Leben gerufen. Beim ersten Durchgang waren schon ca. 40 Personen aus verschiedenen Kontexten in den 3 Kursen zu Movement Building, Selbstorganisation und Kampagnenstrategie dabei. <\/p>\n\n\n\n<p class=\"wp-block-paragraph\">Das umfangreiche Programm in St. Gilgen am Wolfangsee wurde zus\u00e4tzlich erg\u00e4nzt durch optionale Workshops und dem Abendprogramm mit Lesung, Podiumsdiskussion und Musik. Insgesamt war es ein sehr gelungener erster Durchgang, bei dem nicht nur die Teilnehmenden sondern auch wir in der Organisation viel lernen konnten. <\/p>\n\n\n<div class=\"wp-block-image\">\n<figure class=\"aligncenter size-large is-resized\"><img loading=\"lazy\" decoding=\"async\" width=\"1024\" height=\"682\" src=\"https:\/\/humus.live\/wp-content\/uploads\/2024\/09\/53675544626_b24bb5daa5_k-1024x682.jpg\" alt=\"\" class=\"wp-image-1727\" style=\"width:600px\" srcset=\"https:\/\/humus.live\/wp-content\/uploads\/2024\/09\/53675544626_b24bb5daa5_k-1024x682.jpg 1024w, https:\/\/humus.live\/wp-content\/uploads\/2024\/09\/53675544626_b24bb5daa5_k-300x200.jpg 300w, https:\/\/humus.live\/wp-content\/uploads\/2024\/09\/53675544626_b24bb5daa5_k-768x511.jpg 768w, https:\/\/humus.live\/wp-content\/uploads\/2024\/09\/53675544626_b24bb5daa5_k-1536x1022.jpg 1536w, https:\/\/humus.live\/wp-content\/uploads\/2024\/09\/53675544626_b24bb5daa5_k.jpg 2048w\" sizes=\"auto, (max-width: 1024px) 100vw, 1024px\" \/><\/figure>\n<\/div>\n\n\n<p class=\"wp-block-paragraph\">2025 wird das Projekt in einer neuen und erweiterten Fassung fortgesetzt. Zus\u00e4tzlich zu den j\u00e4hrlichen Veranstaltungen sollen auch Unterlagen und Ressourcen aus den Kursen auf der Website ver\u00f6ffentlicht werden.<\/p>\n\n\n\n<p class=\"wp-block-paragraph\">Alle Infos sowie Fotos vom bisherigen Durchgang findet ihr unter <a href=\"https:\/\/www.impuls-akademie.org\/\">www.impuls-akademie.org<\/a>. Wer sich f\u00fcr den jeweils n\u00e4chsten Durchgang interessiert, kann sich dort auch f\u00fcr den Newsletter registrieren. News gibt&#8217;s au\u00dferdem auf <a href=\"https:\/\/www.instagram.com\/impuls_akademie\/\">Instagram<\/a>.<\/p>\n\n\n\n<div class=\"wp-block-buttons is-content-justification-center is-layout-flex wp-container-core-buttons-is-layout-fe48e5de wp-block-buttons-is-layout-flex\">\n<div style=\"--wp--block-button--width: 50;\" class=\"wp-block-button has-custom-width wp-block-button__width wp-block-button__width-50\"><a class=\"wp-block-button__link has-text-color has-background has-link-color wp-element-button\" href=\"http:\/\/www.tippingpoints.life\" style=\"color:#f3efe3;background-color:#851919\" target=\"_blank\" rel=\"noreferrer noopener\">mehr Fortbildungen von Humus<\/a><\/div>\n<\/div>","protected":false},"excerpt":{"rendered":"<p>Impuls Akademie 2024 \u201cIn Zeiten vielfacher Krisen ist ein Weiter wie bisher keine Option \u2013 auch nicht f\u00fcr soziale Bewegungen. Wir geben neue Impulse.\u201c Gemeinsam mit radius haben wir 2024 erstmals eine tiefgehende Fortbildungsveranstaltung f\u00fcr NGOs und Grassroots in \u00d6sterreich ins Leben gerufen. Beim ersten Durchgang waren schon ca. 40 Personen aus verschiedenen Kontexten in [&hellip;]<\/p>\n","protected":false},"author":2,"featured_media":0,"parent":0,"menu_order":0,"comment_status":"closed","ping_status":"closed","template":"","meta":{"_crdt_document":"","footnotes":""},"class_list":["post-1035","page","type-page","status-publish","hentry"],"yoast_head":"<!-- This site is optimized with the Yoast SEO plugin v27.4 - https:\/\/yoast.com\/product\/yoast-seo-wordpress\/ -->\n<title>Impuls Akademie 2024 - Humus<\/title>\n<meta name=\"robots\" content=\"index, follow, max-snippet:-1, max-image-preview:large, max-video-preview:-1\" \/>\n<link rel=\"canonical\" href=\"https:\/\/humus.live\/en\/ia2024\/\" \/>\n<meta property=\"og:locale\" content=\"en_GB\" \/>\n<meta property=\"og:type\" content=\"article\" \/>\n<meta property=\"og:title\" content=\"Impuls Akademie 2024 - Humus\" \/>\n<meta property=\"og:description\" content=\"Impuls Akademie 2024 \u201cIn Zeiten vielfacher Krisen ist ein Weiter wie bisher keine Option \u2013 auch nicht f\u00fcr soziale Bewegungen. Wir geben neue Impulse.\u201c Gemeinsam mit radius haben wir 2024 erstmals eine tiefgehende Fortbildungsveranstaltung f\u00fcr NGOs und Grassroots in \u00d6sterreich ins Leben gerufen. Beim ersten Durchgang waren schon ca. 40 Personen aus verschiedenen Kontexten in [&hellip;]\" \/>\n<meta property=\"og:url\" content=\"https:\/\/humus.live\/en\/ia2024\/\" \/>\n<meta property=\"og:site_name\" content=\"Humus\" \/>\n<meta property=\"article:modified_time\" content=\"2026-04-01T10:26:28+00:00\" \/>\n<meta property=\"og:image\" content=\"https:\/\/humus.live\/wp-content\/uploads\/2024\/09\/53675544626_b24bb5daa5_k-1024x682.jpg\" \/>\n<meta name=\"twitter:card\" content=\"summary_large_image\" \/>\n<meta name=\"twitter:label1\" content=\"Estimated reading time\" \/>\n\t<meta name=\"twitter:data1\" content=\"2 minutes\" \/>\n<script type=\"application\/ld+json\" class=\"yoast-schema-graph\">{\"@context\":\"https:\\\/\\\/schema.org\",\"@graph\":[{\"@type\":\"WebPage\",\"@id\":\"https:\\\/\\\/humus.live\\\/en\\\/ia2024\\\/\",\"url\":\"https:\\\/\\\/humus.live\\\/en\\\/ia2024\\\/\",\"name\":\"Impuls Akademie 2024 - Humus\",\"isPartOf\":{\"@id\":\"https:\\\/\\\/humus.live\\\/en\\\/#website\"},\"primaryImageOfPage\":{\"@id\":\"https:\\\/\\\/humus.live\\\/en\\\/ia2024\\\/#primaryimage\"},\"image\":{\"@id\":\"https:\\\/\\\/humus.live\\\/en\\\/ia2024\\\/#primaryimage\"},\"thumbnailUrl\":\"https:\\\/\\\/humus.live\\\/wp-content\\\/uploads\\\/2024\\\/09\\\/53675544626_b24bb5daa5_k-1024x682.jpg\",\"datePublished\":\"2023-09-29T07:00:05+00:00\",\"dateModified\":\"2026-04-01T10:26:28+00:00\",\"breadcrumb\":{\"@id\":\"https:\\\/\\\/humus.live\\\/en\\\/ia2024\\\/#breadcrumb\"},\"inLanguage\":\"en-GB\",\"potentialAction\":[{\"@type\":\"ReadAction\",\"target\":[\"https:\\\/\\\/humus.live\\\/en\\\/ia2024\\\/\"]}]},{\"@type\":\"ImageObject\",\"inLanguage\":\"en-GB\",\"@id\":\"https:\\\/\\\/humus.live\\\/en\\\/ia2024\\\/#primaryimage\",\"url\":\"https:\\\/\\\/humus.live\\\/wp-content\\\/uploads\\\/2024\\\/09\\\/53675544626_b24bb5daa5_k-1024x682.jpg\",\"contentUrl\":\"https:\\\/\\\/humus.live\\\/wp-content\\\/uploads\\\/2024\\\/09\\\/53675544626_b24bb5daa5_k-1024x682.jpg\"},{\"@type\":\"BreadcrumbList\",\"@id\":\"https:\\\/\\\/humus.live\\\/en\\\/ia2024\\\/#breadcrumb\",\"itemListElement\":[{\"@type\":\"ListItem\",\"position\":1,\"name\":\"Startseite\",\"item\":\"https:\\\/\\\/humus.live\\\/category\\\/allgemein\\\/\"},{\"@type\":\"ListItem\",\"position\":2,\"name\":\"Impuls Akademie 2024\"}]},{\"@type\":\"WebSite\",\"@id\":\"https:\\\/\\\/humus.live\\\/en\\\/#website\",\"url\":\"https:\\\/\\\/humus.live\\\/en\\\/\",\"name\":\"Humus. N\u00e4hrboden f\u00fcr Ver\u00e4nderung. Workshops f\u00fcr soziale Bewegungen.\",\"description\":\"N\u00e4hrboden f\u00fcr Ver\u00e4nderung\",\"publisher\":{\"@id\":\"https:\\\/\\\/humus.live\\\/en\\\/#organization\"},\"potentialAction\":[{\"@type\":\"SearchAction\",\"target\":{\"@type\":\"EntryPoint\",\"urlTemplate\":\"https:\\\/\\\/humus.live\\\/en\\\/?s={search_term_string}\"},\"query-input\":{\"@type\":\"PropertyValueSpecification\",\"valueRequired\":true,\"valueName\":\"search_term_string\"}}],\"inLanguage\":\"en-GB\"},{\"@type\":\"Organization\",\"@id\":\"https:\\\/\\\/humus.live\\\/en\\\/#organization\",\"name\":\"Humus\",\"alternateName\":\"N\u00e4hrboden f\u00fcr Ver\u00e4nderung\",\"url\":\"https:\\\/\\\/humus.live\\\/en\\\/\",\"logo\":{\"@type\":\"ImageObject\",\"inLanguage\":\"en-GB\",\"@id\":\"https:\\\/\\\/humus.live\\\/en\\\/#\\\/schema\\\/logo\\\/image\\\/\",\"url\":\"https:\\\/\\\/humus.live\\\/wp-content\\\/uploads\\\/2021\\\/01\\\/cropped-humus_hoch.png\",\"contentUrl\":\"https:\\\/\\\/humus.live\\\/wp-content\\\/uploads\\\/2021\\\/01\\\/cropped-humus_hoch.png\",\"width\":454,\"height\":403,\"caption\":\"Humus\"},\"image\":{\"@id\":\"https:\\\/\\\/humus.live\\\/en\\\/#\\\/schema\\\/logo\\\/image\\\/\"},\"sameAs\":[\"https:\\\/\\\/www.instagram.com\\\/humus.fuer.veraenderung\\\/\"]}]}<\/script>\n<!-- \/ Yoast SEO plugin. -->","yoast_head_json":{"title":"Impuls Akademie 2024 - Humus","robots":{"index":"index","follow":"follow","max-snippet":"max-snippet:-1","max-image-preview":"max-image-preview:large","max-video-preview":"max-video-preview:-1"},"canonical":"https:\/\/humus.live\/en\/ia2024\/","og_locale":"en_GB","og_type":"article","og_title":"Impuls Akademie 2024 - Humus","og_description":"Impuls Akademie 2024 \u201cIn Zeiten vielfacher Krisen ist ein Weiter wie bisher keine Option \u2013 auch nicht f\u00fcr soziale Bewegungen. Wir geben neue Impulse.\u201c Gemeinsam mit radius haben wir 2024 erstmals eine tiefgehende Fortbildungsveranstaltung f\u00fcr NGOs und Grassroots in \u00d6sterreich ins Leben gerufen. Beim ersten Durchgang waren schon ca. 40 Personen aus verschiedenen Kontexten in [&hellip;]","og_url":"https:\/\/humus.live\/en\/ia2024\/","og_site_name":"Humus","article_modified_time":"2026-04-01T10:26:28+00:00","og_image":[{"url":"https:\/\/humus.live\/wp-content\/uploads\/2024\/09\/53675544626_b24bb5daa5_k-1024x682.jpg","type":"","width":"","height":""}],"twitter_card":"summary_large_image","twitter_misc":{"Estimated reading time":"2 minutes"},"schema":{"@context":"https:\/\/schema.org","@graph":[{"@type":"WebPage","@id":"https:\/\/humus.live\/en\/ia2024\/","url":"https:\/\/humus.live\/en\/ia2024\/","name":"Impuls Akademie 2024 - Humus","isPartOf":{"@id":"https:\/\/humus.live\/en\/#website"},"primaryImageOfPage":{"@id":"https:\/\/humus.live\/en\/ia2024\/#primaryimage"},"image":{"@id":"https:\/\/humus.live\/en\/ia2024\/#primaryimage"},"thumbnailUrl":"https:\/\/humus.live\/wp-content\/uploads\/2024\/09\/53675544626_b24bb5daa5_k-1024x682.jpg","datePublished":"2023-09-29T07:00:05+00:00","dateModified":"2026-04-01T10:26:28+00:00","breadcrumb":{"@id":"https:\/\/humus.live\/en\/ia2024\/#breadcrumb"},"inLanguage":"en-GB","potentialAction":[{"@type":"ReadAction","target":["https:\/\/humus.live\/en\/ia2024\/"]}]},{"@type":"ImageObject","inLanguage":"en-GB","@id":"https:\/\/humus.live\/en\/ia2024\/#primaryimage","url":"https:\/\/humus.live\/wp-content\/uploads\/2024\/09\/53675544626_b24bb5daa5_k-1024x682.jpg","contentUrl":"https:\/\/humus.live\/wp-content\/uploads\/2024\/09\/53675544626_b24bb5daa5_k-1024x682.jpg"},{"@type":"BreadcrumbList","@id":"https:\/\/humus.live\/en\/ia2024\/#breadcrumb","itemListElement":[{"@type":"ListItem","position":1,"name":"Startseite","item":"https:\/\/humus.live\/category\/allgemein\/"},{"@type":"ListItem","position":2,"name":"Impuls Akademie 2024"}]},{"@type":"WebSite","@id":"https:\/\/humus.live\/en\/#website","url":"https:\/\/humus.live\/en\/","name":"Humus. N\u00e4hrboden f\u00fcr Ver\u00e4nderung. Workshops f\u00fcr soziale Bewegungen.","description":"Fertile Soil for Change","publisher":{"@id":"https:\/\/humus.live\/en\/#organization"},"potentialAction":[{"@type":"SearchAction","target":{"@type":"EntryPoint","urlTemplate":"https:\/\/humus.live\/en\/?s={search_term_string}"},"query-input":{"@type":"PropertyValueSpecification","valueRequired":true,"valueName":"search_term_string"}}],"inLanguage":"en-GB"},{"@type":"Organization","@id":"https:\/\/humus.live\/en\/#organization","name":"Humus","alternateName":"N\u00e4hrboden f\u00fcr Ver\u00e4nderung","url":"https:\/\/humus.live\/en\/","logo":{"@type":"ImageObject","inLanguage":"en-GB","@id":"https:\/\/humus.live\/en\/#\/schema\/logo\/image\/","url":"https:\/\/humus.live\/wp-content\/uploads\/2021\/01\/cropped-humus_hoch.png","contentUrl":"https:\/\/humus.live\/wp-content\/uploads\/2021\/01\/cropped-humus_hoch.png","width":454,"height":403,"caption":"Humus"},"image":{"@id":"https:\/\/humus.live\/en\/#\/schema\/logo\/image\/"},"sameAs":["https:\/\/www.instagram.com\/humus.fuer.veraenderung\/"]}]}},"_links":{"self":[{"href":"https:\/\/humus.live\/en\/wp-json\/wp\/v2\/pages\/1035","targetHints":{"allow":["GET"]}}],"collection":[{"href":"https:\/\/humus.live\/en\/wp-json\/wp\/v2\/pages"}],"about":[{"href":"https:\/\/humus.live\/en\/wp-json\/wp\/v2\/types\/page"}],"author":[{"embeddable":true,"href":"https:\/\/humus.live\/en\/wp-json\/wp\/v2\/users\/2"}],"replies":[{"embeddable":true,"href":"https:\/\/humus.live\/en\/wp-json\/wp\/v2\/comments?post=1035"}],"version-history":[{"count":5,"href":"https:\/\/humus.live\/en\/wp-json\/wp\/v2\/pages\/1035\/revisions"}],"predecessor-version":[{"id":2449,"href":"https:\/\/humus.live\/en\/wp-json\/wp\/v2\/pages\/1035\/revisions\/2449"}],"wp:attachment":[{"href":"https:\/\/humus.live\/en\/wp-json\/wp\/v2\/media?parent=1035"}],"curies":[{"name":"wp","href":"https:\/\/api.w.org\/{rel}","templated":true}]}}