{"id":10,"date":"2020-10-12T15:54:46","date_gmt":"2020-10-12T13:54:46","guid":{"rendered":"https:\/\/humus.live\/?page_id=10"},"modified":"2025-12-10T14:54:37","modified_gmt":"2025-12-10T13:54:37","slug":"humus-naehrboden-fuer-veraenderung","status":"publish","type":"page","link":"https:\/\/humus.live\/en\/","title":{"rendered":"Humus - Fertile Soil for Change"},"content":{"rendered":"<h1>Humus - Fertile Soil for Change<\/h1>\n\n\n<figure class=\"wp-block-image humus-banner\"><img loading=\"lazy\" decoding=\"async\" width=\"2560\" height=\"1709\" src=\"https:\/\/humus.live\/wp-content\/uploads\/2024\/10\/53785616964_edf857b5cc_o-scaled.jpg\" alt=\"Mitwirkende von Humus - N\u00e4hrboden f\u00fcr Ver\u00e4nderung stehen vor einer Tafel und sprechen zum Publikum bei einer Bildungsveranstaltung. Skillshare Workshops bieten de N\u00e4hrboden f\u00fcr Ver\u00e4nderung.\" class=\"wp-image-1907\" srcset=\"https:\/\/humus.live\/wp-content\/uploads\/2024\/10\/53785616964_edf857b5cc_o-scaled.jpg 2560w, https:\/\/humus.live\/wp-content\/uploads\/2024\/10\/53785616964_edf857b5cc_o-300x200.jpg 300w, https:\/\/humus.live\/wp-content\/uploads\/2024\/10\/53785616964_edf857b5cc_o-1024x684.jpg 1024w, https:\/\/humus.live\/wp-content\/uploads\/2024\/10\/53785616964_edf857b5cc_o-768x513.jpg 768w, https:\/\/humus.live\/wp-content\/uploads\/2024\/10\/53785616964_edf857b5cc_o-1536x1025.jpg 1536w, https:\/\/humus.live\/wp-content\/uploads\/2024\/10\/53785616964_edf857b5cc_o-2048x1367.jpg 2048w\" sizes=\"auto, (max-width: 2560px) 100vw, 2560px\" \/><\/figure>\n\n\n\n<p class=\"wp-block-paragraph\"><strong>Humus supports <\/strong>groups and individuals in being active for socio-ecological transformation. Humus does not implement its own projects or actions, but provides a fertile soil for the productive and effective growth of various initiatives, groups, organisations and networks.<\/p>\n\n\n\n<p class=\"wp-block-paragraph\"><strong>Humus is open<\/strong> f\u00fcr Anfragen aus allen emanzipatorischen sozialen Bereichen f\u00fcr Beratung und Unterst\u00fctzung \u2013 gerne mit individueller Beratung und einem ma\u00dfgeschneidertem Angebot, je nach Problemstellung. Wir arbeiten mit vielen Formaten: Workshops, Moderation, Gruppenwochenenden, Beratung oder l\u00e4ngerfristige Prozessbegleitung. Fragt gerne an!<\/p>\n\n\n\n<p class=\"wp-block-paragraph\">We support social, political and emancipatory groups and organisations on three levels:<\/p>\n\n\n\n<div class=\"wp-block-columns is-layout-flex wp-container-core-columns-is-layout-8f761849 wp-block-columns-is-layout-flex\">\n<div class=\"wp-block-column is-layout-flow wp-block-column-is-layout-flow\"><div class=\"wp-block-image\">\n<figure class=\"aligncenter size-full\"><a href=\"https:\/\/humus.live\/en\/bildung\/\"><img loading=\"lazy\" decoding=\"async\" width=\"843\" height=\"596\" src=\"https:\/\/humus.live\/wp-content\/uploads\/2024\/09\/fuellung_linien.png\" alt=\"\" class=\"wp-image-1705\" srcset=\"https:\/\/humus.live\/wp-content\/uploads\/2024\/09\/fuellung_linien.png 843w, https:\/\/humus.live\/wp-content\/uploads\/2024\/09\/fuellung_linien-300x212.png 300w, https:\/\/humus.live\/wp-content\/uploads\/2024\/09\/fuellung_linien-768x543.png 768w\" sizes=\"auto, (max-width: 843px) 100vw, 843px\" \/><\/a><\/figure>\n<\/div>\n\n\n<p class=\"has-text-align-center wp-block-paragraph\"><strong><a href=\"https:\/\/humus.live\/en\/bildung\/\">Education<\/a><\/strong><\/p>\n<\/div>\n\n\n\n<div class=\"wp-block-column is-layout-flow wp-block-column-is-layout-flow\"><div class=\"wp-block-image\">\n<figure class=\"aligncenter size-full\"><a href=\"https:\/\/humus.live\/en\/beratung-und-begleitung\/\"><img loading=\"lazy\" decoding=\"async\" width=\"1000\" height=\"707\" src=\"https:\/\/humus.live\/wp-content\/uploads\/2024\/09\/punkte.png\" alt=\"\" class=\"wp-image-1717\" srcset=\"https:\/\/humus.live\/wp-content\/uploads\/2024\/09\/punkte.png 1000w, https:\/\/humus.live\/wp-content\/uploads\/2024\/09\/punkte-300x212.png 300w, https:\/\/humus.live\/wp-content\/uploads\/2024\/09\/punkte-768x543.png 768w\" sizes=\"auto, (max-width: 1000px) 100vw, 1000px\" \/><\/a><\/figure>\n<\/div>\n\n\n<p class=\"has-text-align-center wp-block-paragraph\"><strong><a href=\"https:\/\/humus.live\/en\/beratung-und-begleitung\/\">Consulting<\/a><\/strong><\/p>\n<\/div>\n\n\n\n<div class=\"wp-block-column is-layout-flow wp-block-column-is-layout-flow\"><div class=\"wp-block-image\">\n<figure class=\"aligncenter size-full\"><a href=\"https:\/\/humus.live\/en\/beratung-und-begleitung\/\"><img loading=\"lazy\" decoding=\"async\" width=\"842\" height=\"595\" src=\"https:\/\/humus.live\/wp-content\/uploads\/2024\/09\/schlingen_hell.png\" alt=\"\" class=\"wp-image-1781\" srcset=\"https:\/\/humus.live\/wp-content\/uploads\/2024\/09\/schlingen_hell.png 842w, https:\/\/humus.live\/wp-content\/uploads\/2024\/09\/schlingen_hell-300x212.png 300w, https:\/\/humus.live\/wp-content\/uploads\/2024\/09\/schlingen_hell-768x543.png 768w\" sizes=\"auto, (max-width: 842px) 100vw, 842px\" \/><\/a><\/figure>\n<\/div>\n\n\n<p class=\"has-text-align-center wp-block-paragraph\"><strong><a href=\"https:\/\/humus.live\/en\/beratung-und-begleitung\/\">Support<\/a><\/strong><\/p>\n<\/div>\n<\/div>\n\n\n\n<div class=\"wp-block-buttons is-content-justification-center is-layout-flex wp-container-core-buttons-is-layout-fe48e5de wp-block-buttons-is-layout-flex\">\n<div class=\"wp-block-button has-custom-width wp-block-button__width-25 is-style-fill\"><a class=\"wp-block-button__link has-white-color has-vivid-red-background-color has-text-color has-background has-link-color wp-element-button\" href=\"https:\/\/humus.live\/en\/links\/\">News<\/a><\/div>\n\n\n\n<div class=\"wp-block-button has-custom-width wp-block-button__width-25 is-style-outline is-style-outline--1\"><a class=\"wp-block-button__link has-white-background-color has-background wp-element-button\" href=\"https:\/\/humus.live\/wp-content\/uploads\/2024\/09\/humus_NaehrbodenzumWachsen.pdf\">Info-Folder<\/a><\/div>\n\n\n\n<div class=\"wp-block-button is-style-outline is-style-outline--2\"><a class=\"wp-block-button__link has-white-background-color has-background wp-element-button\" href=\"http:\/\/www.moderationspool.at\" target=\"_blank\" rel=\"noreferrer noopener\">zum Moderationspool<\/a><\/div>\n<\/div>","protected":false},"excerpt":{"rendered":"<p>Humus &#8211; N\u00e4hrboden f\u00fcr Ver\u00e4nderung Humus unterst\u00fctzt Gruppen und Einzelpersonen dabei, f\u00fcr die sozial-\u00f6kologische Transformation aktiv zu sein. Humus setzt keine eigenen Projekte oder Aktionen um, sondern bietet einen N\u00e4hrboden f\u00fcr das produktive und effektive Wachstum verschiedener Initiativen, Gruppen, Organisationen und Netzwerke. Humus ist offen f\u00fcr Anfragen aus allen emanzipatorischen sozialen Bereichen f\u00fcr Beratung und [&hellip;]<\/p>\n","protected":false},"author":2,"featured_media":0,"parent":0,"menu_order":0,"comment_status":"closed","ping_status":"closed","template":"","meta":{"_crdt_document":"","footnotes":""},"class_list":["post-10","page","type-page","status-publish","hentry"],"yoast_head":"<!-- This site is optimized with the Yoast SEO plugin v27.6 - https:\/\/yoast.com\/product\/yoast-seo-wordpress\/ -->\n<title>Humus - N\u00e4hrboden f\u00fcr Ver\u00e4nderung - Humus<\/title>\n<meta name=\"description\" content=\"Humus unterst\u00fctzt sozial-\u00f6kologische Transformation durch Bildung und Beratung f\u00fcr Gruppen und Vereine. Humus ist N\u00e4hrboden f\u00fcr Ver\u00e4nderung.\" \/>\n<meta name=\"robots\" content=\"index, follow, max-snippet:-1, max-image-preview:large, max-video-preview:-1\" \/>\n<link rel=\"canonical\" href=\"https:\/\/humus.live\/en\/category\/allgemein\/\" \/>\n<meta property=\"og:locale\" content=\"en_GB\" \/>\n<meta property=\"og:type\" content=\"article\" \/>\n<meta property=\"og:title\" content=\"Humus - N\u00e4hrboden f\u00fcr Ver\u00e4nderung - Humus\" \/>\n<meta property=\"og:description\" content=\"Humus unterst\u00fctzt sozial-\u00f6kologische Transformation durch Bildung und Beratung f\u00fcr Gruppen und Vereine. Humus ist N\u00e4hrboden f\u00fcr Ver\u00e4nderung.\" \/>\n<meta property=\"og:url\" content=\"https:\/\/humus.live\/en\/category\/allgemein\/\" \/>\n<meta property=\"og:site_name\" content=\"Humus\" \/>\n<meta property=\"article:modified_time\" content=\"2025-12-10T13:54:37+00:00\" \/>\n<meta property=\"og:image\" content=\"https:\/\/humus.live\/wp-content\/uploads\/2024\/09\/rot_ms.png\" \/>\n\t<meta property=\"og:image:width\" content=\"2126\" \/>\n\t<meta property=\"og:image:height\" content=\"2000\" \/>\n\t<meta property=\"og:image:type\" content=\"image\/png\" \/>\n<meta name=\"twitter:card\" content=\"summary_large_image\" \/>\n<meta name=\"twitter:label1\" content=\"Estimated reading time\" \/>\n\t<meta name=\"twitter:data1\" content=\"2 minutes\" \/>\n<script type=\"application\/ld+json\" class=\"yoast-schema-graph\">{\"@context\":\"https:\\\/\\\/schema.org\",\"@graph\":[{\"@type\":\"WebPage\",\"@id\":\"https:\\\/\\\/humus.live\\\/category\\\/allgemein\\\/\",\"url\":\"https:\\\/\\\/humus.live\\\/category\\\/allgemein\\\/\",\"name\":\"Humus - N\u00e4hrboden f\u00fcr Ver\u00e4nderung - Humus\",\"isPartOf\":{\"@id\":\"https:\\\/\\\/humus.live\\\/en\\\/#website\"},\"primaryImageOfPage\":{\"@id\":\"https:\\\/\\\/humus.live\\\/category\\\/allgemein\\\/#primaryimage\"},\"image\":{\"@id\":\"https:\\\/\\\/humus.live\\\/category\\\/allgemein\\\/#primaryimage\"},\"thumbnailUrl\":\"https:\\\/\\\/humus.live\\\/wp-content\\\/uploads\\\/2024\\\/10\\\/53785616964_edf857b5cc_o-scaled.jpg\",\"datePublished\":\"2020-10-12T13:54:46+00:00\",\"dateModified\":\"2025-12-10T13:54:37+00:00\",\"description\":\"Humus unterst\u00fctzt sozial-\u00f6kologische Transformation durch Bildung und Beratung f\u00fcr Gruppen und Vereine. Humus ist N\u00e4hrboden f\u00fcr Ver\u00e4nderung.\",\"breadcrumb\":{\"@id\":\"https:\\\/\\\/humus.live\\\/category\\\/allgemein\\\/#breadcrumb\"},\"inLanguage\":\"en-GB\",\"potentialAction\":[{\"@type\":\"ReadAction\",\"target\":[\"https:\\\/\\\/humus.live\\\/category\\\/allgemein\\\/\"]}]},{\"@type\":\"ImageObject\",\"inLanguage\":\"en-GB\",\"@id\":\"https:\\\/\\\/humus.live\\\/category\\\/allgemein\\\/#primaryimage\",\"url\":\"https:\\\/\\\/humus.live\\\/wp-content\\\/uploads\\\/2024\\\/10\\\/53785616964_edf857b5cc_o-scaled.jpg\",\"contentUrl\":\"https:\\\/\\\/humus.live\\\/wp-content\\\/uploads\\\/2024\\\/10\\\/53785616964_edf857b5cc_o-scaled.jpg\"},{\"@type\":\"BreadcrumbList\",\"@id\":\"https:\\\/\\\/humus.live\\\/category\\\/allgemein\\\/#breadcrumb\",\"itemListElement\":[{\"@type\":\"ListItem\",\"position\":1,\"name\":\"Startseite\",\"item\":\"https:\\\/\\\/humus.live\\\/category\\\/allgemein\\\/\"},{\"@type\":\"ListItem\",\"position\":2,\"name\":\"Humus &#8211; N\u00e4hrboden f\u00fcr Ver\u00e4nderung\"}]},{\"@type\":\"WebSite\",\"@id\":\"https:\\\/\\\/humus.live\\\/en\\\/#website\",\"url\":\"https:\\\/\\\/humus.live\\\/en\\\/\",\"name\":\"Humus. N\u00e4hrboden f\u00fcr Ver\u00e4nderung. Workshops f\u00fcr soziale Bewegungen.\",\"description\":\"N\u00e4hrboden f\u00fcr Ver\u00e4nderung\",\"publisher\":{\"@id\":\"https:\\\/\\\/humus.live\\\/en\\\/#organization\"},\"potentialAction\":[{\"@type\":\"SearchAction\",\"target\":{\"@type\":\"EntryPoint\",\"urlTemplate\":\"https:\\\/\\\/humus.live\\\/en\\\/?s={search_term_string}\"},\"query-input\":{\"@type\":\"PropertyValueSpecification\",\"valueRequired\":true,\"valueName\":\"search_term_string\"}}],\"inLanguage\":\"en-GB\"},{\"@type\":\"Organization\",\"@id\":\"https:\\\/\\\/humus.live\\\/en\\\/#organization\",\"name\":\"Humus\",\"alternateName\":\"N\u00e4hrboden f\u00fcr Ver\u00e4nderung\",\"url\":\"https:\\\/\\\/humus.live\\\/en\\\/\",\"logo\":{\"@type\":\"ImageObject\",\"inLanguage\":\"en-GB\",\"@id\":\"https:\\\/\\\/humus.live\\\/en\\\/#\\\/schema\\\/logo\\\/image\\\/\",\"url\":\"https:\\\/\\\/humus.live\\\/wp-content\\\/uploads\\\/2021\\\/01\\\/cropped-humus_hoch.png\",\"contentUrl\":\"https:\\\/\\\/humus.live\\\/wp-content\\\/uploads\\\/2021\\\/01\\\/cropped-humus_hoch.png\",\"width\":454,\"height\":403,\"caption\":\"Humus\"},\"image\":{\"@id\":\"https:\\\/\\\/humus.live\\\/en\\\/#\\\/schema\\\/logo\\\/image\\\/\"},\"sameAs\":[\"https:\\\/\\\/www.instagram.com\\\/humus.fuer.veraenderung\\\/\"]}]}<\/script>\n<!-- \/ Yoast SEO plugin. -->","yoast_head_json":{"title":"Humus - N\u00e4hrboden f\u00fcr Ver\u00e4nderung - Humus","description":"Humus unterst\u00fctzt sozial-\u00f6kologische Transformation durch Bildung und Beratung f\u00fcr Gruppen und Vereine. Humus ist N\u00e4hrboden f\u00fcr Ver\u00e4nderung.","robots":{"index":"index","follow":"follow","max-snippet":"max-snippet:-1","max-image-preview":"max-image-preview:large","max-video-preview":"max-video-preview:-1"},"canonical":"https:\/\/humus.live\/en\/category\/allgemein\/","og_locale":"en_GB","og_type":"article","og_title":"Humus - N\u00e4hrboden f\u00fcr Ver\u00e4nderung - Humus","og_description":"Humus unterst\u00fctzt sozial-\u00f6kologische Transformation durch Bildung und Beratung f\u00fcr Gruppen und Vereine. Humus ist N\u00e4hrboden f\u00fcr Ver\u00e4nderung.","og_url":"https:\/\/humus.live\/en\/category\/allgemein\/","og_site_name":"Humus","article_modified_time":"2025-12-10T13:54:37+00:00","og_image":[{"width":2126,"height":2000,"url":"https:\/\/humus.live\/wp-content\/uploads\/2024\/09\/rot_ms.png","type":"image\/png"}],"twitter_card":"summary_large_image","twitter_misc":{"Estimated reading time":"2 minutes"},"schema":{"@context":"https:\/\/schema.org","@graph":[{"@type":"WebPage","@id":"https:\/\/humus.live\/category\/allgemein\/","url":"https:\/\/humus.live\/category\/allgemein\/","name":"Humus - N\u00e4hrboden f\u00fcr Ver\u00e4nderung - Humus","isPartOf":{"@id":"https:\/\/humus.live\/en\/#website"},"primaryImageOfPage":{"@id":"https:\/\/humus.live\/category\/allgemein\/#primaryimage"},"image":{"@id":"https:\/\/humus.live\/category\/allgemein\/#primaryimage"},"thumbnailUrl":"https:\/\/humus.live\/wp-content\/uploads\/2024\/10\/53785616964_edf857b5cc_o-scaled.jpg","datePublished":"2020-10-12T13:54:46+00:00","dateModified":"2025-12-10T13:54:37+00:00","description":"Humus unterst\u00fctzt sozial-\u00f6kologische Transformation durch Bildung und Beratung f\u00fcr Gruppen und Vereine. Humus ist N\u00e4hrboden f\u00fcr Ver\u00e4nderung.","breadcrumb":{"@id":"https:\/\/humus.live\/category\/allgemein\/#breadcrumb"},"inLanguage":"en-GB","potentialAction":[{"@type":"ReadAction","target":["https:\/\/humus.live\/category\/allgemein\/"]}]},{"@type":"ImageObject","inLanguage":"en-GB","@id":"https:\/\/humus.live\/category\/allgemein\/#primaryimage","url":"https:\/\/humus.live\/wp-content\/uploads\/2024\/10\/53785616964_edf857b5cc_o-scaled.jpg","contentUrl":"https:\/\/humus.live\/wp-content\/uploads\/2024\/10\/53785616964_edf857b5cc_o-scaled.jpg"},{"@type":"BreadcrumbList","@id":"https:\/\/humus.live\/category\/allgemein\/#breadcrumb","itemListElement":[{"@type":"ListItem","position":1,"name":"Startseite","item":"https:\/\/humus.live\/category\/allgemein\/"},{"@type":"ListItem","position":2,"name":"Humus &#8211; N\u00e4hrboden f\u00fcr Ver\u00e4nderung"}]},{"@type":"WebSite","@id":"https:\/\/humus.live\/en\/#website","url":"https:\/\/humus.live\/en\/","name":"Humus. N\u00e4hrboden f\u00fcr Ver\u00e4nderung. Workshops f\u00fcr soziale Bewegungen.","description":"Fertile Soil for Change","publisher":{"@id":"https:\/\/humus.live\/en\/#organization"},"potentialAction":[{"@type":"SearchAction","target":{"@type":"EntryPoint","urlTemplate":"https:\/\/humus.live\/en\/?s={search_term_string}"},"query-input":{"@type":"PropertyValueSpecification","valueRequired":true,"valueName":"search_term_string"}}],"inLanguage":"en-GB"},{"@type":"Organization","@id":"https:\/\/humus.live\/en\/#organization","name":"Humus","alternateName":"N\u00e4hrboden f\u00fcr Ver\u00e4nderung","url":"https:\/\/humus.live\/en\/","logo":{"@type":"ImageObject","inLanguage":"en-GB","@id":"https:\/\/humus.live\/en\/#\/schema\/logo\/image\/","url":"https:\/\/humus.live\/wp-content\/uploads\/2021\/01\/cropped-humus_hoch.png","contentUrl":"https:\/\/humus.live\/wp-content\/uploads\/2021\/01\/cropped-humus_hoch.png","width":454,"height":403,"caption":"Humus"},"image":{"@id":"https:\/\/humus.live\/en\/#\/schema\/logo\/image\/"},"sameAs":["https:\/\/www.instagram.com\/humus.fuer.veraenderung\/"]}]}},"_links":{"self":[{"href":"https:\/\/humus.live\/en\/wp-json\/wp\/v2\/pages\/10","targetHints":{"allow":["GET"]}}],"collection":[{"href":"https:\/\/humus.live\/en\/wp-json\/wp\/v2\/pages"}],"about":[{"href":"https:\/\/humus.live\/en\/wp-json\/wp\/v2\/types\/page"}],"author":[{"embeddable":true,"href":"https:\/\/humus.live\/en\/wp-json\/wp\/v2\/users\/2"}],"replies":[{"embeddable":true,"href":"https:\/\/humus.live\/en\/wp-json\/wp\/v2\/comments?post=10"}],"version-history":[{"count":77,"href":"https:\/\/humus.live\/en\/wp-json\/wp\/v2\/pages\/10\/revisions"}],"predecessor-version":[{"id":2394,"href":"https:\/\/humus.live\/en\/wp-json\/wp\/v2\/pages\/10\/revisions\/2394"}],"wp:attachment":[{"href":"https:\/\/humus.live\/en\/wp-json\/wp\/v2\/media?parent=10"}],"curies":[{"name":"wp","href":"https:\/\/api.w.org\/{rel}","templated":true}]}}